
{"id":4164,"date":"2014-08-12T17:21:45","date_gmt":"2014-08-12T20:21:45","guid":{"rendered":"https:\/\/www.academiauruguay.com\/?page_id=4164"},"modified":"2014-10-06T23:57:22","modified_gmt":"2014-10-07T01:57:22","slug":"tango-candombe","status":"publish","type":"page","link":"https:\/\/www.academiauruguay.com\/pt-br\/montevideu-uruguai\/montevideu\/tango-candombe\/","title":{"rendered":"Tango e candombe"},"content":{"rendered":"\r\n<p>O tango e o candombe s\u00e3o as express\u00f5es musicais e art\u00edsticas que mais definem a cultura uruguaia. Ambos os estilos foram declarados patrim\u00f4nio Imaterial da Humanidade pela UNESCO no ano de 2009 e atualmente em Montevid\u00e9u pode-se assistir a numerosas atividades relacionadas com estes estilos populares.<\/p>\r\n<p><a href=\"https:\/\/www.academiauruguay.com\/wp-content\/uploads\/sites\/3\/2014\/10\/tangomontevideo11.jpg\"><img loading=\"lazy\" decoding=\"async\" class=\"alignright size-full wp-image-6808\" src=\"https:\/\/www.academiauruguay.com\/wp-content\/uploads\/sites\/3\/2014\/10\/tangomontevideo11.jpg\" alt=\"tangomontevideo1\" width=\"383\" height=\"499\" data-id=\"6808\" srcset=\"https:\/\/www.academiauruguay.com\/wp-content\/uploads\/sites\/3\/2014\/10\/tangomontevideo11.jpg 383w, https:\/\/www.academiauruguay.com\/wp-content\/uploads\/sites\/3\/2014\/10\/tangomontevideo11-122x160.jpg 122w, https:\/\/www.academiauruguay.com\/wp-content\/uploads\/sites\/3\/2014\/10\/tangomontevideo11-230x300.jpg 230w\" sizes=\"auto, (max-width: 383px) 100vw, 383px\" \/><\/a>O tango tem uma forte marca cultural associada \u00e0 hist\u00f3ria dos imigrantes que chegaram a estas terras durante a segunda metade do s\u00e9culo XIX. Por sua parte, a origem do candombe \u00e9 ainda mais distante no tempo, que remonta a \u00e9poca colonial em Montevid\u00e9u quando os africanos que foram vendidos como escravos adotaram um ritmo cadenciado como ritual no qual honravam \u00e0s suas divindades.<\/p>\r\n<p>Falar de tango \u00e9 falar de Carlos Gardel (El Zorzal), de Julio Sosa (El Var\u00f3n del Tango); \u00e9 falar de Mattos Rodr\u00edguez (o criador do tango mais c\u00e9lebre da hist\u00f3ria, o mais popular, escutado e divulgado: \u00b4\u00b4La Cumparsita&#8220;), \u00e9 falar de milonga e sub\u00farbio.<\/p>\r\n<p>Ver tamb\u00e9m \u00b4<a title=\"Espanhol e tango\" href=\"https:\/\/www.academiauruguay.com\/pt-br\/courses\/espanhol-e-tango\/\" target=\"_blank\">Espanhol e Tango<\/a>`na se\u00e7\u00e3o \u00b4Cursos e Tarifas&#8217; desta p\u00e1gina web.<\/p>\r\n<p>Falar de candombe \u00e9 falar dos bairros Sur e Palermo, \u00e9 falar de Rosa Luna e Marta Gularte (as duas vedetes mais importantes do candombe), \u00e9 falar de Morenada, do Corti\u00e7o do Meio Mundo e \u00e9 falar desse swing incr\u00edvel da voz e do couro do tambor de Ruben \u00b4\u00b4El Negro&#8220;Rada.<\/p>\r\n<p>A for\u00e7a e a influ\u00eancia de ambas as manifesta\u00e7\u00f5es se revela no importante grau de permeabilidade at\u00e9 outros estilos musicais e at\u00e9 outros ramos art\u00edsticos. Exemplo disso \u00e9 o candomble beat do Rada ou o tango eletr\u00f4nico do Bajofondo, e a pintura de Figari ou de P\u00e1ez Vilar\u00f3, respectivamente.<\/p>\r\n","protected":false},"excerpt":{"rendered":"<p>O tango e o candombe s\u00e3o as express\u00f5es musicais e art\u00edsticas que mais definem a cultura uruguaia. Ambos os estilos foram declarados patrim\u00f4nio Imaterial da Humanidade pela UNESCO no ano de 2009 e atualmente em Montevid\u00e9u pode-se assistir a numerosas atividades relacionadas com estes estilos populares. O tango tem uma forte marca cultural associada \u00e0 [&hellip;]<\/p>\n","protected":false},"author":5,"featured_media":0,"parent":3865,"menu_order":6,"comment_status":"closed","ping_status":"closed","template":"living-in-bsas.php","meta":{"footnotes":""},"class_list":["post-4164","page","type-page","status-publish","hentry","entry"],"yoast_head":"<!-- This site is optimized with the Yoast SEO plugin v26.0 - https:\/\/yoast.com\/wordpress\/plugins\/seo\/ -->\n<title>Tango e candombe - Academia Uruguay<\/title>\n<meta name=\"robots\" content=\"index, follow, max-snippet:-1, max-image-preview:large, max-video-preview:-1\" \/>\n<link rel=\"canonical\" href=\"https:\/\/www.academiauruguay.com\/pt-br\/montevideu-uruguai\/montevideu\/tango-candombe\/\" \/>\n<meta name=\"twitter:label1\" content=\"Est. reading time\" \/>\n\t<meta name=\"twitter:data1\" content=\"1 minute\" \/>\n<script type=\"application\/ld+json\" class=\"yoast-schema-graph\">{\"@context\":\"https:\/\/schema.org\",\"@graph\":[{\"@type\":\"WebPage\",\"@id\":\"https:\/\/www.academiauruguay.com\/pt-br\/montevideu-uruguai\/montevideu\/tango-candombe\/\",\"url\":\"https:\/\/www.academiauruguay.com\/pt-br\/montevideu-uruguai\/montevideu\/tango-candombe\/\",\"name\":\"Tango e candombe - Academia Uruguay\",\"isPartOf\":{\"@id\":\"https:\/\/www.academiauruguay.com\/pt-br\/#website\"},\"primaryImageOfPage\":{\"@id\":\"https:\/\/www.academiauruguay.com\/pt-br\/montevideu-uruguai\/montevideu\/tango-candombe\/#primaryimage\"},\"image\":{\"@id\":\"https:\/\/www.academiauruguay.com\/pt-br\/montevideu-uruguai\/montevideu\/tango-candombe\/#primaryimage\"},\"thumbnailUrl\":\"https:\/\/www.academiauruguay.com\/wp-content\/uploads\/sites\/3\/2014\/10\/tangomontevideo11.jpg\",\"datePublished\":\"2014-08-12T20:21:45+00:00\",\"dateModified\":\"2014-10-07T01:57:22+00:00\",\"breadcrumb\":{\"@id\":\"https:\/\/www.academiauruguay.com\/pt-br\/montevideu-uruguai\/montevideu\/tango-candombe\/#breadcrumb\"},\"inLanguage\":\"pt-BR\",\"potentialAction\":[{\"@type\":\"ReadAction\",\"target\":[\"https:\/\/www.academiauruguay.com\/pt-br\/montevideu-uruguai\/montevideu\/tango-candombe\/\"]}]},{\"@type\":\"ImageObject\",\"inLanguage\":\"pt-BR\",\"@id\":\"https:\/\/www.academiauruguay.com\/pt-br\/montevideu-uruguai\/montevideu\/tango-candombe\/#primaryimage\",\"url\":\"https:\/\/www.academiauruguay.com\/wp-content\/uploads\/sites\/3\/2014\/10\/tangomontevideo11.jpg\",\"contentUrl\":\"https:\/\/www.academiauruguay.com\/wp-content\/uploads\/sites\/3\/2014\/10\/tangomontevideo11.jpg\"},{\"@type\":\"BreadcrumbList\",\"@id\":\"https:\/\/www.academiauruguay.com\/pt-br\/montevideu-uruguai\/montevideu\/tango-candombe\/#breadcrumb\",\"itemListElement\":[{\"@type\":\"ListItem\",\"position\":1,\"name\":\"Home\",\"item\":\"https:\/\/www.academiauruguay.com\/pt-br\/\"},{\"@type\":\"ListItem\",\"position\":2,\"name\":\"Montevid\u00e9u &#038; Uruguai\",\"item\":\"https:\/\/www.academiauruguay.com\/pt-br\/montevideu-uruguai\/\"},{\"@type\":\"ListItem\",\"position\":3,\"name\":\"Morar em Montevid\u00e9u\",\"item\":\"https:\/\/www.academiauruguay.com\/pt-br\/montevideu-uruguai\/montevideu\/\"},{\"@type\":\"ListItem\",\"position\":4,\"name\":\"Tango e candombe\"}]},{\"@type\":\"WebSite\",\"@id\":\"https:\/\/www.academiauruguay.com\/pt-br\/#website\",\"url\":\"https:\/\/www.academiauruguay.com\/pt-br\/\",\"name\":\"Academia Uruguay\",\"description\":\"spanish courses\",\"potentialAction\":[{\"@type\":\"SearchAction\",\"target\":{\"@type\":\"EntryPoint\",\"urlTemplate\":\"https:\/\/www.academiauruguay.com\/pt-br\/?s={search_term_string}\"},\"query-input\":{\"@type\":\"PropertyValueSpecification\",\"valueRequired\":true,\"valueName\":\"search_term_string\"}}],\"inLanguage\":\"pt-BR\"}]}<\/script>\n<!-- \/ Yoast SEO plugin. -->","yoast_head_json":{"title":"Tango e candombe - Academia Uruguay","robots":{"index":"index","follow":"follow","max-snippet":"max-snippet:-1","max-image-preview":"max-image-preview:large","max-video-preview":"max-video-preview:-1"},"canonical":"https:\/\/www.academiauruguay.com\/pt-br\/montevideu-uruguai\/montevideu\/tango-candombe\/","twitter_misc":{"Est. reading time":"1 minute"},"schema":{"@context":"https:\/\/schema.org","@graph":[{"@type":"WebPage","@id":"https:\/\/www.academiauruguay.com\/pt-br\/montevideu-uruguai\/montevideu\/tango-candombe\/","url":"https:\/\/www.academiauruguay.com\/pt-br\/montevideu-uruguai\/montevideu\/tango-candombe\/","name":"Tango e candombe - Academia Uruguay","isPartOf":{"@id":"https:\/\/www.academiauruguay.com\/pt-br\/#website"},"primaryImageOfPage":{"@id":"https:\/\/www.academiauruguay.com\/pt-br\/montevideu-uruguai\/montevideu\/tango-candombe\/#primaryimage"},"image":{"@id":"https:\/\/www.academiauruguay.com\/pt-br\/montevideu-uruguai\/montevideu\/tango-candombe\/#primaryimage"},"thumbnailUrl":"https:\/\/www.academiauruguay.com\/wp-content\/uploads\/sites\/3\/2014\/10\/tangomontevideo11.jpg","datePublished":"2014-08-12T20:21:45+00:00","dateModified":"2014-10-07T01:57:22+00:00","breadcrumb":{"@id":"https:\/\/www.academiauruguay.com\/pt-br\/montevideu-uruguai\/montevideu\/tango-candombe\/#breadcrumb"},"inLanguage":"pt-BR","potentialAction":[{"@type":"ReadAction","target":["https:\/\/www.academiauruguay.com\/pt-br\/montevideu-uruguai\/montevideu\/tango-candombe\/"]}]},{"@type":"ImageObject","inLanguage":"pt-BR","@id":"https:\/\/www.academiauruguay.com\/pt-br\/montevideu-uruguai\/montevideu\/tango-candombe\/#primaryimage","url":"https:\/\/www.academiauruguay.com\/wp-content\/uploads\/sites\/3\/2014\/10\/tangomontevideo11.jpg","contentUrl":"https:\/\/www.academiauruguay.com\/wp-content\/uploads\/sites\/3\/2014\/10\/tangomontevideo11.jpg"},{"@type":"BreadcrumbList","@id":"https:\/\/www.academiauruguay.com\/pt-br\/montevideu-uruguai\/montevideu\/tango-candombe\/#breadcrumb","itemListElement":[{"@type":"ListItem","position":1,"name":"Home","item":"https:\/\/www.academiauruguay.com\/pt-br\/"},{"@type":"ListItem","position":2,"name":"Montevid\u00e9u &#038; Uruguai","item":"https:\/\/www.academiauruguay.com\/pt-br\/montevideu-uruguai\/"},{"@type":"ListItem","position":3,"name":"Morar em Montevid\u00e9u","item":"https:\/\/www.academiauruguay.com\/pt-br\/montevideu-uruguai\/montevideu\/"},{"@type":"ListItem","position":4,"name":"Tango e candombe"}]},{"@type":"WebSite","@id":"https:\/\/www.academiauruguay.com\/pt-br\/#website","url":"https:\/\/www.academiauruguay.com\/pt-br\/","name":"Academia Uruguay","description":"spanish courses","potentialAction":[{"@type":"SearchAction","target":{"@type":"EntryPoint","urlTemplate":"https:\/\/www.academiauruguay.com\/pt-br\/?s={search_term_string}"},"query-input":{"@type":"PropertyValueSpecification","valueRequired":true,"valueName":"search_term_string"}}],"inLanguage":"pt-BR"}]}},"_links":{"self":[{"href":"https:\/\/www.academiauruguay.com\/pt-br\/wp-json\/wp\/v2\/pages\/4164","targetHints":{"allow":["GET"]}}],"collection":[{"href":"https:\/\/www.academiauruguay.com\/pt-br\/wp-json\/wp\/v2\/pages"}],"about":[{"href":"https:\/\/www.academiauruguay.com\/pt-br\/wp-json\/wp\/v2\/types\/page"}],"author":[{"embeddable":true,"href":"https:\/\/www.academiauruguay.com\/pt-br\/wp-json\/wp\/v2\/users\/5"}],"replies":[{"embeddable":true,"href":"https:\/\/www.academiauruguay.com\/pt-br\/wp-json\/wp\/v2\/comments?post=4164"}],"version-history":[{"count":0,"href":"https:\/\/www.academiauruguay.com\/pt-br\/wp-json\/wp\/v2\/pages\/4164\/revisions"}],"up":[{"embeddable":true,"href":"https:\/\/www.academiauruguay.com\/pt-br\/wp-json\/wp\/v2\/pages\/3865"}],"wp:attachment":[{"href":"https:\/\/www.academiauruguay.com\/pt-br\/wp-json\/wp\/v2\/media?parent=4164"}],"curies":[{"name":"wp","href":"https:\/\/api.w.org\/{rel}","templated":true}]}}