
{"id":4152,"date":"2013-09-11T00:08:13","date_gmt":"2013-09-11T00:08:13","guid":{"rendered":"https:\/\/www.academiauruguay.com\/privacy-policy-2\/"},"modified":"2014-09-04T12:00:21","modified_gmt":"2014-09-04T15:00:21","slug":"politica-de-confidencialidade","status":"publish","type":"page","link":"https:\/\/www.academiauruguay.com\/pt-br\/politica-de-confidencialidade\/","title":{"rendered":"Pol\u00edtica de confidencialidade"},"content":{"rendered":"\r\n<p style=\"color: #1e1e1e;\"><strong>Que informa\u00e7\u00e3o recolhemos?<\/strong><\/p>\r\n<p style=\"color: #1e1e1e;\">Recolhemos dados a partir do seu cadastro em nosso site ou do formul\u00e1rio que voc\u00ea preencha. Voc\u00ea pode visitar nosso site de forma an\u00f4nima, mas para fazer uma reserva, voc\u00ea dever\u00e1 preencher com alguma informa\u00e7\u00e3o pessoal.<\/p>\r\n<p style=\"color: #1e1e1e;\"><strong>Para que usamos os dados?<\/strong><\/p>\r\n<p style=\"color: #1e1e1e;\">Os dados recolhidos nos ajudam:<\/p>\r\n<ul style=\"color: #1e1e1e;\">\r\n\t<li>Para personalizar sua experi\u00eancia, atendendo melhor \u00e0 s suas necessidades individuais.<\/li>\r\n\t<li>Para melhorar nosso site a partir dos dados recolhidos e das suas devolu\u00e7\u00f5es.<\/li>\r\n\t<li>Para processar transa\u00e7\u00f5es.<\/li>\r\n\t<li>Para enviar correios eletr\u00f4nicos periodicamente. O endere\u00e7o de correio que voc\u00ea fornece para fazer perguntas ou reservas pode ser usado para lhe enviar informa\u00e7\u00f5es da empresa e atualiza\u00e7\u00f5es, mediante pedido.<\/li>\r\n\t<li>Se voc\u00ea n\u00e3o quiser receber nossos correios eletr\u00f4nicos nem ser contatado de outra forma, por favor, escreva a info arroba academiabuenosaires ponto com.<\/li>\r\n<\/ul>\r\n<p style=\"color: #1e1e1e;\"><strong>Como protegemos a sua informa\u00e7\u00e3o?<\/strong><br \/>Usamos uma variedade de medidas de seguran\u00e7a para garantir a seguran\u00e7a e a privacidade de sua informa\u00e7\u00e3o pessoal.<\/p>\r\n<p style=\"color: #1e1e1e;\"><strong>Usamos cookies?<\/strong><br \/>N\u00e3o usamos cookies.<\/p>\r\n<p style=\"color: #1e1e1e;\"><strong>Divulgamos ou revelamos informa\u00e7\u00e3o pessoal a terceiros?<\/strong><br \/>N\u00f3s n\u00e3o divulgamos esse tipo de informa\u00e7\u00e3o, a menos que n\u00f3s sejamos obrigados a faz\u00ea-lo por lei.<\/p>\r\n<p style=\"color: #1e1e1e;\"><strong>Links para terceiros<\/strong><br \/>Podemos incluir ou oferecer links para servi\u00e7os de terceiros em nosso site. Esses sites t\u00eam sua pr\u00f3pria pol\u00edtica de privacidade e n\u00e3o somos respons\u00e1veis por seu conte\u00fado.<\/p>\r\n<p style=\"color: #1e1e1e;\"><strong>Pol\u00edtica v\u00e1lida online<\/strong><br \/>Esta pol\u00edtica de confidencialidade de informa\u00e7\u00e3o s\u00f3 aplica-se nos dados recolhidos atrav\u00e9s de nosso site e n\u00e3o a informa\u00e7\u00e3o recolhida pessoalmente.<\/p>\r\n<p style=\"color: #1e1e1e;\"><strong>Termos e condi\u00e7\u00f5es<\/strong><br \/>Por favor, visite a se\u00e7\u00e3o sobre termos e condi\u00e7\u00f5es de uso, as limita\u00e7\u00f5es de responsabilidades que regem o uso de nosso site.<\/p>\r\n<p style=\"color: #1e1e1e;\"><strong>Seu consentimento<\/strong><br \/>De fato, usando nosso site, voc\u00ea aceita a pol\u00edtica de confidencialidade.<\/p>\r\n<p style=\"color: #1e1e1e;\"><strong>Altera\u00e7\u00f5es \u00e0 nossa pol\u00edtica de confidencialidade<\/strong><br \/>Se decidirmos modificar nossa pol\u00edtica de confidencialidade, comunicaremos essas mudan\u00e7as em este site. Esta pol\u00edtica foi modificada por \u00faltima vez em 19-11-2013<\/p>\r\n<p style=\"color: #1e1e1e;\"><strong>Fale conosco<\/strong><br \/>Se tiver alguma d\u00favida sobre esta pol\u00edtica de confidencialidade, voc\u00ea pode entrar em contato conosco usando a informa\u00e7\u00e3o abaixo:<\/p>\r\n<p>www.academiauruguay.com<\/p>\r\n<p>Juan Carlos G\u00f3mez 1408<\/p>\r\n<p>11000 Montevideo<\/p>\r\n<p>Uruguay<\/p>\r\n<p>info@academiauruguay.com<\/p>\r\n","protected":false},"excerpt":{"rendered":"<p>Que informa\u00e7\u00e3o recolhemos? Recolhemos dados a partir do seu cadastro em nosso site ou do formul\u00e1rio que voc\u00ea preencha. Voc\u00ea pode visitar nosso site de forma an\u00f4nima, mas para fazer uma reserva, voc\u00ea dever\u00e1 preencher com alguma informa\u00e7\u00e3o pessoal. Para que usamos os dados? Os dados recolhidos nos ajudam: Para personalizar sua experi\u00eancia, atendendo melhor [&hellip;]<\/p>\n","protected":false},"author":1,"featured_media":0,"parent":0,"menu_order":38,"comment_status":"closed","ping_status":"closed","template":"","meta":{"footnotes":""},"class_list":["post-4152","page","type-page","status-publish","hentry","entry"],"yoast_head":"<!-- This site is optimized with the Yoast SEO plugin v26.0 - https:\/\/yoast.com\/wordpress\/plugins\/seo\/ -->\n<title>Pol\u00edtica de confidencialidade - Academia Uruguay<\/title>\n<meta name=\"robots\" content=\"index, follow, max-snippet:-1, max-image-preview:large, max-video-preview:-1\" \/>\n<link rel=\"canonical\" href=\"https:\/\/www.academiauruguay.com\/pt-br\/politica-de-confidencialidade\/\" \/>\n<meta name=\"twitter:label1\" content=\"Est. reading time\" \/>\n\t<meta name=\"twitter:data1\" content=\"2 minutes\" \/>\n<script type=\"application\/ld+json\" class=\"yoast-schema-graph\">{\"@context\":\"https:\/\/schema.org\",\"@graph\":[{\"@type\":\"WebPage\",\"@id\":\"https:\/\/www.academiauruguay.com\/pt-br\/politica-de-confidencialidade\/\",\"url\":\"https:\/\/www.academiauruguay.com\/pt-br\/politica-de-confidencialidade\/\",\"name\":\"Pol\u00edtica de confidencialidade - Academia Uruguay\",\"isPartOf\":{\"@id\":\"https:\/\/www.academiauruguay.com\/pt-br\/#website\"},\"datePublished\":\"2013-09-11T00:08:13+00:00\",\"dateModified\":\"2014-09-04T15:00:21+00:00\",\"breadcrumb\":{\"@id\":\"https:\/\/www.academiauruguay.com\/pt-br\/politica-de-confidencialidade\/#breadcrumb\"},\"inLanguage\":\"pt-BR\",\"potentialAction\":[{\"@type\":\"ReadAction\",\"target\":[\"https:\/\/www.academiauruguay.com\/pt-br\/politica-de-confidencialidade\/\"]}]},{\"@type\":\"BreadcrumbList\",\"@id\":\"https:\/\/www.academiauruguay.com\/pt-br\/politica-de-confidencialidade\/#breadcrumb\",\"itemListElement\":[{\"@type\":\"ListItem\",\"position\":1,\"name\":\"Home\",\"item\":\"https:\/\/www.academiauruguay.com\/pt-br\/\"},{\"@type\":\"ListItem\",\"position\":2,\"name\":\"Pol\u00edtica de confidencialidade\"}]},{\"@type\":\"WebSite\",\"@id\":\"https:\/\/www.academiauruguay.com\/pt-br\/#website\",\"url\":\"https:\/\/www.academiauruguay.com\/pt-br\/\",\"name\":\"Academia Uruguay\",\"description\":\"spanish courses\",\"potentialAction\":[{\"@type\":\"SearchAction\",\"target\":{\"@type\":\"EntryPoint\",\"urlTemplate\":\"https:\/\/www.academiauruguay.com\/pt-br\/?s={search_term_string}\"},\"query-input\":{\"@type\":\"PropertyValueSpecification\",\"valueRequired\":true,\"valueName\":\"search_term_string\"}}],\"inLanguage\":\"pt-BR\"}]}<\/script>\n<!-- \/ Yoast SEO plugin. -->","yoast_head_json":{"title":"Pol\u00edtica de confidencialidade - Academia Uruguay","robots":{"index":"index","follow":"follow","max-snippet":"max-snippet:-1","max-image-preview":"max-image-preview:large","max-video-preview":"max-video-preview:-1"},"canonical":"https:\/\/www.academiauruguay.com\/pt-br\/politica-de-confidencialidade\/","twitter_misc":{"Est. reading time":"2 minutes"},"schema":{"@context":"https:\/\/schema.org","@graph":[{"@type":"WebPage","@id":"https:\/\/www.academiauruguay.com\/pt-br\/politica-de-confidencialidade\/","url":"https:\/\/www.academiauruguay.com\/pt-br\/politica-de-confidencialidade\/","name":"Pol\u00edtica de confidencialidade - Academia Uruguay","isPartOf":{"@id":"https:\/\/www.academiauruguay.com\/pt-br\/#website"},"datePublished":"2013-09-11T00:08:13+00:00","dateModified":"2014-09-04T15:00:21+00:00","breadcrumb":{"@id":"https:\/\/www.academiauruguay.com\/pt-br\/politica-de-confidencialidade\/#breadcrumb"},"inLanguage":"pt-BR","potentialAction":[{"@type":"ReadAction","target":["https:\/\/www.academiauruguay.com\/pt-br\/politica-de-confidencialidade\/"]}]},{"@type":"BreadcrumbList","@id":"https:\/\/www.academiauruguay.com\/pt-br\/politica-de-confidencialidade\/#breadcrumb","itemListElement":[{"@type":"ListItem","position":1,"name":"Home","item":"https:\/\/www.academiauruguay.com\/pt-br\/"},{"@type":"ListItem","position":2,"name":"Pol\u00edtica de confidencialidade"}]},{"@type":"WebSite","@id":"https:\/\/www.academiauruguay.com\/pt-br\/#website","url":"https:\/\/www.academiauruguay.com\/pt-br\/","name":"Academia Uruguay","description":"spanish courses","potentialAction":[{"@type":"SearchAction","target":{"@type":"EntryPoint","urlTemplate":"https:\/\/www.academiauruguay.com\/pt-br\/?s={search_term_string}"},"query-input":{"@type":"PropertyValueSpecification","valueRequired":true,"valueName":"search_term_string"}}],"inLanguage":"pt-BR"}]}},"_links":{"self":[{"href":"https:\/\/www.academiauruguay.com\/pt-br\/wp-json\/wp\/v2\/pages\/4152","targetHints":{"allow":["GET"]}}],"collection":[{"href":"https:\/\/www.academiauruguay.com\/pt-br\/wp-json\/wp\/v2\/pages"}],"about":[{"href":"https:\/\/www.academiauruguay.com\/pt-br\/wp-json\/wp\/v2\/types\/page"}],"author":[{"embeddable":true,"href":"https:\/\/www.academiauruguay.com\/pt-br\/wp-json\/wp\/v2\/users\/1"}],"replies":[{"embeddable":true,"href":"https:\/\/www.academiauruguay.com\/pt-br\/wp-json\/wp\/v2\/comments?post=4152"}],"version-history":[{"count":0,"href":"https:\/\/www.academiauruguay.com\/pt-br\/wp-json\/wp\/v2\/pages\/4152\/revisions"}],"wp:attachment":[{"href":"https:\/\/www.academiauruguay.com\/pt-br\/wp-json\/wp\/v2\/media?parent=4152"}],"curies":[{"name":"wp","href":"https:\/\/api.w.org\/{rel}","templated":true}]}}