
{"id":3946,"date":"2014-05-06T23:36:27","date_gmt":"2014-05-07T02:36:27","guid":{"rendered":"https:\/\/www.academiauruguay.com\/?page_id=3946"},"modified":"2014-10-16T13:12:03","modified_gmt":"2014-10-16T15:12:03","slug":"grupos-e-agentes","status":"publish","type":"page","link":"https:\/\/www.academiauruguay.com\/pt-br\/grupos-e-agentes\/","title":{"rendered":"Grupos e Agentes"},"content":{"rendered":"\r\n<p><strong>Academia Uruguay \u00e9 o parceiro em quem voc\u00ea pode confiar o fornecimento de programas de espanhol para grupos, da mais alta qualidade no Uruguai<\/strong>. N\u00f3s temos muitos anos de experi\u00eancia na organiza\u00e7\u00e3o de programas de viagens de idiomas. Seus interesses s\u00e3o os nossos. Nossa abordagem e profissionalismo garantem que suas expectativas ser\u00e3o atendidas com um alto n\u00edvel de qualidade. Damos tudo de n\u00f3s para entender suas necessidades e oferecer uma forma\u00e7\u00e3o lingu\u00edstica de qualidade tanto para estudantes quanto para adultos. Nossos programas de espanhol, l\u00edngua e cultura est\u00e3o pensados para atingir diferentes faixas et\u00e1rias. Recebemos grupos de todas as nacionalidades e estaremos encantados de lhe dar refer\u00eancias.<\/p>\r\n","protected":false},"excerpt":{"rendered":"<p>Academia Uruguay \u00e9 o parceiro em quem voc\u00ea pode confiar o fornecimento de programas de espanhol para grupos, da mais alta qualidade no Uruguai. N\u00f3s temos muitos anos de experi\u00eancia na organiza\u00e7\u00e3o de programas de viagens de idiomas. Seus interesses s\u00e3o os nossos. Nossa abordagem e profissionalismo garantem que suas expectativas ser\u00e3o atendidas com um [&hellip;]<\/p>\n","protected":false},"author":5,"featured_media":0,"parent":0,"menu_order":38,"comment_status":"closed","ping_status":"closed","template":"","meta":{"footnotes":""},"class_list":["post-3946","page","type-page","status-publish","hentry","entry"],"yoast_head":"<!-- This site is optimized with the Yoast SEO plugin v26.0 - https:\/\/yoast.com\/wordpress\/plugins\/seo\/ -->\n<title>Grupos e Agentes - Academia Uruguay<\/title>\n<meta name=\"robots\" content=\"index, follow, max-snippet:-1, max-image-preview:large, max-video-preview:-1\" \/>\n<link rel=\"canonical\" href=\"https:\/\/www.academiauruguay.com\/pt-br\/grupos-e-agentes\/\" \/>\n<meta name=\"twitter:label1\" content=\"Est. reading time\" \/>\n\t<meta name=\"twitter:data1\" content=\"1 minute\" \/>\n<script type=\"application\/ld+json\" class=\"yoast-schema-graph\">{\"@context\":\"https:\/\/schema.org\",\"@graph\":[{\"@type\":\"WebPage\",\"@id\":\"https:\/\/www.academiauruguay.com\/pt-br\/grupos-e-agentes\/\",\"url\":\"https:\/\/www.academiauruguay.com\/pt-br\/grupos-e-agentes\/\",\"name\":\"Grupos e Agentes - Academia Uruguay\",\"isPartOf\":{\"@id\":\"https:\/\/www.academiauruguay.com\/pt-br\/#website\"},\"datePublished\":\"2014-05-07T02:36:27+00:00\",\"dateModified\":\"2014-10-16T15:12:03+00:00\",\"breadcrumb\":{\"@id\":\"https:\/\/www.academiauruguay.com\/pt-br\/grupos-e-agentes\/#breadcrumb\"},\"inLanguage\":\"pt-BR\",\"potentialAction\":[{\"@type\":\"ReadAction\",\"target\":[\"https:\/\/www.academiauruguay.com\/pt-br\/grupos-e-agentes\/\"]}]},{\"@type\":\"BreadcrumbList\",\"@id\":\"https:\/\/www.academiauruguay.com\/pt-br\/grupos-e-agentes\/#breadcrumb\",\"itemListElement\":[{\"@type\":\"ListItem\",\"position\":1,\"name\":\"Home\",\"item\":\"https:\/\/www.academiauruguay.com\/pt-br\/\"},{\"@type\":\"ListItem\",\"position\":2,\"name\":\"Grupos e Agentes\"}]},{\"@type\":\"WebSite\",\"@id\":\"https:\/\/www.academiauruguay.com\/pt-br\/#website\",\"url\":\"https:\/\/www.academiauruguay.com\/pt-br\/\",\"name\":\"Academia Uruguay\",\"description\":\"spanish courses\",\"potentialAction\":[{\"@type\":\"SearchAction\",\"target\":{\"@type\":\"EntryPoint\",\"urlTemplate\":\"https:\/\/www.academiauruguay.com\/pt-br\/?s={search_term_string}\"},\"query-input\":{\"@type\":\"PropertyValueSpecification\",\"valueRequired\":true,\"valueName\":\"search_term_string\"}}],\"inLanguage\":\"pt-BR\"}]}<\/script>\n<!-- \/ Yoast SEO plugin. -->","yoast_head_json":{"title":"Grupos e Agentes - Academia Uruguay","robots":{"index":"index","follow":"follow","max-snippet":"max-snippet:-1","max-image-preview":"max-image-preview:large","max-video-preview":"max-video-preview:-1"},"canonical":"https:\/\/www.academiauruguay.com\/pt-br\/grupos-e-agentes\/","twitter_misc":{"Est. reading time":"1 minute"},"schema":{"@context":"https:\/\/schema.org","@graph":[{"@type":"WebPage","@id":"https:\/\/www.academiauruguay.com\/pt-br\/grupos-e-agentes\/","url":"https:\/\/www.academiauruguay.com\/pt-br\/grupos-e-agentes\/","name":"Grupos e Agentes - Academia Uruguay","isPartOf":{"@id":"https:\/\/www.academiauruguay.com\/pt-br\/#website"},"datePublished":"2014-05-07T02:36:27+00:00","dateModified":"2014-10-16T15:12:03+00:00","breadcrumb":{"@id":"https:\/\/www.academiauruguay.com\/pt-br\/grupos-e-agentes\/#breadcrumb"},"inLanguage":"pt-BR","potentialAction":[{"@type":"ReadAction","target":["https:\/\/www.academiauruguay.com\/pt-br\/grupos-e-agentes\/"]}]},{"@type":"BreadcrumbList","@id":"https:\/\/www.academiauruguay.com\/pt-br\/grupos-e-agentes\/#breadcrumb","itemListElement":[{"@type":"ListItem","position":1,"name":"Home","item":"https:\/\/www.academiauruguay.com\/pt-br\/"},{"@type":"ListItem","position":2,"name":"Grupos e Agentes"}]},{"@type":"WebSite","@id":"https:\/\/www.academiauruguay.com\/pt-br\/#website","url":"https:\/\/www.academiauruguay.com\/pt-br\/","name":"Academia Uruguay","description":"spanish courses","potentialAction":[{"@type":"SearchAction","target":{"@type":"EntryPoint","urlTemplate":"https:\/\/www.academiauruguay.com\/pt-br\/?s={search_term_string}"},"query-input":{"@type":"PropertyValueSpecification","valueRequired":true,"valueName":"search_term_string"}}],"inLanguage":"pt-BR"}]}},"_links":{"self":[{"href":"https:\/\/www.academiauruguay.com\/pt-br\/wp-json\/wp\/v2\/pages\/3946","targetHints":{"allow":["GET"]}}],"collection":[{"href":"https:\/\/www.academiauruguay.com\/pt-br\/wp-json\/wp\/v2\/pages"}],"about":[{"href":"https:\/\/www.academiauruguay.com\/pt-br\/wp-json\/wp\/v2\/types\/page"}],"author":[{"embeddable":true,"href":"https:\/\/www.academiauruguay.com\/pt-br\/wp-json\/wp\/v2\/users\/5"}],"replies":[{"embeddable":true,"href":"https:\/\/www.academiauruguay.com\/pt-br\/wp-json\/wp\/v2\/comments?post=3946"}],"version-history":[{"count":0,"href":"https:\/\/www.academiauruguay.com\/pt-br\/wp-json\/wp\/v2\/pages\/3946\/revisions"}],"wp:attachment":[{"href":"https:\/\/www.academiauruguay.com\/pt-br\/wp-json\/wp\/v2\/media?parent=3946"}],"curies":[{"name":"wp","href":"https:\/\/api.w.org\/{rel}","templated":true}]}}