
{"id":3944,"date":"2014-05-06T23:32:57","date_gmt":"2014-05-07T02:32:57","guid":{"rendered":"https:\/\/www.academiauruguay.com\/?page_id=3944"},"modified":"2014-10-06T14:47:11","modified_gmt":"2014-10-06T16:47:11","slug":"trabalho-voluntario","status":"publish","type":"page","link":"https:\/\/www.academiauruguay.com\/pt-br\/trabalho-voluntario\/","title":{"rendered":"Trabalho volunt\u00e1rio"},"content":{"rendered":"\r\n<p>Trabalhar como volunt\u00e1rio \u00e9 uma oportunidade \u00fanica para praticar o espanhol e viver a cultura uruguaia desde o interior.<\/p>\r\n<p>A Academia Uruguay oferece aos seus estudantes a possibilidade de combinar cursos de espanhol com trabalho volunt\u00e1rio. Os alunos podem trabalhar em diferentes organiza\u00e7\u00f5es e projetos em Montevid\u00e9u, desta forma poder\u00e3o descobrir as problem\u00e1ticas espec\u00edficas que afetam aos benefici\u00e1rios e colaborar com o desenvolvimento sociocultural destas pessoas atrav\u00e9s de uma completa imers\u00e3o na realidade local.<\/p>\r\n<p>O voluntariado \u00e9 uma experi\u00eancia valiosa na vida. Ser volunt\u00e1rio \u00e9 oferecer ajuda \u00e0s pessoas que necessitam receb\u00ea-la, \u00e9 fazer a diferen\u00e7a na vida de algu\u00e9m. Ao mesmo tempo \u00e9 enriquecedor para o volunt\u00e1rio que vive uma importante experi\u00eancia, aprende novas habilidades, se encontra com pessoas de diversas caracter\u00edsticas e aprende a valorizar e a respeitar as diferen\u00e7as. Todas as pessoas est\u00e3o qualificadas para ser volunt\u00e1rios e podem deixar um impacto positivo na comunidade.<\/p>\r\n<p><a href=\"https:\/\/www.academiauruguay.com\/wp-content\/uploads\/sites\/3\/2014\/10\/voluntariado-uruguay.jpg\"><img loading=\"lazy\" decoding=\"async\" class=\"aligncenter size-large wp-image-5989\" src=\"https:\/\/www.academiauruguay.com\/wp-content\/uploads\/sites\/3\/2014\/10\/voluntariado-uruguay.jpg\" alt=\"voluntariado uruguay\" width=\"1\" height=\"1\" data-id=\"5989\" \/><\/a><\/p>\r\n<p>Em definitivo, trabalhar como volunt\u00e1rio \u00e9 oferecer livremente o tempo, os conhecimentos, a experi\u00eancia, as ideias e as habilidades sem receber remunera\u00e7\u00e3o em troca. \u00c9 realizar uma a\u00e7\u00e3o solid\u00e1ria tendo em conta que os atos individuais implicam uma melhora num determinado coletivo social.<\/p>\r\n<p>O programa est\u00e1 dispon\u00edvel para os estudantes que cumpram com os seguintes requisitos:<\/p>\r\n<p>1. Tomar pelo menos tr\u00eas semanas de aulas de espanhol.<\/p>\r\n<p>2. Realizar o trabalho volunt\u00e1rio no m\u00ednimo por um m\u00eas.<\/p>\r\n<p>3. Ter um n\u00edvel intermedi\u00e1rio de espanhol (m\u00ednimo B1).<\/p>\r\n<p>No caso em que o estudante j\u00e1 tenha o n\u00edvel intermedi\u00e1rio requerido, pode come\u00e7ar a trabalhar em paralelo com o curso de espanhol. Se n\u00e3o possui este n\u00edvel, sugerimos que tome algumas semanas de aulas de espanhol e em seguida comece a trabalhar como volunt\u00e1rio. Este requisito serve para obter uma boa experi\u00eancia com uma verdadeira troca entre o pessoal respons\u00e1vel pela organiza\u00e7\u00e3o, outros volunt\u00e1rios, e os benefici\u00e1rios dos projetos.<\/p>\r\n<p>Quando o estudante se contata com a Academia Uruguay deve explicar que tipo de tarefas gostaria realizar no trabalho social e quais s\u00e3o as suas expectativas. Responderemos a esta solicita\u00e7\u00e3o, informando os detalhes do programa e enviaremos a avalia\u00e7\u00e3o de n\u00edvel que o aluno deve completar e devolver por e-mail antes de sua chegada. Uma vez recebida, o n\u00edvel ser\u00e1 verificado e lhe informaremos se pode participar do programa de voluntariado em paralelo ou se deve ter aulas anteriormente.<\/p>\r\n<p>Geralmente o primeiro dia de voluntariado \u00e9 dedicado a conhecer a organiza\u00e7\u00e3o e as pessoas que nela trabalham. Em seguida, se atribui ao estudante as tarefas de acordo \u00e0s necessidades que tenham no momento e a disponibilidade de hor\u00e1rios, n\u00edvel de espanhol alcan\u00e7ado e \u00e1reas de interesses do volunt\u00e1rio.<\/p>\r\n<p>\u00c9 importante destacar que \u00e0 medida que melhore o n\u00edvel de espanhol do estudante, poder\u00e1 comunicar-se com mais flu\u00eancia e realizar tarefas diferentes. Isto far\u00e1 com que a experi\u00eancia seja mais enriquecedora.<\/p>\r\n<p>&nbsp;<\/p>\r\n","protected":false},"excerpt":{"rendered":"<p>Trabalhar como volunt\u00e1rio \u00e9 uma oportunidade \u00fanica para praticar o espanhol e viver a cultura uruguaia desde o interior. A Academia Uruguay oferece aos seus estudantes a possibilidade de combinar cursos de espanhol com trabalho volunt\u00e1rio. Os alunos podem trabalhar em diferentes organiza\u00e7\u00f5es e projetos em Montevid\u00e9u, desta forma poder\u00e3o descobrir as problem\u00e1ticas espec\u00edficas que [&hellip;]<\/p>\n","protected":false},"author":5,"featured_media":0,"parent":0,"menu_order":38,"comment_status":"closed","ping_status":"closed","template":"","meta":{"footnotes":""},"class_list":["post-3944","page","type-page","status-publish","hentry","entry"],"yoast_head":"<!-- This site is optimized with the Yoast SEO plugin v26.0 - https:\/\/yoast.com\/wordpress\/plugins\/seo\/ -->\n<title>Trabalho volunt\u00e1rio - Academia Uruguay<\/title>\n<meta name=\"description\" content=\"Academia Uruguay oferece a oportunidade de combinar um curso de espanhol com trabalho volunt\u00e1rio. Voc\u00ea poder\u00e1 trabalhar com diferentes organiza\u00e7\u00f5es.\" \/>\n<meta name=\"robots\" content=\"index, follow, max-snippet:-1, max-image-preview:large, max-video-preview:-1\" \/>\n<link rel=\"canonical\" href=\"https:\/\/www.academiauruguay.com\/pt-br\/trabalho-voluntario\/\" \/>\n<meta name=\"twitter:label1\" content=\"Est. reading time\" \/>\n\t<meta name=\"twitter:data1\" content=\"3 minutes\" \/>\n<script type=\"application\/ld+json\" class=\"yoast-schema-graph\">{\"@context\":\"https:\/\/schema.org\",\"@graph\":[{\"@type\":\"WebPage\",\"@id\":\"https:\/\/www.academiauruguay.com\/pt-br\/trabalho-voluntario\/\",\"url\":\"https:\/\/www.academiauruguay.com\/pt-br\/trabalho-voluntario\/\",\"name\":\"Trabalho volunt\u00e1rio - Academia Uruguay\",\"isPartOf\":{\"@id\":\"https:\/\/www.academiauruguay.com\/pt-br\/#website\"},\"primaryImageOfPage\":{\"@id\":\"https:\/\/www.academiauruguay.com\/pt-br\/trabalho-voluntario\/#primaryimage\"},\"image\":{\"@id\":\"https:\/\/www.academiauruguay.com\/pt-br\/trabalho-voluntario\/#primaryimage\"},\"thumbnailUrl\":\"https:\/\/www.academiauruguay.com\/wp-content\/uploads\/sites\/3\/2014\/10\/voluntariado-uruguay.jpg\",\"datePublished\":\"2014-05-07T02:32:57+00:00\",\"dateModified\":\"2014-10-06T16:47:11+00:00\",\"description\":\"Academia Uruguay oferece a oportunidade de combinar um curso de espanhol com trabalho volunt\u00e1rio. Voc\u00ea poder\u00e1 trabalhar com diferentes organiza\u00e7\u00f5es.\",\"breadcrumb\":{\"@id\":\"https:\/\/www.academiauruguay.com\/pt-br\/trabalho-voluntario\/#breadcrumb\"},\"inLanguage\":\"pt-BR\",\"potentialAction\":[{\"@type\":\"ReadAction\",\"target\":[\"https:\/\/www.academiauruguay.com\/pt-br\/trabalho-voluntario\/\"]}]},{\"@type\":\"ImageObject\",\"inLanguage\":\"pt-BR\",\"@id\":\"https:\/\/www.academiauruguay.com\/pt-br\/trabalho-voluntario\/#primaryimage\",\"url\":\"https:\/\/www.academiauruguay.com\/wp-content\/uploads\/sites\/3\/2014\/10\/voluntariado-uruguay.jpg\",\"contentUrl\":\"https:\/\/www.academiauruguay.com\/wp-content\/uploads\/sites\/3\/2014\/10\/voluntariado-uruguay.jpg\"},{\"@type\":\"BreadcrumbList\",\"@id\":\"https:\/\/www.academiauruguay.com\/pt-br\/trabalho-voluntario\/#breadcrumb\",\"itemListElement\":[{\"@type\":\"ListItem\",\"position\":1,\"name\":\"Home\",\"item\":\"https:\/\/www.academiauruguay.com\/pt-br\/\"},{\"@type\":\"ListItem\",\"position\":2,\"name\":\"Trabalho volunt\u00e1rio\"}]},{\"@type\":\"WebSite\",\"@id\":\"https:\/\/www.academiauruguay.com\/pt-br\/#website\",\"url\":\"https:\/\/www.academiauruguay.com\/pt-br\/\",\"name\":\"Academia Uruguay\",\"description\":\"spanish courses\",\"potentialAction\":[{\"@type\":\"SearchAction\",\"target\":{\"@type\":\"EntryPoint\",\"urlTemplate\":\"https:\/\/www.academiauruguay.com\/pt-br\/?s={search_term_string}\"},\"query-input\":{\"@type\":\"PropertyValueSpecification\",\"valueRequired\":true,\"valueName\":\"search_term_string\"}}],\"inLanguage\":\"pt-BR\"}]}<\/script>\n<!-- \/ Yoast SEO plugin. -->","yoast_head_json":{"title":"Trabalho volunt\u00e1rio - Academia Uruguay","description":"Academia Uruguay oferece a oportunidade de combinar um curso de espanhol com trabalho volunt\u00e1rio. Voc\u00ea poder\u00e1 trabalhar com diferentes organiza\u00e7\u00f5es.","robots":{"index":"index","follow":"follow","max-snippet":"max-snippet:-1","max-image-preview":"max-image-preview:large","max-video-preview":"max-video-preview:-1"},"canonical":"https:\/\/www.academiauruguay.com\/pt-br\/trabalho-voluntario\/","twitter_misc":{"Est. reading time":"3 minutes"},"schema":{"@context":"https:\/\/schema.org","@graph":[{"@type":"WebPage","@id":"https:\/\/www.academiauruguay.com\/pt-br\/trabalho-voluntario\/","url":"https:\/\/www.academiauruguay.com\/pt-br\/trabalho-voluntario\/","name":"Trabalho volunt\u00e1rio - Academia Uruguay","isPartOf":{"@id":"https:\/\/www.academiauruguay.com\/pt-br\/#website"},"primaryImageOfPage":{"@id":"https:\/\/www.academiauruguay.com\/pt-br\/trabalho-voluntario\/#primaryimage"},"image":{"@id":"https:\/\/www.academiauruguay.com\/pt-br\/trabalho-voluntario\/#primaryimage"},"thumbnailUrl":"https:\/\/www.academiauruguay.com\/wp-content\/uploads\/sites\/3\/2014\/10\/voluntariado-uruguay.jpg","datePublished":"2014-05-07T02:32:57+00:00","dateModified":"2014-10-06T16:47:11+00:00","description":"Academia Uruguay oferece a oportunidade de combinar um curso de espanhol com trabalho volunt\u00e1rio. Voc\u00ea poder\u00e1 trabalhar com diferentes organiza\u00e7\u00f5es.","breadcrumb":{"@id":"https:\/\/www.academiauruguay.com\/pt-br\/trabalho-voluntario\/#breadcrumb"},"inLanguage":"pt-BR","potentialAction":[{"@type":"ReadAction","target":["https:\/\/www.academiauruguay.com\/pt-br\/trabalho-voluntario\/"]}]},{"@type":"ImageObject","inLanguage":"pt-BR","@id":"https:\/\/www.academiauruguay.com\/pt-br\/trabalho-voluntario\/#primaryimage","url":"https:\/\/www.academiauruguay.com\/wp-content\/uploads\/sites\/3\/2014\/10\/voluntariado-uruguay.jpg","contentUrl":"https:\/\/www.academiauruguay.com\/wp-content\/uploads\/sites\/3\/2014\/10\/voluntariado-uruguay.jpg"},{"@type":"BreadcrumbList","@id":"https:\/\/www.academiauruguay.com\/pt-br\/trabalho-voluntario\/#breadcrumb","itemListElement":[{"@type":"ListItem","position":1,"name":"Home","item":"https:\/\/www.academiauruguay.com\/pt-br\/"},{"@type":"ListItem","position":2,"name":"Trabalho volunt\u00e1rio"}]},{"@type":"WebSite","@id":"https:\/\/www.academiauruguay.com\/pt-br\/#website","url":"https:\/\/www.academiauruguay.com\/pt-br\/","name":"Academia Uruguay","description":"spanish courses","potentialAction":[{"@type":"SearchAction","target":{"@type":"EntryPoint","urlTemplate":"https:\/\/www.academiauruguay.com\/pt-br\/?s={search_term_string}"},"query-input":{"@type":"PropertyValueSpecification","valueRequired":true,"valueName":"search_term_string"}}],"inLanguage":"pt-BR"}]}},"_links":{"self":[{"href":"https:\/\/www.academiauruguay.com\/pt-br\/wp-json\/wp\/v2\/pages\/3944","targetHints":{"allow":["GET"]}}],"collection":[{"href":"https:\/\/www.academiauruguay.com\/pt-br\/wp-json\/wp\/v2\/pages"}],"about":[{"href":"https:\/\/www.academiauruguay.com\/pt-br\/wp-json\/wp\/v2\/types\/page"}],"author":[{"embeddable":true,"href":"https:\/\/www.academiauruguay.com\/pt-br\/wp-json\/wp\/v2\/users\/5"}],"replies":[{"embeddable":true,"href":"https:\/\/www.academiauruguay.com\/pt-br\/wp-json\/wp\/v2\/comments?post=3944"}],"version-history":[{"count":0,"href":"https:\/\/www.academiauruguay.com\/pt-br\/wp-json\/wp\/v2\/pages\/3944\/revisions"}],"wp:attachment":[{"href":"https:\/\/www.academiauruguay.com\/pt-br\/wp-json\/wp\/v2\/media?parent=3944"}],"curies":[{"name":"wp","href":"https:\/\/api.w.org\/{rel}","templated":true}]}}