
{"id":3875,"date":"2013-05-13T10:36:49","date_gmt":"2013-05-13T10:36:49","guid":{"rendered":"https:\/\/www.academiauruguay.com\/courses-rates\/tc\/"},"modified":"2024-12-10T11:20:01","modified_gmt":"2024-12-10T14:20:01","slug":"tc","status":"publish","type":"page","link":"https:\/\/www.academiauruguay.com\/pt-br\/courses-rates\/tc\/","title":{"rendered":"Termos e condi\u00e7\u00f5es"},"content":{"rendered":"\n<ul>\n\t<li>\u00c9 necess\u00e1rio fazer o pagamento dos cursos e da hospedagem dentro dos dois primeiros dias de sua estadia em Academia.<\/li>\n\t<li>Pode pagar \u00e0 vista (aceitamos d\u00f3lares, euros e pesos), com cart\u00e3o de cr\u00e9dito (consultar taxas) ou, excepcionalmente, por meio de transfer\u00eancia banc\u00e1ria.<\/li>\n\t<li>Em geral, n\u00e3o pedimos dep\u00f3sitos ou pagamento adiantado antes de sua chegada \u00e0 Academia, com exce\u00e7\u00e3o dos apartamentos alugados por meio da escola.<\/li>\n\t<li>O dinheiro pago pelos cursos ou hospedagem n\u00e3o ser\u00e1 devolvido. No entanto, oferecemos a possibilidade de preservar esse pagamento para cursos posteriores, ou transferir esse \u201ccr\u00e9dito\u201d a outros estudantes que n\u00e3o estejam estudando na Academia por\u00e9m pretendem faz\u00ea-lo.<\/li>\n\t<li>S\u00f3 oferecemos descontos para duplas de viajantes (25 % de desconto para seu amigo\/ a).<\/li>\n\t<li>Os pre\u00e7os incluem taxas e impostos.<\/li>\n\t<li>Os pre\u00e7os das aulas incluem material de estudo, pelo menos duas atividades extracurriculares gr\u00e1tis por semana, caf\u00e9 e ch\u00e1 livre, acesso \u00e0 internet e WIFI, o exame diagn\u00f3stico de n\u00edvel, os exames ao final de cada n\u00edvel e o diploma.<\/li>\n\t<li>Os pre\u00e7os de hospedagem incluem roupa de cama e servi\u00e7o de limpeza, pelo menos, uma vez por semana.<\/li>\n\t<li>Se for necess\u00e1rio, voc\u00ea pode trocar sua hospedagem uma vez, sem custo adicional. Para fazer isso, basta falar com recep\u00e7\u00e3o, explicar os motivos da mudan\u00e7a e preencher um novo formul\u00e1rio. Em 48 horas voc\u00ea ter\u00e1 um novo lugar onde ficar.<\/li>\n\t<li>Se por algum motivo Academia n\u00e3o pudesse cumprir com uma parte importante dos servi\u00e7os e pagamentos e n\u00e3o pudesse oferecer um servi\u00e7o equivalente, ent\u00e3o voc\u00ea ter\u00e1 a op\u00e7\u00e3o de um reembolso pelos servi\u00e7os n\u00e3o cumpridos. Academia n\u00e3o far\u00e1 reembolsos em casos de for\u00e7a maior.<\/li>\n\t<li>Academia Uruguay reserva-se o direito de modificar os pre\u00e7os devido a aumentos de impostos, a\u00e7\u00f5es governamentais ou outros eventos fora de controle.<\/li>\n<\/ul>\n","protected":false},"excerpt":{"rendered":"<p>\u00c9 necess\u00e1rio fazer o pagamento dos cursos e da hospedagem dentro dos dois primeiros dias de sua estadia em Academia. Pode pagar \u00e0 vista (aceitamos d\u00f3lares, euros e pesos), com cart\u00e3o de cr\u00e9dito (consultar taxas) ou, excepcionalmente, por meio de transfer\u00eancia banc\u00e1ria. Em geral, n\u00e3o pedimos dep\u00f3sitos ou pagamento adiantado antes de sua chegada \u00e0 [&hellip;]<\/p>\n","protected":false},"author":1,"featured_media":0,"parent":3867,"menu_order":26,"comment_status":"closed","ping_status":"closed","template":"","meta":{"footnotes":""},"class_list":["post-3875","page","type-page","status-publish","hentry","entry"],"yoast_head":"<!-- This site is optimized with the Yoast SEO plugin v26.0 - https:\/\/yoast.com\/wordpress\/plugins\/seo\/ -->\n<title>Termos e condi\u00e7\u00f5es - Academia Uruguay<\/title>\n<meta name=\"robots\" content=\"index, follow, max-snippet:-1, max-image-preview:large, max-video-preview:-1\" \/>\n<link rel=\"canonical\" href=\"https:\/\/www.academiauruguay.com\/pt-br\/courses-rates\/tc\/\" \/>\n<meta name=\"twitter:label1\" content=\"Est. reading time\" \/>\n\t<meta name=\"twitter:data1\" content=\"2 minutes\" \/>\n<script type=\"application\/ld+json\" class=\"yoast-schema-graph\">{\"@context\":\"https:\/\/schema.org\",\"@graph\":[{\"@type\":\"WebPage\",\"@id\":\"https:\/\/www.academiauruguay.com\/pt-br\/courses-rates\/tc\/\",\"url\":\"https:\/\/www.academiauruguay.com\/pt-br\/courses-rates\/tc\/\",\"name\":\"Termos e condi\u00e7\u00f5es - Academia Uruguay\",\"isPartOf\":{\"@id\":\"https:\/\/www.academiauruguay.com\/pt-br\/#website\"},\"datePublished\":\"2013-05-13T10:36:49+00:00\",\"dateModified\":\"2024-12-10T14:20:01+00:00\",\"breadcrumb\":{\"@id\":\"https:\/\/www.academiauruguay.com\/pt-br\/courses-rates\/tc\/#breadcrumb\"},\"inLanguage\":\"pt-BR\",\"potentialAction\":[{\"@type\":\"ReadAction\",\"target\":[\"https:\/\/www.academiauruguay.com\/pt-br\/courses-rates\/tc\/\"]}]},{\"@type\":\"BreadcrumbList\",\"@id\":\"https:\/\/www.academiauruguay.com\/pt-br\/courses-rates\/tc\/#breadcrumb\",\"itemListElement\":[{\"@type\":\"ListItem\",\"position\":1,\"name\":\"Home\",\"item\":\"https:\/\/www.academiauruguay.com\/pt-br\/\"},{\"@type\":\"ListItem\",\"position\":2,\"name\":\"Courses and rates\",\"item\":\"https:\/\/www.academiauruguay.com\/pt-br\/courses-rates\/\"},{\"@type\":\"ListItem\",\"position\":3,\"name\":\"Termos e condi\u00e7\u00f5es\"}]},{\"@type\":\"WebSite\",\"@id\":\"https:\/\/www.academiauruguay.com\/pt-br\/#website\",\"url\":\"https:\/\/www.academiauruguay.com\/pt-br\/\",\"name\":\"Academia Uruguay\",\"description\":\"spanish courses\",\"potentialAction\":[{\"@type\":\"SearchAction\",\"target\":{\"@type\":\"EntryPoint\",\"urlTemplate\":\"https:\/\/www.academiauruguay.com\/pt-br\/?s={search_term_string}\"},\"query-input\":{\"@type\":\"PropertyValueSpecification\",\"valueRequired\":true,\"valueName\":\"search_term_string\"}}],\"inLanguage\":\"pt-BR\"}]}<\/script>\n<!-- \/ Yoast SEO plugin. -->","yoast_head_json":{"title":"Termos e condi\u00e7\u00f5es - Academia Uruguay","robots":{"index":"index","follow":"follow","max-snippet":"max-snippet:-1","max-image-preview":"max-image-preview:large","max-video-preview":"max-video-preview:-1"},"canonical":"https:\/\/www.academiauruguay.com\/pt-br\/courses-rates\/tc\/","twitter_misc":{"Est. reading time":"2 minutes"},"schema":{"@context":"https:\/\/schema.org","@graph":[{"@type":"WebPage","@id":"https:\/\/www.academiauruguay.com\/pt-br\/courses-rates\/tc\/","url":"https:\/\/www.academiauruguay.com\/pt-br\/courses-rates\/tc\/","name":"Termos e condi\u00e7\u00f5es - Academia Uruguay","isPartOf":{"@id":"https:\/\/www.academiauruguay.com\/pt-br\/#website"},"datePublished":"2013-05-13T10:36:49+00:00","dateModified":"2024-12-10T14:20:01+00:00","breadcrumb":{"@id":"https:\/\/www.academiauruguay.com\/pt-br\/courses-rates\/tc\/#breadcrumb"},"inLanguage":"pt-BR","potentialAction":[{"@type":"ReadAction","target":["https:\/\/www.academiauruguay.com\/pt-br\/courses-rates\/tc\/"]}]},{"@type":"BreadcrumbList","@id":"https:\/\/www.academiauruguay.com\/pt-br\/courses-rates\/tc\/#breadcrumb","itemListElement":[{"@type":"ListItem","position":1,"name":"Home","item":"https:\/\/www.academiauruguay.com\/pt-br\/"},{"@type":"ListItem","position":2,"name":"Courses and rates","item":"https:\/\/www.academiauruguay.com\/pt-br\/courses-rates\/"},{"@type":"ListItem","position":3,"name":"Termos e condi\u00e7\u00f5es"}]},{"@type":"WebSite","@id":"https:\/\/www.academiauruguay.com\/pt-br\/#website","url":"https:\/\/www.academiauruguay.com\/pt-br\/","name":"Academia Uruguay","description":"spanish courses","potentialAction":[{"@type":"SearchAction","target":{"@type":"EntryPoint","urlTemplate":"https:\/\/www.academiauruguay.com\/pt-br\/?s={search_term_string}"},"query-input":{"@type":"PropertyValueSpecification","valueRequired":true,"valueName":"search_term_string"}}],"inLanguage":"pt-BR"}]}},"_links":{"self":[{"href":"https:\/\/www.academiauruguay.com\/pt-br\/wp-json\/wp\/v2\/pages\/3875","targetHints":{"allow":["GET"]}}],"collection":[{"href":"https:\/\/www.academiauruguay.com\/pt-br\/wp-json\/wp\/v2\/pages"}],"about":[{"href":"https:\/\/www.academiauruguay.com\/pt-br\/wp-json\/wp\/v2\/types\/page"}],"author":[{"embeddable":true,"href":"https:\/\/www.academiauruguay.com\/pt-br\/wp-json\/wp\/v2\/users\/1"}],"replies":[{"embeddable":true,"href":"https:\/\/www.academiauruguay.com\/pt-br\/wp-json\/wp\/v2\/comments?post=3875"}],"version-history":[{"count":0,"href":"https:\/\/www.academiauruguay.com\/pt-br\/wp-json\/wp\/v2\/pages\/3875\/revisions"}],"up":[{"embeddable":true,"href":"https:\/\/www.academiauruguay.com\/pt-br\/wp-json\/wp\/v2\/pages\/3867"}],"wp:attachment":[{"href":"https:\/\/www.academiauruguay.com\/pt-br\/wp-json\/wp\/v2\/media?parent=3875"}],"curies":[{"name":"wp","href":"https:\/\/api.w.org\/{rel}","templated":true}]}}