
{"id":3873,"date":"2013-05-01T01:01:16","date_gmt":"2013-05-01T01:01:16","guid":{"rendered":"https:\/\/www.academiauruguay.com\/courses-rates\/methodology\/"},"modified":"2014-10-15T12:18:10","modified_gmt":"2014-10-15T14:18:10","slug":"methodology","status":"publish","type":"page","link":"https:\/\/www.academiauruguay.com\/pt-br\/courses-rates\/methodology\/","title":{"rendered":"Metodologia"},"content":{"rendered":"\r\n<p>Nossa metodologia de ensino, com base nas diretrizes propostas pelo Quadro Europeu Comum de Refer\u00eancia para as L\u00ednguas, adota uma abordagem interativa e ecl\u00e9tica que escolheu os elementos mais significativos das abordagens e m\u00e9todos de ensino de l\u00ednguas estrangeiras. Esta abordagem flex\u00edvel combina diferentes perspectivas te\u00f3ricas que historicamente t\u00eam-se centrado na <em>forma<\/em>, no <em>significado<\/em> ou na <em>fun\u00e7\u00e3o<\/em> da linguagem.<\/p>\r\n<p>Nossa abordagem promove uma metodologia que garante que o professor \u00e9 quem decide as ferramentas de ensino que ser\u00e3o mais adequadas para os alunos no processo de ensino-aprendizagem. Assim, o professor pode diversificar seus procedimentos e participar ativamente no planejamento de sua aula, com uma metodologia capaz de se adaptar a cada aluno e para satisfazer as suas necessidades e objetivos no contexto de imers\u00e3o.<\/p>\r\n<p>A metodologia permite o desenvolvimento de todas as habilidades relacionadas na aprendizagem de uma l\u00edngua estrangeira e da integra\u00e7\u00e3o de diferentes estilos de aprendizagem dos alunos. Esta combina\u00e7\u00e3o garante a obten\u00e7\u00e3o de uma <em>aprendizagem significativa<\/em> que permita aos alunos utilizar o espanhol em <em>situa\u00e7\u00f5es reais<\/em> (no pessoal, p\u00fablico, profissional e acad\u00eamica) forma progressiva e abrangente.<\/p>\r\n","protected":false},"excerpt":{"rendered":"<p>Nossa metodologia de ensino, com base nas diretrizes propostas pelo Quadro Europeu Comum de Refer\u00eancia para as L\u00ednguas, adota uma abordagem interativa e ecl\u00e9tica que escolheu os elementos mais significativos das abordagens e m\u00e9todos de ensino de l\u00ednguas estrangeiras. Esta abordagem flex\u00edvel combina diferentes perspectivas te\u00f3ricas que historicamente t\u00eam-se centrado na forma, no significado ou [&hellip;]<\/p>\n","protected":false},"author":1,"featured_media":0,"parent":3867,"menu_order":18,"comment_status":"closed","ping_status":"closed","template":"","meta":{"footnotes":""},"class_list":["post-3873","page","type-page","status-publish","hentry","entry"],"yoast_head":"<!-- This site is optimized with the Yoast SEO plugin v26.0 - https:\/\/yoast.com\/wordpress\/plugins\/seo\/ -->\n<title>Metodologia - Academia Uruguay<\/title>\n<meta name=\"description\" content=\"Nossa metodologia, portanto, est\u00e1 formada por estrat\u00e9gias e procedimentos das perspectivas mais modernas \u2013 abordagem processual e por tarefas ....\" \/>\n<meta name=\"robots\" content=\"index, follow, max-snippet:-1, max-image-preview:large, max-video-preview:-1\" \/>\n<link rel=\"canonical\" href=\"https:\/\/www.academiauruguay.com\/pt-br\/courses-rates\/methodology\/\" \/>\n<meta name=\"twitter:label1\" content=\"Est. reading time\" \/>\n\t<meta name=\"twitter:data1\" content=\"1 minute\" \/>\n<script type=\"application\/ld+json\" class=\"yoast-schema-graph\">{\"@context\":\"https:\/\/schema.org\",\"@graph\":[{\"@type\":\"WebPage\",\"@id\":\"https:\/\/www.academiauruguay.com\/pt-br\/courses-rates\/methodology\/\",\"url\":\"https:\/\/www.academiauruguay.com\/pt-br\/courses-rates\/methodology\/\",\"name\":\"Metodologia - Academia Uruguay\",\"isPartOf\":{\"@id\":\"https:\/\/www.academiauruguay.com\/pt-br\/#website\"},\"datePublished\":\"2013-05-01T01:01:16+00:00\",\"dateModified\":\"2014-10-15T14:18:10+00:00\",\"description\":\"Nossa metodologia, portanto, est\u00e1 formada por estrat\u00e9gias e procedimentos das perspectivas mais modernas \u2013 abordagem processual e por tarefas ....\",\"breadcrumb\":{\"@id\":\"https:\/\/www.academiauruguay.com\/pt-br\/courses-rates\/methodology\/#breadcrumb\"},\"inLanguage\":\"pt-BR\",\"potentialAction\":[{\"@type\":\"ReadAction\",\"target\":[\"https:\/\/www.academiauruguay.com\/pt-br\/courses-rates\/methodology\/\"]}]},{\"@type\":\"BreadcrumbList\",\"@id\":\"https:\/\/www.academiauruguay.com\/pt-br\/courses-rates\/methodology\/#breadcrumb\",\"itemListElement\":[{\"@type\":\"ListItem\",\"position\":1,\"name\":\"Home\",\"item\":\"https:\/\/www.academiauruguay.com\/pt-br\/\"},{\"@type\":\"ListItem\",\"position\":2,\"name\":\"Courses and rates\",\"item\":\"https:\/\/www.academiauruguay.com\/pt-br\/courses-rates\/\"},{\"@type\":\"ListItem\",\"position\":3,\"name\":\"Metodologia\"}]},{\"@type\":\"WebSite\",\"@id\":\"https:\/\/www.academiauruguay.com\/pt-br\/#website\",\"url\":\"https:\/\/www.academiauruguay.com\/pt-br\/\",\"name\":\"Academia Uruguay\",\"description\":\"spanish courses\",\"potentialAction\":[{\"@type\":\"SearchAction\",\"target\":{\"@type\":\"EntryPoint\",\"urlTemplate\":\"https:\/\/www.academiauruguay.com\/pt-br\/?s={search_term_string}\"},\"query-input\":{\"@type\":\"PropertyValueSpecification\",\"valueRequired\":true,\"valueName\":\"search_term_string\"}}],\"inLanguage\":\"pt-BR\"}]}<\/script>\n<!-- \/ Yoast SEO plugin. -->","yoast_head_json":{"title":"Metodologia - Academia Uruguay","description":"Nossa metodologia, portanto, est\u00e1 formada por estrat\u00e9gias e procedimentos das perspectivas mais modernas \u2013 abordagem processual e por tarefas ....","robots":{"index":"index","follow":"follow","max-snippet":"max-snippet:-1","max-image-preview":"max-image-preview:large","max-video-preview":"max-video-preview:-1"},"canonical":"https:\/\/www.academiauruguay.com\/pt-br\/courses-rates\/methodology\/","twitter_misc":{"Est. reading time":"1 minute"},"schema":{"@context":"https:\/\/schema.org","@graph":[{"@type":"WebPage","@id":"https:\/\/www.academiauruguay.com\/pt-br\/courses-rates\/methodology\/","url":"https:\/\/www.academiauruguay.com\/pt-br\/courses-rates\/methodology\/","name":"Metodologia - Academia Uruguay","isPartOf":{"@id":"https:\/\/www.academiauruguay.com\/pt-br\/#website"},"datePublished":"2013-05-01T01:01:16+00:00","dateModified":"2014-10-15T14:18:10+00:00","description":"Nossa metodologia, portanto, est\u00e1 formada por estrat\u00e9gias e procedimentos das perspectivas mais modernas \u2013 abordagem processual e por tarefas ....","breadcrumb":{"@id":"https:\/\/www.academiauruguay.com\/pt-br\/courses-rates\/methodology\/#breadcrumb"},"inLanguage":"pt-BR","potentialAction":[{"@type":"ReadAction","target":["https:\/\/www.academiauruguay.com\/pt-br\/courses-rates\/methodology\/"]}]},{"@type":"BreadcrumbList","@id":"https:\/\/www.academiauruguay.com\/pt-br\/courses-rates\/methodology\/#breadcrumb","itemListElement":[{"@type":"ListItem","position":1,"name":"Home","item":"https:\/\/www.academiauruguay.com\/pt-br\/"},{"@type":"ListItem","position":2,"name":"Courses and rates","item":"https:\/\/www.academiauruguay.com\/pt-br\/courses-rates\/"},{"@type":"ListItem","position":3,"name":"Metodologia"}]},{"@type":"WebSite","@id":"https:\/\/www.academiauruguay.com\/pt-br\/#website","url":"https:\/\/www.academiauruguay.com\/pt-br\/","name":"Academia Uruguay","description":"spanish courses","potentialAction":[{"@type":"SearchAction","target":{"@type":"EntryPoint","urlTemplate":"https:\/\/www.academiauruguay.com\/pt-br\/?s={search_term_string}"},"query-input":{"@type":"PropertyValueSpecification","valueRequired":true,"valueName":"search_term_string"}}],"inLanguage":"pt-BR"}]}},"_links":{"self":[{"href":"https:\/\/www.academiauruguay.com\/pt-br\/wp-json\/wp\/v2\/pages\/3873","targetHints":{"allow":["GET"]}}],"collection":[{"href":"https:\/\/www.academiauruguay.com\/pt-br\/wp-json\/wp\/v2\/pages"}],"about":[{"href":"https:\/\/www.academiauruguay.com\/pt-br\/wp-json\/wp\/v2\/types\/page"}],"author":[{"embeddable":true,"href":"https:\/\/www.academiauruguay.com\/pt-br\/wp-json\/wp\/v2\/users\/1"}],"replies":[{"embeddable":true,"href":"https:\/\/www.academiauruguay.com\/pt-br\/wp-json\/wp\/v2\/comments?post=3873"}],"version-history":[{"count":0,"href":"https:\/\/www.academiauruguay.com\/pt-br\/wp-json\/wp\/v2\/pages\/3873\/revisions"}],"up":[{"embeddable":true,"href":"https:\/\/www.academiauruguay.com\/pt-br\/wp-json\/wp\/v2\/pages\/3867"}],"wp:attachment":[{"href":"https:\/\/www.academiauruguay.com\/pt-br\/wp-json\/wp\/v2\/media?parent=3873"}],"curies":[{"name":"wp","href":"https:\/\/api.w.org\/{rel}","templated":true}]}}