
{"id":3866,"date":"2013-10-22T08:32:54","date_gmt":"2013-10-22T08:32:54","guid":{"rendered":"https:\/\/www.academiauruguay.com\/buenos-aires-argentina\/recommendations\/"},"modified":"2014-07-07T11:40:49","modified_gmt":"2014-07-07T14:40:49","slug":"recommendations","status":"publish","type":"page","link":"https:\/\/www.academiauruguay.com\/pt-br\/montevideu-uruguai\/recommendations\/","title":{"rendered":"Nossas recomenda\u00e7\u00f5es"},"content":{"rendered":"\r\n<p>Al\u00e9m de nossa paix\u00e3o pelo ensino de espanhol, h\u00e1 muitas outras coisas que amamos. No menu do lado esquerdo da p\u00e1gina voc\u00ea vai encontrar algumas das coisas que n\u00f3s gostar\u00edamos de recomendar:<\/p>\r\n","protected":false},"excerpt":{"rendered":"<p>Al\u00e9m de nossa paix\u00e3o pelo ensino de espanhol, h\u00e1 muitas outras coisas que amamos. No menu do lado esquerdo da p\u00e1gina voc\u00ea vai encontrar algumas das coisas que n\u00f3s gostar\u00edamos de recomendar:<\/p>\n","protected":false},"author":5,"featured_media":0,"parent":3852,"menu_order":0,"comment_status":"closed","ping_status":"closed","template":"our-recomm.php","meta":{"footnotes":""},"class_list":["post-3866","page","type-page","status-publish","hentry","entry"],"yoast_head":"<!-- This site is optimized with the Yoast SEO plugin v26.0 - https:\/\/yoast.com\/wordpress\/plugins\/seo\/ -->\n<title>Nossas recomenda\u00e7\u00f5es - Academia Uruguay<\/title>\n<meta name=\"robots\" content=\"index, follow, max-snippet:-1, max-image-preview:large, max-video-preview:-1\" \/>\n<link rel=\"canonical\" href=\"https:\/\/www.academiauruguay.com\/pt-br\/montevideu-uruguai\/recommendations\/\" \/>\n<script type=\"application\/ld+json\" class=\"yoast-schema-graph\">{\"@context\":\"https:\/\/schema.org\",\"@graph\":[{\"@type\":\"WebPage\",\"@id\":\"https:\/\/www.academiauruguay.com\/pt-br\/montevideu-uruguai\/recommendations\/\",\"url\":\"https:\/\/www.academiauruguay.com\/pt-br\/montevideu-uruguai\/recommendations\/\",\"name\":\"Nossas recomenda\u00e7\u00f5es - Academia Uruguay\",\"isPartOf\":{\"@id\":\"https:\/\/www.academiauruguay.com\/pt-br\/#website\"},\"datePublished\":\"2013-10-22T08:32:54+00:00\",\"dateModified\":\"2014-07-07T14:40:49+00:00\",\"breadcrumb\":{\"@id\":\"https:\/\/www.academiauruguay.com\/pt-br\/montevideu-uruguai\/recommendations\/#breadcrumb\"},\"inLanguage\":\"pt-BR\",\"potentialAction\":[{\"@type\":\"ReadAction\",\"target\":[\"https:\/\/www.academiauruguay.com\/pt-br\/montevideu-uruguai\/recommendations\/\"]}]},{\"@type\":\"BreadcrumbList\",\"@id\":\"https:\/\/www.academiauruguay.com\/pt-br\/montevideu-uruguai\/recommendations\/#breadcrumb\",\"itemListElement\":[{\"@type\":\"ListItem\",\"position\":1,\"name\":\"Home\",\"item\":\"https:\/\/www.academiauruguay.com\/pt-br\/\"},{\"@type\":\"ListItem\",\"position\":2,\"name\":\"Montevid\u00e9u &#038; Uruguai\",\"item\":\"https:\/\/www.academiauruguay.com\/pt-br\/montevideu-uruguai\/\"},{\"@type\":\"ListItem\",\"position\":3,\"name\":\"Nossas recomenda\u00e7\u00f5es\"}]},{\"@type\":\"WebSite\",\"@id\":\"https:\/\/www.academiauruguay.com\/pt-br\/#website\",\"url\":\"https:\/\/www.academiauruguay.com\/pt-br\/\",\"name\":\"Academia Uruguay\",\"description\":\"spanish courses\",\"potentialAction\":[{\"@type\":\"SearchAction\",\"target\":{\"@type\":\"EntryPoint\",\"urlTemplate\":\"https:\/\/www.academiauruguay.com\/pt-br\/?s={search_term_string}\"},\"query-input\":{\"@type\":\"PropertyValueSpecification\",\"valueRequired\":true,\"valueName\":\"search_term_string\"}}],\"inLanguage\":\"pt-BR\"}]}<\/script>\n<!-- \/ Yoast SEO plugin. -->","yoast_head_json":{"title":"Nossas recomenda\u00e7\u00f5es - Academia Uruguay","robots":{"index":"index","follow":"follow","max-snippet":"max-snippet:-1","max-image-preview":"max-image-preview:large","max-video-preview":"max-video-preview:-1"},"canonical":"https:\/\/www.academiauruguay.com\/pt-br\/montevideu-uruguai\/recommendations\/","schema":{"@context":"https:\/\/schema.org","@graph":[{"@type":"WebPage","@id":"https:\/\/www.academiauruguay.com\/pt-br\/montevideu-uruguai\/recommendations\/","url":"https:\/\/www.academiauruguay.com\/pt-br\/montevideu-uruguai\/recommendations\/","name":"Nossas recomenda\u00e7\u00f5es - Academia Uruguay","isPartOf":{"@id":"https:\/\/www.academiauruguay.com\/pt-br\/#website"},"datePublished":"2013-10-22T08:32:54+00:00","dateModified":"2014-07-07T14:40:49+00:00","breadcrumb":{"@id":"https:\/\/www.academiauruguay.com\/pt-br\/montevideu-uruguai\/recommendations\/#breadcrumb"},"inLanguage":"pt-BR","potentialAction":[{"@type":"ReadAction","target":["https:\/\/www.academiauruguay.com\/pt-br\/montevideu-uruguai\/recommendations\/"]}]},{"@type":"BreadcrumbList","@id":"https:\/\/www.academiauruguay.com\/pt-br\/montevideu-uruguai\/recommendations\/#breadcrumb","itemListElement":[{"@type":"ListItem","position":1,"name":"Home","item":"https:\/\/www.academiauruguay.com\/pt-br\/"},{"@type":"ListItem","position":2,"name":"Montevid\u00e9u &#038; Uruguai","item":"https:\/\/www.academiauruguay.com\/pt-br\/montevideu-uruguai\/"},{"@type":"ListItem","position":3,"name":"Nossas recomenda\u00e7\u00f5es"}]},{"@type":"WebSite","@id":"https:\/\/www.academiauruguay.com\/pt-br\/#website","url":"https:\/\/www.academiauruguay.com\/pt-br\/","name":"Academia Uruguay","description":"spanish courses","potentialAction":[{"@type":"SearchAction","target":{"@type":"EntryPoint","urlTemplate":"https:\/\/www.academiauruguay.com\/pt-br\/?s={search_term_string}"},"query-input":{"@type":"PropertyValueSpecification","valueRequired":true,"valueName":"search_term_string"}}],"inLanguage":"pt-BR"}]}},"_links":{"self":[{"href":"https:\/\/www.academiauruguay.com\/pt-br\/wp-json\/wp\/v2\/pages\/3866","targetHints":{"allow":["GET"]}}],"collection":[{"href":"https:\/\/www.academiauruguay.com\/pt-br\/wp-json\/wp\/v2\/pages"}],"about":[{"href":"https:\/\/www.academiauruguay.com\/pt-br\/wp-json\/wp\/v2\/types\/page"}],"author":[{"embeddable":true,"href":"https:\/\/www.academiauruguay.com\/pt-br\/wp-json\/wp\/v2\/users\/5"}],"replies":[{"embeddable":true,"href":"https:\/\/www.academiauruguay.com\/pt-br\/wp-json\/wp\/v2\/comments?post=3866"}],"version-history":[{"count":0,"href":"https:\/\/www.academiauruguay.com\/pt-br\/wp-json\/wp\/v2\/pages\/3866\/revisions"}],"up":[{"embeddable":true,"href":"https:\/\/www.academiauruguay.com\/pt-br\/wp-json\/wp\/v2\/pages\/3852"}],"wp:attachment":[{"href":"https:\/\/www.academiauruguay.com\/pt-br\/wp-json\/wp\/v2\/media?parent=3866"}],"curies":[{"name":"wp","href":"https:\/\/api.w.org\/{rel}","templated":true}]}}