
{"id":3858,"date":"2013-10-22T08:23:24","date_gmt":"2013-10-22T08:23:24","guid":{"rendered":"https:\/\/www.academiauruguay.com\/buenos-aires-argentina\/argentina\/long-distance-trips\/"},"modified":"2014-10-08T19:36:22","modified_gmt":"2014-10-08T21:36:22","slug":"viagens-de-longa-distancia","status":"publish","type":"page","link":"https:\/\/www.academiauruguay.com\/pt-br\/montevideu-uruguai\/descubrir-o-uruguai\/viagens-de-longa-distancia\/","title":{"rendered":"Viagens de longa dist\u00e2ncia"},"content":{"rendered":"\r\n<p>Estas s\u00e3o algumas recomenda\u00e7\u00f5es para passear fora do Uruguai, em destinos a poucas horas da nossa capital:<\/p>\r\n<p><strong>Cataratas do Igua\u00e7u<\/strong><\/p>\r\n<p>Localizada sobre o rio Igua\u00e7u, na conflu\u00eancia da prov\u00edncia argentina de Misiones e o estado brasileiro do Paran\u00e1, e contendo quase trezentas quedas, entre as quais se destaca a Garganta do Diabo, esta \u00e1rea protegida foi eleita como um das \u00b4\u00b4Sete maravilhas naturais do mundo&#8220;.<\/p>\r\n<p>A regi\u00e3o, n\u00facleo de uma das concentra\u00e7\u00f5es jesu\u00edticas mais importantes da conquista espanhola possui um grande trecho de passarelas para desfrutar as quedas em diferentes perspectivas, onde o choque da \u00e1gua com as rochas produz uma t\u00eanue, mas constante chuva e um ensurdecedor rugido que impacta a todos os visitantes. Tamb\u00e9m, recomendamos fazer um passeio com o Trem das Cataratas assim como visitar a ilha de San Mart\u00edn, de onde se pode apreciar vistas incr\u00edveis das gargantas e das quedas.<br \/>\u00c9 poss\u00edvel fazer passeios, a maioria em territ\u00f3rio argentino, em lancha pr\u00f3ximo \u00e0s quedas e caminhadas por senderos que atravessam a selva semi tropical, que se estende por mais de 67.000 hectares e onde podemos ver tucanos, macacos, quatis, macucos e jacus.<\/p>\r\n<p><a href=\"https:\/\/www.academiauruguay.com\/wp-content\/uploads\/sites\/3\/2013\/11\/iguazu-north-eastern-argentina.jpg\"><img loading=\"lazy\" decoding=\"async\" class=\"aligncenter size-full wp-image-3081\" src=\"https:\/\/www.academiauruguay.com\/wp-content\/uploads\/sites\/3\/2013\/11\/iguazu-north-eastern-argentina.jpg\" alt=\"iguazu-north-eastern-argentina\" width=\"940\" height=\"400\" data-id=\"3081\" srcset=\"https:\/\/www.academiauruguay.com\/wp-content\/uploads\/sites\/3\/2013\/11\/iguazu-north-eastern-argentina.jpg 940w, https:\/\/www.academiauruguay.com\/wp-content\/uploads\/sites\/3\/2013\/11\/iguazu-north-eastern-argentina-160x68.jpg 160w, https:\/\/www.academiauruguay.com\/wp-content\/uploads\/sites\/3\/2013\/11\/iguazu-north-eastern-argentina-338x143.jpg 338w\" sizes=\"auto, (max-width: 940px) 100vw, 940px\" \/><\/a><\/p>\r\n<p>&nbsp;<\/p>\r\n<p><strong>Buenos Aires<\/strong><\/p>\r\n<p>A intensa e sedutora cidade portenha, que se estende de norte a sul junto ao Rio de la Plata, possui uma rica identidade cultural onde a heran\u00e7a europeia se faz central. O Obelisco, Avenida 9 de Julio, as casas de tango e as lojas de antiguidades s\u00e3o seus postais inevit\u00e1veis.<\/p>\r\n<p>Existem muitos e importantes museus e galeria de arte na cidade que tem, tamb\u00e9m, uma pujante vida teatral. Um dos mais refinados teatros de \u00f3pera do mundo, o teatro Col\u00f3n, atrai alguns dos melhores artistas do mundo.<\/p>\r\n<p>Possui, ainda, bairros emblem\u00e1ticos como o bo\u00eamio San Telmo, que combina constru\u00e7\u00f5es de estilo colonial espanhol, detalhes tipicamente italianos e a eleg\u00e2ncia do art-nouveau franc\u00eas, ou la Boca e a sua import\u00e2ncia art\u00edstica plasmada nas cores vibrantes das casas em chapa.<\/p>\r\n","protected":false},"excerpt":{"rendered":"<p>Estas s\u00e3o algumas recomenda\u00e7\u00f5es para passear fora do Uruguai, em destinos a poucas horas da nossa capital: Cataratas do Igua\u00e7u Localizada sobre o rio Igua\u00e7u, na conflu\u00eancia da prov\u00edncia argentina de Misiones e o estado brasileiro do Paran\u00e1, e contendo quase trezentas quedas, entre as quais se destaca a Garganta do Diabo, esta \u00e1rea protegida [&hellip;]<\/p>\n","protected":false},"author":5,"featured_media":0,"parent":3853,"menu_order":11,"comment_status":"closed","ping_status":"closed","template":"discover-arg.php","meta":{"footnotes":""},"class_list":["post-3858","page","type-page","status-publish","hentry","entry"],"yoast_head":"<!-- This site is optimized with the Yoast SEO plugin v26.0 - https:\/\/yoast.com\/wordpress\/plugins\/seo\/ -->\n<title>Viagens de longa dist\u00e2ncia - Academia Uruguay<\/title>\n<meta name=\"robots\" content=\"index, follow, max-snippet:-1, max-image-preview:large, max-video-preview:-1\" \/>\n<link rel=\"canonical\" href=\"https:\/\/www.academiauruguay.com\/pt-br\/montevideu-uruguai\/descubrir-o-uruguai\/viagens-de-longa-distancia\/\" \/>\n<meta name=\"twitter:label1\" content=\"Est. reading time\" \/>\n\t<meta name=\"twitter:data1\" content=\"2 minutes\" \/>\n<script type=\"application\/ld+json\" class=\"yoast-schema-graph\">{\"@context\":\"https:\/\/schema.org\",\"@graph\":[{\"@type\":\"WebPage\",\"@id\":\"https:\/\/www.academiauruguay.com\/pt-br\/montevideu-uruguai\/descubrir-o-uruguai\/viagens-de-longa-distancia\/\",\"url\":\"https:\/\/www.academiauruguay.com\/pt-br\/montevideu-uruguai\/descubrir-o-uruguai\/viagens-de-longa-distancia\/\",\"name\":\"Viagens de longa dist\u00e2ncia - Academia Uruguay\",\"isPartOf\":{\"@id\":\"https:\/\/www.academiauruguay.com\/pt-br\/#website\"},\"primaryImageOfPage\":{\"@id\":\"https:\/\/www.academiauruguay.com\/pt-br\/montevideu-uruguai\/descubrir-o-uruguai\/viagens-de-longa-distancia\/#primaryimage\"},\"image\":{\"@id\":\"https:\/\/www.academiauruguay.com\/pt-br\/montevideu-uruguai\/descubrir-o-uruguai\/viagens-de-longa-distancia\/#primaryimage\"},\"thumbnailUrl\":\"https:\/\/www.academiauruguay.com\/wp-content\/uploads\/sites\/3\/2013\/11\/iguazu-north-eastern-argentina.jpg\",\"datePublished\":\"2013-10-22T08:23:24+00:00\",\"dateModified\":\"2014-10-08T21:36:22+00:00\",\"breadcrumb\":{\"@id\":\"https:\/\/www.academiauruguay.com\/pt-br\/montevideu-uruguai\/descubrir-o-uruguai\/viagens-de-longa-distancia\/#breadcrumb\"},\"inLanguage\":\"pt-BR\",\"potentialAction\":[{\"@type\":\"ReadAction\",\"target\":[\"https:\/\/www.academiauruguay.com\/pt-br\/montevideu-uruguai\/descubrir-o-uruguai\/viagens-de-longa-distancia\/\"]}]},{\"@type\":\"ImageObject\",\"inLanguage\":\"pt-BR\",\"@id\":\"https:\/\/www.academiauruguay.com\/pt-br\/montevideu-uruguai\/descubrir-o-uruguai\/viagens-de-longa-distancia\/#primaryimage\",\"url\":\"https:\/\/www.academiauruguay.com\/wp-content\/uploads\/sites\/3\/2013\/11\/iguazu-north-eastern-argentina.jpg\",\"contentUrl\":\"https:\/\/www.academiauruguay.com\/wp-content\/uploads\/sites\/3\/2013\/11\/iguazu-north-eastern-argentina.jpg\"},{\"@type\":\"BreadcrumbList\",\"@id\":\"https:\/\/www.academiauruguay.com\/pt-br\/montevideu-uruguai\/descubrir-o-uruguai\/viagens-de-longa-distancia\/#breadcrumb\",\"itemListElement\":[{\"@type\":\"ListItem\",\"position\":1,\"name\":\"Home\",\"item\":\"https:\/\/www.academiauruguay.com\/pt-br\/\"},{\"@type\":\"ListItem\",\"position\":2,\"name\":\"Montevid\u00e9u &#038; Uruguai\",\"item\":\"https:\/\/www.academiauruguay.com\/pt-br\/montevideu-uruguai\/\"},{\"@type\":\"ListItem\",\"position\":3,\"name\":\"Descobrir o Uruguai\",\"item\":\"https:\/\/www.academiauruguay.com\/pt-br\/montevideu-uruguai\/descubrir-o-uruguai\/\"},{\"@type\":\"ListItem\",\"position\":4,\"name\":\"Viagens de longa dist\u00e2ncia\"}]},{\"@type\":\"WebSite\",\"@id\":\"https:\/\/www.academiauruguay.com\/pt-br\/#website\",\"url\":\"https:\/\/www.academiauruguay.com\/pt-br\/\",\"name\":\"Academia Uruguay\",\"description\":\"spanish courses\",\"potentialAction\":[{\"@type\":\"SearchAction\",\"target\":{\"@type\":\"EntryPoint\",\"urlTemplate\":\"https:\/\/www.academiauruguay.com\/pt-br\/?s={search_term_string}\"},\"query-input\":{\"@type\":\"PropertyValueSpecification\",\"valueRequired\":true,\"valueName\":\"search_term_string\"}}],\"inLanguage\":\"pt-BR\"}]}<\/script>\n<!-- \/ Yoast SEO plugin. -->","yoast_head_json":{"title":"Viagens de longa dist\u00e2ncia - Academia Uruguay","robots":{"index":"index","follow":"follow","max-snippet":"max-snippet:-1","max-image-preview":"max-image-preview:large","max-video-preview":"max-video-preview:-1"},"canonical":"https:\/\/www.academiauruguay.com\/pt-br\/montevideu-uruguai\/descubrir-o-uruguai\/viagens-de-longa-distancia\/","twitter_misc":{"Est. reading time":"2 minutes"},"schema":{"@context":"https:\/\/schema.org","@graph":[{"@type":"WebPage","@id":"https:\/\/www.academiauruguay.com\/pt-br\/montevideu-uruguai\/descubrir-o-uruguai\/viagens-de-longa-distancia\/","url":"https:\/\/www.academiauruguay.com\/pt-br\/montevideu-uruguai\/descubrir-o-uruguai\/viagens-de-longa-distancia\/","name":"Viagens de longa dist\u00e2ncia - Academia Uruguay","isPartOf":{"@id":"https:\/\/www.academiauruguay.com\/pt-br\/#website"},"primaryImageOfPage":{"@id":"https:\/\/www.academiauruguay.com\/pt-br\/montevideu-uruguai\/descubrir-o-uruguai\/viagens-de-longa-distancia\/#primaryimage"},"image":{"@id":"https:\/\/www.academiauruguay.com\/pt-br\/montevideu-uruguai\/descubrir-o-uruguai\/viagens-de-longa-distancia\/#primaryimage"},"thumbnailUrl":"https:\/\/www.academiauruguay.com\/wp-content\/uploads\/sites\/3\/2013\/11\/iguazu-north-eastern-argentina.jpg","datePublished":"2013-10-22T08:23:24+00:00","dateModified":"2014-10-08T21:36:22+00:00","breadcrumb":{"@id":"https:\/\/www.academiauruguay.com\/pt-br\/montevideu-uruguai\/descubrir-o-uruguai\/viagens-de-longa-distancia\/#breadcrumb"},"inLanguage":"pt-BR","potentialAction":[{"@type":"ReadAction","target":["https:\/\/www.academiauruguay.com\/pt-br\/montevideu-uruguai\/descubrir-o-uruguai\/viagens-de-longa-distancia\/"]}]},{"@type":"ImageObject","inLanguage":"pt-BR","@id":"https:\/\/www.academiauruguay.com\/pt-br\/montevideu-uruguai\/descubrir-o-uruguai\/viagens-de-longa-distancia\/#primaryimage","url":"https:\/\/www.academiauruguay.com\/wp-content\/uploads\/sites\/3\/2013\/11\/iguazu-north-eastern-argentina.jpg","contentUrl":"https:\/\/www.academiauruguay.com\/wp-content\/uploads\/sites\/3\/2013\/11\/iguazu-north-eastern-argentina.jpg"},{"@type":"BreadcrumbList","@id":"https:\/\/www.academiauruguay.com\/pt-br\/montevideu-uruguai\/descubrir-o-uruguai\/viagens-de-longa-distancia\/#breadcrumb","itemListElement":[{"@type":"ListItem","position":1,"name":"Home","item":"https:\/\/www.academiauruguay.com\/pt-br\/"},{"@type":"ListItem","position":2,"name":"Montevid\u00e9u &#038; Uruguai","item":"https:\/\/www.academiauruguay.com\/pt-br\/montevideu-uruguai\/"},{"@type":"ListItem","position":3,"name":"Descobrir o Uruguai","item":"https:\/\/www.academiauruguay.com\/pt-br\/montevideu-uruguai\/descubrir-o-uruguai\/"},{"@type":"ListItem","position":4,"name":"Viagens de longa dist\u00e2ncia"}]},{"@type":"WebSite","@id":"https:\/\/www.academiauruguay.com\/pt-br\/#website","url":"https:\/\/www.academiauruguay.com\/pt-br\/","name":"Academia Uruguay","description":"spanish courses","potentialAction":[{"@type":"SearchAction","target":{"@type":"EntryPoint","urlTemplate":"https:\/\/www.academiauruguay.com\/pt-br\/?s={search_term_string}"},"query-input":{"@type":"PropertyValueSpecification","valueRequired":true,"valueName":"search_term_string"}}],"inLanguage":"pt-BR"}]}},"_links":{"self":[{"href":"https:\/\/www.academiauruguay.com\/pt-br\/wp-json\/wp\/v2\/pages\/3858","targetHints":{"allow":["GET"]}}],"collection":[{"href":"https:\/\/www.academiauruguay.com\/pt-br\/wp-json\/wp\/v2\/pages"}],"about":[{"href":"https:\/\/www.academiauruguay.com\/pt-br\/wp-json\/wp\/v2\/types\/page"}],"author":[{"embeddable":true,"href":"https:\/\/www.academiauruguay.com\/pt-br\/wp-json\/wp\/v2\/users\/5"}],"replies":[{"embeddable":true,"href":"https:\/\/www.academiauruguay.com\/pt-br\/wp-json\/wp\/v2\/comments?post=3858"}],"version-history":[{"count":0,"href":"https:\/\/www.academiauruguay.com\/pt-br\/wp-json\/wp\/v2\/pages\/3858\/revisions"}],"up":[{"embeddable":true,"href":"https:\/\/www.academiauruguay.com\/pt-br\/wp-json\/wp\/v2\/pages\/3853"}],"wp:attachment":[{"href":"https:\/\/www.academiauruguay.com\/pt-br\/wp-json\/wp\/v2\/media?parent=3858"}],"curies":[{"name":"wp","href":"https:\/\/api.w.org\/{rel}","templated":true}]}}