
{"id":840,"date":"2013-06-17T19:02:43","date_gmt":"2013-06-17T19:02:43","guid":{"rendered":"https:\/\/www.academiauruguay.com\/?page_id=840"},"modified":"2014-10-15T17:55:21","modified_gmt":"2014-10-15T19:55:21","slug":"les-niveaux-de-langue","status":"publish","type":"page","link":"https:\/\/www.academiauruguay.com\/fr\/cours-et-tarifs\/les-niveaux-de-langue\/","title":{"rendered":"Les niveaux de langue"},"content":{"rendered":"\r\n<p>Ouverte et flexible, notre approche d\u2019apprentissage de l\u2019espagnol est adapt\u00e9e \u00e0 vos souhaits, votre disponibilit\u00e9 et vos objectifs. Notre syst\u00e8me \u00e9ducatif a \u00e9t\u00e9 d\u00e9velopp\u00e9 afin d\u2019amener nos \u00e9tudiants \u00e0 parler l\u2019espagnol avec confiance et \u00e0 s\u2019en servir dans des situations de la vie r\u00e9elle.<\/p>\r\n<p>Academia Uruguay vous offre 9 niveaux diff\u00e9rents (de \u00ab D\u00e9butant \u00bb \u00e0 \u00ab Tr\u00e8s Avanc\u00e9 \u00bb) pour r\u00e9pondre \u00e0 vos int\u00e9r\u00eats particuliers et pour vous rendre plus performant. Chaque niveau a ses propres objectifs communicationnels, grammaticaux et pragmatiques. A tous les niveaux, les professeurs cr\u00e9ent et utilisent une grande vari\u00e9t\u00e9 de situations d\u2019apprentissage. Gr\u00e2ce notamment \u00e0 du mat\u00e9riel audio et vid\u00e9o, ils exercent la compr\u00e9hension et la communication orales ainsi que la compr\u00e9hension et la communication \u00e9crites. A chaque niveau, les \u00e9tudiants sont inform\u00e9s de la vie sociale, culturelle et politique de l&rsquo;Uruguay\u00a0ainsi que de son histoire et celle du monde latino-am\u00e9ricaine.<\/p>\r\n<p>Quand nos \u00e9tudiants arrivent \u00e0 Montevideo, notre coordinatrice acad\u00e9mique d\u00e9termine leur niveau de connaissance de l\u2019espagnol sous forme d\u2019un petit test. En fonction du r\u00e9sultat de ce test et des besoins de l\u2019\u00e9tudiant, son programme d\u2019\u00e9tudes est d\u00e9fini. Vous pouvez alors choisir soit un <a title=\"cours intensif d\u2019espagnol\" href=\"https:\/\/www.academiauruguay.com\/fr\/courses\/cours-intensif-despagnol\/\" target=\"_blank\">cours de groupe<\/a> soit un <a title=\"cours d'espagnol individuels\" href=\"https:\/\/www.academiauruguay.com\/fr\/courses\/cours-individuels\/\" target=\"_blank\">cours individuel<\/a> de dur\u00e9e variable, ou si pr\u00e9f\u00e9rez, combiner les deux. Pour avoir une premi\u00e8re id\u00e9e de votre niveau, vous pouvez prendre notre <a title=\"Online Spanish test\" href=\"https:\/\/www.academiauruguay.com\/test_autoevaluacion\/\" target=\"_blank\">test<\/a>.<\/p>\r\n","protected":false},"excerpt":{"rendered":"<p>Ouverte et flexible, notre approche d\u2019apprentissage de l\u2019espagnol est adapt\u00e9e \u00e0 vos souhaits, votre disponibilit\u00e9 et vos objectifs. Notre syst\u00e8me \u00e9ducatif a \u00e9t\u00e9 d\u00e9velopp\u00e9 afin d\u2019amener nos \u00e9tudiants \u00e0 parler l\u2019espagnol avec confiance et \u00e0 s\u2019en servir dans des situations de la vie r\u00e9elle. Academia Uruguay vous offre 9 niveaux diff\u00e9rents (de \u00ab D\u00e9butant \u00bb [&hellip;]<\/p>\n","protected":false},"author":5,"featured_media":0,"parent":839,"menu_order":0,"comment_status":"closed","ping_status":"closed","template":"","meta":{"footnotes":""},"class_list":["post-840","page","type-page","status-publish","hentry","entry"],"yoast_head":"<!-- This site is optimized with the Yoast SEO plugin v26.0 - https:\/\/yoast.com\/wordpress\/plugins\/seo\/ -->\n<title>Les niveaux de langue - Academia Uruguay<\/title>\n<meta name=\"description\" content=\"Academia Uruguay vous offre 9 niveaux diff\u00e9rents (de \u00ab D\u00e9butant \u00bb \u00e0 \u00ab Tr\u00e8s Avanc\u00e9 \u00bb) pour r\u00e9pondre \u00e0 vos int\u00e9r\u00eats particuliers et pour vous rendre plus ...\" \/>\n<meta name=\"robots\" content=\"index, follow, max-snippet:-1, max-image-preview:large, max-video-preview:-1\" \/>\n<link rel=\"canonical\" href=\"https:\/\/www.academiauruguay.com\/fr\/cours-et-tarifs\/les-niveaux-de-langue\/\" \/>\n<meta name=\"twitter:label1\" content=\"Est. reading time\" \/>\n\t<meta name=\"twitter:data1\" content=\"1 minute\" \/>\n<script type=\"application\/ld+json\" class=\"yoast-schema-graph\">{\"@context\":\"https:\/\/schema.org\",\"@graph\":[{\"@type\":\"WebPage\",\"@id\":\"https:\/\/www.academiauruguay.com\/fr\/cours-et-tarifs\/les-niveaux-de-langue\/\",\"url\":\"https:\/\/www.academiauruguay.com\/fr\/cours-et-tarifs\/les-niveaux-de-langue\/\",\"name\":\"Les niveaux de langue - Academia Uruguay\",\"isPartOf\":{\"@id\":\"https:\/\/www.academiauruguay.com\/fr\/#website\"},\"datePublished\":\"2013-06-17T19:02:43+00:00\",\"dateModified\":\"2014-10-15T19:55:21+00:00\",\"description\":\"Academia Uruguay vous offre 9 niveaux diff\u00e9rents (de \u00ab D\u00e9butant \u00bb \u00e0 \u00ab Tr\u00e8s Avanc\u00e9 \u00bb) pour r\u00e9pondre \u00e0 vos int\u00e9r\u00eats particuliers et pour vous rendre plus ...\",\"breadcrumb\":{\"@id\":\"https:\/\/www.academiauruguay.com\/fr\/cours-et-tarifs\/les-niveaux-de-langue\/#breadcrumb\"},\"inLanguage\":\"fr-FR\",\"potentialAction\":[{\"@type\":\"ReadAction\",\"target\":[\"https:\/\/www.academiauruguay.com\/fr\/cours-et-tarifs\/les-niveaux-de-langue\/\"]}]},{\"@type\":\"BreadcrumbList\",\"@id\":\"https:\/\/www.academiauruguay.com\/fr\/cours-et-tarifs\/les-niveaux-de-langue\/#breadcrumb\",\"itemListElement\":[{\"@type\":\"ListItem\",\"position\":1,\"name\":\"Home\",\"item\":\"https:\/\/www.academiauruguay.com\/fr\/\"},{\"@type\":\"ListItem\",\"position\":2,\"name\":\"Cours et tarifs\",\"item\":\"https:\/\/www.academiauruguay.com\/fr\/cours-et-tarifs\/\"},{\"@type\":\"ListItem\",\"position\":3,\"name\":\"Les niveaux de langue\"}]},{\"@type\":\"WebSite\",\"@id\":\"https:\/\/www.academiauruguay.com\/fr\/#website\",\"url\":\"https:\/\/www.academiauruguay.com\/fr\/\",\"name\":\"Academia Uruguay\",\"description\":\"spanish courses\",\"potentialAction\":[{\"@type\":\"SearchAction\",\"target\":{\"@type\":\"EntryPoint\",\"urlTemplate\":\"https:\/\/www.academiauruguay.com\/fr\/?s={search_term_string}\"},\"query-input\":{\"@type\":\"PropertyValueSpecification\",\"valueRequired\":true,\"valueName\":\"search_term_string\"}}],\"inLanguage\":\"fr-FR\"}]}<\/script>\n<!-- \/ Yoast SEO plugin. -->","yoast_head_json":{"title":"Les niveaux de langue - Academia Uruguay","description":"Academia Uruguay vous offre 9 niveaux diff\u00e9rents (de \u00ab D\u00e9butant \u00bb \u00e0 \u00ab Tr\u00e8s Avanc\u00e9 \u00bb) pour r\u00e9pondre \u00e0 vos int\u00e9r\u00eats particuliers et pour vous rendre plus ...","robots":{"index":"index","follow":"follow","max-snippet":"max-snippet:-1","max-image-preview":"max-image-preview:large","max-video-preview":"max-video-preview:-1"},"canonical":"https:\/\/www.academiauruguay.com\/fr\/cours-et-tarifs\/les-niveaux-de-langue\/","twitter_misc":{"Est. reading time":"1 minute"},"schema":{"@context":"https:\/\/schema.org","@graph":[{"@type":"WebPage","@id":"https:\/\/www.academiauruguay.com\/fr\/cours-et-tarifs\/les-niveaux-de-langue\/","url":"https:\/\/www.academiauruguay.com\/fr\/cours-et-tarifs\/les-niveaux-de-langue\/","name":"Les niveaux de langue - Academia Uruguay","isPartOf":{"@id":"https:\/\/www.academiauruguay.com\/fr\/#website"},"datePublished":"2013-06-17T19:02:43+00:00","dateModified":"2014-10-15T19:55:21+00:00","description":"Academia Uruguay vous offre 9 niveaux diff\u00e9rents (de \u00ab D\u00e9butant \u00bb \u00e0 \u00ab Tr\u00e8s Avanc\u00e9 \u00bb) pour r\u00e9pondre \u00e0 vos int\u00e9r\u00eats particuliers et pour vous rendre plus ...","breadcrumb":{"@id":"https:\/\/www.academiauruguay.com\/fr\/cours-et-tarifs\/les-niveaux-de-langue\/#breadcrumb"},"inLanguage":"fr-FR","potentialAction":[{"@type":"ReadAction","target":["https:\/\/www.academiauruguay.com\/fr\/cours-et-tarifs\/les-niveaux-de-langue\/"]}]},{"@type":"BreadcrumbList","@id":"https:\/\/www.academiauruguay.com\/fr\/cours-et-tarifs\/les-niveaux-de-langue\/#breadcrumb","itemListElement":[{"@type":"ListItem","position":1,"name":"Home","item":"https:\/\/www.academiauruguay.com\/fr\/"},{"@type":"ListItem","position":2,"name":"Cours et tarifs","item":"https:\/\/www.academiauruguay.com\/fr\/cours-et-tarifs\/"},{"@type":"ListItem","position":3,"name":"Les niveaux de langue"}]},{"@type":"WebSite","@id":"https:\/\/www.academiauruguay.com\/fr\/#website","url":"https:\/\/www.academiauruguay.com\/fr\/","name":"Academia Uruguay","description":"spanish courses","potentialAction":[{"@type":"SearchAction","target":{"@type":"EntryPoint","urlTemplate":"https:\/\/www.academiauruguay.com\/fr\/?s={search_term_string}"},"query-input":{"@type":"PropertyValueSpecification","valueRequired":true,"valueName":"search_term_string"}}],"inLanguage":"fr-FR"}]}},"_links":{"self":[{"href":"https:\/\/www.academiauruguay.com\/fr\/wp-json\/wp\/v2\/pages\/840","targetHints":{"allow":["GET"]}}],"collection":[{"href":"https:\/\/www.academiauruguay.com\/fr\/wp-json\/wp\/v2\/pages"}],"about":[{"href":"https:\/\/www.academiauruguay.com\/fr\/wp-json\/wp\/v2\/types\/page"}],"author":[{"embeddable":true,"href":"https:\/\/www.academiauruguay.com\/fr\/wp-json\/wp\/v2\/users\/5"}],"replies":[{"embeddable":true,"href":"https:\/\/www.academiauruguay.com\/fr\/wp-json\/wp\/v2\/comments?post=840"}],"version-history":[{"count":0,"href":"https:\/\/www.academiauruguay.com\/fr\/wp-json\/wp\/v2\/pages\/840\/revisions"}],"up":[{"embeddable":true,"href":"https:\/\/www.academiauruguay.com\/fr\/wp-json\/wp\/v2\/pages\/839"}],"wp:attachment":[{"href":"https:\/\/www.academiauruguay.com\/fr\/wp-json\/wp\/v2\/media?parent=840"}],"curies":[{"name":"wp","href":"https:\/\/api.w.org\/{rel}","templated":true}]}}