
{"id":3683,"date":"2014-03-05T01:06:09","date_gmt":"2014-03-05T04:06:09","guid":{"rendered":"https:\/\/www.academiauruguay.com\/?page_id=3683"},"modified":"2014-03-05T01:06:09","modified_gmt":"2014-03-05T04:06:09","slug":"votre-message-deja-ete-envoye","status":"publish","type":"page","link":"https:\/\/www.academiauruguay.com\/fr\/votre-message-deja-ete-envoye\/","title":{"rendered":"Votre message a deja \u00e9t\u00e9 envoy\u00e9."},"content":{"rendered":"\r\n<p>Nous vous contacterons tr\u00e8s bient\u00f4t!<\/p>\r\n","protected":false},"excerpt":{"rendered":"<p>Nous vous contacterons tr\u00e8s bient\u00f4t!<\/p>\n","protected":false},"author":5,"featured_media":0,"parent":0,"menu_order":8,"comment_status":"closed","ping_status":"closed","template":"","meta":{"footnotes":""},"class_list":["post-3683","page","type-page","status-publish","hentry","entry"],"yoast_head":"<!-- This site is optimized with the Yoast SEO plugin v26.0 - https:\/\/yoast.com\/wordpress\/plugins\/seo\/ -->\n<title>Votre message a deja \u00e9t\u00e9 envoy\u00e9. - Academia Uruguay<\/title>\n<meta name=\"robots\" content=\"index, follow, max-snippet:-1, max-image-preview:large, max-video-preview:-1\" \/>\n<link rel=\"canonical\" href=\"https:\/\/www.academiauruguay.com\/fr\/votre-message-deja-ete-envoye\/\" \/>\n<script type=\"application\/ld+json\" class=\"yoast-schema-graph\">{\"@context\":\"https:\/\/schema.org\",\"@graph\":[{\"@type\":\"WebPage\",\"@id\":\"https:\/\/www.academiauruguay.com\/fr\/votre-message-deja-ete-envoye\/\",\"url\":\"https:\/\/www.academiauruguay.com\/fr\/votre-message-deja-ete-envoye\/\",\"name\":\"Votre message a deja \u00e9t\u00e9 envoy\u00e9. - Academia Uruguay\",\"isPartOf\":{\"@id\":\"https:\/\/www.academiauruguay.com\/fr\/#website\"},\"datePublished\":\"2014-03-05T04:06:09+00:00\",\"breadcrumb\":{\"@id\":\"https:\/\/www.academiauruguay.com\/fr\/votre-message-deja-ete-envoye\/#breadcrumb\"},\"inLanguage\":\"fr-FR\",\"potentialAction\":[{\"@type\":\"ReadAction\",\"target\":[\"https:\/\/www.academiauruguay.com\/fr\/votre-message-deja-ete-envoye\/\"]}]},{\"@type\":\"BreadcrumbList\",\"@id\":\"https:\/\/www.academiauruguay.com\/fr\/votre-message-deja-ete-envoye\/#breadcrumb\",\"itemListElement\":[{\"@type\":\"ListItem\",\"position\":1,\"name\":\"Home\",\"item\":\"https:\/\/www.academiauruguay.com\/fr\/\"},{\"@type\":\"ListItem\",\"position\":2,\"name\":\"Votre message a deja \u00e9t\u00e9 envoy\u00e9.\"}]},{\"@type\":\"WebSite\",\"@id\":\"https:\/\/www.academiauruguay.com\/fr\/#website\",\"url\":\"https:\/\/www.academiauruguay.com\/fr\/\",\"name\":\"Academia Uruguay\",\"description\":\"spanish courses\",\"potentialAction\":[{\"@type\":\"SearchAction\",\"target\":{\"@type\":\"EntryPoint\",\"urlTemplate\":\"https:\/\/www.academiauruguay.com\/fr\/?s={search_term_string}\"},\"query-input\":{\"@type\":\"PropertyValueSpecification\",\"valueRequired\":true,\"valueName\":\"search_term_string\"}}],\"inLanguage\":\"fr-FR\"}]}<\/script>\n<!-- \/ Yoast SEO plugin. -->","yoast_head_json":{"title":"Votre message a deja \u00e9t\u00e9 envoy\u00e9. - Academia Uruguay","robots":{"index":"index","follow":"follow","max-snippet":"max-snippet:-1","max-image-preview":"max-image-preview:large","max-video-preview":"max-video-preview:-1"},"canonical":"https:\/\/www.academiauruguay.com\/fr\/votre-message-deja-ete-envoye\/","schema":{"@context":"https:\/\/schema.org","@graph":[{"@type":"WebPage","@id":"https:\/\/www.academiauruguay.com\/fr\/votre-message-deja-ete-envoye\/","url":"https:\/\/www.academiauruguay.com\/fr\/votre-message-deja-ete-envoye\/","name":"Votre message a deja \u00e9t\u00e9 envoy\u00e9. - Academia Uruguay","isPartOf":{"@id":"https:\/\/www.academiauruguay.com\/fr\/#website"},"datePublished":"2014-03-05T04:06:09+00:00","breadcrumb":{"@id":"https:\/\/www.academiauruguay.com\/fr\/votre-message-deja-ete-envoye\/#breadcrumb"},"inLanguage":"fr-FR","potentialAction":[{"@type":"ReadAction","target":["https:\/\/www.academiauruguay.com\/fr\/votre-message-deja-ete-envoye\/"]}]},{"@type":"BreadcrumbList","@id":"https:\/\/www.academiauruguay.com\/fr\/votre-message-deja-ete-envoye\/#breadcrumb","itemListElement":[{"@type":"ListItem","position":1,"name":"Home","item":"https:\/\/www.academiauruguay.com\/fr\/"},{"@type":"ListItem","position":2,"name":"Votre message a deja \u00e9t\u00e9 envoy\u00e9."}]},{"@type":"WebSite","@id":"https:\/\/www.academiauruguay.com\/fr\/#website","url":"https:\/\/www.academiauruguay.com\/fr\/","name":"Academia Uruguay","description":"spanish courses","potentialAction":[{"@type":"SearchAction","target":{"@type":"EntryPoint","urlTemplate":"https:\/\/www.academiauruguay.com\/fr\/?s={search_term_string}"},"query-input":{"@type":"PropertyValueSpecification","valueRequired":true,"valueName":"search_term_string"}}],"inLanguage":"fr-FR"}]}},"_links":{"self":[{"href":"https:\/\/www.academiauruguay.com\/fr\/wp-json\/wp\/v2\/pages\/3683","targetHints":{"allow":["GET"]}}],"collection":[{"href":"https:\/\/www.academiauruguay.com\/fr\/wp-json\/wp\/v2\/pages"}],"about":[{"href":"https:\/\/www.academiauruguay.com\/fr\/wp-json\/wp\/v2\/types\/page"}],"author":[{"embeddable":true,"href":"https:\/\/www.academiauruguay.com\/fr\/wp-json\/wp\/v2\/users\/5"}],"replies":[{"embeddable":true,"href":"https:\/\/www.academiauruguay.com\/fr\/wp-json\/wp\/v2\/comments?post=3683"}],"version-history":[{"count":0,"href":"https:\/\/www.academiauruguay.com\/fr\/wp-json\/wp\/v2\/pages\/3683\/revisions"}],"wp:attachment":[{"href":"https:\/\/www.academiauruguay.com\/fr\/wp-json\/wp\/v2\/media?parent=3683"}],"curies":[{"name":"wp","href":"https:\/\/api.w.org\/{rel}","templated":true}]}}