
{"id":3680,"date":"2014-03-05T00:59:04","date_gmt":"2014-03-05T03:59:04","guid":{"rendered":"https:\/\/www.academiauruguay.com\/?page_id=3680"},"modified":"2016-03-21T13:05:00","modified_gmt":"2016-03-21T16:05:00","slug":"utile","status":"publish","type":"page","link":"https:\/\/www.academiauruguay.com\/fr\/utile\/","title":{"rendered":"Utile"},"content":{"rendered":"\r\n<p><strong>Transfert de l\u2019a\u00e9roport<\/strong><\/p>\r\n<p>Il y a de tr\u00e8s bonnes chances que vous allez arriver \u00e0 l\u2019a\u00e9roport Carrasco (c\u2019est le seul grand a\u00e9roport \u00e0 Montevideo m\u00eame). Pour vous faciliter l\u2019arriv\u00e9e, on vous propose la r\u00e9servation d\u2019un service de transfert. Un chauffeur vous accueille avec un panneau avec votre nom \u00e9crit dessus et vous am\u00e8ne directement \u00e0 votre logement. Vous ne payez pas au conducteur sinon par avance ou le premier jour de l\u2019\u00e9cole.<\/p>\r\n<p><strong>Comment payer en ligne?<\/strong><\/p>\r\n<p><a href=\"http:\/\/goo.gl\/RPyMTb\" target=\"_blank\">http:\/\/goo.gl\/RPyMTb<\/a><\/p>\r\n<p><strong>Etudier Espagnol dans d\u2019autres villes<\/strong><\/p>\r\n<p>On vous aidera avec plaisir si vous souhaitez continuer a \u00e9tudier l\u2019Espagnol a Bariloche ou a Buenos Aires ou encore \u00e9tudier dans des \u00e9coles de la r\u00e9gion.<\/p>\r\n<p><span style=\"text-decoration: underline;\">Ecoles sous notre gestion:<\/span><\/p>\r\n<p>Bariloche, Argentine: <a title=\"Academia Bariloche Spanish courses in Argentina\" href=\"http:\/\/www.academiabariloche.com\" target=\"_blank\">www.academiabariloche.com<\/a><br \/>Montevideo, Uruguay: <a title=\"Academia Uruguay Spanish courses in Montevideo\" href=\"http:\/\/www.academiauruguay.com\" target=\"_blank\">www.academiauruguay.com<\/a><\/p>\r\n<p><span style=\"text-decoration: underline;\">Ecoles de notre r\u00e9seau d\u2019\u00e9coles amies:<\/span><\/p>\r\n<p>Santiago, Chile: \u00a0<a title=\"Tandem Santiago spanish school\" href=\"http:\/\/www.tandemsantiago.cl\" target=\"_blank\">www.tandemsantiago.cl<\/a><br \/>Cordoba, Argentine: <a title=\"SET Cordoba spanish courses\" href=\"http:\/\/www.learningspanish.com.ar\" target=\"_blank\">www.learningspanish.com.ar<\/a><br \/>Mendoza, Argentine: <a title=\"Intercultural Mendoza Spanish courses\" href=\"http:\/\/www.intercultural.com.ar\" target=\"_blank\">www.intercultural.com.ar<\/a><\/p>\r\n<p><strong>Sant\u00e9<\/strong><\/p>\r\n<p>Hospital Brit\u00e1nico: <a href=\"http:\/\/www.hospitalbritanico.com.uy\/\">http:\/\/www.hospitalbritanico.com.uy\/<\/a><\/p>\r\n<p><strong>Tourisme responsable<\/strong><\/p>\r\n<p>Academia Uruguay est membre d\u2019un r\u00e9seau international \u201cRed de Turismo responsible\u201d qui \u00e9tablit des indicateurs pour un tourisme plus durable. Pour plus de renseignements\u00a0: <a href=\"http:\/\/rtrglobal.org\/\">http:\/\/rtrglobal.org\/<\/a><\/p>\r\n<p><strong>Guides de voyage<\/strong><\/p>\r\n<p>Footprint<strong>: <\/strong><a href=\"http:\/\/www.footprinttravelguides.com\/latin-america\/uruguay\/\">http:\/\/www.footprinttravelguides.com\/latin-america\/uruguay\/<\/a><strong><br \/> <\/strong>Lonely Planet<strong>: <\/strong><a href=\"http:\/\/www.lonelyplanet.com\">www.lonelyplanet.com<\/a><\/p>\r\n<p><strong>Agences de voyages<\/strong><\/p>\r\n<p>Il y a beaucoup d\u2019agences de types diff\u00e9rents a Montevideo. Venez donc nous voir pour qu\u2019on puisse vous orienter et vous mettre en contact avec la personne indiqu\u00e9.<\/p>\r\n<p><strong>Etre au courant des nouvelles<\/strong><\/p>\r\n<p><a href=\"http:\/\/www.montevideo.com.uy\/index.html\">http:\/\/www.montevideo.com.uy\/index.html<\/a><\/p>\r\n<p><a href=\"http:\/\/www.elpais.com.uy\/\">http:\/\/www.elpais.com.uy\/<\/a><\/p>\r\n<p><a href=\"http:\/\/www.lr21.com.uy\/\">http:\/\/www.lr21.com.uy\/<\/a><\/p>\r\n<p><strong>Que faire a Montevideo?<\/strong><\/p>\r\n<p><a href=\"http:\/\/www.descubrimontevideo.uy\/es\/\">http:\/\/www.descubrimontevideo.uy\/es\/<\/a><\/p>\r\n","protected":false},"excerpt":{"rendered":"<p>Transfert de l\u2019a\u00e9roport Il y a de tr\u00e8s bonnes chances que vous allez arriver \u00e0 l\u2019a\u00e9roport Carrasco (c\u2019est le seul grand a\u00e9roport \u00e0 Montevideo m\u00eame). Pour vous faciliter l\u2019arriv\u00e9e, on vous propose la r\u00e9servation d\u2019un service de transfert. Un chauffeur vous accueille avec un panneau avec votre nom \u00e9crit dessus et vous am\u00e8ne directement \u00e0 [&hellip;]<\/p>\n","protected":false},"author":5,"featured_media":0,"parent":0,"menu_order":38,"comment_status":"closed","ping_status":"closed","template":"","meta":{"footnotes":""},"class_list":["post-3680","page","type-page","status-publish","hentry","entry"],"yoast_head":"<!-- This site is optimized with the Yoast SEO plugin v26.0 - https:\/\/yoast.com\/wordpress\/plugins\/seo\/ -->\n<title>Utile - Academia Uruguay<\/title>\n<meta name=\"robots\" content=\"index, follow, max-snippet:-1, max-image-preview:large, max-video-preview:-1\" \/>\n<link rel=\"canonical\" href=\"https:\/\/www.academiauruguay.com\/fr\/utile\/\" \/>\n<meta name=\"twitter:label1\" content=\"Est. reading time\" \/>\n\t<meta name=\"twitter:data1\" content=\"1 minute\" \/>\n<script type=\"application\/ld+json\" class=\"yoast-schema-graph\">{\"@context\":\"https:\/\/schema.org\",\"@graph\":[{\"@type\":\"WebPage\",\"@id\":\"https:\/\/www.academiauruguay.com\/fr\/utile\/\",\"url\":\"https:\/\/www.academiauruguay.com\/fr\/utile\/\",\"name\":\"Utile - Academia Uruguay\",\"isPartOf\":{\"@id\":\"https:\/\/www.academiauruguay.com\/fr\/#website\"},\"datePublished\":\"2014-03-05T03:59:04+00:00\",\"dateModified\":\"2016-03-21T16:05:00+00:00\",\"breadcrumb\":{\"@id\":\"https:\/\/www.academiauruguay.com\/fr\/utile\/#breadcrumb\"},\"inLanguage\":\"fr-FR\",\"potentialAction\":[{\"@type\":\"ReadAction\",\"target\":[\"https:\/\/www.academiauruguay.com\/fr\/utile\/\"]}]},{\"@type\":\"BreadcrumbList\",\"@id\":\"https:\/\/www.academiauruguay.com\/fr\/utile\/#breadcrumb\",\"itemListElement\":[{\"@type\":\"ListItem\",\"position\":1,\"name\":\"Home\",\"item\":\"https:\/\/www.academiauruguay.com\/fr\/\"},{\"@type\":\"ListItem\",\"position\":2,\"name\":\"Utile\"}]},{\"@type\":\"WebSite\",\"@id\":\"https:\/\/www.academiauruguay.com\/fr\/#website\",\"url\":\"https:\/\/www.academiauruguay.com\/fr\/\",\"name\":\"Academia Uruguay\",\"description\":\"spanish courses\",\"potentialAction\":[{\"@type\":\"SearchAction\",\"target\":{\"@type\":\"EntryPoint\",\"urlTemplate\":\"https:\/\/www.academiauruguay.com\/fr\/?s={search_term_string}\"},\"query-input\":{\"@type\":\"PropertyValueSpecification\",\"valueRequired\":true,\"valueName\":\"search_term_string\"}}],\"inLanguage\":\"fr-FR\"}]}<\/script>\n<!-- \/ Yoast SEO plugin. -->","yoast_head_json":{"title":"Utile - Academia Uruguay","robots":{"index":"index","follow":"follow","max-snippet":"max-snippet:-1","max-image-preview":"max-image-preview:large","max-video-preview":"max-video-preview:-1"},"canonical":"https:\/\/www.academiauruguay.com\/fr\/utile\/","twitter_misc":{"Est. reading time":"1 minute"},"schema":{"@context":"https:\/\/schema.org","@graph":[{"@type":"WebPage","@id":"https:\/\/www.academiauruguay.com\/fr\/utile\/","url":"https:\/\/www.academiauruguay.com\/fr\/utile\/","name":"Utile - Academia Uruguay","isPartOf":{"@id":"https:\/\/www.academiauruguay.com\/fr\/#website"},"datePublished":"2014-03-05T03:59:04+00:00","dateModified":"2016-03-21T16:05:00+00:00","breadcrumb":{"@id":"https:\/\/www.academiauruguay.com\/fr\/utile\/#breadcrumb"},"inLanguage":"fr-FR","potentialAction":[{"@type":"ReadAction","target":["https:\/\/www.academiauruguay.com\/fr\/utile\/"]}]},{"@type":"BreadcrumbList","@id":"https:\/\/www.academiauruguay.com\/fr\/utile\/#breadcrumb","itemListElement":[{"@type":"ListItem","position":1,"name":"Home","item":"https:\/\/www.academiauruguay.com\/fr\/"},{"@type":"ListItem","position":2,"name":"Utile"}]},{"@type":"WebSite","@id":"https:\/\/www.academiauruguay.com\/fr\/#website","url":"https:\/\/www.academiauruguay.com\/fr\/","name":"Academia Uruguay","description":"spanish courses","potentialAction":[{"@type":"SearchAction","target":{"@type":"EntryPoint","urlTemplate":"https:\/\/www.academiauruguay.com\/fr\/?s={search_term_string}"},"query-input":{"@type":"PropertyValueSpecification","valueRequired":true,"valueName":"search_term_string"}}],"inLanguage":"fr-FR"}]}},"_links":{"self":[{"href":"https:\/\/www.academiauruguay.com\/fr\/wp-json\/wp\/v2\/pages\/3680","targetHints":{"allow":["GET"]}}],"collection":[{"href":"https:\/\/www.academiauruguay.com\/fr\/wp-json\/wp\/v2\/pages"}],"about":[{"href":"https:\/\/www.academiauruguay.com\/fr\/wp-json\/wp\/v2\/types\/page"}],"author":[{"embeddable":true,"href":"https:\/\/www.academiauruguay.com\/fr\/wp-json\/wp\/v2\/users\/5"}],"replies":[{"embeddable":true,"href":"https:\/\/www.academiauruguay.com\/fr\/wp-json\/wp\/v2\/comments?post=3680"}],"version-history":[{"count":0,"href":"https:\/\/www.academiauruguay.com\/fr\/wp-json\/wp\/v2\/pages\/3680\/revisions"}],"wp:attachment":[{"href":"https:\/\/www.academiauruguay.com\/fr\/wp-json\/wp\/v2\/media?parent=3680"}],"curies":[{"name":"wp","href":"https:\/\/api.w.org\/{rel}","templated":true}]}}