
{"id":3068,"date":"2013-11-10T23:23:38","date_gmt":"2013-11-10T23:23:38","guid":{"rendered":"https:\/\/www.academiauruguay.com\/?page_id=3068"},"modified":"2014-11-30T19:01:25","modified_gmt":"2014-11-30T21:01:25","slug":"regarder","status":"publish","type":"page","link":"https:\/\/www.academiauruguay.com\/fr\/montevideo-uruguay\/nos-recommandations\/regarder\/","title":{"rendered":"&#8230; \u00c0 regarder"},"content":{"rendered":"\r\n<p><a href=\"https:\/\/www.academiauruguay.com\/wp-content\/uploads\/sites\/3\/2014\/10\/25watts-uruguay.jpg\"><img loading=\"lazy\" decoding=\"async\" class=\"alignright size-full wp-image-6830\" src=\"https:\/\/www.academiauruguay.com\/wp-content\/uploads\/sites\/3\/2014\/10\/25watts-uruguay.jpg\" alt=\"25watts-uruguay\" width=\"300\" height=\"571\" data-id=\"6830\" srcset=\"https:\/\/www.academiauruguay.com\/wp-content\/uploads\/sites\/3\/2014\/10\/25watts-uruguay.jpg 300w, https:\/\/www.academiauruguay.com\/wp-content\/uploads\/sites\/3\/2014\/10\/25watts-uruguay-84x160.jpg 84w, https:\/\/www.academiauruguay.com\/wp-content\/uploads\/sites\/3\/2014\/10\/25watts-uruguay-157x300.jpg 157w\" sizes=\"auto, (max-width: 300px) 100vw, 300px\" \/><\/a><\/p>\r\n<p>Apr\u00e8s une production tr\u00e8s sporadique et \u00e0 petit budget, le cin\u00e9ma uruguayen a explos\u00e9 avec le succ\u00e8s du film <em>25 Watts<\/em> (2001) qui a re\u00e7u dix prix dont celui du Meilleur Film au Festival international du film de Rotterdam et celui de Meilleur Premier Film au Festival de La Havane. Trois ans plus tard, <em>Whisky<\/em> (2004) remportait le Prix Goya du Meilleur Film Etranger Parlant, le prix FIPRESCI au festival de Cannes et le Prix Iris Uruguay.<\/p>\r\n<p>De m\u00eame, 2005 a \u00e9t\u00e9 une ann\u00e9e de grande exposition lorsque Jorge Drexler a re\u00e7u le premier Oscar de l\u2019Histoire nationale pour sa chanson <em>De l\u2019autre c\u00f4t\u00e9 de la rivi\u00e8re<\/em> (c\u2019est la premi\u00e8re qu\u2019une langue autre qu\u2019anglaise \u00e9tait distingu\u00e9e dans cette cat\u00e9gorie) qui faisait partie de la bande-originale du film Carnet de voyage, film qui relatait le voyage d\u2019Ernesto\u00a0\u00ab\u00a0Che\u00a0\u00bb Guevara en Am\u00e9rique Latine.<\/p>\r\n<p>D\u00e8s lors, la production nationale de films de qualit\u00e9 a augment\u00e9 de fa\u00e7on exponentielle. Voici quelques unes des \u0153uvres incontournables du cin\u00e9ma national\u00a0:<\/p>\r\n<p><a href=\"https:\/\/www.youtube.com\/watch?v=6vC8UxZ_48%20\" target=\"_blank\">El ba\u00f1o del Papa<\/a>\u00a0(2007 E. Fern\u00e1ndez \/ C. Charlone)<\/p>\r\n<p><a href=\"https:\/\/www.youtube.com\/watch?v=5_dYDNnXiew%20\" target=\"_blank\">Mal d\u00eda para pescar<\/a>\u00a0(2009, A. Brechner)<\/p>\r\n<p><a href=\"https:\/\/www.youtube.com\/watch?v=qaYuL4WFFDY\" target=\"_blank\">MissTacuaremb\u00f3<\/a> (2010 , M. Sastre)<\/p>\r\n<p><a href=\"https:\/\/www.youtube.com\/watch?v=zqlPQhJgrkE\" target=\"_blank\">Mundialito <\/a>(2010, S. Bednarik)<\/p>\r\n<p><a href=\"https:\/\/www.youtube.com\/watch?v=FkHk14nEWU0\" target=\"_blank\">La casa muda<\/a>\u00a0(2010 , G. Hernandez)<\/p>\r\n<p><a href=\"https:\/\/www.youtube.com\/watch?v=L5c01Pz5LvM\" target=\"_blank\">Reus <\/a>(2011 , Pineiro)<\/p>\r\n<p><a href=\"https:\/\/www.youtube.com\/watch?v=zau_R52HOBI\" target=\"_blank\">Artigas <\/a>&#8211; La redota (2011 , C. Charlone)<\/p>\r\n<p><a href=\"http:\/\/www.anina.com.uy\/%20\" target=\"_blank\">Anina <\/a>(2013 , A. Soderguit)<\/p>\r\n<p>&nbsp;<\/p>\r\n<p>&nbsp;<\/p>\r\n","protected":false},"excerpt":{"rendered":"<p>Apr\u00e8s une production tr\u00e8s sporadique et \u00e0 petit budget, le cin\u00e9ma uruguayen a explos\u00e9 avec le succ\u00e8s du film 25 Watts (2001) qui a re\u00e7u dix prix dont celui du Meilleur Film au Festival international du film de Rotterdam et celui de Meilleur Premier Film au Festival de La Havane. Trois ans plus tard, Whisky [&hellip;]<\/p>\n","protected":false},"author":5,"featured_media":0,"parent":2834,"menu_order":0,"comment_status":"closed","ping_status":"closed","template":"our-recomm.php","meta":{"footnotes":""},"class_list":["post-3068","page","type-page","status-publish","hentry","entry"],"yoast_head":"<!-- This site is optimized with the Yoast SEO plugin v26.0 - https:\/\/yoast.com\/wordpress\/plugins\/seo\/ -->\n<title>... \u00c0 regarder - Academia Uruguay<\/title>\n<meta name=\"robots\" content=\"index, follow, max-snippet:-1, max-image-preview:large, max-video-preview:-1\" \/>\n<link rel=\"canonical\" href=\"https:\/\/www.academiauruguay.com\/fr\/montevideo-uruguay\/nos-recommandations\/regarder\/\" \/>\n<meta name=\"twitter:label1\" content=\"Est. reading time\" \/>\n\t<meta name=\"twitter:data1\" content=\"1 minute\" \/>\n<script type=\"application\/ld+json\" class=\"yoast-schema-graph\">{\"@context\":\"https:\/\/schema.org\",\"@graph\":[{\"@type\":\"WebPage\",\"@id\":\"https:\/\/www.academiauruguay.com\/fr\/montevideo-uruguay\/nos-recommandations\/regarder\/\",\"url\":\"https:\/\/www.academiauruguay.com\/fr\/montevideo-uruguay\/nos-recommandations\/regarder\/\",\"name\":\"... \u00c0 regarder - Academia Uruguay\",\"isPartOf\":{\"@id\":\"https:\/\/www.academiauruguay.com\/fr\/#website\"},\"primaryImageOfPage\":{\"@id\":\"https:\/\/www.academiauruguay.com\/fr\/montevideo-uruguay\/nos-recommandations\/regarder\/#primaryimage\"},\"image\":{\"@id\":\"https:\/\/www.academiauruguay.com\/fr\/montevideo-uruguay\/nos-recommandations\/regarder\/#primaryimage\"},\"thumbnailUrl\":\"https:\/\/www.academiauruguay.com\/wp-content\/uploads\/sites\/3\/2014\/10\/25watts-uruguay.jpg\",\"datePublished\":\"2013-11-10T23:23:38+00:00\",\"dateModified\":\"2014-11-30T21:01:25+00:00\",\"breadcrumb\":{\"@id\":\"https:\/\/www.academiauruguay.com\/fr\/montevideo-uruguay\/nos-recommandations\/regarder\/#breadcrumb\"},\"inLanguage\":\"fr-FR\",\"potentialAction\":[{\"@type\":\"ReadAction\",\"target\":[\"https:\/\/www.academiauruguay.com\/fr\/montevideo-uruguay\/nos-recommandations\/regarder\/\"]}]},{\"@type\":\"ImageObject\",\"inLanguage\":\"fr-FR\",\"@id\":\"https:\/\/www.academiauruguay.com\/fr\/montevideo-uruguay\/nos-recommandations\/regarder\/#primaryimage\",\"url\":\"https:\/\/www.academiauruguay.com\/wp-content\/uploads\/sites\/3\/2014\/10\/25watts-uruguay.jpg\",\"contentUrl\":\"https:\/\/www.academiauruguay.com\/wp-content\/uploads\/sites\/3\/2014\/10\/25watts-uruguay.jpg\"},{\"@type\":\"BreadcrumbList\",\"@id\":\"https:\/\/www.academiauruguay.com\/fr\/montevideo-uruguay\/nos-recommandations\/regarder\/#breadcrumb\",\"itemListElement\":[{\"@type\":\"ListItem\",\"position\":1,\"name\":\"Home\",\"item\":\"https:\/\/www.academiauruguay.com\/fr\/\"},{\"@type\":\"ListItem\",\"position\":2,\"name\":\"Montevideo &#038; Uruguay\",\"item\":\"https:\/\/www.academiauruguay.com\/fr\/montevideo-uruguay\/\"},{\"@type\":\"ListItem\",\"position\":3,\"name\":\"Nos recommandations\",\"item\":\"https:\/\/www.academiauruguay.com\/fr\/montevideo-uruguay\/nos-recommandations\/\"},{\"@type\":\"ListItem\",\"position\":4,\"name\":\"&#8230; \u00c0 regarder\"}]},{\"@type\":\"WebSite\",\"@id\":\"https:\/\/www.academiauruguay.com\/fr\/#website\",\"url\":\"https:\/\/www.academiauruguay.com\/fr\/\",\"name\":\"Academia Uruguay\",\"description\":\"spanish courses\",\"potentialAction\":[{\"@type\":\"SearchAction\",\"target\":{\"@type\":\"EntryPoint\",\"urlTemplate\":\"https:\/\/www.academiauruguay.com\/fr\/?s={search_term_string}\"},\"query-input\":{\"@type\":\"PropertyValueSpecification\",\"valueRequired\":true,\"valueName\":\"search_term_string\"}}],\"inLanguage\":\"fr-FR\"}]}<\/script>\n<!-- \/ Yoast SEO plugin. -->","yoast_head_json":{"title":"... \u00c0 regarder - Academia Uruguay","robots":{"index":"index","follow":"follow","max-snippet":"max-snippet:-1","max-image-preview":"max-image-preview:large","max-video-preview":"max-video-preview:-1"},"canonical":"https:\/\/www.academiauruguay.com\/fr\/montevideo-uruguay\/nos-recommandations\/regarder\/","twitter_misc":{"Est. reading time":"1 minute"},"schema":{"@context":"https:\/\/schema.org","@graph":[{"@type":"WebPage","@id":"https:\/\/www.academiauruguay.com\/fr\/montevideo-uruguay\/nos-recommandations\/regarder\/","url":"https:\/\/www.academiauruguay.com\/fr\/montevideo-uruguay\/nos-recommandations\/regarder\/","name":"... \u00c0 regarder - Academia Uruguay","isPartOf":{"@id":"https:\/\/www.academiauruguay.com\/fr\/#website"},"primaryImageOfPage":{"@id":"https:\/\/www.academiauruguay.com\/fr\/montevideo-uruguay\/nos-recommandations\/regarder\/#primaryimage"},"image":{"@id":"https:\/\/www.academiauruguay.com\/fr\/montevideo-uruguay\/nos-recommandations\/regarder\/#primaryimage"},"thumbnailUrl":"https:\/\/www.academiauruguay.com\/wp-content\/uploads\/sites\/3\/2014\/10\/25watts-uruguay.jpg","datePublished":"2013-11-10T23:23:38+00:00","dateModified":"2014-11-30T21:01:25+00:00","breadcrumb":{"@id":"https:\/\/www.academiauruguay.com\/fr\/montevideo-uruguay\/nos-recommandations\/regarder\/#breadcrumb"},"inLanguage":"fr-FR","potentialAction":[{"@type":"ReadAction","target":["https:\/\/www.academiauruguay.com\/fr\/montevideo-uruguay\/nos-recommandations\/regarder\/"]}]},{"@type":"ImageObject","inLanguage":"fr-FR","@id":"https:\/\/www.academiauruguay.com\/fr\/montevideo-uruguay\/nos-recommandations\/regarder\/#primaryimage","url":"https:\/\/www.academiauruguay.com\/wp-content\/uploads\/sites\/3\/2014\/10\/25watts-uruguay.jpg","contentUrl":"https:\/\/www.academiauruguay.com\/wp-content\/uploads\/sites\/3\/2014\/10\/25watts-uruguay.jpg"},{"@type":"BreadcrumbList","@id":"https:\/\/www.academiauruguay.com\/fr\/montevideo-uruguay\/nos-recommandations\/regarder\/#breadcrumb","itemListElement":[{"@type":"ListItem","position":1,"name":"Home","item":"https:\/\/www.academiauruguay.com\/fr\/"},{"@type":"ListItem","position":2,"name":"Montevideo &#038; Uruguay","item":"https:\/\/www.academiauruguay.com\/fr\/montevideo-uruguay\/"},{"@type":"ListItem","position":3,"name":"Nos recommandations","item":"https:\/\/www.academiauruguay.com\/fr\/montevideo-uruguay\/nos-recommandations\/"},{"@type":"ListItem","position":4,"name":"&#8230; \u00c0 regarder"}]},{"@type":"WebSite","@id":"https:\/\/www.academiauruguay.com\/fr\/#website","url":"https:\/\/www.academiauruguay.com\/fr\/","name":"Academia Uruguay","description":"spanish courses","potentialAction":[{"@type":"SearchAction","target":{"@type":"EntryPoint","urlTemplate":"https:\/\/www.academiauruguay.com\/fr\/?s={search_term_string}"},"query-input":{"@type":"PropertyValueSpecification","valueRequired":true,"valueName":"search_term_string"}}],"inLanguage":"fr-FR"}]}},"_links":{"self":[{"href":"https:\/\/www.academiauruguay.com\/fr\/wp-json\/wp\/v2\/pages\/3068","targetHints":{"allow":["GET"]}}],"collection":[{"href":"https:\/\/www.academiauruguay.com\/fr\/wp-json\/wp\/v2\/pages"}],"about":[{"href":"https:\/\/www.academiauruguay.com\/fr\/wp-json\/wp\/v2\/types\/page"}],"author":[{"embeddable":true,"href":"https:\/\/www.academiauruguay.com\/fr\/wp-json\/wp\/v2\/users\/5"}],"replies":[{"embeddable":true,"href":"https:\/\/www.academiauruguay.com\/fr\/wp-json\/wp\/v2\/comments?post=3068"}],"version-history":[{"count":0,"href":"https:\/\/www.academiauruguay.com\/fr\/wp-json\/wp\/v2\/pages\/3068\/revisions"}],"up":[{"embeddable":true,"href":"https:\/\/www.academiauruguay.com\/fr\/wp-json\/wp\/v2\/pages\/2834"}],"wp:attachment":[{"href":"https:\/\/www.academiauruguay.com\/fr\/wp-json\/wp\/v2\/media?parent=3068"}],"curies":[{"name":"wp","href":"https:\/\/api.w.org\/{rel}","templated":true}]}}