
{"id":3048,"date":"2013-11-10T22:51:32","date_gmt":"2013-11-10T22:51:32","guid":{"rendered":"https:\/\/www.academiauruguay.com\/?page_id=3048"},"modified":"2014-10-08T19:27:47","modified_gmt":"2014-10-08T21:27:47","slug":"voyage-de-longues-distances","status":"publish","type":"page","link":"https:\/\/www.academiauruguay.com\/fr\/montevideo-uruguay\/decouvrez-uruguay\/voyage-de-longues-distances\/","title":{"rendered":"Voyage de longues distances"},"content":{"rendered":"\r\n<p>Voici quelques conseils pour voyager en dehors de l&rsquo;Uruguay et visiter des sites touristiques situ\u00e9s \u00e0 seulement quelques heures de notre capitale :<\/p>\r\n<p><strong>Chutes d&rsquo;Igua\u00e7u<\/strong><\/p>\r\n<p>Situ\u00e9 sur la rivi\u00e8re Igua\u00e7u, au confluent de la province argentine de Missiones et de l&rsquo;Etat br\u00e9silien du Paran\u00e1, riche de pr\u00e8s de trois cents chutes dont la c\u00e9l\u00e8bre Garganta del Diablo, cette zone prot\u00e9g\u00e9e fait partie des \u00ab 7 merveilles naturelles du monde \u00bb.<\/p>\r\n<p>Le parc d\u2019Igua\u00e7u, berceau de l\u2019une des concentrations j\u00e9suites les plus importantes de la Conqu\u00eate Espagnole, propose aux touristes un long parcours afin qu\u2019ils puissent profiter des infinies perspectives qu\u2019offrent les diff\u00e9rentes chutes. Le choc de l&rsquo;eau contre les rochers produit une pluie fine mais incessante et un rugissement assourdissant qui frappe les visiteurs. Nous recommandons aux personnes int\u00e9ress\u00e9es d\u2019emprunter le train qui sillonne le parc et de visiter les chutes de l&rsquo;\u00eele de San Mart\u00edn qui offrent une vue imprenable sur les gorges et les cascades.<\/p>\r\n<p>Il est par ailleurs tout \u00e0 fait possible de se promener dans le parc (surtout dans sa partie argentine), de faire un tour en bateau pour admirer les chutes d\u2019eau et de cheminer \u00e0 travers la for\u00eat semi-tropicale en empruntant des sentiers de randonn\u00e9es. Sur pr\u00e8s de 67 000 hectares, vous pourrez apercevoir des toucans, des singes, des coatis, des dindes sauvages. <br \/><br \/><\/p>\r\n<p><a href=\"https:\/\/www.academiauruguay.com\/wp-content\/uploads\/sites\/3\/2013\/11\/iguazu-north-eastern-argentina.jpg\"><img loading=\"lazy\" decoding=\"async\" class=\"aligncenter size-full wp-image-3082\" src=\"https:\/\/www.academiauruguay.com\/wp-content\/uploads\/sites\/3\/2013\/11\/iguazu-north-eastern-argentina.jpg\" alt=\"iguazu-north-eastern-argentina\" width=\"940\" height=\"400\" data-id=\"3082\" srcset=\"https:\/\/www.academiauruguay.com\/wp-content\/uploads\/sites\/3\/2013\/11\/iguazu-north-eastern-argentina.jpg 940w, https:\/\/www.academiauruguay.com\/wp-content\/uploads\/sites\/3\/2013\/11\/iguazu-north-eastern-argentina-160x68.jpg 160w, https:\/\/www.academiauruguay.com\/wp-content\/uploads\/sites\/3\/2013\/11\/iguazu-north-eastern-argentina-338x143.jpg 338w\" sizes=\"auto, (max-width: 940px) 100vw, 940px\" \/><\/a><\/p>\r\n<p>&nbsp;<\/p>\r\n<p><strong>Buenos Aires<\/strong><\/p>\r\n<p>La ville portuaire, intense et s\u00e9ductrice, qui s&rsquo;\u00e9tend du nord au sud du R\u00edo de la Plata, a une identit\u00e9 culturelle riche dont l\u2019h\u00e9ritage europ\u00e9en est pr\u00e9pond\u00e9rant. L&rsquo;ob\u00e9lisque, l&rsquo;Avenida 9 de Julio, les salles de tango et les boutiques des antiquaires sont quelques unes des images caract\u00e9ristiques de la ville. Vous pourrez visiter de multiples mus\u00e9es et galerie d\u2019art \u00e0 Buenos Aires. La dramaturgie ne demeure pas en reste : la capitale argentine jouit d&rsquo;un mouvement th\u00e9\u00e2tral en plein essor. Un des plus beaux op\u00e9ras du monde, le Teatro Col\u00f3n, attire de nombreux artistes internationaux.<\/p>\r\n<p>Buenos Aires poss\u00e8de \u00e9galement ses quartiers embl\u00e9matiques. Vous serez charm\u00e9s par San Telmo et ses accents boh\u00eames qui m\u00ealent aux b\u00e2timents de style colonial espagnol, des d\u00e9tails italiens et l\u2019\u00e9l\u00e9gance de l\u2019Art Nouveau fran\u00e7ais. Vous d\u00e9couvrirez aussi le quartier de La Boca dont l\u2019empreinte artistique r\u00e9side dans les couleurs vibrantes des maisons en t\u00f4le du Caminito.<\/p>\r\n","protected":false},"excerpt":{"rendered":"<p>Voici quelques conseils pour voyager en dehors de l&rsquo;Uruguay et visiter des sites touristiques situ\u00e9s \u00e0 seulement quelques heures de notre capitale : Chutes d&rsquo;Igua\u00e7u Situ\u00e9 sur la rivi\u00e8re Igua\u00e7u, au confluent de la province argentine de Missiones et de l&rsquo;Etat br\u00e9silien du Paran\u00e1, riche de pr\u00e8s de trois cents chutes dont la c\u00e9l\u00e8bre Garganta [&hellip;]<\/p>\n","protected":false},"author":5,"featured_media":0,"parent":2830,"menu_order":11,"comment_status":"closed","ping_status":"closed","template":"discover-arg.php","meta":{"footnotes":""},"class_list":["post-3048","page","type-page","status-publish","hentry","entry"],"yoast_head":"<!-- This site is optimized with the Yoast SEO plugin v26.0 - https:\/\/yoast.com\/wordpress\/plugins\/seo\/ -->\n<title>Voyage de longues distances - Academia Uruguay<\/title>\n<meta name=\"robots\" content=\"index, follow, max-snippet:-1, max-image-preview:large, max-video-preview:-1\" \/>\n<link rel=\"canonical\" href=\"https:\/\/www.academiauruguay.com\/fr\/montevideo-uruguay\/decouvrez-uruguay\/voyage-de-longues-distances\/\" \/>\n<meta name=\"twitter:label1\" content=\"Est. reading time\" \/>\n\t<meta name=\"twitter:data1\" content=\"2 minutes\" \/>\n<script type=\"application\/ld+json\" class=\"yoast-schema-graph\">{\"@context\":\"https:\/\/schema.org\",\"@graph\":[{\"@type\":\"WebPage\",\"@id\":\"https:\/\/www.academiauruguay.com\/fr\/montevideo-uruguay\/decouvrez-uruguay\/voyage-de-longues-distances\/\",\"url\":\"https:\/\/www.academiauruguay.com\/fr\/montevideo-uruguay\/decouvrez-uruguay\/voyage-de-longues-distances\/\",\"name\":\"Voyage de longues distances - Academia Uruguay\",\"isPartOf\":{\"@id\":\"https:\/\/www.academiauruguay.com\/fr\/#website\"},\"primaryImageOfPage\":{\"@id\":\"https:\/\/www.academiauruguay.com\/fr\/montevideo-uruguay\/decouvrez-uruguay\/voyage-de-longues-distances\/#primaryimage\"},\"image\":{\"@id\":\"https:\/\/www.academiauruguay.com\/fr\/montevideo-uruguay\/decouvrez-uruguay\/voyage-de-longues-distances\/#primaryimage\"},\"thumbnailUrl\":\"https:\/\/www.academiauruguay.com\/wp-content\/uploads\/sites\/3\/2013\/11\/iguazu-north-eastern-argentina.jpg\",\"datePublished\":\"2013-11-10T22:51:32+00:00\",\"dateModified\":\"2014-10-08T21:27:47+00:00\",\"breadcrumb\":{\"@id\":\"https:\/\/www.academiauruguay.com\/fr\/montevideo-uruguay\/decouvrez-uruguay\/voyage-de-longues-distances\/#breadcrumb\"},\"inLanguage\":\"fr-FR\",\"potentialAction\":[{\"@type\":\"ReadAction\",\"target\":[\"https:\/\/www.academiauruguay.com\/fr\/montevideo-uruguay\/decouvrez-uruguay\/voyage-de-longues-distances\/\"]}]},{\"@type\":\"ImageObject\",\"inLanguage\":\"fr-FR\",\"@id\":\"https:\/\/www.academiauruguay.com\/fr\/montevideo-uruguay\/decouvrez-uruguay\/voyage-de-longues-distances\/#primaryimage\",\"url\":\"https:\/\/www.academiauruguay.com\/wp-content\/uploads\/sites\/3\/2013\/11\/iguazu-north-eastern-argentina.jpg\",\"contentUrl\":\"https:\/\/www.academiauruguay.com\/wp-content\/uploads\/sites\/3\/2013\/11\/iguazu-north-eastern-argentina.jpg\"},{\"@type\":\"BreadcrumbList\",\"@id\":\"https:\/\/www.academiauruguay.com\/fr\/montevideo-uruguay\/decouvrez-uruguay\/voyage-de-longues-distances\/#breadcrumb\",\"itemListElement\":[{\"@type\":\"ListItem\",\"position\":1,\"name\":\"Home\",\"item\":\"https:\/\/www.academiauruguay.com\/fr\/\"},{\"@type\":\"ListItem\",\"position\":2,\"name\":\"Montevideo &#038; Uruguay\",\"item\":\"https:\/\/www.academiauruguay.com\/fr\/montevideo-uruguay\/\"},{\"@type\":\"ListItem\",\"position\":3,\"name\":\"D\u00e9couvrez l&#8217;Uruguay\",\"item\":\"https:\/\/www.academiauruguay.com\/fr\/montevideo-uruguay\/decouvrez-uruguay\/\"},{\"@type\":\"ListItem\",\"position\":4,\"name\":\"Voyage de longues distances\"}]},{\"@type\":\"WebSite\",\"@id\":\"https:\/\/www.academiauruguay.com\/fr\/#website\",\"url\":\"https:\/\/www.academiauruguay.com\/fr\/\",\"name\":\"Academia Uruguay\",\"description\":\"spanish courses\",\"potentialAction\":[{\"@type\":\"SearchAction\",\"target\":{\"@type\":\"EntryPoint\",\"urlTemplate\":\"https:\/\/www.academiauruguay.com\/fr\/?s={search_term_string}\"},\"query-input\":{\"@type\":\"PropertyValueSpecification\",\"valueRequired\":true,\"valueName\":\"search_term_string\"}}],\"inLanguage\":\"fr-FR\"}]}<\/script>\n<!-- \/ Yoast SEO plugin. -->","yoast_head_json":{"title":"Voyage de longues distances - Academia Uruguay","robots":{"index":"index","follow":"follow","max-snippet":"max-snippet:-1","max-image-preview":"max-image-preview:large","max-video-preview":"max-video-preview:-1"},"canonical":"https:\/\/www.academiauruguay.com\/fr\/montevideo-uruguay\/decouvrez-uruguay\/voyage-de-longues-distances\/","twitter_misc":{"Est. reading time":"2 minutes"},"schema":{"@context":"https:\/\/schema.org","@graph":[{"@type":"WebPage","@id":"https:\/\/www.academiauruguay.com\/fr\/montevideo-uruguay\/decouvrez-uruguay\/voyage-de-longues-distances\/","url":"https:\/\/www.academiauruguay.com\/fr\/montevideo-uruguay\/decouvrez-uruguay\/voyage-de-longues-distances\/","name":"Voyage de longues distances - Academia Uruguay","isPartOf":{"@id":"https:\/\/www.academiauruguay.com\/fr\/#website"},"primaryImageOfPage":{"@id":"https:\/\/www.academiauruguay.com\/fr\/montevideo-uruguay\/decouvrez-uruguay\/voyage-de-longues-distances\/#primaryimage"},"image":{"@id":"https:\/\/www.academiauruguay.com\/fr\/montevideo-uruguay\/decouvrez-uruguay\/voyage-de-longues-distances\/#primaryimage"},"thumbnailUrl":"https:\/\/www.academiauruguay.com\/wp-content\/uploads\/sites\/3\/2013\/11\/iguazu-north-eastern-argentina.jpg","datePublished":"2013-11-10T22:51:32+00:00","dateModified":"2014-10-08T21:27:47+00:00","breadcrumb":{"@id":"https:\/\/www.academiauruguay.com\/fr\/montevideo-uruguay\/decouvrez-uruguay\/voyage-de-longues-distances\/#breadcrumb"},"inLanguage":"fr-FR","potentialAction":[{"@type":"ReadAction","target":["https:\/\/www.academiauruguay.com\/fr\/montevideo-uruguay\/decouvrez-uruguay\/voyage-de-longues-distances\/"]}]},{"@type":"ImageObject","inLanguage":"fr-FR","@id":"https:\/\/www.academiauruguay.com\/fr\/montevideo-uruguay\/decouvrez-uruguay\/voyage-de-longues-distances\/#primaryimage","url":"https:\/\/www.academiauruguay.com\/wp-content\/uploads\/sites\/3\/2013\/11\/iguazu-north-eastern-argentina.jpg","contentUrl":"https:\/\/www.academiauruguay.com\/wp-content\/uploads\/sites\/3\/2013\/11\/iguazu-north-eastern-argentina.jpg"},{"@type":"BreadcrumbList","@id":"https:\/\/www.academiauruguay.com\/fr\/montevideo-uruguay\/decouvrez-uruguay\/voyage-de-longues-distances\/#breadcrumb","itemListElement":[{"@type":"ListItem","position":1,"name":"Home","item":"https:\/\/www.academiauruguay.com\/fr\/"},{"@type":"ListItem","position":2,"name":"Montevideo &#038; Uruguay","item":"https:\/\/www.academiauruguay.com\/fr\/montevideo-uruguay\/"},{"@type":"ListItem","position":3,"name":"D\u00e9couvrez l&#8217;Uruguay","item":"https:\/\/www.academiauruguay.com\/fr\/montevideo-uruguay\/decouvrez-uruguay\/"},{"@type":"ListItem","position":4,"name":"Voyage de longues distances"}]},{"@type":"WebSite","@id":"https:\/\/www.academiauruguay.com\/fr\/#website","url":"https:\/\/www.academiauruguay.com\/fr\/","name":"Academia Uruguay","description":"spanish courses","potentialAction":[{"@type":"SearchAction","target":{"@type":"EntryPoint","urlTemplate":"https:\/\/www.academiauruguay.com\/fr\/?s={search_term_string}"},"query-input":{"@type":"PropertyValueSpecification","valueRequired":true,"valueName":"search_term_string"}}],"inLanguage":"fr-FR"}]}},"_links":{"self":[{"href":"https:\/\/www.academiauruguay.com\/fr\/wp-json\/wp\/v2\/pages\/3048","targetHints":{"allow":["GET"]}}],"collection":[{"href":"https:\/\/www.academiauruguay.com\/fr\/wp-json\/wp\/v2\/pages"}],"about":[{"href":"https:\/\/www.academiauruguay.com\/fr\/wp-json\/wp\/v2\/types\/page"}],"author":[{"embeddable":true,"href":"https:\/\/www.academiauruguay.com\/fr\/wp-json\/wp\/v2\/users\/5"}],"replies":[{"embeddable":true,"href":"https:\/\/www.academiauruguay.com\/fr\/wp-json\/wp\/v2\/comments?post=3048"}],"version-history":[{"count":0,"href":"https:\/\/www.academiauruguay.com\/fr\/wp-json\/wp\/v2\/pages\/3048\/revisions"}],"up":[{"embeddable":true,"href":"https:\/\/www.academiauruguay.com\/fr\/wp-json\/wp\/v2\/pages\/2830"}],"wp:attachment":[{"href":"https:\/\/www.academiauruguay.com\/fr\/wp-json\/wp\/v2\/media?parent=3048"}],"curies":[{"name":"wp","href":"https:\/\/api.w.org\/{rel}","templated":true}]}}