
{"id":3012,"date":"2013-11-06T10:21:19","date_gmt":"2013-11-06T10:21:19","guid":{"rendered":"https:\/\/www.academiauruguay.com\/?page_id=3012"},"modified":"2014-10-06T23:39:33","modified_gmt":"2014-10-07T01:39:33","slug":"candombe-tango","status":"publish","type":"page","link":"https:\/\/www.academiauruguay.com\/fr\/montevideo-uruguay\/la-vie-montevideo\/candombe-tango\/","title":{"rendered":"Candombe et tango"},"content":{"rendered":"\r\n<p>Le tango et candombe sont les expressions musicales et artistiques qui d\u00e9finissent le mieux la culture uruguayenne. En 2009, ces deux genres musicaux ont \u00e9t\u00e9 inscrits par l\u2019UNESCO Patrimoine Immat\u00e9riel de l&rsquo;Humanit\u00e9. Il est possible d\u2019assister \u00e0 de nombreuses activit\u00e9s li\u00e9es au tango et au candombe dans la capitale.<\/p>\r\n<p><a href=\"https:\/\/www.academiauruguay.com\/wp-content\/uploads\/sites\/3\/2014\/10\/tangomontevideo11.jpg\"><img loading=\"lazy\" decoding=\"async\" class=\"alignright size-full wp-image-6805\" src=\"https:\/\/www.academiauruguay.com\/wp-content\/uploads\/sites\/3\/2014\/10\/tangomontevideo11.jpg\" alt=\"tangomontevideo1\" width=\"383\" height=\"499\" data-id=\"6805\" srcset=\"https:\/\/www.academiauruguay.com\/wp-content\/uploads\/sites\/3\/2014\/10\/tangomontevideo11.jpg 383w, https:\/\/www.academiauruguay.com\/wp-content\/uploads\/sites\/3\/2014\/10\/tangomontevideo11-122x160.jpg 122w, https:\/\/www.academiauruguay.com\/wp-content\/uploads\/sites\/3\/2014\/10\/tangomontevideo11-230x300.jpg 230w\" sizes=\"auto, (max-width: 383px) 100vw, 383px\" \/><\/a>Le tango a une empreinte culturelle forte. Elle est associ\u00e9e \u00e0 l&rsquo;histoire des immigrants arriv\u00e9s en Am\u00e9rique durant la seconde moiti\u00e9 du XIXe si\u00e8cle. Pour sa part, l&rsquo;origine du candombe est encore plus ancienne. Elle date de l&rsquo;\u00e9poque coloniale de Montevideo lorsque les Africains vendus comme esclaves adopt\u00e8rent un rythme cadenc\u00e9 comme un rituel visant \u00e0 honorer leurs divinit\u00e9s.<\/p>\r\n<p>Evoquer le tango c\u2019est bien entendu \u00e9voquer Carlos Gardel (El Zorzal ou \u00ab\u00a0la grive\u00a0\u00bb), Julio Sosa (El Var\u00f3n del Tango ou \u00ab\u00a0l\u2019homme du tango\u00a0\u00bb), Mattos Rodr\u00edguez (le p\u00e8re du tango le plus c\u00e9l\u00e8bre de toute l\u2019Histoire, le plus populaire, le plus \u00e9cout\u00e9 et le plus diffus\u00e9\u00a0: \u00ab\u00a0La Cumparsita\u00a0\u00bb). C\u2019est aussi \u00e9voquer la milonga et l\u2019arrabal (ou quartier).<\/p>\r\n<p>Voir aussi \u00a0&laquo;&nbsp;<a title=\"Cours d\u2019espagnol + tango\" href=\"https:\/\/www.academiauruguay.com\/fr\/courses\/cours-despagnol-tango\/\" target=\"_blank\">Espagnol et Tango<\/a>&nbsp;&raquo; dans la rubrique &laquo;&nbsp;Cours et tarifs\u00bb de notre site.<\/p>\r\n<p>Evoquer le candombe, c\u2019est \u00e9voquer Barrios Sur et Palermo, Rosa Luna et Marta Gularte (les deux artistes les plus importantes du candombe), Morenada et l\u2019immeuble du Medio Mundo. C\u2019est \u00e9voquer enfin ce swing de voix incroyable et le d\u00e9hanch\u00e9 de Ruben \u00ab\u00a0El Negro\u00a0\u00bb Rada. La force et l&rsquo;influence de ces deux genres est manifeste dans le degr\u00e9 \u00e9lev\u00e9 de perm\u00e9abilit\u00e9 \u00e0 d&rsquo;autres styles musicaux et d&rsquo;autres formes d\u2019art. Comme par exemple le \u00ab\u00a0candombe beat\u00a0\u00bb de Rada, le tango \u00e9lectronique de Bajofondo, la peinture de Figari ou celle de P\u00e1ez Vilar\u00f3.<\/p>\r\n","protected":false},"excerpt":{"rendered":"<p>Le tango et candombe sont les expressions musicales et artistiques qui d\u00e9finissent le mieux la culture uruguayenne. En 2009, ces deux genres musicaux ont \u00e9t\u00e9 inscrits par l\u2019UNESCO Patrimoine Immat\u00e9riel de l&rsquo;Humanit\u00e9. Il est possible d\u2019assister \u00e0 de nombreuses activit\u00e9s li\u00e9es au tango et au candombe dans la capitale. Le tango a une empreinte culturelle [&hellip;]<\/p>\n","protected":false},"author":5,"featured_media":0,"parent":2831,"menu_order":6,"comment_status":"closed","ping_status":"closed","template":"living-in-bsas.php","meta":{"footnotes":""},"class_list":["post-3012","page","type-page","status-publish","hentry","entry"],"yoast_head":"<!-- This site is optimized with the Yoast SEO plugin v26.0 - https:\/\/yoast.com\/wordpress\/plugins\/seo\/ -->\n<title>Candombe et tango - Academia Uruguay<\/title>\n<meta name=\"robots\" content=\"index, follow, max-snippet:-1, max-image-preview:large, max-video-preview:-1\" \/>\n<link rel=\"canonical\" href=\"https:\/\/www.academiauruguay.com\/fr\/montevideo-uruguay\/la-vie-montevideo\/candombe-tango\/\" \/>\n<meta name=\"twitter:label1\" content=\"Est. reading time\" \/>\n\t<meta name=\"twitter:data1\" content=\"1 minute\" \/>\n<script type=\"application\/ld+json\" class=\"yoast-schema-graph\">{\"@context\":\"https:\/\/schema.org\",\"@graph\":[{\"@type\":\"WebPage\",\"@id\":\"https:\/\/www.academiauruguay.com\/fr\/montevideo-uruguay\/la-vie-montevideo\/candombe-tango\/\",\"url\":\"https:\/\/www.academiauruguay.com\/fr\/montevideo-uruguay\/la-vie-montevideo\/candombe-tango\/\",\"name\":\"Candombe et tango - Academia Uruguay\",\"isPartOf\":{\"@id\":\"https:\/\/www.academiauruguay.com\/fr\/#website\"},\"primaryImageOfPage\":{\"@id\":\"https:\/\/www.academiauruguay.com\/fr\/montevideo-uruguay\/la-vie-montevideo\/candombe-tango\/#primaryimage\"},\"image\":{\"@id\":\"https:\/\/www.academiauruguay.com\/fr\/montevideo-uruguay\/la-vie-montevideo\/candombe-tango\/#primaryimage\"},\"thumbnailUrl\":\"https:\/\/www.academiauruguay.com\/wp-content\/uploads\/sites\/3\/2014\/10\/tangomontevideo11.jpg\",\"datePublished\":\"2013-11-06T10:21:19+00:00\",\"dateModified\":\"2014-10-07T01:39:33+00:00\",\"breadcrumb\":{\"@id\":\"https:\/\/www.academiauruguay.com\/fr\/montevideo-uruguay\/la-vie-montevideo\/candombe-tango\/#breadcrumb\"},\"inLanguage\":\"fr-FR\",\"potentialAction\":[{\"@type\":\"ReadAction\",\"target\":[\"https:\/\/www.academiauruguay.com\/fr\/montevideo-uruguay\/la-vie-montevideo\/candombe-tango\/\"]}]},{\"@type\":\"ImageObject\",\"inLanguage\":\"fr-FR\",\"@id\":\"https:\/\/www.academiauruguay.com\/fr\/montevideo-uruguay\/la-vie-montevideo\/candombe-tango\/#primaryimage\",\"url\":\"https:\/\/www.academiauruguay.com\/wp-content\/uploads\/sites\/3\/2014\/10\/tangomontevideo11.jpg\",\"contentUrl\":\"https:\/\/www.academiauruguay.com\/wp-content\/uploads\/sites\/3\/2014\/10\/tangomontevideo11.jpg\"},{\"@type\":\"BreadcrumbList\",\"@id\":\"https:\/\/www.academiauruguay.com\/fr\/montevideo-uruguay\/la-vie-montevideo\/candombe-tango\/#breadcrumb\",\"itemListElement\":[{\"@type\":\"ListItem\",\"position\":1,\"name\":\"Home\",\"item\":\"https:\/\/www.academiauruguay.com\/fr\/\"},{\"@type\":\"ListItem\",\"position\":2,\"name\":\"Montevideo &#038; Uruguay\",\"item\":\"https:\/\/www.academiauruguay.com\/fr\/montevideo-uruguay\/\"},{\"@type\":\"ListItem\",\"position\":3,\"name\":\"La vie \u00e0 Montevideo\",\"item\":\"https:\/\/www.academiauruguay.com\/fr\/montevideo-uruguay\/la-vie-montevideo\/\"},{\"@type\":\"ListItem\",\"position\":4,\"name\":\"Candombe et tango\"}]},{\"@type\":\"WebSite\",\"@id\":\"https:\/\/www.academiauruguay.com\/fr\/#website\",\"url\":\"https:\/\/www.academiauruguay.com\/fr\/\",\"name\":\"Academia Uruguay\",\"description\":\"spanish courses\",\"potentialAction\":[{\"@type\":\"SearchAction\",\"target\":{\"@type\":\"EntryPoint\",\"urlTemplate\":\"https:\/\/www.academiauruguay.com\/fr\/?s={search_term_string}\"},\"query-input\":{\"@type\":\"PropertyValueSpecification\",\"valueRequired\":true,\"valueName\":\"search_term_string\"}}],\"inLanguage\":\"fr-FR\"}]}<\/script>\n<!-- \/ Yoast SEO plugin. -->","yoast_head_json":{"title":"Candombe et tango - Academia Uruguay","robots":{"index":"index","follow":"follow","max-snippet":"max-snippet:-1","max-image-preview":"max-image-preview:large","max-video-preview":"max-video-preview:-1"},"canonical":"https:\/\/www.academiauruguay.com\/fr\/montevideo-uruguay\/la-vie-montevideo\/candombe-tango\/","twitter_misc":{"Est. reading time":"1 minute"},"schema":{"@context":"https:\/\/schema.org","@graph":[{"@type":"WebPage","@id":"https:\/\/www.academiauruguay.com\/fr\/montevideo-uruguay\/la-vie-montevideo\/candombe-tango\/","url":"https:\/\/www.academiauruguay.com\/fr\/montevideo-uruguay\/la-vie-montevideo\/candombe-tango\/","name":"Candombe et tango - Academia Uruguay","isPartOf":{"@id":"https:\/\/www.academiauruguay.com\/fr\/#website"},"primaryImageOfPage":{"@id":"https:\/\/www.academiauruguay.com\/fr\/montevideo-uruguay\/la-vie-montevideo\/candombe-tango\/#primaryimage"},"image":{"@id":"https:\/\/www.academiauruguay.com\/fr\/montevideo-uruguay\/la-vie-montevideo\/candombe-tango\/#primaryimage"},"thumbnailUrl":"https:\/\/www.academiauruguay.com\/wp-content\/uploads\/sites\/3\/2014\/10\/tangomontevideo11.jpg","datePublished":"2013-11-06T10:21:19+00:00","dateModified":"2014-10-07T01:39:33+00:00","breadcrumb":{"@id":"https:\/\/www.academiauruguay.com\/fr\/montevideo-uruguay\/la-vie-montevideo\/candombe-tango\/#breadcrumb"},"inLanguage":"fr-FR","potentialAction":[{"@type":"ReadAction","target":["https:\/\/www.academiauruguay.com\/fr\/montevideo-uruguay\/la-vie-montevideo\/candombe-tango\/"]}]},{"@type":"ImageObject","inLanguage":"fr-FR","@id":"https:\/\/www.academiauruguay.com\/fr\/montevideo-uruguay\/la-vie-montevideo\/candombe-tango\/#primaryimage","url":"https:\/\/www.academiauruguay.com\/wp-content\/uploads\/sites\/3\/2014\/10\/tangomontevideo11.jpg","contentUrl":"https:\/\/www.academiauruguay.com\/wp-content\/uploads\/sites\/3\/2014\/10\/tangomontevideo11.jpg"},{"@type":"BreadcrumbList","@id":"https:\/\/www.academiauruguay.com\/fr\/montevideo-uruguay\/la-vie-montevideo\/candombe-tango\/#breadcrumb","itemListElement":[{"@type":"ListItem","position":1,"name":"Home","item":"https:\/\/www.academiauruguay.com\/fr\/"},{"@type":"ListItem","position":2,"name":"Montevideo &#038; Uruguay","item":"https:\/\/www.academiauruguay.com\/fr\/montevideo-uruguay\/"},{"@type":"ListItem","position":3,"name":"La vie \u00e0 Montevideo","item":"https:\/\/www.academiauruguay.com\/fr\/montevideo-uruguay\/la-vie-montevideo\/"},{"@type":"ListItem","position":4,"name":"Candombe et tango"}]},{"@type":"WebSite","@id":"https:\/\/www.academiauruguay.com\/fr\/#website","url":"https:\/\/www.academiauruguay.com\/fr\/","name":"Academia Uruguay","description":"spanish courses","potentialAction":[{"@type":"SearchAction","target":{"@type":"EntryPoint","urlTemplate":"https:\/\/www.academiauruguay.com\/fr\/?s={search_term_string}"},"query-input":{"@type":"PropertyValueSpecification","valueRequired":true,"valueName":"search_term_string"}}],"inLanguage":"fr-FR"}]}},"_links":{"self":[{"href":"https:\/\/www.academiauruguay.com\/fr\/wp-json\/wp\/v2\/pages\/3012","targetHints":{"allow":["GET"]}}],"collection":[{"href":"https:\/\/www.academiauruguay.com\/fr\/wp-json\/wp\/v2\/pages"}],"about":[{"href":"https:\/\/www.academiauruguay.com\/fr\/wp-json\/wp\/v2\/types\/page"}],"author":[{"embeddable":true,"href":"https:\/\/www.academiauruguay.com\/fr\/wp-json\/wp\/v2\/users\/5"}],"replies":[{"embeddable":true,"href":"https:\/\/www.academiauruguay.com\/fr\/wp-json\/wp\/v2\/comments?post=3012"}],"version-history":[{"count":0,"href":"https:\/\/www.academiauruguay.com\/fr\/wp-json\/wp\/v2\/pages\/3012\/revisions"}],"up":[{"embeddable":true,"href":"https:\/\/www.academiauruguay.com\/fr\/wp-json\/wp\/v2\/pages\/2831"}],"wp:attachment":[{"href":"https:\/\/www.academiauruguay.com\/fr\/wp-json\/wp\/v2\/media?parent=3012"}],"curies":[{"name":"wp","href":"https:\/\/api.w.org\/{rel}","templated":true}]}}