
{"id":2830,"date":"2013-10-24T15:48:02","date_gmt":"2013-10-24T15:48:02","guid":{"rendered":"https:\/\/www.academiauruguay.com\/?page_id=2830"},"modified":"2014-10-08T11:35:22","modified_gmt":"2014-10-08T13:35:22","slug":"decouvrez-uruguay","status":"publish","type":"page","link":"https:\/\/www.academiauruguay.com\/fr\/montevideo-uruguay\/decouvrez-uruguay\/","title":{"rendered":"D\u00e9couvrez l&rsquo;Uruguay"},"content":{"rendered":"\r\n<p>L&rsquo;Uruguay est un pays qui offre tout un \u00e9ventail de possibilit\u00e9s pour le voyageur qui aime les paysages naturels et les stations baln\u00e9aires. Des gorges et vallons aux zones humides, for\u00eats primaires, champs \u00e0 perte de vue, parcs naturels, stations thermales en passant par des plages paradisiaques. Dans cette rubrique, vous trouverez les conseils et les informations n\u00e9cessaires pour voyager le long de la c\u00f4te et \u00e0 l&rsquo;int\u00e9rieur de notre pays. Cliquez sur une r\u00e9gion de la carte ou utilisez le menu sur la gauche pour en savoir plus sur l&rsquo;Uruguay, ses sites naturels et ses lieux inscrits au Patrimoine de l\u2019Humanit\u00e9 de l\u2019UNESCO.<\/p>\r\n<p>Aussi appel\u00e9e \u00ab la Suisse de l&rsquo;Am\u00e9rique &laquo;&nbsp;, la R\u00e9publique Orientale de l&rsquo;Uruguay est un pays qui offre de nombreuses possibilit\u00e9s pour profiter de la nature, d\u2019un climat paisible, du plein air et des plages splendides. Plus petit pays d&rsquo;Am\u00e9rique du Sud, les distances qui s\u00e9parent un point d\u2019un autre en Uruguay sont tr\u00e8s courtes. Tant et si bien que traverser le pays du nord au sud en bus ne prend pas plus de sept heures. L&rsquo;Uruguay est l&rsquo;un des pays les plus s\u00fbrs du continent.<\/p>\r\n<p>Le mot \u00ab Uruguay \u00bb vient du guarani et peut \u00eatre traduit de diff\u00e9rentes fa\u00e7ons : \u00ab fleuve o\u00f9 vit l&rsquo;oiseau \u00bb, \u00abrivi\u00e8re des oiseaux peints\u00bb, \u00ab rivi\u00e8re des escargots \u00bb, \u00abrivi\u00e8re des cercles\u00bb.<\/p>\r\n<p><a href=\"https:\/\/www.academiauruguay.com\/wp-content\/uploads\/sites\/3\/2014\/08\/iStock_000003499241Medium.jpg\"><img loading=\"lazy\" decoding=\"async\" class=\"aligncenter size-large wp-image-4636\" src=\"https:\/\/www.academiauruguay.com\/wp-content\/uploads\/sites\/3\/2014\/08\/iStock_000003499241Medium-1024x682.jpg\" alt=\"plage rocha uruguay\" width=\"1024\" height=\"682\" data-id=\"4636\" srcset=\"https:\/\/www.academiauruguay.com\/wp-content\/uploads\/sites\/3\/2014\/08\/iStock_000003499241Medium-1024x682.jpg 1024w, https:\/\/www.academiauruguay.com\/wp-content\/uploads\/sites\/3\/2014\/08\/iStock_000003499241Medium-160x106.jpg 160w, https:\/\/www.academiauruguay.com\/wp-content\/uploads\/sites\/3\/2014\/08\/iStock_000003499241Medium-338x225.jpg 338w, https:\/\/www.academiauruguay.com\/wp-content\/uploads\/sites\/3\/2014\/08\/iStock_000003499241Medium.jpg 1698w\" sizes=\"auto, (max-width: 1024px) 100vw, 1024px\" \/><\/a><\/p>\r\n<p><strong>G\u00e9ographie<\/strong> :<br \/>Pays d\u2019Am\u00e9rique du Sud, l&rsquo;Uruguay est situ\u00e9 entre les parall\u00e8les 30\u00b0 et 35\u00b0 de latitude sud et les m\u00e9ridiens 53\u00b0 et 58e de longitude ouest. Il a une fa\u00e7ade atlantique \u00e0 l\u2019est. Il est voisin du Br\u00e9sil au nord et au nord-est, de l\u2019Argentine \u00e0 l\u2019ouest et au sud (les fleuves Uruguay \u00e0 l\u2019ouest et le R\u00edo de la Plata au sud constituent des fronti\u00e8res naturelles). <br \/>Sa position privil\u00e9gi\u00e9e dans le C\u00f4ne Sud du continent est strat\u00e9gique car elle lui permet de d\u00e9velopper une politique d&rsquo;int\u00e9gration r\u00e9gionale. L\u2019Uruguay constitue une v\u00e9ritable porte de sortie pour les pays de l\u2019estuaire du R\u00edo de la Plata ainsi qu\u2019un pont entre ses deux voisins, l\u2019Argentine et le Br\u00e9sil. Sa fa\u00e7ade maritime lui permet d\u2019entretenir des \u00e9changes avec les pays les plus d\u00e9velopp\u00e9s.<\/p>\r\n<p>L\u2019Uruguay compte 19 d\u00e9partements, poss\u00e8de 450 km de c\u00f4tes le long du R\u00edo de la Plata et 220 km de c\u00f4tes sur l&rsquo;oc\u00e9an Atlantique. Ce qui offre \u00e0 ce petit pays un nombre important de plages de sable fin d\u2019une grande beaut\u00e9. Parce qu&rsquo;il constituait le meilleur port naturel d\u2019Am\u00e9rique du Sud, le pays a vu le jour pour des raisons strat\u00e9giques. La Couronne espagnole cherchait en effet \u00e0 consolider son deuxi\u00e8me bastion d&rsquo;Am\u00e9rique, le premier \u00e9tant \u00e0 l\u2019\u00e9poque Carthag\u00e8ne des Indes.<br \/>Montevideo, capitale de l&rsquo;Uruguay, se l\u00e8ve sur la baie de Rio de la Plata, et s\u2019endort sur le Cerro (la colline). Elle dispose d&rsquo;une gamme de services (technologies, accessibilit\u00e9, s\u00e9curit\u00e9, transports urbains) et les b\u00e2timents typiques d&rsquo;une m\u00e9tropole moderne.<\/p>\r\n<p><strong>Climat<\/strong><br \/>L\u2019Uruguay b\u00e9n\u00e9ficie d&rsquo;un climat temp\u00e9r\u00e9. Il est en effet situ\u00e9 dans la zone australe temp\u00e9r\u00e9e de l&rsquo;h\u00e9misph\u00e8re sud. La temp\u00e9rature moyenne au printemps est de 17\u00b0C, en \u00e9t\u00e9 de 25\u00b0C, en automne de 18\u00b0C et en hiver de 12\u00b0C. Les temp\u00e9ratures extr\u00eames peuvent atteindre 40\u00b0C en \u00e9t\u00e9 et -2\u00b0C ou -3\u00b0C en hiver. Cependant, toute l\u2019ann\u00e9e est ensoleill\u00e9e et en automne, les temp\u00e9ratures fra\u00eeches cohabitent avec des ciels d\u00e9gag\u00e9s. Les vents du nord pr\u00e9dominent, ils sont surtout chauds et humides. Les vents de la pampa et du sud sont quant \u00e0 eux froids et secs.<\/p>\r\n<p><strong>Population<\/strong><br \/>L&rsquo;Uruguay compte environ 3 395 000 habitants. Sa population est majoritairement citadine. Compte tenu d\u2019une politique d\u2019immigration historiquement ouverte, les origines des Uruguayens sont principalement europ\u00e9ennes, espagnoles et italiennes mais aussi africaines (ces derni\u00e8res datent de l\u2019\u00e9poque coloniale). Ces origines africaines, bien qu&rsquo;elles ne repr\u00e9sentent que 8 % de la population totale, ont eu et conserve dans notre soci\u00e9t\u00e9 actuelle un impact culturel essentiel. La population autochtone a disparu du territoire national il y a plus d\u2019un si\u00e8cle, ce qui diff\u00e9rencie l\u2019Uruguay des autres pays du continent.<\/p>\r\n<p>L&rsquo;Uruguay a le taux de natalit\u00e9 le plus bas d\u2019Am\u00e9rique du Sud. L&rsquo;esp\u00e9rance de vie est \u00e9lev\u00e9e. Elle atteint en moyenne 72 ans pour les hommes et 74 pour les femmes, des chiffres qui rendent compte de la qualit\u00e9 des services sanitaires uruguayens et de l\u2019alimentation des habitants.<\/p>\r\n<p><strong>Idiosyncrasie<\/strong><br \/>Les Uruguayens sont dot\u00e9s d\u2019un niveau culturel tr\u00e8s satisfaisant. Ils ont une attitude ouverte et amicale avec les touristes qu\u2019ils cherchent toujours \u00e0 aider et \u00e0 mieux conna\u00eetre. Ils se caract\u00e9risent par leur tranquillit\u00e9, leur mani\u00e8re de vivre simple et familiale. Toujours pr\u00eats \u00e0 discuter, ils adorent faire conna\u00eetre leur pays et int\u00e9grer les nouveaux venus.<\/p>\r\n<p><strong>S\u00e9curit\u00e9<\/strong><br \/>Voyager en Uruguay pr\u00e9sente un avantage non n\u00e9gligeable : c\u2019est le pays le plus stable, le plus s\u00fbr et le moins controvers\u00e9 d\u2019Am\u00e9rique Latine. Bien que Montevideo soit une capitale, elle reste un lieu paisible et convivial dans lequel vous pourrez profiter d\u2019une promenade dans les rues de la ville ou admirer un coucher de soleil en toute s\u00e9curit\u00e9.<\/p>\r\n<p><strong>Visa<\/strong><br \/>En entrant dans le pays, chaque \u00e9tranger re\u00e7oit un visa de touriste d\u2019une dur\u00e9e de 90 jours. Il peut \u00eatre renouvel\u00e9 dans n\u2019importe quelle administration de la douane pour une dur\u00e9e suppl\u00e9mentaire de 90 jours.<\/p>\r\n","protected":false},"excerpt":{"rendered":"<p>L&rsquo;Uruguay est un pays qui offre tout un \u00e9ventail de possibilit\u00e9s pour le voyageur qui aime les paysages naturels et les stations baln\u00e9aires. Des gorges et vallons aux zones humides, for\u00eats primaires, champs \u00e0 perte de vue, parcs naturels, stations thermales en passant par des plages paradisiaques. Dans cette rubrique, vous trouverez les conseils et [&hellip;]<\/p>\n","protected":false},"author":5,"featured_media":0,"parent":1402,"menu_order":0,"comment_status":"closed","ping_status":"closed","template":"discover-arg.php","meta":{"footnotes":""},"class_list":["post-2830","page","type-page","status-publish","hentry","entry"],"yoast_head":"<!-- This site is optimized with the Yoast SEO plugin v26.0 - https:\/\/yoast.com\/wordpress\/plugins\/seo\/ -->\n<title>D\u00e9couvrez l&#039;Uruguay - Academia Uruguay<\/title>\n<meta name=\"robots\" content=\"index, follow, max-snippet:-1, max-image-preview:large, max-video-preview:-1\" \/>\n<link rel=\"canonical\" href=\"https:\/\/www.academiauruguay.com\/fr\/montevideo-uruguay\/decouvrez-uruguay\/\" \/>\n<meta name=\"twitter:label1\" content=\"Est. reading time\" \/>\n\t<meta name=\"twitter:data1\" content=\"5 minutes\" \/>\n<script type=\"application\/ld+json\" class=\"yoast-schema-graph\">{\"@context\":\"https:\/\/schema.org\",\"@graph\":[{\"@type\":\"WebPage\",\"@id\":\"https:\/\/www.academiauruguay.com\/fr\/montevideo-uruguay\/decouvrez-uruguay\/\",\"url\":\"https:\/\/www.academiauruguay.com\/fr\/montevideo-uruguay\/decouvrez-uruguay\/\",\"name\":\"D\u00e9couvrez l'Uruguay - Academia Uruguay\",\"isPartOf\":{\"@id\":\"https:\/\/www.academiauruguay.com\/fr\/#website\"},\"primaryImageOfPage\":{\"@id\":\"https:\/\/www.academiauruguay.com\/fr\/montevideo-uruguay\/decouvrez-uruguay\/#primaryimage\"},\"image\":{\"@id\":\"https:\/\/www.academiauruguay.com\/fr\/montevideo-uruguay\/decouvrez-uruguay\/#primaryimage\"},\"thumbnailUrl\":\"https:\/\/www.academiauruguay.com\/wp-content\/uploads\/sites\/3\/2014\/08\/iStock_000003499241Medium-1024x682.jpg\",\"datePublished\":\"2013-10-24T15:48:02+00:00\",\"dateModified\":\"2014-10-08T13:35:22+00:00\",\"breadcrumb\":{\"@id\":\"https:\/\/www.academiauruguay.com\/fr\/montevideo-uruguay\/decouvrez-uruguay\/#breadcrumb\"},\"inLanguage\":\"fr-FR\",\"potentialAction\":[{\"@type\":\"ReadAction\",\"target\":[\"https:\/\/www.academiauruguay.com\/fr\/montevideo-uruguay\/decouvrez-uruguay\/\"]}]},{\"@type\":\"ImageObject\",\"inLanguage\":\"fr-FR\",\"@id\":\"https:\/\/www.academiauruguay.com\/fr\/montevideo-uruguay\/decouvrez-uruguay\/#primaryimage\",\"url\":\"https:\/\/www.academiauruguay.com\/wp-content\/uploads\/sites\/3\/2014\/08\/iStock_000003499241Medium-1024x682.jpg\",\"contentUrl\":\"https:\/\/www.academiauruguay.com\/wp-content\/uploads\/sites\/3\/2014\/08\/iStock_000003499241Medium-1024x682.jpg\"},{\"@type\":\"BreadcrumbList\",\"@id\":\"https:\/\/www.academiauruguay.com\/fr\/montevideo-uruguay\/decouvrez-uruguay\/#breadcrumb\",\"itemListElement\":[{\"@type\":\"ListItem\",\"position\":1,\"name\":\"Home\",\"item\":\"https:\/\/www.academiauruguay.com\/fr\/\"},{\"@type\":\"ListItem\",\"position\":2,\"name\":\"Montevideo &#038; Uruguay\",\"item\":\"https:\/\/www.academiauruguay.com\/fr\/montevideo-uruguay\/\"},{\"@type\":\"ListItem\",\"position\":3,\"name\":\"D\u00e9couvrez l&#8217;Uruguay\"}]},{\"@type\":\"WebSite\",\"@id\":\"https:\/\/www.academiauruguay.com\/fr\/#website\",\"url\":\"https:\/\/www.academiauruguay.com\/fr\/\",\"name\":\"Academia Uruguay\",\"description\":\"spanish courses\",\"potentialAction\":[{\"@type\":\"SearchAction\",\"target\":{\"@type\":\"EntryPoint\",\"urlTemplate\":\"https:\/\/www.academiauruguay.com\/fr\/?s={search_term_string}\"},\"query-input\":{\"@type\":\"PropertyValueSpecification\",\"valueRequired\":true,\"valueName\":\"search_term_string\"}}],\"inLanguage\":\"fr-FR\"}]}<\/script>\n<!-- \/ Yoast SEO plugin. -->","yoast_head_json":{"title":"D\u00e9couvrez l'Uruguay - Academia Uruguay","robots":{"index":"index","follow":"follow","max-snippet":"max-snippet:-1","max-image-preview":"max-image-preview:large","max-video-preview":"max-video-preview:-1"},"canonical":"https:\/\/www.academiauruguay.com\/fr\/montevideo-uruguay\/decouvrez-uruguay\/","twitter_misc":{"Est. reading time":"5 minutes"},"schema":{"@context":"https:\/\/schema.org","@graph":[{"@type":"WebPage","@id":"https:\/\/www.academiauruguay.com\/fr\/montevideo-uruguay\/decouvrez-uruguay\/","url":"https:\/\/www.academiauruguay.com\/fr\/montevideo-uruguay\/decouvrez-uruguay\/","name":"D\u00e9couvrez l'Uruguay - Academia Uruguay","isPartOf":{"@id":"https:\/\/www.academiauruguay.com\/fr\/#website"},"primaryImageOfPage":{"@id":"https:\/\/www.academiauruguay.com\/fr\/montevideo-uruguay\/decouvrez-uruguay\/#primaryimage"},"image":{"@id":"https:\/\/www.academiauruguay.com\/fr\/montevideo-uruguay\/decouvrez-uruguay\/#primaryimage"},"thumbnailUrl":"https:\/\/www.academiauruguay.com\/wp-content\/uploads\/sites\/3\/2014\/08\/iStock_000003499241Medium-1024x682.jpg","datePublished":"2013-10-24T15:48:02+00:00","dateModified":"2014-10-08T13:35:22+00:00","breadcrumb":{"@id":"https:\/\/www.academiauruguay.com\/fr\/montevideo-uruguay\/decouvrez-uruguay\/#breadcrumb"},"inLanguage":"fr-FR","potentialAction":[{"@type":"ReadAction","target":["https:\/\/www.academiauruguay.com\/fr\/montevideo-uruguay\/decouvrez-uruguay\/"]}]},{"@type":"ImageObject","inLanguage":"fr-FR","@id":"https:\/\/www.academiauruguay.com\/fr\/montevideo-uruguay\/decouvrez-uruguay\/#primaryimage","url":"https:\/\/www.academiauruguay.com\/wp-content\/uploads\/sites\/3\/2014\/08\/iStock_000003499241Medium-1024x682.jpg","contentUrl":"https:\/\/www.academiauruguay.com\/wp-content\/uploads\/sites\/3\/2014\/08\/iStock_000003499241Medium-1024x682.jpg"},{"@type":"BreadcrumbList","@id":"https:\/\/www.academiauruguay.com\/fr\/montevideo-uruguay\/decouvrez-uruguay\/#breadcrumb","itemListElement":[{"@type":"ListItem","position":1,"name":"Home","item":"https:\/\/www.academiauruguay.com\/fr\/"},{"@type":"ListItem","position":2,"name":"Montevideo &#038; Uruguay","item":"https:\/\/www.academiauruguay.com\/fr\/montevideo-uruguay\/"},{"@type":"ListItem","position":3,"name":"D\u00e9couvrez l&#8217;Uruguay"}]},{"@type":"WebSite","@id":"https:\/\/www.academiauruguay.com\/fr\/#website","url":"https:\/\/www.academiauruguay.com\/fr\/","name":"Academia Uruguay","description":"spanish courses","potentialAction":[{"@type":"SearchAction","target":{"@type":"EntryPoint","urlTemplate":"https:\/\/www.academiauruguay.com\/fr\/?s={search_term_string}"},"query-input":{"@type":"PropertyValueSpecification","valueRequired":true,"valueName":"search_term_string"}}],"inLanguage":"fr-FR"}]}},"_links":{"self":[{"href":"https:\/\/www.academiauruguay.com\/fr\/wp-json\/wp\/v2\/pages\/2830","targetHints":{"allow":["GET"]}}],"collection":[{"href":"https:\/\/www.academiauruguay.com\/fr\/wp-json\/wp\/v2\/pages"}],"about":[{"href":"https:\/\/www.academiauruguay.com\/fr\/wp-json\/wp\/v2\/types\/page"}],"author":[{"embeddable":true,"href":"https:\/\/www.academiauruguay.com\/fr\/wp-json\/wp\/v2\/users\/5"}],"replies":[{"embeddable":true,"href":"https:\/\/www.academiauruguay.com\/fr\/wp-json\/wp\/v2\/comments?post=2830"}],"version-history":[{"count":0,"href":"https:\/\/www.academiauruguay.com\/fr\/wp-json\/wp\/v2\/pages\/2830\/revisions"}],"up":[{"embeddable":true,"href":"https:\/\/www.academiauruguay.com\/fr\/wp-json\/wp\/v2\/pages\/1402"}],"wp:attachment":[{"href":"https:\/\/www.academiauruguay.com\/fr\/wp-json\/wp\/v2\/media?parent=2830"}],"curies":[{"name":"wp","href":"https:\/\/api.w.org\/{rel}","templated":true}]}}