
{"id":2805,"date":"2013-10-24T11:54:14","date_gmt":"2013-10-24T11:54:14","guid":{"rendered":"https:\/\/www.academiauruguay.com\/?page_id=2805"},"modified":"2013-11-03T12:40:56","modified_gmt":"2013-11-03T12:40:56","slug":"agents","status":"publish","type":"page","link":"https:\/\/www.academiauruguay.com\/fr\/groupes-agents\/agents\/","title":{"rendered":"Agents"},"content":{"rendered":"\r\n<p>Academia Uruguay est pr\u00eat \u00e0 vous fournir des s\u00e9jours linguistiques de qualit\u00e9 et \u00e0 \u00eatre un partenaire fiable. Nous recherchons des organisateurs de voyages linguistiques exp\u00e9riment\u00e9s pour compl\u00e9ter notre r\u00e9seau \u00a0d\u2019agent \u00e0 l&rsquo;\u00e9tranger. Si vous \u00eates int\u00e9ress\u00e9 et que vous pensez avoir les comp\u00e9tences n\u00e9cessaires, nous vous invitons \u00e0 <a title=\"contactez-nous\" href=\"https:\/\/www.academiauruguay.com\/fr\/contact-2\/\" target=\"_blank\">prendre contact avec nous<\/a>. Les avantages d\u2019\u00eatre notre partenaire sont:<\/p>\r\n<ul>\r\n\t<li>Professionnalisme: notre r\u00e9putation acad\u00e9mique et les commentaires\u00a0 positifs confirment la fiabilit\u00e9 notre service fiable.<\/li>\r\n\t<li>Diversit\u00e9: nous avons une grande vari\u00e9t\u00e9 de cours d&rsquo;espagnol, de programmes et de logements.<\/li>\r\n\t<li>Excellence acad\u00e9mique \u00e0 un prix favorable.<\/li>\r\n\t<li>Acc\u00e8s \u00e0 un r\u00e9seau d\u2019\u00e9coles de langue \u00e0 Buenos Aires, Montevideo et Bariloche.<\/li>\r\n\t<li>Communication rapide<\/li>\r\n\t<li>Commission<\/li>\r\n\t<li>Mat\u00e9riels promotionnel<\/li>\r\n<\/ul>\r\n<p>&nbsp;<\/p>\r\n\r\n","protected":false},"excerpt":{"rendered":"<p>Academia Uruguay est pr\u00eat \u00e0 vous fournir des s\u00e9jours linguistiques de qualit\u00e9 et \u00e0 \u00eatre un partenaire fiable. Nous recherchons des organisateurs de voyages linguistiques exp\u00e9riment\u00e9s pour compl\u00e9ter notre r\u00e9seau \u00a0d\u2019agent \u00e0 l&rsquo;\u00e9tranger. Si vous \u00eates int\u00e9ress\u00e9 et que vous pensez avoir les comp\u00e9tences n\u00e9cessaires, nous vous invitons \u00e0 prendre contact avec nous. Les avantages [&hellip;]<\/p>\n","protected":false},"author":5,"featured_media":0,"parent":2799,"menu_order":5,"comment_status":"closed","ping_status":"closed","template":"","meta":{"footnotes":""},"class_list":["post-2805","page","type-page","status-publish","hentry","entry"],"yoast_head":"<!-- This site is optimized with the Yoast SEO plugin v26.0 - https:\/\/yoast.com\/wordpress\/plugins\/seo\/ -->\n<title>Agents - Academia Uruguay<\/title>\n<meta name=\"robots\" content=\"index, follow, max-snippet:-1, max-image-preview:large, max-video-preview:-1\" \/>\n<link rel=\"canonical\" href=\"https:\/\/www.academiauruguay.com\/fr\/groupes-agents\/agents\/\" \/>\n<meta name=\"twitter:label1\" content=\"Est. reading time\" \/>\n\t<meta name=\"twitter:data1\" content=\"1 minute\" \/>\n<script type=\"application\/ld+json\" class=\"yoast-schema-graph\">{\"@context\":\"https:\/\/schema.org\",\"@graph\":[{\"@type\":\"WebPage\",\"@id\":\"https:\/\/www.academiauruguay.com\/fr\/groupes-agents\/agents\/\",\"url\":\"https:\/\/www.academiauruguay.com\/fr\/groupes-agents\/agents\/\",\"name\":\"Agents - Academia Uruguay\",\"isPartOf\":{\"@id\":\"https:\/\/www.academiauruguay.com\/fr\/#website\"},\"datePublished\":\"2013-10-24T11:54:14+00:00\",\"dateModified\":\"2013-11-03T12:40:56+00:00\",\"breadcrumb\":{\"@id\":\"https:\/\/www.academiauruguay.com\/fr\/groupes-agents\/agents\/#breadcrumb\"},\"inLanguage\":\"fr-FR\",\"potentialAction\":[{\"@type\":\"ReadAction\",\"target\":[\"https:\/\/www.academiauruguay.com\/fr\/groupes-agents\/agents\/\"]}]},{\"@type\":\"BreadcrumbList\",\"@id\":\"https:\/\/www.academiauruguay.com\/fr\/groupes-agents\/agents\/#breadcrumb\",\"itemListElement\":[{\"@type\":\"ListItem\",\"position\":1,\"name\":\"Home\",\"item\":\"https:\/\/www.academiauruguay.com\/fr\/\"},{\"@type\":\"ListItem\",\"position\":2,\"name\":\"Groupes &#038; Agents\",\"item\":\"https:\/\/www.academiauruguay.com\/fr\/groupes-agents\/\"},{\"@type\":\"ListItem\",\"position\":3,\"name\":\"Agents\"}]},{\"@type\":\"WebSite\",\"@id\":\"https:\/\/www.academiauruguay.com\/fr\/#website\",\"url\":\"https:\/\/www.academiauruguay.com\/fr\/\",\"name\":\"Academia Uruguay\",\"description\":\"spanish courses\",\"potentialAction\":[{\"@type\":\"SearchAction\",\"target\":{\"@type\":\"EntryPoint\",\"urlTemplate\":\"https:\/\/www.academiauruguay.com\/fr\/?s={search_term_string}\"},\"query-input\":{\"@type\":\"PropertyValueSpecification\",\"valueRequired\":true,\"valueName\":\"search_term_string\"}}],\"inLanguage\":\"fr-FR\"}]}<\/script>\n<!-- \/ Yoast SEO plugin. -->","yoast_head_json":{"title":"Agents - Academia Uruguay","robots":{"index":"index","follow":"follow","max-snippet":"max-snippet:-1","max-image-preview":"max-image-preview:large","max-video-preview":"max-video-preview:-1"},"canonical":"https:\/\/www.academiauruguay.com\/fr\/groupes-agents\/agents\/","twitter_misc":{"Est. reading time":"1 minute"},"schema":{"@context":"https:\/\/schema.org","@graph":[{"@type":"WebPage","@id":"https:\/\/www.academiauruguay.com\/fr\/groupes-agents\/agents\/","url":"https:\/\/www.academiauruguay.com\/fr\/groupes-agents\/agents\/","name":"Agents - Academia Uruguay","isPartOf":{"@id":"https:\/\/www.academiauruguay.com\/fr\/#website"},"datePublished":"2013-10-24T11:54:14+00:00","dateModified":"2013-11-03T12:40:56+00:00","breadcrumb":{"@id":"https:\/\/www.academiauruguay.com\/fr\/groupes-agents\/agents\/#breadcrumb"},"inLanguage":"fr-FR","potentialAction":[{"@type":"ReadAction","target":["https:\/\/www.academiauruguay.com\/fr\/groupes-agents\/agents\/"]}]},{"@type":"BreadcrumbList","@id":"https:\/\/www.academiauruguay.com\/fr\/groupes-agents\/agents\/#breadcrumb","itemListElement":[{"@type":"ListItem","position":1,"name":"Home","item":"https:\/\/www.academiauruguay.com\/fr\/"},{"@type":"ListItem","position":2,"name":"Groupes &#038; Agents","item":"https:\/\/www.academiauruguay.com\/fr\/groupes-agents\/"},{"@type":"ListItem","position":3,"name":"Agents"}]},{"@type":"WebSite","@id":"https:\/\/www.academiauruguay.com\/fr\/#website","url":"https:\/\/www.academiauruguay.com\/fr\/","name":"Academia Uruguay","description":"spanish courses","potentialAction":[{"@type":"SearchAction","target":{"@type":"EntryPoint","urlTemplate":"https:\/\/www.academiauruguay.com\/fr\/?s={search_term_string}"},"query-input":{"@type":"PropertyValueSpecification","valueRequired":true,"valueName":"search_term_string"}}],"inLanguage":"fr-FR"}]}},"_links":{"self":[{"href":"https:\/\/www.academiauruguay.com\/fr\/wp-json\/wp\/v2\/pages\/2805","targetHints":{"allow":["GET"]}}],"collection":[{"href":"https:\/\/www.academiauruguay.com\/fr\/wp-json\/wp\/v2\/pages"}],"about":[{"href":"https:\/\/www.academiauruguay.com\/fr\/wp-json\/wp\/v2\/types\/page"}],"author":[{"embeddable":true,"href":"https:\/\/www.academiauruguay.com\/fr\/wp-json\/wp\/v2\/users\/5"}],"replies":[{"embeddable":true,"href":"https:\/\/www.academiauruguay.com\/fr\/wp-json\/wp\/v2\/comments?post=2805"}],"version-history":[{"count":0,"href":"https:\/\/www.academiauruguay.com\/fr\/wp-json\/wp\/v2\/pages\/2805\/revisions"}],"up":[{"embeddable":true,"href":"https:\/\/www.academiauruguay.com\/fr\/wp-json\/wp\/v2\/pages\/2799"}],"wp:attachment":[{"href":"https:\/\/www.academiauruguay.com\/fr\/wp-json\/wp\/v2\/media?parent=2805"}],"curies":[{"name":"wp","href":"https:\/\/api.w.org\/{rel}","templated":true}]}}