
{"id":1631,"date":"2013-10-03T12:43:45","date_gmt":"2013-10-03T12:43:45","guid":{"rendered":"https:\/\/www.academiauruguay.com\/?page_id=1631"},"modified":"2014-11-30T13:51:53","modified_gmt":"2014-11-30T15:51:53","slug":"volontariat","status":"publish","type":"page","link":"https:\/\/www.academiauruguay.com\/fr\/volontariat\/","title":{"rendered":"Volontariat"},"content":{"rendered":"\r\n<p>Travailler comme volontaire constitue une excellente opportunit\u00e9, celle de pratiquer son espagnol tout en apprenant \u00e0 conna\u00eetre la culture uruguayenne de l\u2019int\u00e9rieur.<\/p>\r\n<p>L\u2019Acad\u00e9mie Uruguay offre \u00e0 ses \u00e9tudiants la possibilit\u00e9 de combiner des cours d\u2019espagnol avec un stage de volontariat. Les \u00e9l\u00e8ves peuvent travailler dans diff\u00e9rentes organisations et sur diff\u00e9rents chantiers \u00e0 Montevideo. Ils pourront ainsi d\u00e9couvrir les probl\u00e9matiques qui touchent le public b\u00e9n\u00e9ficiaire de l\u2019organisation avec laquelle ils travaillent. Ils pourront de plus contribuer au d\u00e9veloppement socioculturel de ces personnes gr\u00e2ce \u00e0 une immersion compl\u00e8te.<\/p>\r\n<p><a href=\"https:\/\/www.academiauruguay.com\/wp-content\/uploads\/sites\/3\/2014\/10\/voluntariado-uruguay.jpg\"><img loading=\"lazy\" decoding=\"async\" class=\"aligncenter wp-image-5985 size-large\" src=\"https:\/\/www.academiauruguay.com\/wp-content\/uploads\/sites\/3\/2014\/10\/voluntariado-uruguay-1024x768.jpg\" alt=\"voluntariado uruguay\" width=\"1024\" height=\"768\" data-id=\"5985\" srcset=\"https:\/\/www.academiauruguay.com\/wp-content\/uploads\/sites\/3\/2014\/10\/voluntariado-uruguay-1024x768.jpg 1024w, https:\/\/www.academiauruguay.com\/wp-content\/uploads\/sites\/3\/2014\/10\/voluntariado-uruguay-160x120.jpg 160w, https:\/\/www.academiauruguay.com\/wp-content\/uploads\/sites\/3\/2014\/10\/voluntariado-uruguay-300x225.jpg 300w\" sizes=\"auto, (max-width: 1024px) 100vw, 1024px\" \/><\/a><\/p>\r\n<p>\u00a0Le volontariat est une exp\u00e9rience enrichissante. Etre volontaire, c\u2019est apporter une aide aux personnes qui en ont besoin, c\u2019est faire la diff\u00e9rence dans la vie de quelqu\u2019un. C\u2019est en m\u00eame temps une exp\u00e9rience gratifiante pour le volontaire qui acquiert de nouvelles comp\u00e9tences, rencontre des personnes aux trajectoires diff\u00e9rentes et apprend \u00e0 valoriser et \u00e0 respecter ces diff\u00e9rences. Toute personne peut \u00eatre volontaire et peut laisser un impact positif dans la communaut\u00e9 avec laquelle elle a travaill\u00e9.<\/p>\r\n<p>En peu de mots, \u00eatre volontaire, c\u2019est partager son temps, ses connaissances, ses exp\u00e9riences, ses id\u00e9es et ses comp\u00e9tences sans recevoir de r\u00e9mun\u00e9ration en retour. C\u2019est r\u00e9aliser un acte solidaire en consid\u00e9rant que les actes individuels impliquent un changement plus global, dans un groupe social d\u00e9termin\u00e9.<\/p>\r\n<p>Le programme est disponible <em>gratuitement<\/em> pour les \u00e9tudiants qui remplissent les conditions suivantes :<\/p>\r\n<p>1. Prendre au moins trois semaines de cours d&rsquo;espagnol<\/p>\r\n<p>2. Effectuer un volontariat d\u2019une dur\u00e9e minimum d\u20191 mois minimum<\/p>\r\n<p>3. Avoir un niveau d&rsquo;espagnol interm\u00e9diaire (B1 minimum)<\/p>\r\n<p>Si l&rsquo;\u00e9tudiant a d\u00e9j\u00e0 le niveau interm\u00e9diaire n\u00e9cessaire, il peut d\u00e8s \u00e0 pr\u00e9sent commencer son volontariat en parall\u00e8le du cours d&rsquo;espagnol. S\u2019il n\u2019a pas encore le niveau, nous lui sugg\u00e9rons de suivre plusieurs semaines de cours avant de commencer \u00e0 travailler en tant que volontaire. C\u2019est une exigence indispensable pour que l\u2019\u00e9change interculturel entre la personne en charge de l\u2019organisation, les volontaires et les b\u00e9n\u00e9ficiaires des projets soit r\u00e9ellement tangible.<\/p>\r\n<p>Lorsque l&rsquo;\u00e9l\u00e8ve d\u00e9cide de contacter l\u2019Acad\u00e9mie Uruguay, il doit expliquer quel type de t\u00e2ches il souhaite r\u00e9aliser dans le cadre de projets sociaux et quelles sont ses attentes. Nous lui indiquerons les d\u00e9tails de notre programme et nous lui enverrons diff\u00e9rentes \u00e9valuations pour conna\u00eetre son niveau de langue. Il devra remplir et renvoyer le questionnaire par mail avant son arriv\u00e9e. D\u00e8s r\u00e9ception de son courrier \u00e9lectronique, le niveau du futur volontaire sera d\u00e9termin\u00e9 et nous lui indiquerons s\u2019il peut participer au programme de volontariat en parall\u00e8le ou s\u2019il doit d\u2019abord suivre des cours d\u2019espagnol.<\/p>\r\n<p>Le premier jour, le volontaire rencontre l\u2019organisation et les personnes qui y travaillent. Par la suite, des t\u00e2ches sp\u00e9cifiques lui sont attribu\u00e9es, en fonction des besoins de l\u2019organisation, de sa disponibilit\u00e9, de son niveau d\u2019espagnol et de ses centres d\u2019int\u00e9r\u00eats.<\/p>\r\n<p>Plus le niveau d\u2019espagnol du volontaire s\u2019am\u00e9liorera, plus il lui sera facile de communiquer et de pouvoir effectuer certaines t\u00e2ches. C\u2019est ce qui rendra son exp\u00e9rience plus enrichissante.<\/p>\r\n","protected":false},"excerpt":{"rendered":"<p>Travailler comme volontaire constitue une excellente opportunit\u00e9, celle de pratiquer son espagnol tout en apprenant \u00e0 conna\u00eetre la culture uruguayenne de l\u2019int\u00e9rieur. L\u2019Acad\u00e9mie Uruguay offre \u00e0 ses \u00e9tudiants la possibilit\u00e9 de combiner des cours d\u2019espagnol avec un stage de volontariat. Les \u00e9l\u00e8ves peuvent travailler dans diff\u00e9rentes organisations et sur diff\u00e9rents chantiers \u00e0 Montevideo. Ils pourront [&hellip;]<\/p>\n","protected":false},"author":5,"featured_media":0,"parent":0,"menu_order":38,"comment_status":"closed","ping_status":"closed","template":"","meta":{"footnotes":""},"class_list":["post-1631","page","type-page","status-publish","hentry","entry"],"yoast_head":"<!-- This site is optimized with the Yoast SEO plugin v26.0 - https:\/\/yoast.com\/wordpress\/plugins\/seo\/ -->\n<title>Volontariat - Academia Uruguay<\/title>\n<meta name=\"description\" content=\"Travailler comme volontaire constitue une excellente opportunit\u00e9, celle de pratiquer son espagnol tout en apprenant \u00e0 conna\u00eetre la culture uruguayenne...\" \/>\n<meta name=\"robots\" content=\"index, follow, max-snippet:-1, max-image-preview:large, max-video-preview:-1\" \/>\n<link rel=\"canonical\" href=\"https:\/\/www.academiauruguay.com\/fr\/volontariat\/\" \/>\n<meta name=\"twitter:label1\" content=\"Est. reading time\" \/>\n\t<meta name=\"twitter:data1\" content=\"3 minutes\" \/>\n<script type=\"application\/ld+json\" class=\"yoast-schema-graph\">{\"@context\":\"https:\/\/schema.org\",\"@graph\":[{\"@type\":\"WebPage\",\"@id\":\"https:\/\/www.academiauruguay.com\/fr\/volontariat\/\",\"url\":\"https:\/\/www.academiauruguay.com\/fr\/volontariat\/\",\"name\":\"Volontariat - Academia Uruguay\",\"isPartOf\":{\"@id\":\"https:\/\/www.academiauruguay.com\/fr\/#website\"},\"primaryImageOfPage\":{\"@id\":\"https:\/\/www.academiauruguay.com\/fr\/volontariat\/#primaryimage\"},\"image\":{\"@id\":\"https:\/\/www.academiauruguay.com\/fr\/volontariat\/#primaryimage\"},\"thumbnailUrl\":\"https:\/\/www.academiauruguay.com\/wp-content\/uploads\/sites\/3\/2014\/10\/voluntariado-uruguay-1024x768.jpg\",\"datePublished\":\"2013-10-03T12:43:45+00:00\",\"dateModified\":\"2014-11-30T15:51:53+00:00\",\"description\":\"Travailler comme volontaire constitue une excellente opportunit\u00e9, celle de pratiquer son espagnol tout en apprenant \u00e0 conna\u00eetre la culture uruguayenne...\",\"breadcrumb\":{\"@id\":\"https:\/\/www.academiauruguay.com\/fr\/volontariat\/#breadcrumb\"},\"inLanguage\":\"fr-FR\",\"potentialAction\":[{\"@type\":\"ReadAction\",\"target\":[\"https:\/\/www.academiauruguay.com\/fr\/volontariat\/\"]}]},{\"@type\":\"ImageObject\",\"inLanguage\":\"fr-FR\",\"@id\":\"https:\/\/www.academiauruguay.com\/fr\/volontariat\/#primaryimage\",\"url\":\"https:\/\/www.academiauruguay.com\/wp-content\/uploads\/sites\/3\/2014\/10\/voluntariado-uruguay-1024x768.jpg\",\"contentUrl\":\"https:\/\/www.academiauruguay.com\/wp-content\/uploads\/sites\/3\/2014\/10\/voluntariado-uruguay-1024x768.jpg\"},{\"@type\":\"BreadcrumbList\",\"@id\":\"https:\/\/www.academiauruguay.com\/fr\/volontariat\/#breadcrumb\",\"itemListElement\":[{\"@type\":\"ListItem\",\"position\":1,\"name\":\"Home\",\"item\":\"https:\/\/www.academiauruguay.com\/fr\/\"},{\"@type\":\"ListItem\",\"position\":2,\"name\":\"Volontariat\"}]},{\"@type\":\"WebSite\",\"@id\":\"https:\/\/www.academiauruguay.com\/fr\/#website\",\"url\":\"https:\/\/www.academiauruguay.com\/fr\/\",\"name\":\"Academia Uruguay\",\"description\":\"spanish courses\",\"potentialAction\":[{\"@type\":\"SearchAction\",\"target\":{\"@type\":\"EntryPoint\",\"urlTemplate\":\"https:\/\/www.academiauruguay.com\/fr\/?s={search_term_string}\"},\"query-input\":{\"@type\":\"PropertyValueSpecification\",\"valueRequired\":true,\"valueName\":\"search_term_string\"}}],\"inLanguage\":\"fr-FR\"}]}<\/script>\n<!-- \/ Yoast SEO plugin. -->","yoast_head_json":{"title":"Volontariat - Academia Uruguay","description":"Travailler comme volontaire constitue une excellente opportunit\u00e9, celle de pratiquer son espagnol tout en apprenant \u00e0 conna\u00eetre la culture uruguayenne...","robots":{"index":"index","follow":"follow","max-snippet":"max-snippet:-1","max-image-preview":"max-image-preview:large","max-video-preview":"max-video-preview:-1"},"canonical":"https:\/\/www.academiauruguay.com\/fr\/volontariat\/","twitter_misc":{"Est. reading time":"3 minutes"},"schema":{"@context":"https:\/\/schema.org","@graph":[{"@type":"WebPage","@id":"https:\/\/www.academiauruguay.com\/fr\/volontariat\/","url":"https:\/\/www.academiauruguay.com\/fr\/volontariat\/","name":"Volontariat - Academia Uruguay","isPartOf":{"@id":"https:\/\/www.academiauruguay.com\/fr\/#website"},"primaryImageOfPage":{"@id":"https:\/\/www.academiauruguay.com\/fr\/volontariat\/#primaryimage"},"image":{"@id":"https:\/\/www.academiauruguay.com\/fr\/volontariat\/#primaryimage"},"thumbnailUrl":"https:\/\/www.academiauruguay.com\/wp-content\/uploads\/sites\/3\/2014\/10\/voluntariado-uruguay-1024x768.jpg","datePublished":"2013-10-03T12:43:45+00:00","dateModified":"2014-11-30T15:51:53+00:00","description":"Travailler comme volontaire constitue une excellente opportunit\u00e9, celle de pratiquer son espagnol tout en apprenant \u00e0 conna\u00eetre la culture uruguayenne...","breadcrumb":{"@id":"https:\/\/www.academiauruguay.com\/fr\/volontariat\/#breadcrumb"},"inLanguage":"fr-FR","potentialAction":[{"@type":"ReadAction","target":["https:\/\/www.academiauruguay.com\/fr\/volontariat\/"]}]},{"@type":"ImageObject","inLanguage":"fr-FR","@id":"https:\/\/www.academiauruguay.com\/fr\/volontariat\/#primaryimage","url":"https:\/\/www.academiauruguay.com\/wp-content\/uploads\/sites\/3\/2014\/10\/voluntariado-uruguay-1024x768.jpg","contentUrl":"https:\/\/www.academiauruguay.com\/wp-content\/uploads\/sites\/3\/2014\/10\/voluntariado-uruguay-1024x768.jpg"},{"@type":"BreadcrumbList","@id":"https:\/\/www.academiauruguay.com\/fr\/volontariat\/#breadcrumb","itemListElement":[{"@type":"ListItem","position":1,"name":"Home","item":"https:\/\/www.academiauruguay.com\/fr\/"},{"@type":"ListItem","position":2,"name":"Volontariat"}]},{"@type":"WebSite","@id":"https:\/\/www.academiauruguay.com\/fr\/#website","url":"https:\/\/www.academiauruguay.com\/fr\/","name":"Academia Uruguay","description":"spanish courses","potentialAction":[{"@type":"SearchAction","target":{"@type":"EntryPoint","urlTemplate":"https:\/\/www.academiauruguay.com\/fr\/?s={search_term_string}"},"query-input":{"@type":"PropertyValueSpecification","valueRequired":true,"valueName":"search_term_string"}}],"inLanguage":"fr-FR"}]}},"_links":{"self":[{"href":"https:\/\/www.academiauruguay.com\/fr\/wp-json\/wp\/v2\/pages\/1631","targetHints":{"allow":["GET"]}}],"collection":[{"href":"https:\/\/www.academiauruguay.com\/fr\/wp-json\/wp\/v2\/pages"}],"about":[{"href":"https:\/\/www.academiauruguay.com\/fr\/wp-json\/wp\/v2\/types\/page"}],"author":[{"embeddable":true,"href":"https:\/\/www.academiauruguay.com\/fr\/wp-json\/wp\/v2\/users\/5"}],"replies":[{"embeddable":true,"href":"https:\/\/www.academiauruguay.com\/fr\/wp-json\/wp\/v2\/comments?post=1631"}],"version-history":[{"count":0,"href":"https:\/\/www.academiauruguay.com\/fr\/wp-json\/wp\/v2\/pages\/1631\/revisions"}],"wp:attachment":[{"href":"https:\/\/www.academiauruguay.com\/fr\/wp-json\/wp\/v2\/media?parent=1631"}],"curies":[{"name":"wp","href":"https:\/\/api.w.org\/{rel}","templated":true}]}}