
{"id":1531,"date":"2013-09-30T14:45:13","date_gmt":"2013-09-30T14:45:13","guid":{"rendered":"https:\/\/www.academiauruguay.com\/?page_id=1531"},"modified":"2014-09-11T21:58:09","modified_gmt":"2014-09-12T00:58:09","slug":"football","status":"publish","type":"page","link":"https:\/\/www.academiauruguay.com\/fr\/activites-culturelles\/football\/","title":{"rendered":"Football"},"content":{"rendered":"\r\n<p><a href=\"https:\/\/www.academiauruguay.com\/wp-content\/uploads\/sites\/3\/2014\/09\/football-uruguay-1930.jpg\"><img loading=\"lazy\" decoding=\"async\" class=\"alignleft wp-image-5930 size-full\" src=\"https:\/\/www.academiauruguay.com\/wp-content\/uploads\/sites\/3\/2014\/09\/football-uruguay-1930.jpg\" alt=\"football uruguay 1930\" width=\"400\" height=\"154\" data-id=\"5930\" srcset=\"https:\/\/www.academiauruguay.com\/wp-content\/uploads\/sites\/3\/2014\/09\/football-uruguay-1930.jpg 400w, https:\/\/www.academiauruguay.com\/wp-content\/uploads\/sites\/3\/2014\/09\/football-uruguay-1930-160x61.jpg 160w, https:\/\/www.academiauruguay.com\/wp-content\/uploads\/sites\/3\/2014\/09\/football-uruguay-1930-300x115.jpg 300w\" sizes=\"auto, (max-width: 400px) 100vw, 400px\" \/><\/a>Quel pays peut se vanter d\u2019avoir une histoire footballistique aussi riche que celle de l\u2019Uruguay\u00a0?<\/p>\r\n<p>Au sein de notre Acad\u00e9mie, nous te proposons de participer \u00e0 diff\u00e9rentes activit\u00e9s li\u00e9es \u00e0 l\u2019Histoire du football local.<\/p>\r\n<p><a href=\"https:\/\/www.academiauruguay.com\/wp-content\/uploads\/sites\/3\/2014\/09\/football-champ-uruguay.jpg\"><img loading=\"lazy\" decoding=\"async\" class=\"alignright wp-image-5935\" src=\"https:\/\/www.academiauruguay.com\/wp-content\/uploads\/sites\/3\/2014\/09\/football-champ-uruguay-162x300.jpg\" alt=\"football-champ-uruguay\" width=\"249\" height=\"459\" data-id=\"5935\" srcset=\"https:\/\/www.academiauruguay.com\/wp-content\/uploads\/sites\/3\/2014\/09\/football-champ-uruguay-162x300.jpg 162w, https:\/\/www.academiauruguay.com\/wp-content\/uploads\/sites\/3\/2014\/09\/football-champ-uruguay-86x160.jpg 86w, https:\/\/www.academiauruguay.com\/wp-content\/uploads\/sites\/3\/2014\/09\/football-champ-uruguay.jpg 328w\" sizes=\"auto, (max-width: 249px) 100vw, 249px\" \/><\/a>En 1930, l\u2019Uruguay a re\u00e7u la premi\u00e8re Coupe du Monde de Football organis\u00e9e par la FIFA. Treize pays y ont particip\u00e9.Les matches ont principalement eu lieu dans le stade monumental appel\u00e9 Estadio Centenario. Il a \u00e9t\u00e9 construit par l\u2019architecte Juan Scasso. Situ\u00e9 dans le quartier Parque Battle, sa capacit\u00e9 est de 60\u00a0000 places.<\/p>\r\n<p>Il est indispensable que tu connaisses le Centenario\u00a0: c\u2019est le stade le plus important pour les Uruguayens. Depuis 1983, il est consid\u00e9r\u00e9 comme Monument Historique du Football Mondial. A l\u2019int\u00e9rieur, il y a un commissariat, une \u00e9cole ainsi que le Mus\u00e9e du Football situ\u00e9 aux pieds de la Tribune Olympique.<\/p>\r\n<p>Au moins une fois par mois, nous organisons des visites group\u00e9es au mus\u00e9e. Si tu souhaites le visiter seul, sache qu\u2019il est ouvert du lundi au vendredi, de 10h \u00e0 17h. L\u2019entr\u00e9e co\u00fbte environ 5$. A l\u2019int\u00e9rieur du mus\u00e9e, tu pourras admirer drapeaux, coupes et tenues des \u00e9quipes nationales uruguayennes qui ont gagn\u00e9 la m\u00e9daille d\u2019or aux Jeux Olympiques de 1924 et 1928 mais aussi les coupes du Monde de 1930 et 1950.<\/p>\r\n","protected":false},"excerpt":{"rendered":"<p>Quel pays peut se vanter d\u2019avoir une histoire footballistique aussi riche que celle de l\u2019Uruguay\u00a0? Au sein de notre Acad\u00e9mie, nous te proposons de participer \u00e0 diff\u00e9rentes activit\u00e9s li\u00e9es \u00e0 l\u2019Histoire du football local. En 1930, l\u2019Uruguay a re\u00e7u la premi\u00e8re Coupe du Monde de Football organis\u00e9e par la FIFA. Treize pays y ont particip\u00e9.Les [&hellip;]<\/p>\n","protected":false},"author":5,"featured_media":0,"parent":1400,"menu_order":0,"comment_status":"closed","ping_status":"closed","template":"","meta":{"footnotes":""},"class_list":["post-1531","page","type-page","status-publish","hentry","entry"],"yoast_head":"<!-- This site is optimized with the Yoast SEO plugin v26.0 - https:\/\/yoast.com\/wordpress\/plugins\/seo\/ -->\n<title>Football  - Academia Uruguay<\/title>\n<meta name=\"robots\" content=\"index, follow, max-snippet:-1, max-image-preview:large, max-video-preview:-1\" \/>\n<link rel=\"canonical\" href=\"https:\/\/www.academiauruguay.com\/fr\/activites-culturelles\/football\/\" \/>\n<meta name=\"twitter:label1\" content=\"Est. reading time\" \/>\n\t<meta name=\"twitter:data1\" content=\"1 minute\" \/>\n<script type=\"application\/ld+json\" class=\"yoast-schema-graph\">{\"@context\":\"https:\/\/schema.org\",\"@graph\":[{\"@type\":\"WebPage\",\"@id\":\"https:\/\/www.academiauruguay.com\/fr\/activites-culturelles\/football\/\",\"url\":\"https:\/\/www.academiauruguay.com\/fr\/activites-culturelles\/football\/\",\"name\":\"Football - Academia Uruguay\",\"isPartOf\":{\"@id\":\"https:\/\/www.academiauruguay.com\/fr\/#website\"},\"primaryImageOfPage\":{\"@id\":\"https:\/\/www.academiauruguay.com\/fr\/activites-culturelles\/football\/#primaryimage\"},\"image\":{\"@id\":\"https:\/\/www.academiauruguay.com\/fr\/activites-culturelles\/football\/#primaryimage\"},\"thumbnailUrl\":\"https:\/\/www.academiauruguay.com\/wp-content\/uploads\/sites\/3\/2014\/09\/football-uruguay-1930.jpg\",\"datePublished\":\"2013-09-30T14:45:13+00:00\",\"dateModified\":\"2014-09-12T00:58:09+00:00\",\"breadcrumb\":{\"@id\":\"https:\/\/www.academiauruguay.com\/fr\/activites-culturelles\/football\/#breadcrumb\"},\"inLanguage\":\"fr-FR\",\"potentialAction\":[{\"@type\":\"ReadAction\",\"target\":[\"https:\/\/www.academiauruguay.com\/fr\/activites-culturelles\/football\/\"]}]},{\"@type\":\"ImageObject\",\"inLanguage\":\"fr-FR\",\"@id\":\"https:\/\/www.academiauruguay.com\/fr\/activites-culturelles\/football\/#primaryimage\",\"url\":\"https:\/\/www.academiauruguay.com\/wp-content\/uploads\/sites\/3\/2014\/09\/football-uruguay-1930.jpg\",\"contentUrl\":\"https:\/\/www.academiauruguay.com\/wp-content\/uploads\/sites\/3\/2014\/09\/football-uruguay-1930.jpg\"},{\"@type\":\"BreadcrumbList\",\"@id\":\"https:\/\/www.academiauruguay.com\/fr\/activites-culturelles\/football\/#breadcrumb\",\"itemListElement\":[{\"@type\":\"ListItem\",\"position\":1,\"name\":\"Home\",\"item\":\"https:\/\/www.academiauruguay.com\/fr\/\"},{\"@type\":\"ListItem\",\"position\":2,\"name\":\"Activit\u00e9s culturelles\",\"item\":\"https:\/\/www.academiauruguay.com\/fr\/activites-culturelles\/\"},{\"@type\":\"ListItem\",\"position\":3,\"name\":\"Football\"}]},{\"@type\":\"WebSite\",\"@id\":\"https:\/\/www.academiauruguay.com\/fr\/#website\",\"url\":\"https:\/\/www.academiauruguay.com\/fr\/\",\"name\":\"Academia Uruguay\",\"description\":\"spanish courses\",\"potentialAction\":[{\"@type\":\"SearchAction\",\"target\":{\"@type\":\"EntryPoint\",\"urlTemplate\":\"https:\/\/www.academiauruguay.com\/fr\/?s={search_term_string}\"},\"query-input\":{\"@type\":\"PropertyValueSpecification\",\"valueRequired\":true,\"valueName\":\"search_term_string\"}}],\"inLanguage\":\"fr-FR\"}]}<\/script>\n<!-- \/ Yoast SEO plugin. -->","yoast_head_json":{"title":"Football  - Academia Uruguay","robots":{"index":"index","follow":"follow","max-snippet":"max-snippet:-1","max-image-preview":"max-image-preview:large","max-video-preview":"max-video-preview:-1"},"canonical":"https:\/\/www.academiauruguay.com\/fr\/activites-culturelles\/football\/","twitter_misc":{"Est. reading time":"1 minute"},"schema":{"@context":"https:\/\/schema.org","@graph":[{"@type":"WebPage","@id":"https:\/\/www.academiauruguay.com\/fr\/activites-culturelles\/football\/","url":"https:\/\/www.academiauruguay.com\/fr\/activites-culturelles\/football\/","name":"Football - Academia Uruguay","isPartOf":{"@id":"https:\/\/www.academiauruguay.com\/fr\/#website"},"primaryImageOfPage":{"@id":"https:\/\/www.academiauruguay.com\/fr\/activites-culturelles\/football\/#primaryimage"},"image":{"@id":"https:\/\/www.academiauruguay.com\/fr\/activites-culturelles\/football\/#primaryimage"},"thumbnailUrl":"https:\/\/www.academiauruguay.com\/wp-content\/uploads\/sites\/3\/2014\/09\/football-uruguay-1930.jpg","datePublished":"2013-09-30T14:45:13+00:00","dateModified":"2014-09-12T00:58:09+00:00","breadcrumb":{"@id":"https:\/\/www.academiauruguay.com\/fr\/activites-culturelles\/football\/#breadcrumb"},"inLanguage":"fr-FR","potentialAction":[{"@type":"ReadAction","target":["https:\/\/www.academiauruguay.com\/fr\/activites-culturelles\/football\/"]}]},{"@type":"ImageObject","inLanguage":"fr-FR","@id":"https:\/\/www.academiauruguay.com\/fr\/activites-culturelles\/football\/#primaryimage","url":"https:\/\/www.academiauruguay.com\/wp-content\/uploads\/sites\/3\/2014\/09\/football-uruguay-1930.jpg","contentUrl":"https:\/\/www.academiauruguay.com\/wp-content\/uploads\/sites\/3\/2014\/09\/football-uruguay-1930.jpg"},{"@type":"BreadcrumbList","@id":"https:\/\/www.academiauruguay.com\/fr\/activites-culturelles\/football\/#breadcrumb","itemListElement":[{"@type":"ListItem","position":1,"name":"Home","item":"https:\/\/www.academiauruguay.com\/fr\/"},{"@type":"ListItem","position":2,"name":"Activit\u00e9s culturelles","item":"https:\/\/www.academiauruguay.com\/fr\/activites-culturelles\/"},{"@type":"ListItem","position":3,"name":"Football"}]},{"@type":"WebSite","@id":"https:\/\/www.academiauruguay.com\/fr\/#website","url":"https:\/\/www.academiauruguay.com\/fr\/","name":"Academia Uruguay","description":"spanish courses","potentialAction":[{"@type":"SearchAction","target":{"@type":"EntryPoint","urlTemplate":"https:\/\/www.academiauruguay.com\/fr\/?s={search_term_string}"},"query-input":{"@type":"PropertyValueSpecification","valueRequired":true,"valueName":"search_term_string"}}],"inLanguage":"fr-FR"}]}},"_links":{"self":[{"href":"https:\/\/www.academiauruguay.com\/fr\/wp-json\/wp\/v2\/pages\/1531","targetHints":{"allow":["GET"]}}],"collection":[{"href":"https:\/\/www.academiauruguay.com\/fr\/wp-json\/wp\/v2\/pages"}],"about":[{"href":"https:\/\/www.academiauruguay.com\/fr\/wp-json\/wp\/v2\/types\/page"}],"author":[{"embeddable":true,"href":"https:\/\/www.academiauruguay.com\/fr\/wp-json\/wp\/v2\/users\/5"}],"replies":[{"embeddable":true,"href":"https:\/\/www.academiauruguay.com\/fr\/wp-json\/wp\/v2\/comments?post=1531"}],"version-history":[{"count":0,"href":"https:\/\/www.academiauruguay.com\/fr\/wp-json\/wp\/v2\/pages\/1531\/revisions"}],"up":[{"embeddable":true,"href":"https:\/\/www.academiauruguay.com\/fr\/wp-json\/wp\/v2\/pages\/1400"}],"wp:attachment":[{"href":"https:\/\/www.academiauruguay.com\/fr\/wp-json\/wp\/v2\/media?parent=1531"}],"curies":[{"name":"wp","href":"https:\/\/api.w.org\/{rel}","templated":true}]}}