
{"id":1402,"date":"2013-09-28T21:18:54","date_gmt":"2013-09-28T21:18:54","guid":{"rendered":"https:\/\/www.academiauruguay.com\/?page_id=1402"},"modified":"2014-10-06T15:08:36","modified_gmt":"2014-10-06T17:08:36","slug":"montevideo-uruguay","status":"publish","type":"page","link":"https:\/\/www.academiauruguay.com\/fr\/montevideo-uruguay\/","title":{"rendered":"Montevideo &#038; Uruguay"},"content":{"rendered":"\r\n<p>Donc&#8230;vous cherchez plus de renseignements sur Montevideo\u00a0et l&rsquo;Uruguay? Alors, vous avez trouv\u00e9 le bon endroit\u00a0! Sur votre gauche vous trouverez un plan des r\u00e9gions de l&rsquo;Uruguay. Si vous passez avec le souris vous aurez un premier aper\u00e7u de la diversit\u00e9 du pays.<\/p>\r\n<p>Dans le menu en haut de la page vous avez acc\u00e8s aux descriptions d\u2019excursions et voyages, courts et longs, en Uruguay, aux informations sur Montevideo\u00a0et \u00e0 nos recommandations pour que votre s\u00e9jour soit encore plus agr\u00e9able.<\/p>\r\n","protected":false},"excerpt":{"rendered":"<p>Donc&#8230;vous cherchez plus de renseignements sur Montevideo\u00a0et l&rsquo;Uruguay? Alors, vous avez trouv\u00e9 le bon endroit\u00a0! Sur votre gauche vous trouverez un plan des r\u00e9gions de l&rsquo;Uruguay. Si vous passez avec le souris vous aurez un premier aper\u00e7u de la diversit\u00e9 du pays. Dans le menu en haut de la page vous avez acc\u00e8s aux descriptions [&hellip;]<\/p>\n","protected":false},"author":5,"featured_media":0,"parent":0,"menu_order":38,"comment_status":"closed","ping_status":"closed","template":"bsas-and-arg.php","meta":{"footnotes":""},"class_list":["post-1402","page","type-page","status-publish","hentry","entry"],"yoast_head":"<!-- This site is optimized with the Yoast SEO plugin v26.0 - https:\/\/yoast.com\/wordpress\/plugins\/seo\/ -->\n<title>Montevideo &amp; Uruguay - Academia Uruguay<\/title>\n<meta name=\"robots\" content=\"index, follow, max-snippet:-1, max-image-preview:large, max-video-preview:-1\" \/>\n<link rel=\"canonical\" href=\"https:\/\/www.academiauruguay.com\/fr\/montevideo-uruguay\/\" \/>\n<script type=\"application\/ld+json\" class=\"yoast-schema-graph\">{\"@context\":\"https:\/\/schema.org\",\"@graph\":[{\"@type\":\"WebPage\",\"@id\":\"https:\/\/www.academiauruguay.com\/fr\/montevideo-uruguay\/\",\"url\":\"https:\/\/www.academiauruguay.com\/fr\/montevideo-uruguay\/\",\"name\":\"Montevideo & Uruguay - Academia Uruguay\",\"isPartOf\":{\"@id\":\"https:\/\/www.academiauruguay.com\/fr\/#website\"},\"datePublished\":\"2013-09-28T21:18:54+00:00\",\"dateModified\":\"2014-10-06T17:08:36+00:00\",\"breadcrumb\":{\"@id\":\"https:\/\/www.academiauruguay.com\/fr\/montevideo-uruguay\/#breadcrumb\"},\"inLanguage\":\"fr-FR\",\"potentialAction\":[{\"@type\":\"ReadAction\",\"target\":[\"https:\/\/www.academiauruguay.com\/fr\/montevideo-uruguay\/\"]}]},{\"@type\":\"BreadcrumbList\",\"@id\":\"https:\/\/www.academiauruguay.com\/fr\/montevideo-uruguay\/#breadcrumb\",\"itemListElement\":[{\"@type\":\"ListItem\",\"position\":1,\"name\":\"Home\",\"item\":\"https:\/\/www.academiauruguay.com\/fr\/\"},{\"@type\":\"ListItem\",\"position\":2,\"name\":\"Montevideo &#038; Uruguay\"}]},{\"@type\":\"WebSite\",\"@id\":\"https:\/\/www.academiauruguay.com\/fr\/#website\",\"url\":\"https:\/\/www.academiauruguay.com\/fr\/\",\"name\":\"Academia Uruguay\",\"description\":\"spanish courses\",\"potentialAction\":[{\"@type\":\"SearchAction\",\"target\":{\"@type\":\"EntryPoint\",\"urlTemplate\":\"https:\/\/www.academiauruguay.com\/fr\/?s={search_term_string}\"},\"query-input\":{\"@type\":\"PropertyValueSpecification\",\"valueRequired\":true,\"valueName\":\"search_term_string\"}}],\"inLanguage\":\"fr-FR\"}]}<\/script>\n<!-- \/ Yoast SEO plugin. -->","yoast_head_json":{"title":"Montevideo & Uruguay - Academia Uruguay","robots":{"index":"index","follow":"follow","max-snippet":"max-snippet:-1","max-image-preview":"max-image-preview:large","max-video-preview":"max-video-preview:-1"},"canonical":"https:\/\/www.academiauruguay.com\/fr\/montevideo-uruguay\/","schema":{"@context":"https:\/\/schema.org","@graph":[{"@type":"WebPage","@id":"https:\/\/www.academiauruguay.com\/fr\/montevideo-uruguay\/","url":"https:\/\/www.academiauruguay.com\/fr\/montevideo-uruguay\/","name":"Montevideo & Uruguay - Academia Uruguay","isPartOf":{"@id":"https:\/\/www.academiauruguay.com\/fr\/#website"},"datePublished":"2013-09-28T21:18:54+00:00","dateModified":"2014-10-06T17:08:36+00:00","breadcrumb":{"@id":"https:\/\/www.academiauruguay.com\/fr\/montevideo-uruguay\/#breadcrumb"},"inLanguage":"fr-FR","potentialAction":[{"@type":"ReadAction","target":["https:\/\/www.academiauruguay.com\/fr\/montevideo-uruguay\/"]}]},{"@type":"BreadcrumbList","@id":"https:\/\/www.academiauruguay.com\/fr\/montevideo-uruguay\/#breadcrumb","itemListElement":[{"@type":"ListItem","position":1,"name":"Home","item":"https:\/\/www.academiauruguay.com\/fr\/"},{"@type":"ListItem","position":2,"name":"Montevideo &#038; Uruguay"}]},{"@type":"WebSite","@id":"https:\/\/www.academiauruguay.com\/fr\/#website","url":"https:\/\/www.academiauruguay.com\/fr\/","name":"Academia Uruguay","description":"spanish courses","potentialAction":[{"@type":"SearchAction","target":{"@type":"EntryPoint","urlTemplate":"https:\/\/www.academiauruguay.com\/fr\/?s={search_term_string}"},"query-input":{"@type":"PropertyValueSpecification","valueRequired":true,"valueName":"search_term_string"}}],"inLanguage":"fr-FR"}]}},"_links":{"self":[{"href":"https:\/\/www.academiauruguay.com\/fr\/wp-json\/wp\/v2\/pages\/1402","targetHints":{"allow":["GET"]}}],"collection":[{"href":"https:\/\/www.academiauruguay.com\/fr\/wp-json\/wp\/v2\/pages"}],"about":[{"href":"https:\/\/www.academiauruguay.com\/fr\/wp-json\/wp\/v2\/types\/page"}],"author":[{"embeddable":true,"href":"https:\/\/www.academiauruguay.com\/fr\/wp-json\/wp\/v2\/users\/5"}],"replies":[{"embeddable":true,"href":"https:\/\/www.academiauruguay.com\/fr\/wp-json\/wp\/v2\/comments?post=1402"}],"version-history":[{"count":0,"href":"https:\/\/www.academiauruguay.com\/fr\/wp-json\/wp\/v2\/pages\/1402\/revisions"}],"wp:attachment":[{"href":"https:\/\/www.academiauruguay.com\/fr\/wp-json\/wp\/v2\/media?parent=1402"}],"curies":[{"name":"wp","href":"https:\/\/api.w.org\/{rel}","templated":true}]}}