
{"id":1087,"date":"2013-09-20T09:29:18","date_gmt":"2013-09-20T09:29:18","guid":{"rendered":"https:\/\/www.academiauruguay.com\/?page_id=1087"},"modified":"2025-01-09T15:47:40","modified_gmt":"2025-01-09T18:47:40","slug":"agree-institut-cervantes","status":"publish","type":"page","link":"https:\/\/www.academiauruguay.com\/fr\/linstitut\/agree-institut-cervantes\/","title":{"rendered":"Agr\u00e9\u00e9 Institut Cervantes"},"content":{"rendered":"<div class=\"wp-block-image\">\n<figure class=\"alignright\"><a href=\"https:\/\/acreditacion.cervantes.es\/ \" target=\"_blank\" rel=\"noopener\"><img loading=\"lazy\" decoding=\"async\" width=\"160\" height=\"132\" src=\"https:\/\/www.academiauruguay.com\/wp-content\/uploads\/sites\/3\/2014\/08\/Acredita2-160x132.jpg\" alt=\"Acredita2\" class=\"wp-image-4796\" srcset=\"https:\/\/www.academiauruguay.com\/wp-content\/uploads\/sites\/3\/2014\/08\/Acredita2-160x132.jpg 160w, https:\/\/www.academiauruguay.com\/wp-content\/uploads\/sites\/3\/2014\/08\/Acredita2-338x279.jpg 338w, https:\/\/www.academiauruguay.com\/wp-content\/uploads\/sites\/3\/2014\/08\/Acredita2.jpg 837w\" sizes=\"auto, (max-width: 160px) 100vw, 160px\" \/><\/a><\/figure><\/div>\n\n\n<p><strong>L\u2019Acad\u00e9mie Uruguay (situ\u00e9e \u00e0 Montevideo) est un centre agr\u00e9\u00e9 de l&rsquo;Instituto Cervantes de l&rsquo;Espagne<\/strong>.<\/p>\n\n\n\n<p>L&rsquo;Institut Cervantes est une institution publique cr\u00e9\u00e9e en Espagne en 1991 pour la promotion et l&rsquo;enseignement de la langue espagnole et de la culture hispanique.Le r\u00e9seau d&rsquo;institutions partenaires est pr\u00e9sent dans 77 villes, 44 pays et 5 continents. La qualit\u00e9 de ces institutions a \u00e9t\u00e9 officiellement reconnue par l&rsquo;Institut Cervantes.<\/p>\n\n\n\n<p>Cette accr\u00e9ditation assure aux \u00e9tudiants le niveau d&rsquo;excellence institutionnel ainsi qu\u2019une am\u00e9lioration continue de leurs connaissances.<\/p>\n\n\n\n<p>Pourquoi \u00e9tudier dans un centre accr\u00e9dit\u00e9 par l&rsquo;Institut Cervantes ?<br>Les Centres de langue accr\u00e9dit\u00e9s :<br>&#8211; Sont conformes \u00e0 la r\u00e9glementation et la qualit\u00e9 exig\u00e9es par l&rsquo;Institut Cervantes pour l&rsquo;enseignement de l&rsquo;espagnol comme langue \u00e9trang\u00e8re.<br>&#8211; Disposent de ressources appropri\u00e9es \u00e0 l&rsquo;enseignement de l\u2019espagnol.<br>&#8211; B\u00e9n\u00e9ficient d\u2019une \u00e9quipe d&rsquo;enseignants ayant re\u00e7u une formation et des \u00e9tudes appropri\u00e9es \u00e0 l\u2019enseignement de l\u2019espagnol langue \u00e9trang\u00e8re.<br>&#8211; Ont un programme d\u2019enseignement garantissant la progression des \u00e9tudiants.<br>&#8211; Fixent un nombre maximum d&rsquo;\u00e9l\u00e8ves par classe.<br>&#8211; La publicit\u00e9 qu\u2019ils font de leurs services est conforme \u00e0 la r\u00e9alit\u00e9 de leur enseignement <br>&#8211; Etablissent avec clart\u00e9 les prix des cours et des services auxiliaires.<\/p>\n\n\n\n<p>L&rsquo;Institut Cervantes renouvelle ses accr\u00e9ditations tous les trois ans.<\/p>\n","protected":false},"excerpt":{"rendered":"<p>L\u2019Acad\u00e9mie Uruguay (situ\u00e9e \u00e0 Montevideo) est un centre agr\u00e9\u00e9 de l&rsquo;Instituto Cervantes de l&rsquo;Espagne. L&rsquo;Institut Cervantes est une institution publique cr\u00e9\u00e9e en Espagne en 1991 pour la promotion et l&rsquo;enseignement de la langue espagnole et de la culture hispanique.Le r\u00e9seau d&rsquo;institutions partenaires est pr\u00e9sent dans 77 villes, 44 pays et 5 continents. La qualit\u00e9 de [&hellip;]<\/p>\n","protected":false},"author":5,"featured_media":0,"parent":955,"menu_order":17,"comment_status":"open","ping_status":"open","template":"","meta":{"footnotes":""},"class_list":["post-1087","page","type-page","status-publish","hentry","entry"],"yoast_head":"<!-- This site is optimized with the Yoast SEO plugin v26.0 - https:\/\/yoast.com\/wordpress\/plugins\/seo\/ -->\n<title>Instituto Cervantes Montevideo - Academia Uruguay<\/title>\n<meta name=\"description\" content=\"L\u2019Acad\u00e9mie Uruguay (situ\u00e9e \u00e0 Montevideo) est un centre agr\u00e9\u00e9 de l&#039;Instituto Cervantes de l&#039;Espagne.\" \/>\n<meta name=\"robots\" content=\"index, follow, max-snippet:-1, max-image-preview:large, max-video-preview:-1\" \/>\n<link rel=\"canonical\" href=\"https:\/\/www.academiauruguay.com\/fr\/linstitut\/agree-institut-cervantes\/\" \/>\n<meta name=\"twitter:label1\" content=\"Est. reading time\" \/>\n\t<meta name=\"twitter:data1\" content=\"2 minutes\" \/>\n<script type=\"application\/ld+json\" class=\"yoast-schema-graph\">{\"@context\":\"https:\/\/schema.org\",\"@graph\":[{\"@type\":\"WebPage\",\"@id\":\"https:\/\/www.academiauruguay.com\/fr\/linstitut\/agree-institut-cervantes\/\",\"url\":\"https:\/\/www.academiauruguay.com\/fr\/linstitut\/agree-institut-cervantes\/\",\"name\":\"Instituto Cervantes Montevideo - Academia Uruguay\",\"isPartOf\":{\"@id\":\"https:\/\/www.academiauruguay.com\/fr\/#website\"},\"primaryImageOfPage\":{\"@id\":\"https:\/\/www.academiauruguay.com\/fr\/linstitut\/agree-institut-cervantes\/#primaryimage\"},\"image\":{\"@id\":\"https:\/\/www.academiauruguay.com\/fr\/linstitut\/agree-institut-cervantes\/#primaryimage\"},\"thumbnailUrl\":\"https:\/\/www.academiauruguay.com\/wp-content\/uploads\/sites\/3\/2014\/08\/Acredita2-160x132.jpg\",\"datePublished\":\"2013-09-20T09:29:18+00:00\",\"dateModified\":\"2025-01-09T18:47:40+00:00\",\"description\":\"L\u2019Acad\u00e9mie Uruguay (situ\u00e9e \u00e0 Montevideo) est un centre agr\u00e9\u00e9 de l'Instituto Cervantes de l'Espagne.\",\"breadcrumb\":{\"@id\":\"https:\/\/www.academiauruguay.com\/fr\/linstitut\/agree-institut-cervantes\/#breadcrumb\"},\"inLanguage\":\"fr-FR\",\"potentialAction\":[{\"@type\":\"ReadAction\",\"target\":[\"https:\/\/www.academiauruguay.com\/fr\/linstitut\/agree-institut-cervantes\/\"]}]},{\"@type\":\"ImageObject\",\"inLanguage\":\"fr-FR\",\"@id\":\"https:\/\/www.academiauruguay.com\/fr\/linstitut\/agree-institut-cervantes\/#primaryimage\",\"url\":\"https:\/\/www.academiauruguay.com\/wp-content\/uploads\/sites\/3\/2014\/08\/Acredita2-160x132.jpg\",\"contentUrl\":\"https:\/\/www.academiauruguay.com\/wp-content\/uploads\/sites\/3\/2014\/08\/Acredita2-160x132.jpg\"},{\"@type\":\"BreadcrumbList\",\"@id\":\"https:\/\/www.academiauruguay.com\/fr\/linstitut\/agree-institut-cervantes\/#breadcrumb\",\"itemListElement\":[{\"@type\":\"ListItem\",\"position\":1,\"name\":\"Home\",\"item\":\"https:\/\/www.academiauruguay.com\/fr\/\"},{\"@type\":\"ListItem\",\"position\":2,\"name\":\"L\u2019Institut\",\"item\":\"https:\/\/www.academiauruguay.com\/fr\/linstitut\/\"},{\"@type\":\"ListItem\",\"position\":3,\"name\":\"Agr\u00e9\u00e9 Institut Cervantes\"}]},{\"@type\":\"WebSite\",\"@id\":\"https:\/\/www.academiauruguay.com\/fr\/#website\",\"url\":\"https:\/\/www.academiauruguay.com\/fr\/\",\"name\":\"Academia Uruguay\",\"description\":\"spanish courses\",\"potentialAction\":[{\"@type\":\"SearchAction\",\"target\":{\"@type\":\"EntryPoint\",\"urlTemplate\":\"https:\/\/www.academiauruguay.com\/fr\/?s={search_term_string}\"},\"query-input\":{\"@type\":\"PropertyValueSpecification\",\"valueRequired\":true,\"valueName\":\"search_term_string\"}}],\"inLanguage\":\"fr-FR\"}]}<\/script>\n<!-- \/ Yoast SEO plugin. -->","yoast_head_json":{"title":"Instituto Cervantes Montevideo - Academia Uruguay","description":"L\u2019Acad\u00e9mie Uruguay (situ\u00e9e \u00e0 Montevideo) est un centre agr\u00e9\u00e9 de l'Instituto Cervantes de l'Espagne.","robots":{"index":"index","follow":"follow","max-snippet":"max-snippet:-1","max-image-preview":"max-image-preview:large","max-video-preview":"max-video-preview:-1"},"canonical":"https:\/\/www.academiauruguay.com\/fr\/linstitut\/agree-institut-cervantes\/","twitter_misc":{"Est. reading time":"2 minutes"},"schema":{"@context":"https:\/\/schema.org","@graph":[{"@type":"WebPage","@id":"https:\/\/www.academiauruguay.com\/fr\/linstitut\/agree-institut-cervantes\/","url":"https:\/\/www.academiauruguay.com\/fr\/linstitut\/agree-institut-cervantes\/","name":"Instituto Cervantes Montevideo - Academia Uruguay","isPartOf":{"@id":"https:\/\/www.academiauruguay.com\/fr\/#website"},"primaryImageOfPage":{"@id":"https:\/\/www.academiauruguay.com\/fr\/linstitut\/agree-institut-cervantes\/#primaryimage"},"image":{"@id":"https:\/\/www.academiauruguay.com\/fr\/linstitut\/agree-institut-cervantes\/#primaryimage"},"thumbnailUrl":"https:\/\/www.academiauruguay.com\/wp-content\/uploads\/sites\/3\/2014\/08\/Acredita2-160x132.jpg","datePublished":"2013-09-20T09:29:18+00:00","dateModified":"2025-01-09T18:47:40+00:00","description":"L\u2019Acad\u00e9mie Uruguay (situ\u00e9e \u00e0 Montevideo) est un centre agr\u00e9\u00e9 de l'Instituto Cervantes de l'Espagne.","breadcrumb":{"@id":"https:\/\/www.academiauruguay.com\/fr\/linstitut\/agree-institut-cervantes\/#breadcrumb"},"inLanguage":"fr-FR","potentialAction":[{"@type":"ReadAction","target":["https:\/\/www.academiauruguay.com\/fr\/linstitut\/agree-institut-cervantes\/"]}]},{"@type":"ImageObject","inLanguage":"fr-FR","@id":"https:\/\/www.academiauruguay.com\/fr\/linstitut\/agree-institut-cervantes\/#primaryimage","url":"https:\/\/www.academiauruguay.com\/wp-content\/uploads\/sites\/3\/2014\/08\/Acredita2-160x132.jpg","contentUrl":"https:\/\/www.academiauruguay.com\/wp-content\/uploads\/sites\/3\/2014\/08\/Acredita2-160x132.jpg"},{"@type":"BreadcrumbList","@id":"https:\/\/www.academiauruguay.com\/fr\/linstitut\/agree-institut-cervantes\/#breadcrumb","itemListElement":[{"@type":"ListItem","position":1,"name":"Home","item":"https:\/\/www.academiauruguay.com\/fr\/"},{"@type":"ListItem","position":2,"name":"L\u2019Institut","item":"https:\/\/www.academiauruguay.com\/fr\/linstitut\/"},{"@type":"ListItem","position":3,"name":"Agr\u00e9\u00e9 Institut Cervantes"}]},{"@type":"WebSite","@id":"https:\/\/www.academiauruguay.com\/fr\/#website","url":"https:\/\/www.academiauruguay.com\/fr\/","name":"Academia Uruguay","description":"spanish courses","potentialAction":[{"@type":"SearchAction","target":{"@type":"EntryPoint","urlTemplate":"https:\/\/www.academiauruguay.com\/fr\/?s={search_term_string}"},"query-input":{"@type":"PropertyValueSpecification","valueRequired":true,"valueName":"search_term_string"}}],"inLanguage":"fr-FR"}]}},"_links":{"self":[{"href":"https:\/\/www.academiauruguay.com\/fr\/wp-json\/wp\/v2\/pages\/1087","targetHints":{"allow":["GET"]}}],"collection":[{"href":"https:\/\/www.academiauruguay.com\/fr\/wp-json\/wp\/v2\/pages"}],"about":[{"href":"https:\/\/www.academiauruguay.com\/fr\/wp-json\/wp\/v2\/types\/page"}],"author":[{"embeddable":true,"href":"https:\/\/www.academiauruguay.com\/fr\/wp-json\/wp\/v2\/users\/5"}],"replies":[{"embeddable":true,"href":"https:\/\/www.academiauruguay.com\/fr\/wp-json\/wp\/v2\/comments?post=1087"}],"version-history":[{"count":0,"href":"https:\/\/www.academiauruguay.com\/fr\/wp-json\/wp\/v2\/pages\/1087\/revisions"}],"up":[{"embeddable":true,"href":"https:\/\/www.academiauruguay.com\/fr\/wp-json\/wp\/v2\/pages\/955"}],"wp:attachment":[{"href":"https:\/\/www.academiauruguay.com\/fr\/wp-json\/wp\/v2\/media?parent=1087"}],"curies":[{"name":"wp","href":"https:\/\/api.w.org\/{rel}","templated":true}]}}