
{"id":5427,"date":"2014-09-06T17:38:32","date_gmt":"2014-09-06T20:38:32","guid":{"rendered":"https:\/\/www.academiauruguay.com\/?page_id=5427"},"modified":"2024-03-14T15:30:45","modified_gmt":"2024-03-14T18:30:45","slug":"el-edificio","status":"publish","type":"page","link":"https:\/\/www.academiauruguay.com\/es\/la-academia\/el-edificio\/","title":{"rendered":"El edificio"},"content":{"rendered":"\r\n<p><span style=\"font-weight: 400;\">Desde sus inicios, en 2007, Academia Uruguay ha ocupado edificios hist\u00f3ricos en el barrio Ciudad Vieja. Inicialmente la escuela se encontraba en el primer piso de una casa colonial construida entre 1850 y 1860, ubicada en la esquina de Juan Carlos G\u00f3mez y Rinc\u00f3n.<\/span><\/p>\r\n<p><span style=\"font-weight: 400;\">En julio de 2022 Academia Uruguay se mud\u00f3 a su nueva ubicaci\u00f3n en la calle Juan Carlos G\u00f3mez 1459 esquina 25 de Mayo. Para no interrumpir su tradici\u00f3n, el edificio que ahora\u00a0 es sede de la escuela es de estilo Art Nouveau y fue construido en 1918 por el arquitecto Humberto Pittamiglio y el ingeniero Adolfo Shaw. Inicialmente, la planta baja, el primer piso y segundo piso estaban destinados a una tienda por departamentos llamada Tienda Elegancias; mientras que el tercer piso, actualmente ocupado por Academia Uruguay, estaba destinado a vivienda.\u00a0<\/span><\/p>\r\n<p><span style=\"font-weight: 400;\"><a href=\"http:\/\/www.academiauruguay.com\/wp-content\/uploads\/sites\/3\/2014\/09\/academ.jpg\"><img loading=\"lazy\" decoding=\"async\" class=\"aligncenter size-large wp-image-10136\" src=\"http:\/\/www.academiauruguay.com\/wp-content\/uploads\/sites\/3\/2014\/09\/academ-1024x576.jpg\" alt=\"academ\" width=\"1024\" height=\"576\" data-id=\"10136\" srcset=\"https:\/\/www.academiauruguay.com\/wp-content\/uploads\/sites\/3\/2014\/09\/academ-1024x576.jpg 1024w, https:\/\/www.academiauruguay.com\/wp-content\/uploads\/sites\/3\/2014\/09\/academ-160x90.jpg 160w, https:\/\/www.academiauruguay.com\/wp-content\/uploads\/sites\/3\/2014\/09\/academ-300x169.jpg 300w, https:\/\/www.academiauruguay.com\/wp-content\/uploads\/sites\/3\/2014\/09\/academ.jpg 1600w\" sizes=\"auto, (max-width: 1024px) 100vw, 1024px\" \/><\/a>Las tiendas por departamentos eran construcciones de gran tama\u00f1o que brindaban a sus clientes una amplia variedad de productos y cubr\u00edan un vasto espectro de necesidades. En ellas se pod\u00eda encontrar vestimenta, art\u00edculos para el hogar, muebles, objetos de decoraci\u00f3n, entre otros. Sol\u00edan ubicarse estrat\u00e9gicamente en el centro de la ciudad, zonas importantes y de gran tr\u00e1nsito de personas. Eran edificios amplios, de varios pisos en los que se divid\u00edan las diferentes secciones de la tienda seg\u00fan el producto ofrecido.<\/span><span style=\"font-weight: 400;\"><br \/><\/span><span style=\"font-weight: 400;\"><br \/><\/span><span style=\"font-weight: 400;\"><a href=\"http:\/\/www.academiauruguay.com\/wp-content\/uploads\/sites\/3\/2014\/09\/academ22.jpg\"><img loading=\"lazy\" decoding=\"async\" class=\"alignleft size-medium wp-image-10146\" src=\"http:\/\/www.academiauruguay.com\/wp-content\/uploads\/sites\/3\/2014\/09\/academ22-203x300.jpg\" alt=\"academ22\" width=\"203\" height=\"300\" data-id=\"10146\" srcset=\"https:\/\/www.academiauruguay.com\/wp-content\/uploads\/sites\/3\/2014\/09\/academ22-203x300.jpg 203w, https:\/\/www.academiauruguay.com\/wp-content\/uploads\/sites\/3\/2014\/09\/academ22-108x160.jpg 108w, https:\/\/www.academiauruguay.com\/wp-content\/uploads\/sites\/3\/2014\/09\/academ22.jpg 400w\" sizes=\"auto, (max-width: 203px) 100vw, 203px\" \/><\/a>Las tiendas por departamentos surgen en el mundo a partir del importante crecimiento de la sociedad de consumo durante el siglo XIX. La Revoluci\u00f3n Industrial aceler\u00f3 la expansi\u00f3n econ\u00f3mica y foment\u00f3 el desarrollo de la clase media; en consecuencia se produjo un aumento de la venta por menor. La creciente prosperidad y la movilidad social incrementaron la cantidad de personas con ingresos extra disponibles, al mismo tiempo que salir a mirar las vidrieras de los comercios se consideraba una actividad de ocio. Algunos ejemplos de tiendas por departamentos en el mundo son: la tienda Galer\u00edas Lafayette, en Par\u00eds, inaugurada en 1893 por Th\u00e9ophile Bader y Alphonse Kahn, la tienda Harrods, en Londres, fundada en el a\u00f1o 1834 por Charles Henry Harrod, la tienda Macy\u2019s, en Nueva York, que comenz\u00f3 su actividad en 1858, entre otras.<\/span><\/p>\r\n<p><span style=\"font-weight: 400;\">La primera mitad del siglo XX fue el tiempo de auge de las tiendas por departamentos que se establecieron en Montevideo. Estas surgieron como reflejo de las que ya exist\u00edan en Par\u00eds y Londres y posteriormente se extendieron por otras capitales europeas y estadounidenses. Se trat\u00f3 de un sistema comercial revolucionario para la \u00e9poca que hizo necesaria la construcci\u00f3n de edificios de grandes proporciones que ten\u00edan amplias vidrieras aptas para exhibir los productos de moda. En este contexto se construy\u00f3 el edificio destinado a Tiendas Elegancia, hoy Academia Uruguay.<\/span><\/p>\r\n<p><span style=\"font-weight: 400;\">En 2022\u00a0Academia Uruguay empez\u00f3 a ocupar el tercer piso del edificio antes mencionado y entre 2017 y 2022 fue reciclado completamente sin perder su estilo original. Se hizo especial hincapi\u00e9 en mantener elementos de \u00e9poca como la claraboya de hierro forjado que ilumina el patio central, el ascensor de madera que data de principios de siglo XX, los pisos calc\u00e1reos, las molduras de los techos, etc. A continuaci\u00f3n compartimos algunas fotos del antes y del despu\u00e9s.\u00a0<\/span><\/p>\r\n<p><a href=\"http:\/\/www.academiauruguay.com\/wp-content\/uploads\/sites\/3\/2014\/09\/antes.jpg\"><img loading=\"lazy\" decoding=\"async\" class=\"aligncenter size-full wp-image-10126\" src=\"http:\/\/www.academiauruguay.com\/wp-content\/uploads\/sites\/3\/2014\/09\/antes.jpg\" alt=\"antes\" width=\"600\" height=\"1200\" data-id=\"10126\" srcset=\"https:\/\/www.academiauruguay.com\/wp-content\/uploads\/sites\/3\/2014\/09\/antes.jpg 600w, https:\/\/www.academiauruguay.com\/wp-content\/uploads\/sites\/3\/2014\/09\/antes-80x160.jpg 80w, https:\/\/www.academiauruguay.com\/wp-content\/uploads\/sites\/3\/2014\/09\/antes-150x300.jpg 150w, https:\/\/www.academiauruguay.com\/wp-content\/uploads\/sites\/3\/2014\/09\/antes-512x1024.jpg 512w\" sizes=\"auto, (max-width: 600px) 100vw, 600px\" \/><\/a><\/p>\r\n","protected":false},"excerpt":{"rendered":"<p>Desde sus inicios, en 2007, Academia Uruguay ha ocupado edificios hist\u00f3ricos en el barrio Ciudad Vieja. Inicialmente la escuela se encontraba en el primer piso de una casa colonial construida entre 1850 y 1860, ubicada en la esquina de Juan Carlos G\u00f3mez y Rinc\u00f3n. En julio de 2022 Academia Uruguay se mud\u00f3 a su nueva [&hellip;]<\/p>\n","protected":false},"author":5,"featured_media":0,"parent":1059,"menu_order":0,"comment_status":"closed","ping_status":"closed","template":"","meta":{"footnotes":""},"class_list":["post-5427","page","type-page","status-publish","hentry","entry"],"yoast_head":"<!-- This site is optimized with the Yoast SEO plugin v26.0 - https:\/\/yoast.com\/wordpress\/plugins\/seo\/ -->\n<title>El edificio - Academia Uruguay<\/title>\n<meta name=\"robots\" content=\"index, follow, max-snippet:-1, max-image-preview:large, max-video-preview:-1\" \/>\n<link rel=\"canonical\" href=\"https:\/\/www.academiauruguay.com\/es\/la-academia\/el-edificio\/\" \/>\n<meta name=\"twitter:label1\" content=\"Est. reading time\" \/>\n\t<meta name=\"twitter:data1\" content=\"3 minutes\" \/>\n<script type=\"application\/ld+json\" class=\"yoast-schema-graph\">{\"@context\":\"https:\/\/schema.org\",\"@graph\":[{\"@type\":\"WebPage\",\"@id\":\"https:\/\/www.academiauruguay.com\/es\/la-academia\/el-edificio\/\",\"url\":\"https:\/\/www.academiauruguay.com\/es\/la-academia\/el-edificio\/\",\"name\":\"El edificio - Academia Uruguay\",\"isPartOf\":{\"@id\":\"https:\/\/www.academiauruguay.com\/es\/#website\"},\"primaryImageOfPage\":{\"@id\":\"https:\/\/www.academiauruguay.com\/es\/la-academia\/el-edificio\/#primaryimage\"},\"image\":{\"@id\":\"https:\/\/www.academiauruguay.com\/es\/la-academia\/el-edificio\/#primaryimage\"},\"thumbnailUrl\":\"http:\/\/www.academiauruguay.com\/wp-content\/uploads\/sites\/3\/2014\/09\/academ-1024x576.jpg\",\"datePublished\":\"2014-09-06T20:38:32+00:00\",\"dateModified\":\"2024-03-14T18:30:45+00:00\",\"breadcrumb\":{\"@id\":\"https:\/\/www.academiauruguay.com\/es\/la-academia\/el-edificio\/#breadcrumb\"},\"inLanguage\":\"es-ES\",\"potentialAction\":[{\"@type\":\"ReadAction\",\"target\":[\"https:\/\/www.academiauruguay.com\/es\/la-academia\/el-edificio\/\"]}]},{\"@type\":\"ImageObject\",\"inLanguage\":\"es-ES\",\"@id\":\"https:\/\/www.academiauruguay.com\/es\/la-academia\/el-edificio\/#primaryimage\",\"url\":\"http:\/\/www.academiauruguay.com\/wp-content\/uploads\/sites\/3\/2014\/09\/academ-1024x576.jpg\",\"contentUrl\":\"http:\/\/www.academiauruguay.com\/wp-content\/uploads\/sites\/3\/2014\/09\/academ-1024x576.jpg\"},{\"@type\":\"BreadcrumbList\",\"@id\":\"https:\/\/www.academiauruguay.com\/es\/la-academia\/el-edificio\/#breadcrumb\",\"itemListElement\":[{\"@type\":\"ListItem\",\"position\":1,\"name\":\"Home\",\"item\":\"https:\/\/www.academiauruguay.com\/es\/\"},{\"@type\":\"ListItem\",\"position\":2,\"name\":\"La Academia\",\"item\":\"https:\/\/www.academiauruguay.com\/es\/la-academia\/\"},{\"@type\":\"ListItem\",\"position\":3,\"name\":\"El edificio\"}]},{\"@type\":\"WebSite\",\"@id\":\"https:\/\/www.academiauruguay.com\/es\/#website\",\"url\":\"https:\/\/www.academiauruguay.com\/es\/\",\"name\":\"Academia Uruguay\",\"description\":\"spanish courses\",\"potentialAction\":[{\"@type\":\"SearchAction\",\"target\":{\"@type\":\"EntryPoint\",\"urlTemplate\":\"https:\/\/www.academiauruguay.com\/es\/?s={search_term_string}\"},\"query-input\":{\"@type\":\"PropertyValueSpecification\",\"valueRequired\":true,\"valueName\":\"search_term_string\"}}],\"inLanguage\":\"es-ES\"}]}<\/script>\n<!-- \/ Yoast SEO plugin. -->","yoast_head_json":{"title":"El edificio - Academia Uruguay","robots":{"index":"index","follow":"follow","max-snippet":"max-snippet:-1","max-image-preview":"max-image-preview:large","max-video-preview":"max-video-preview:-1"},"canonical":"https:\/\/www.academiauruguay.com\/es\/la-academia\/el-edificio\/","twitter_misc":{"Est. reading time":"3 minutes"},"schema":{"@context":"https:\/\/schema.org","@graph":[{"@type":"WebPage","@id":"https:\/\/www.academiauruguay.com\/es\/la-academia\/el-edificio\/","url":"https:\/\/www.academiauruguay.com\/es\/la-academia\/el-edificio\/","name":"El edificio - Academia Uruguay","isPartOf":{"@id":"https:\/\/www.academiauruguay.com\/es\/#website"},"primaryImageOfPage":{"@id":"https:\/\/www.academiauruguay.com\/es\/la-academia\/el-edificio\/#primaryimage"},"image":{"@id":"https:\/\/www.academiauruguay.com\/es\/la-academia\/el-edificio\/#primaryimage"},"thumbnailUrl":"http:\/\/www.academiauruguay.com\/wp-content\/uploads\/sites\/3\/2014\/09\/academ-1024x576.jpg","datePublished":"2014-09-06T20:38:32+00:00","dateModified":"2024-03-14T18:30:45+00:00","breadcrumb":{"@id":"https:\/\/www.academiauruguay.com\/es\/la-academia\/el-edificio\/#breadcrumb"},"inLanguage":"es-ES","potentialAction":[{"@type":"ReadAction","target":["https:\/\/www.academiauruguay.com\/es\/la-academia\/el-edificio\/"]}]},{"@type":"ImageObject","inLanguage":"es-ES","@id":"https:\/\/www.academiauruguay.com\/es\/la-academia\/el-edificio\/#primaryimage","url":"http:\/\/www.academiauruguay.com\/wp-content\/uploads\/sites\/3\/2014\/09\/academ-1024x576.jpg","contentUrl":"http:\/\/www.academiauruguay.com\/wp-content\/uploads\/sites\/3\/2014\/09\/academ-1024x576.jpg"},{"@type":"BreadcrumbList","@id":"https:\/\/www.academiauruguay.com\/es\/la-academia\/el-edificio\/#breadcrumb","itemListElement":[{"@type":"ListItem","position":1,"name":"Home","item":"https:\/\/www.academiauruguay.com\/es\/"},{"@type":"ListItem","position":2,"name":"La Academia","item":"https:\/\/www.academiauruguay.com\/es\/la-academia\/"},{"@type":"ListItem","position":3,"name":"El edificio"}]},{"@type":"WebSite","@id":"https:\/\/www.academiauruguay.com\/es\/#website","url":"https:\/\/www.academiauruguay.com\/es\/","name":"Academia Uruguay","description":"spanish courses","potentialAction":[{"@type":"SearchAction","target":{"@type":"EntryPoint","urlTemplate":"https:\/\/www.academiauruguay.com\/es\/?s={search_term_string}"},"query-input":{"@type":"PropertyValueSpecification","valueRequired":true,"valueName":"search_term_string"}}],"inLanguage":"es-ES"}]}},"_links":{"self":[{"href":"https:\/\/www.academiauruguay.com\/es\/wp-json\/wp\/v2\/pages\/5427","targetHints":{"allow":["GET"]}}],"collection":[{"href":"https:\/\/www.academiauruguay.com\/es\/wp-json\/wp\/v2\/pages"}],"about":[{"href":"https:\/\/www.academiauruguay.com\/es\/wp-json\/wp\/v2\/types\/page"}],"author":[{"embeddable":true,"href":"https:\/\/www.academiauruguay.com\/es\/wp-json\/wp\/v2\/users\/5"}],"replies":[{"embeddable":true,"href":"https:\/\/www.academiauruguay.com\/es\/wp-json\/wp\/v2\/comments?post=5427"}],"version-history":[{"count":0,"href":"https:\/\/www.academiauruguay.com\/es\/wp-json\/wp\/v2\/pages\/5427\/revisions"}],"up":[{"embeddable":true,"href":"https:\/\/www.academiauruguay.com\/es\/wp-json\/wp\/v2\/pages\/1059"}],"wp:attachment":[{"href":"https:\/\/www.academiauruguay.com\/es\/wp-json\/wp\/v2\/media?parent=5427"}],"curies":[{"name":"wp","href":"https:\/\/api.w.org\/{rel}","templated":true}]}}