
{"id":3682,"date":"2014-03-05T01:02:03","date_gmt":"2014-03-05T04:02:03","guid":{"rendered":"https:\/\/www.academiauruguay.com\/?page_id=3682"},"modified":"2016-03-21T13:06:07","modified_gmt":"2016-03-21T16:06:07","slug":"util","status":"publish","type":"page","link":"https:\/\/www.academiauruguay.com\/es\/util\/","title":{"rendered":"\u00datil"},"content":{"rendered":"\r\n<h3><strong>Enlaces e informaci\u00f3n \u00fatiles<\/strong><\/h3>\r\n<p><strong>Pick-up en el aeropuerto<\/strong><\/p>\r\n<p>Probablemente llegar\u00e1s al Aeropuerto Internacional de Carrasco. Para tener un arribo ideal en Montevideo, nos gustar\u00eda coordinar tu traslado desde el aeropuerto al alojamiento. Si elegiste esta opci\u00f3n, te esperar\u00e1n en la secci\u00f3n arribos del aeropuerto. El chofer estar\u00e1 esperando por usted con un cartel a tu nombre y te llevar\u00e1 directo al alojamiento. No debe pagarle directamente al chofer (lo hace directo en la Academia).<\/p>\r\n<p><strong>How to pay online?<\/strong><\/p>\r\n<p><a href=\"http:\/\/goo.gl\/RPyMTb\" target=\"_blank\">http:\/\/goo.gl\/RPyMTb<\/a><\/p>\r\n<p><strong>Estudiar espa\u00f1ol en otras ciudades<\/strong><\/p>\r\n<p>Es posible que contin\u00fae sus estudios en nuestras otras escuelas en Buenos Aires y Bariloche. En el caso de que est\u00e9 interesado en alguna de estas opciones, por favor hable con nosotros por descuentos.<\/p>\r\n<p><span style=\"text-decoration: underline;\">Escuelas bajo nuestra gesti\u00f3n<\/span><\/p>\r\n<p>Bariloche, Argentina: <a href=\"http:\/\/www.academiabariloche.com\">www.academiabariloche.com<\/a><br \/> Buenos Aires, Argentina: <a href=\"http:\/\/www.academiabuenosaires.com\">www.academiabuenosaires.com<\/a><\/p>\r\n<p><span style=\"text-decoration: underline;\">Escuelas que pertenecen a nuestra misma red<\/span><\/p>\r\n<p>Santiago, Chile: \u00a0<a href=\"http:\/\/www.tandemsantiago.cl\">www.tandemsantiago.cl<\/a><br \/> Cordoba, Argentina: <a href=\"http:\/\/www.learningspanish.com.ar\">www.learningspanish.com.ar<\/a><br \/> Mendoza, Argentina: <a href=\"http:\/\/www.intercultural.com.ar\">www.intercultural.com.ar<\/a><\/p>\r\n<p><strong>Salud\u00a0\u00a0\u00a0\u00a0\u00a0\u00a0\u00a0\u00a0\u00a0\u00a0\u00a0\u00a0\u00a0\u00a0\u00a0\u00a0\u00a0\u00a0\u00a0\u00a0\u00a0\u00a0\u00a0\u00a0\u00a0\u00a0\u00a0\u00a0\u00a0\u00a0\u00a0\u00a0\u00a0\u00a0\u00a0\u00a0\u00a0\u00a0\u00a0\u00a0\u00a0\u00a0\u00a0\u00a0\u00a0\u00a0\u00a0\u00a0\u00a0\u00a0\u00a0\u00a0 <br \/> <\/strong>Hospital Brit\u00e1nico: <a href=\"http:\/\/www.hospitalbritanico.com.uy\/\">http:\/\/www.hospitalbritanico.com.uy\/<\/a><\/p>\r\n<p><strong>Turismo responsable<\/strong><\/p>\r\n<p>Academia Uruguay es miembro de una red internacional llamada Red de Turismo Responsable que trabaja en el \u00e1rea de turismo, generando indicadores para la pr\u00e1ctica de un turismo m\u00e1s responsable y consciente. Puede saber m\u00e1s sobre esta red si ingresa en: <a href=\"http:\/\/rtrglobal.org\/\">http:\/\/rtrglobal.org\/<\/a><\/p>\r\n<p><strong>Gu\u00edas de viaje<\/strong><\/p>\r\n<p>Footprint<strong>: <\/strong><a href=\"http:\/\/www.footprinttravelguides.com\/latin-america\/uruguay\/\">http:\/\/www.footprinttravelguides.com\/latin-america\/uruguay\/<\/a><strong><br \/> <\/strong>Lonely Planet<strong>: <\/strong><a href=\"http:\/\/www.lonelyplanet.com\">www.lonelyplanet.com<\/a><\/p>\r\n<p><strong>Agencias de viajes<\/strong><\/p>\r\n<p>Hay muchas en la ciudad. Usted puede hablar con nosotros personalmente para poder recomendarle qu\u00e9 agencia es la m\u00e1s adecuada dependiendo de sus intereses y objetivos de viaje.<\/p>\r\n<p><strong>Noticias \u2013 \u00a1Mant\u00e9ngase actualizado!<\/strong><\/p>\r\n<p><a href=\"http:\/\/www.montevideo.com.uy\/index.html\">http:\/\/www.montevideo.com.uy\/index.html<\/a><\/p>\r\n<p><a href=\"http:\/\/www.elpais.com.uy\/\">http:\/\/www.elpais.com.uy\/<\/a><\/p>\r\n<p><a href=\"http:\/\/www.lr21.com.uy\/\">http:\/\/www.lr21.com.uy\/<\/a><\/p>\r\n<p><strong>\u00bfQu\u00e9 hacer en Montevideo?<\/strong><\/p>\r\n<p><a href=\"http:\/\/www.descubrimontevideo.uy\/es\/\">http:\/\/www.descubrimontevideo.uy\/es\/<\/a><\/p>\r\n","protected":false},"excerpt":{"rendered":"<p>Enlaces e informaci\u00f3n \u00fatiles Pick-up en el aeropuerto Probablemente llegar\u00e1s al Aeropuerto Internacional de Carrasco. Para tener un arribo ideal en Montevideo, nos gustar\u00eda coordinar tu traslado desde el aeropuerto al alojamiento. Si elegiste esta opci\u00f3n, te esperar\u00e1n en la secci\u00f3n arribos del aeropuerto. El chofer estar\u00e1 esperando por usted con un cartel a tu [&hellip;]<\/p>\n","protected":false},"author":5,"featured_media":0,"parent":0,"menu_order":38,"comment_status":"closed","ping_status":"closed","template":"","meta":{"footnotes":""},"class_list":["post-3682","page","type-page","status-publish","hentry","entry"],"yoast_head":"<!-- This site is optimized with the Yoast SEO plugin v26.0 - https:\/\/yoast.com\/wordpress\/plugins\/seo\/ -->\n<title>\u00datil - Academia Uruguay<\/title>\n<meta name=\"robots\" content=\"index, follow, max-snippet:-1, max-image-preview:large, max-video-preview:-1\" \/>\n<link rel=\"canonical\" href=\"https:\/\/www.academiauruguay.com\/es\/util\/\" \/>\n<meta name=\"twitter:label1\" content=\"Est. reading time\" \/>\n\t<meta name=\"twitter:data1\" content=\"2 minutes\" \/>\n<script type=\"application\/ld+json\" class=\"yoast-schema-graph\">{\"@context\":\"https:\/\/schema.org\",\"@graph\":[{\"@type\":\"WebPage\",\"@id\":\"https:\/\/www.academiauruguay.com\/es\/util\/\",\"url\":\"https:\/\/www.academiauruguay.com\/es\/util\/\",\"name\":\"\u00datil - Academia Uruguay\",\"isPartOf\":{\"@id\":\"https:\/\/www.academiauruguay.com\/es\/#website\"},\"datePublished\":\"2014-03-05T04:02:03+00:00\",\"dateModified\":\"2016-03-21T16:06:07+00:00\",\"breadcrumb\":{\"@id\":\"https:\/\/www.academiauruguay.com\/es\/util\/#breadcrumb\"},\"inLanguage\":\"es-ES\",\"potentialAction\":[{\"@type\":\"ReadAction\",\"target\":[\"https:\/\/www.academiauruguay.com\/es\/util\/\"]}]},{\"@type\":\"BreadcrumbList\",\"@id\":\"https:\/\/www.academiauruguay.com\/es\/util\/#breadcrumb\",\"itemListElement\":[{\"@type\":\"ListItem\",\"position\":1,\"name\":\"Home\",\"item\":\"https:\/\/www.academiauruguay.com\/es\/\"},{\"@type\":\"ListItem\",\"position\":2,\"name\":\"\u00datil\"}]},{\"@type\":\"WebSite\",\"@id\":\"https:\/\/www.academiauruguay.com\/es\/#website\",\"url\":\"https:\/\/www.academiauruguay.com\/es\/\",\"name\":\"Academia Uruguay\",\"description\":\"spanish courses\",\"potentialAction\":[{\"@type\":\"SearchAction\",\"target\":{\"@type\":\"EntryPoint\",\"urlTemplate\":\"https:\/\/www.academiauruguay.com\/es\/?s={search_term_string}\"},\"query-input\":{\"@type\":\"PropertyValueSpecification\",\"valueRequired\":true,\"valueName\":\"search_term_string\"}}],\"inLanguage\":\"es-ES\"}]}<\/script>\n<!-- \/ Yoast SEO plugin. -->","yoast_head_json":{"title":"\u00datil - Academia Uruguay","robots":{"index":"index","follow":"follow","max-snippet":"max-snippet:-1","max-image-preview":"max-image-preview:large","max-video-preview":"max-video-preview:-1"},"canonical":"https:\/\/www.academiauruguay.com\/es\/util\/","twitter_misc":{"Est. reading time":"2 minutes"},"schema":{"@context":"https:\/\/schema.org","@graph":[{"@type":"WebPage","@id":"https:\/\/www.academiauruguay.com\/es\/util\/","url":"https:\/\/www.academiauruguay.com\/es\/util\/","name":"\u00datil - Academia Uruguay","isPartOf":{"@id":"https:\/\/www.academiauruguay.com\/es\/#website"},"datePublished":"2014-03-05T04:02:03+00:00","dateModified":"2016-03-21T16:06:07+00:00","breadcrumb":{"@id":"https:\/\/www.academiauruguay.com\/es\/util\/#breadcrumb"},"inLanguage":"es-ES","potentialAction":[{"@type":"ReadAction","target":["https:\/\/www.academiauruguay.com\/es\/util\/"]}]},{"@type":"BreadcrumbList","@id":"https:\/\/www.academiauruguay.com\/es\/util\/#breadcrumb","itemListElement":[{"@type":"ListItem","position":1,"name":"Home","item":"https:\/\/www.academiauruguay.com\/es\/"},{"@type":"ListItem","position":2,"name":"\u00datil"}]},{"@type":"WebSite","@id":"https:\/\/www.academiauruguay.com\/es\/#website","url":"https:\/\/www.academiauruguay.com\/es\/","name":"Academia Uruguay","description":"spanish courses","potentialAction":[{"@type":"SearchAction","target":{"@type":"EntryPoint","urlTemplate":"https:\/\/www.academiauruguay.com\/es\/?s={search_term_string}"},"query-input":{"@type":"PropertyValueSpecification","valueRequired":true,"valueName":"search_term_string"}}],"inLanguage":"es-ES"}]}},"_links":{"self":[{"href":"https:\/\/www.academiauruguay.com\/es\/wp-json\/wp\/v2\/pages\/3682","targetHints":{"allow":["GET"]}}],"collection":[{"href":"https:\/\/www.academiauruguay.com\/es\/wp-json\/wp\/v2\/pages"}],"about":[{"href":"https:\/\/www.academiauruguay.com\/es\/wp-json\/wp\/v2\/types\/page"}],"author":[{"embeddable":true,"href":"https:\/\/www.academiauruguay.com\/es\/wp-json\/wp\/v2\/users\/5"}],"replies":[{"embeddable":true,"href":"https:\/\/www.academiauruguay.com\/es\/wp-json\/wp\/v2\/comments?post=3682"}],"version-history":[{"count":0,"href":"https:\/\/www.academiauruguay.com\/es\/wp-json\/wp\/v2\/pages\/3682\/revisions"}],"wp:attachment":[{"href":"https:\/\/www.academiauruguay.com\/es\/wp-json\/wp\/v2\/media?parent=3682"}],"curies":[{"name":"wp","href":"https:\/\/api.w.org\/{rel}","templated":true}]}}