
{"id":3321,"date":"2013-12-05T19:14:23","date_gmt":"2013-12-05T19:14:23","guid":{"rendered":"https:\/\/www.academiauruguay.com\/?page_id=3321"},"modified":"2014-09-04T11:57:12","modified_gmt":"2014-09-04T14:57:12","slug":"politica-de-confidencialidad","status":"publish","type":"page","link":"https:\/\/www.academiauruguay.com\/es\/politica-de-confidencialidad\/","title":{"rendered":"Pol\u00edtica de confidencialidad"},"content":{"rendered":"\r\n<p><strong>\u00bfQu\u00e9 informaci\u00f3n recolectamos?<\/strong><\/p>\r\n<p>Recolectamos datos desde que usted se registra en nuestro sitio o completa un formulario. Usted puede visitar nuestro sitio de manera an\u00f3nima pero, para hacer una reserva, le ser\u00e1 pedida alguna informaci\u00f3n personal.<\/p>\r\n<p><strong>\u00bfPara qu\u00e9 usamos los datos?<\/strong><\/p>\r\n<p>Los datos recolectados nos ayudan de la siguiente manera:<\/p>\r\n<ul>\r\n\t<li>Para personalizar su experiencia, respondiendo mejor a sus necesidades individuales.<\/li>\r\n\t<li>Para mejorar nuestro sitio web en base a los datos recolectados y a sus devoluciones.<\/li>\r\n\t<li>Para procesar transacciones.<\/li>\r\n\t<li>Para enviar correos electr\u00f3nicos peri\u00f3dicamente. La direcci\u00f3n de correo que ud. provee al hacer preguntas o reservas puede ser usada para enviarle informaci\u00f3n de la compa\u00f1\u00eda y actualizaciones a pedido.<\/li>\r\n\t<li>Si ud. quisiera no recibir nuestros correos electr\u00f3nicos ni ser contactado de cualquier otro modo, por favor, escriba a info arroba academiauruguay punto com.<\/li>\r\n<\/ul>\r\n<p><strong>\u00bfC\u00f3mo protegemos su informaci\u00f3n?<\/strong><\/p>\r\n<p>Usamos una variedad de medidas de seguridad para garantizarle la seguridad y confidencialidad de su informaci\u00f3n personal.<\/p>\r\n<p>\u00bfUsamos cookies?<\/p>\r\n<p>No utilizamos cookies.<\/p>\r\n<p><strong>\u00bfDivulgamos o revelamos informaci\u00f3n personal a terceras partes?<\/strong><\/p>\r\n<p>No divulgamos este tipo de informaci\u00f3n, a menos que nos veamos obligados a hacerlo por ley.<\/p>\r\n<p><strong>Enlaces a terceros<\/strong><\/p>\r\n<p>Podemos incluir u ofrecer enlaces a servicios de terceros en nuestra p\u00e1gina. Estos sitios tienen su propia pol\u00edtica de confidencialidad y no nos responsabilizamos por su contenido.<\/p>\r\n<p><strong>Pol\u00edtica v\u00e1lida online<\/strong><\/p>\r\n<p>Esta pol\u00edtica de confidencialidad de la informaci\u00f3n se aplica solamente a los datos recolectados a trav\u00e9s de nuestro sitio web y no a la informaci\u00f3n recolectada personalmente.<\/p>\r\n<p><strong>T\u00e9rminos y condiciones<\/strong><\/p>\r\n<p>Por favor, visite la secci\u00f3n de t\u00e9rminos y condiciones en la que se establecen el uso, los descargos y las limitaciones de responsabilidades que rigen el uso de nuestro sitio web.<\/p>\r\n<p><strong>Su consentimiento<\/strong><\/p>\r\n<p>Por el hecho de utilizar nuestro sitio usted acepta la presente pol\u00edtica de confidencialidad.<\/p>\r\n<p><strong>Cambios en nuestra pol\u00edtica de confidencialidad<\/strong><\/p>\r\n<p>Si decidi\u00e9ramos modificar nuestra pol\u00edtica de confidencialidad, comunicaremos esos cambios en esta p\u00e1gina. Esta pol\u00edtica fue modificada por \u00faltima vez el 19-11-2013<\/p>\r\n<p><strong>Cont\u00e1ctenos<\/strong><\/p>\r\n<p>Si tiene cualquier pregunta en relaci\u00f3n con esta pol\u00edtica de confidencialidad, puede contactarnos utilizando la informaci\u00f3n a continuaci\u00f3n:<\/p>\r\n<p style=\"color: #1e1e1e;\">www.academiauruguay.com<\/p>\r\n<p style=\"color: #1e1e1e;\">Juan Carlos G\u00f3mez 1408<\/p>\r\n<p style=\"color: #1e1e1e;\">11000 Montevideo<\/p>\r\n<p style=\"color: #1e1e1e;\">Uruguay<\/p>\r\n<p style=\"color: #1e1e1e;\">info@academiauruguay.com<\/p>\r\n","protected":false},"excerpt":{"rendered":"<p>\u00bfQu\u00e9 informaci\u00f3n recolectamos? Recolectamos datos desde que usted se registra en nuestro sitio o completa un formulario. Usted puede visitar nuestro sitio de manera an\u00f3nima pero, para hacer una reserva, le ser\u00e1 pedida alguna informaci\u00f3n personal. \u00bfPara qu\u00e9 usamos los datos? Los datos recolectados nos ayudan de la siguiente manera: Para personalizar su experiencia, respondiendo [&hellip;]<\/p>\n","protected":false},"author":5,"featured_media":0,"parent":0,"menu_order":38,"comment_status":"closed","ping_status":"closed","template":"","meta":{"footnotes":""},"class_list":["post-3321","page","type-page","status-publish","hentry","entry"],"yoast_head":"<!-- This site is optimized with the Yoast SEO plugin v26.0 - https:\/\/yoast.com\/wordpress\/plugins\/seo\/ -->\n<title>Pol\u00edtica de confidencialidad  - Academia Uruguay<\/title>\n<meta name=\"robots\" content=\"index, follow, max-snippet:-1, max-image-preview:large, max-video-preview:-1\" \/>\n<link rel=\"canonical\" href=\"https:\/\/www.academiauruguay.com\/es\/politica-de-confidencialidad\/\" \/>\n<meta name=\"twitter:label1\" content=\"Est. reading time\" \/>\n\t<meta name=\"twitter:data1\" content=\"2 minutes\" \/>\n<script type=\"application\/ld+json\" class=\"yoast-schema-graph\">{\"@context\":\"https:\/\/schema.org\",\"@graph\":[{\"@type\":\"WebPage\",\"@id\":\"https:\/\/www.academiauruguay.com\/es\/politica-de-confidencialidad\/\",\"url\":\"https:\/\/www.academiauruguay.com\/es\/politica-de-confidencialidad\/\",\"name\":\"Pol\u00edtica de confidencialidad - Academia Uruguay\",\"isPartOf\":{\"@id\":\"https:\/\/www.academiauruguay.com\/es\/#website\"},\"datePublished\":\"2013-12-05T19:14:23+00:00\",\"dateModified\":\"2014-09-04T14:57:12+00:00\",\"breadcrumb\":{\"@id\":\"https:\/\/www.academiauruguay.com\/es\/politica-de-confidencialidad\/#breadcrumb\"},\"inLanguage\":\"es-ES\",\"potentialAction\":[{\"@type\":\"ReadAction\",\"target\":[\"https:\/\/www.academiauruguay.com\/es\/politica-de-confidencialidad\/\"]}]},{\"@type\":\"BreadcrumbList\",\"@id\":\"https:\/\/www.academiauruguay.com\/es\/politica-de-confidencialidad\/#breadcrumb\",\"itemListElement\":[{\"@type\":\"ListItem\",\"position\":1,\"name\":\"Home\",\"item\":\"https:\/\/www.academiauruguay.com\/es\/\"},{\"@type\":\"ListItem\",\"position\":2,\"name\":\"Pol\u00edtica de confidencialidad\"}]},{\"@type\":\"WebSite\",\"@id\":\"https:\/\/www.academiauruguay.com\/es\/#website\",\"url\":\"https:\/\/www.academiauruguay.com\/es\/\",\"name\":\"Academia Uruguay\",\"description\":\"spanish courses\",\"potentialAction\":[{\"@type\":\"SearchAction\",\"target\":{\"@type\":\"EntryPoint\",\"urlTemplate\":\"https:\/\/www.academiauruguay.com\/es\/?s={search_term_string}\"},\"query-input\":{\"@type\":\"PropertyValueSpecification\",\"valueRequired\":true,\"valueName\":\"search_term_string\"}}],\"inLanguage\":\"es-ES\"}]}<\/script>\n<!-- \/ Yoast SEO plugin. -->","yoast_head_json":{"title":"Pol\u00edtica de confidencialidad  - Academia Uruguay","robots":{"index":"index","follow":"follow","max-snippet":"max-snippet:-1","max-image-preview":"max-image-preview:large","max-video-preview":"max-video-preview:-1"},"canonical":"https:\/\/www.academiauruguay.com\/es\/politica-de-confidencialidad\/","twitter_misc":{"Est. reading time":"2 minutes"},"schema":{"@context":"https:\/\/schema.org","@graph":[{"@type":"WebPage","@id":"https:\/\/www.academiauruguay.com\/es\/politica-de-confidencialidad\/","url":"https:\/\/www.academiauruguay.com\/es\/politica-de-confidencialidad\/","name":"Pol\u00edtica de confidencialidad - Academia Uruguay","isPartOf":{"@id":"https:\/\/www.academiauruguay.com\/es\/#website"},"datePublished":"2013-12-05T19:14:23+00:00","dateModified":"2014-09-04T14:57:12+00:00","breadcrumb":{"@id":"https:\/\/www.academiauruguay.com\/es\/politica-de-confidencialidad\/#breadcrumb"},"inLanguage":"es-ES","potentialAction":[{"@type":"ReadAction","target":["https:\/\/www.academiauruguay.com\/es\/politica-de-confidencialidad\/"]}]},{"@type":"BreadcrumbList","@id":"https:\/\/www.academiauruguay.com\/es\/politica-de-confidencialidad\/#breadcrumb","itemListElement":[{"@type":"ListItem","position":1,"name":"Home","item":"https:\/\/www.academiauruguay.com\/es\/"},{"@type":"ListItem","position":2,"name":"Pol\u00edtica de confidencialidad"}]},{"@type":"WebSite","@id":"https:\/\/www.academiauruguay.com\/es\/#website","url":"https:\/\/www.academiauruguay.com\/es\/","name":"Academia Uruguay","description":"spanish courses","potentialAction":[{"@type":"SearchAction","target":{"@type":"EntryPoint","urlTemplate":"https:\/\/www.academiauruguay.com\/es\/?s={search_term_string}"},"query-input":{"@type":"PropertyValueSpecification","valueRequired":true,"valueName":"search_term_string"}}],"inLanguage":"es-ES"}]}},"_links":{"self":[{"href":"https:\/\/www.academiauruguay.com\/es\/wp-json\/wp\/v2\/pages\/3321","targetHints":{"allow":["GET"]}}],"collection":[{"href":"https:\/\/www.academiauruguay.com\/es\/wp-json\/wp\/v2\/pages"}],"about":[{"href":"https:\/\/www.academiauruguay.com\/es\/wp-json\/wp\/v2\/types\/page"}],"author":[{"embeddable":true,"href":"https:\/\/www.academiauruguay.com\/es\/wp-json\/wp\/v2\/users\/5"}],"replies":[{"embeddable":true,"href":"https:\/\/www.academiauruguay.com\/es\/wp-json\/wp\/v2\/comments?post=3321"}],"version-history":[{"count":0,"href":"https:\/\/www.academiauruguay.com\/es\/wp-json\/wp\/v2\/pages\/3321\/revisions"}],"wp:attachment":[{"href":"https:\/\/www.academiauruguay.com\/es\/wp-json\/wp\/v2\/media?parent=3321"}],"curies":[{"name":"wp","href":"https:\/\/api.w.org\/{rel}","templated":true}]}}