
{"id":2992,"date":"2013-11-03T16:16:49","date_gmt":"2013-11-03T16:16:49","guid":{"rendered":"https:\/\/www.academiauruguay.com\/?page_id=2992"},"modified":"2014-10-08T19:33:13","modified_gmt":"2014-10-08T21:33:13","slug":"viajes-de-larga-distancia","status":"publish","type":"page","link":"https:\/\/www.academiauruguay.com\/es\/montevideo-uruguay\/descubrir-uruguay\/viajes-de-larga-distancia\/","title":{"rendered":"Viajes de larga distancia"},"content":{"rendered":"\r\n<p>Estas son algunas recomendaciones para pasear fuera de Uruguay, en destinos a pocas horas de distancia de nuestra capital:<\/p>\r\n<p><strong>Cataratas del Iguaz\u00fa<\/strong><\/p>\r\n<p>Ubicada sobre el r\u00edo Iguaz\u00fa, en la confluencia de la provincia argentina de Misiones y el estado brasile\u00f1o de Paran\u00e1, y conteniendo casi trescientos saltos, de entre los que se destaca la Garganta del Diablo, esta \u00e1rea protegida ha sido elegida como una de las \u00abSiete maravillas naturales del mundo\u00bb.<\/p>\r\n<p>La zona, n\u00facleo de una de las concentraciones jesu\u00edticas m\u00e1s importantes de la Conquista espa\u00f1ola, posee un gran recorrido de pasarelas para disfrutar de diferentes perspectivas de los saltos, por cuya cercan\u00eda el choque del agua contra las rocas produce una tenue pero incesante lluvia y un ensordecedor bramido que impacta a quienes lo visitan. Adem\u00e1s, recomendamos hacer un paseo en el Tren de las Cataratas as\u00ed como visitar la Isla de San Mart\u00edn, desde donde se aprecian impactantes vistas de gargantas y saltos.<\/p>\r\n<p>Es posible realizar paseos, la mayor\u00eda en territorio argentino, en lancha bajo los saltos y caminatas por senderos que atraviesan la selva semitropical, que se extiende por m\u00e1s de 67.000 hect\u00e1reas y donde podemos avistar tucanes, monos, coat\u00edes, macucos y pavas de monte.<br \/><br \/><\/p>\r\n<p><a href=\"https:\/\/www.academiauruguay.com\/wp-content\/uploads\/sites\/3\/2013\/11\/iguazu-north-eastern-argentina.jpg\"><img loading=\"lazy\" decoding=\"async\" class=\"aligncenter size-full wp-image-3083\" src=\"https:\/\/www.academiauruguay.com\/wp-content\/uploads\/sites\/3\/2013\/11\/iguazu-north-eastern-argentina.jpg\" alt=\"iguazu-north-eastern-argentina\" width=\"940\" height=\"400\" data-id=\"3083\" srcset=\"https:\/\/www.academiauruguay.com\/wp-content\/uploads\/sites\/3\/2013\/11\/iguazu-north-eastern-argentina.jpg 940w, https:\/\/www.academiauruguay.com\/wp-content\/uploads\/sites\/3\/2013\/11\/iguazu-north-eastern-argentina-160x68.jpg 160w, https:\/\/www.academiauruguay.com\/wp-content\/uploads\/sites\/3\/2013\/11\/iguazu-north-eastern-argentina-338x143.jpg 338w\" sizes=\"auto, (max-width: 940px) 100vw, 940px\" \/><\/a><\/p>\r\n<p>&nbsp;<\/p>\r\n<p><strong>Buenos Aires<\/strong><\/p>\r\n<p>La intensa y seductora ciudad porte\u00f1a, que se extiende de norte a sur junto al R\u00edo de la Plata, posee una rica identidad cultural en que la herencia europea es central. El Obelisco, la avenida 9 de Julio, las tanguer\u00edas y las tiendas de antig\u00fcedades son su postal ineludible.<\/p>\r\n<p>Hay muchos e importantes museos y galer\u00edas de arte en la ciudad que tiene, asimismo, una pujante movida teatral. Uno de los m\u00e1s refinados teatros de \u00f3pera del mundo, el Teatro Col\u00f3n, atrae a algunos de los mejores artistas del mundo.<\/p>\r\n<p>Asimismo, posee barrios emblem\u00e1ticos como el bohemio San Telmo, que combina construcciones de estilo colonial espa\u00f1ol, detalles t\u00edpicamente italianos y la elegancia del art nouveau franc\u00e9s, o La Boca y su impronta art\u00edstica plasmada en los vibrantes colores de las casas de chapa<\/p>\r\n","protected":false},"excerpt":{"rendered":"<p>Estas son algunas recomendaciones para pasear fuera de Uruguay, en destinos a pocas horas de distancia de nuestra capital: Cataratas del Iguaz\u00fa Ubicada sobre el r\u00edo Iguaz\u00fa, en la confluencia de la provincia argentina de Misiones y el estado brasile\u00f1o de Paran\u00e1, y conteniendo casi trescientos saltos, de entre los que se destaca la Garganta [&hellip;]<\/p>\n","protected":false},"author":5,"featured_media":0,"parent":2836,"menu_order":11,"comment_status":"closed","ping_status":"closed","template":"discover-arg.php","meta":{"footnotes":""},"class_list":["post-2992","page","type-page","status-publish","hentry","entry"],"yoast_head":"<!-- This site is optimized with the Yoast SEO plugin v26.0 - https:\/\/yoast.com\/wordpress\/plugins\/seo\/ -->\n<title>Viajes de larga distancia - Academia Uruguay<\/title>\n<meta name=\"robots\" content=\"index, follow, max-snippet:-1, max-image-preview:large, max-video-preview:-1\" \/>\n<link rel=\"canonical\" href=\"https:\/\/www.academiauruguay.com\/es\/montevideo-uruguay\/descubrir-uruguay\/viajes-de-larga-distancia\/\" \/>\n<meta name=\"twitter:label1\" content=\"Est. reading time\" \/>\n\t<meta name=\"twitter:data1\" content=\"2 minutes\" \/>\n<script type=\"application\/ld+json\" class=\"yoast-schema-graph\">{\"@context\":\"https:\/\/schema.org\",\"@graph\":[{\"@type\":\"WebPage\",\"@id\":\"https:\/\/www.academiauruguay.com\/es\/montevideo-uruguay\/descubrir-uruguay\/viajes-de-larga-distancia\/\",\"url\":\"https:\/\/www.academiauruguay.com\/es\/montevideo-uruguay\/descubrir-uruguay\/viajes-de-larga-distancia\/\",\"name\":\"Viajes de larga distancia - Academia Uruguay\",\"isPartOf\":{\"@id\":\"https:\/\/www.academiauruguay.com\/es\/#website\"},\"primaryImageOfPage\":{\"@id\":\"https:\/\/www.academiauruguay.com\/es\/montevideo-uruguay\/descubrir-uruguay\/viajes-de-larga-distancia\/#primaryimage\"},\"image\":{\"@id\":\"https:\/\/www.academiauruguay.com\/es\/montevideo-uruguay\/descubrir-uruguay\/viajes-de-larga-distancia\/#primaryimage\"},\"thumbnailUrl\":\"https:\/\/www.academiauruguay.com\/wp-content\/uploads\/sites\/3\/2013\/11\/iguazu-north-eastern-argentina.jpg\",\"datePublished\":\"2013-11-03T16:16:49+00:00\",\"dateModified\":\"2014-10-08T21:33:13+00:00\",\"breadcrumb\":{\"@id\":\"https:\/\/www.academiauruguay.com\/es\/montevideo-uruguay\/descubrir-uruguay\/viajes-de-larga-distancia\/#breadcrumb\"},\"inLanguage\":\"es-ES\",\"potentialAction\":[{\"@type\":\"ReadAction\",\"target\":[\"https:\/\/www.academiauruguay.com\/es\/montevideo-uruguay\/descubrir-uruguay\/viajes-de-larga-distancia\/\"]}]},{\"@type\":\"ImageObject\",\"inLanguage\":\"es-ES\",\"@id\":\"https:\/\/www.academiauruguay.com\/es\/montevideo-uruguay\/descubrir-uruguay\/viajes-de-larga-distancia\/#primaryimage\",\"url\":\"https:\/\/www.academiauruguay.com\/wp-content\/uploads\/sites\/3\/2013\/11\/iguazu-north-eastern-argentina.jpg\",\"contentUrl\":\"https:\/\/www.academiauruguay.com\/wp-content\/uploads\/sites\/3\/2013\/11\/iguazu-north-eastern-argentina.jpg\"},{\"@type\":\"BreadcrumbList\",\"@id\":\"https:\/\/www.academiauruguay.com\/es\/montevideo-uruguay\/descubrir-uruguay\/viajes-de-larga-distancia\/#breadcrumb\",\"itemListElement\":[{\"@type\":\"ListItem\",\"position\":1,\"name\":\"Home\",\"item\":\"https:\/\/www.academiauruguay.com\/es\/\"},{\"@type\":\"ListItem\",\"position\":2,\"name\":\"Montevideo &#038; Uruguay\",\"item\":\"https:\/\/www.academiauruguay.com\/es\/montevideo-uruguay\/\"},{\"@type\":\"ListItem\",\"position\":3,\"name\":\"Descubrir Uruguay\",\"item\":\"https:\/\/www.academiauruguay.com\/es\/montevideo-uruguay\/descubrir-uruguay\/\"},{\"@type\":\"ListItem\",\"position\":4,\"name\":\"Viajes de larga distancia\"}]},{\"@type\":\"WebSite\",\"@id\":\"https:\/\/www.academiauruguay.com\/es\/#website\",\"url\":\"https:\/\/www.academiauruguay.com\/es\/\",\"name\":\"Academia Uruguay\",\"description\":\"spanish courses\",\"potentialAction\":[{\"@type\":\"SearchAction\",\"target\":{\"@type\":\"EntryPoint\",\"urlTemplate\":\"https:\/\/www.academiauruguay.com\/es\/?s={search_term_string}\"},\"query-input\":{\"@type\":\"PropertyValueSpecification\",\"valueRequired\":true,\"valueName\":\"search_term_string\"}}],\"inLanguage\":\"es-ES\"}]}<\/script>\n<!-- \/ Yoast SEO plugin. -->","yoast_head_json":{"title":"Viajes de larga distancia - Academia Uruguay","robots":{"index":"index","follow":"follow","max-snippet":"max-snippet:-1","max-image-preview":"max-image-preview:large","max-video-preview":"max-video-preview:-1"},"canonical":"https:\/\/www.academiauruguay.com\/es\/montevideo-uruguay\/descubrir-uruguay\/viajes-de-larga-distancia\/","twitter_misc":{"Est. reading time":"2 minutes"},"schema":{"@context":"https:\/\/schema.org","@graph":[{"@type":"WebPage","@id":"https:\/\/www.academiauruguay.com\/es\/montevideo-uruguay\/descubrir-uruguay\/viajes-de-larga-distancia\/","url":"https:\/\/www.academiauruguay.com\/es\/montevideo-uruguay\/descubrir-uruguay\/viajes-de-larga-distancia\/","name":"Viajes de larga distancia - Academia Uruguay","isPartOf":{"@id":"https:\/\/www.academiauruguay.com\/es\/#website"},"primaryImageOfPage":{"@id":"https:\/\/www.academiauruguay.com\/es\/montevideo-uruguay\/descubrir-uruguay\/viajes-de-larga-distancia\/#primaryimage"},"image":{"@id":"https:\/\/www.academiauruguay.com\/es\/montevideo-uruguay\/descubrir-uruguay\/viajes-de-larga-distancia\/#primaryimage"},"thumbnailUrl":"https:\/\/www.academiauruguay.com\/wp-content\/uploads\/sites\/3\/2013\/11\/iguazu-north-eastern-argentina.jpg","datePublished":"2013-11-03T16:16:49+00:00","dateModified":"2014-10-08T21:33:13+00:00","breadcrumb":{"@id":"https:\/\/www.academiauruguay.com\/es\/montevideo-uruguay\/descubrir-uruguay\/viajes-de-larga-distancia\/#breadcrumb"},"inLanguage":"es-ES","potentialAction":[{"@type":"ReadAction","target":["https:\/\/www.academiauruguay.com\/es\/montevideo-uruguay\/descubrir-uruguay\/viajes-de-larga-distancia\/"]}]},{"@type":"ImageObject","inLanguage":"es-ES","@id":"https:\/\/www.academiauruguay.com\/es\/montevideo-uruguay\/descubrir-uruguay\/viajes-de-larga-distancia\/#primaryimage","url":"https:\/\/www.academiauruguay.com\/wp-content\/uploads\/sites\/3\/2013\/11\/iguazu-north-eastern-argentina.jpg","contentUrl":"https:\/\/www.academiauruguay.com\/wp-content\/uploads\/sites\/3\/2013\/11\/iguazu-north-eastern-argentina.jpg"},{"@type":"BreadcrumbList","@id":"https:\/\/www.academiauruguay.com\/es\/montevideo-uruguay\/descubrir-uruguay\/viajes-de-larga-distancia\/#breadcrumb","itemListElement":[{"@type":"ListItem","position":1,"name":"Home","item":"https:\/\/www.academiauruguay.com\/es\/"},{"@type":"ListItem","position":2,"name":"Montevideo &#038; Uruguay","item":"https:\/\/www.academiauruguay.com\/es\/montevideo-uruguay\/"},{"@type":"ListItem","position":3,"name":"Descubrir Uruguay","item":"https:\/\/www.academiauruguay.com\/es\/montevideo-uruguay\/descubrir-uruguay\/"},{"@type":"ListItem","position":4,"name":"Viajes de larga distancia"}]},{"@type":"WebSite","@id":"https:\/\/www.academiauruguay.com\/es\/#website","url":"https:\/\/www.academiauruguay.com\/es\/","name":"Academia Uruguay","description":"spanish courses","potentialAction":[{"@type":"SearchAction","target":{"@type":"EntryPoint","urlTemplate":"https:\/\/www.academiauruguay.com\/es\/?s={search_term_string}"},"query-input":{"@type":"PropertyValueSpecification","valueRequired":true,"valueName":"search_term_string"}}],"inLanguage":"es-ES"}]}},"_links":{"self":[{"href":"https:\/\/www.academiauruguay.com\/es\/wp-json\/wp\/v2\/pages\/2992","targetHints":{"allow":["GET"]}}],"collection":[{"href":"https:\/\/www.academiauruguay.com\/es\/wp-json\/wp\/v2\/pages"}],"about":[{"href":"https:\/\/www.academiauruguay.com\/es\/wp-json\/wp\/v2\/types\/page"}],"author":[{"embeddable":true,"href":"https:\/\/www.academiauruguay.com\/es\/wp-json\/wp\/v2\/users\/5"}],"replies":[{"embeddable":true,"href":"https:\/\/www.academiauruguay.com\/es\/wp-json\/wp\/v2\/comments?post=2992"}],"version-history":[{"count":0,"href":"https:\/\/www.academiauruguay.com\/es\/wp-json\/wp\/v2\/pages\/2992\/revisions"}],"up":[{"embeddable":true,"href":"https:\/\/www.academiauruguay.com\/es\/wp-json\/wp\/v2\/pages\/2836"}],"wp:attachment":[{"href":"https:\/\/www.academiauruguay.com\/es\/wp-json\/wp\/v2\/media?parent=2992"}],"curies":[{"name":"wp","href":"https:\/\/api.w.org\/{rel}","templated":true}]}}