
{"id":2988,"date":"2013-11-03T15:49:36","date_gmt":"2013-11-03T15:49:36","guid":{"rendered":"https:\/\/www.academiauruguay.com\/?page_id=2988"},"modified":"2014-10-06T22:08:32","modified_gmt":"2014-10-07T00:08:32","slug":"transporte-en-la-ciudad","status":"publish","type":"page","link":"https:\/\/www.academiauruguay.com\/es\/montevideo-uruguay\/vivir-en-montevideo\/transporte-en-la-ciudad\/","title":{"rendered":"Transporte en la ciudad"},"content":{"rendered":"\r\n<p>Gracias a que las zonas de Montevideo que concentran los mayores puntos de inter\u00e9s, los organismos p\u00fablicos y las universidades son muy cercanas, la movilidad entre ellas es muy f\u00e1cil. El principal medio de transporte es el \u00f3mnibus, y posee una variedad de l\u00edneas que cubren todos los puntos de la ciudad.<a href=\"https:\/\/www.academiauruguay.com\/wp-content\/uploads\/sites\/3\/2014\/10\/boletomvd.jpg\"><img loading=\"lazy\" decoding=\"async\" class=\"alignright size-medium wp-image-6017\" src=\"https:\/\/www.academiauruguay.com\/wp-content\/uploads\/sites\/3\/2014\/10\/boletomvd-300x128.jpg\" alt=\"boletomvd\" width=\"300\" height=\"128\" data-id=\"6017\" srcset=\"https:\/\/www.academiauruguay.com\/wp-content\/uploads\/sites\/3\/2014\/10\/boletomvd-300x128.jpg 300w, https:\/\/www.academiauruguay.com\/wp-content\/uploads\/sites\/3\/2014\/10\/boletomvd-160x68.jpg 160w, https:\/\/www.academiauruguay.com\/wp-content\/uploads\/sites\/3\/2014\/10\/boletomvd.jpg 859w\" sizes=\"auto, (max-width: 300px) 100vw, 300px\" \/><\/a><\/p>\r\n<p>El boleto urbano cuesta 1 USD, pero posee otras modalidades como el boleto de 1 hora y el de 2 horas, que permiten tomar m\u00e1s de un \u00f3mnibus por el mismo precio. Tambi\u00e9n se pueden tomar l\u00edneas de \u00f3mnibus que van m\u00e1s r\u00e1pido y que se dirigen a lugares un tanto m\u00e1s lejanos de la ciudad por 1,6 USD.<\/p>\r\n<p>La otra opci\u00f3n son los taxis, que en Montevideo son muy seguros y una de las opciones m\u00e1s utilizadas los d\u00edas de lluvia y los fines de semana para salir a bailar tarde en la noche.<\/p>\r\n","protected":false},"excerpt":{"rendered":"<p>Gracias a que las zonas de Montevideo que concentran los mayores puntos de inter\u00e9s, los organismos p\u00fablicos y las universidades son muy cercanas, la movilidad entre ellas es muy f\u00e1cil. El principal medio de transporte es el \u00f3mnibus, y posee una variedad de l\u00edneas que cubren todos los puntos de la ciudad. El boleto urbano [&hellip;]<\/p>\n","protected":false},"author":5,"featured_media":0,"parent":2837,"menu_order":10,"comment_status":"closed","ping_status":"closed","template":"living-in-bsas.php","meta":{"footnotes":""},"class_list":["post-2988","page","type-page","status-publish","hentry","entry"],"yoast_head":"<!-- This site is optimized with the Yoast SEO plugin v26.0 - https:\/\/yoast.com\/wordpress\/plugins\/seo\/ -->\n<title>Transporte en la ciudad - Academia Uruguay<\/title>\n<meta name=\"robots\" content=\"index, follow, max-snippet:-1, max-image-preview:large, max-video-preview:-1\" \/>\n<link rel=\"canonical\" href=\"https:\/\/www.academiauruguay.com\/es\/montevideo-uruguay\/vivir-en-montevideo\/transporte-en-la-ciudad\/\" \/>\n<meta name=\"twitter:label1\" content=\"Est. reading time\" \/>\n\t<meta name=\"twitter:data1\" content=\"1 minute\" \/>\n<script type=\"application\/ld+json\" class=\"yoast-schema-graph\">{\"@context\":\"https:\/\/schema.org\",\"@graph\":[{\"@type\":\"WebPage\",\"@id\":\"https:\/\/www.academiauruguay.com\/es\/montevideo-uruguay\/vivir-en-montevideo\/transporte-en-la-ciudad\/\",\"url\":\"https:\/\/www.academiauruguay.com\/es\/montevideo-uruguay\/vivir-en-montevideo\/transporte-en-la-ciudad\/\",\"name\":\"Transporte en la ciudad - Academia Uruguay\",\"isPartOf\":{\"@id\":\"https:\/\/www.academiauruguay.com\/es\/#website\"},\"primaryImageOfPage\":{\"@id\":\"https:\/\/www.academiauruguay.com\/es\/montevideo-uruguay\/vivir-en-montevideo\/transporte-en-la-ciudad\/#primaryimage\"},\"image\":{\"@id\":\"https:\/\/www.academiauruguay.com\/es\/montevideo-uruguay\/vivir-en-montevideo\/transporte-en-la-ciudad\/#primaryimage\"},\"thumbnailUrl\":\"https:\/\/www.academiauruguay.com\/wp-content\/uploads\/sites\/3\/2014\/10\/boletomvd-300x128.jpg\",\"datePublished\":\"2013-11-03T15:49:36+00:00\",\"dateModified\":\"2014-10-07T00:08:32+00:00\",\"breadcrumb\":{\"@id\":\"https:\/\/www.academiauruguay.com\/es\/montevideo-uruguay\/vivir-en-montevideo\/transporte-en-la-ciudad\/#breadcrumb\"},\"inLanguage\":\"es-ES\",\"potentialAction\":[{\"@type\":\"ReadAction\",\"target\":[\"https:\/\/www.academiauruguay.com\/es\/montevideo-uruguay\/vivir-en-montevideo\/transporte-en-la-ciudad\/\"]}]},{\"@type\":\"ImageObject\",\"inLanguage\":\"es-ES\",\"@id\":\"https:\/\/www.academiauruguay.com\/es\/montevideo-uruguay\/vivir-en-montevideo\/transporte-en-la-ciudad\/#primaryimage\",\"url\":\"https:\/\/www.academiauruguay.com\/wp-content\/uploads\/sites\/3\/2014\/10\/boletomvd-300x128.jpg\",\"contentUrl\":\"https:\/\/www.academiauruguay.com\/wp-content\/uploads\/sites\/3\/2014\/10\/boletomvd-300x128.jpg\"},{\"@type\":\"BreadcrumbList\",\"@id\":\"https:\/\/www.academiauruguay.com\/es\/montevideo-uruguay\/vivir-en-montevideo\/transporte-en-la-ciudad\/#breadcrumb\",\"itemListElement\":[{\"@type\":\"ListItem\",\"position\":1,\"name\":\"Home\",\"item\":\"https:\/\/www.academiauruguay.com\/es\/\"},{\"@type\":\"ListItem\",\"position\":2,\"name\":\"Montevideo &#038; Uruguay\",\"item\":\"https:\/\/www.academiauruguay.com\/es\/montevideo-uruguay\/\"},{\"@type\":\"ListItem\",\"position\":3,\"name\":\"Vivir en Montevideo\",\"item\":\"https:\/\/www.academiauruguay.com\/es\/montevideo-uruguay\/vivir-en-montevideo\/\"},{\"@type\":\"ListItem\",\"position\":4,\"name\":\"Transporte en la ciudad\"}]},{\"@type\":\"WebSite\",\"@id\":\"https:\/\/www.academiauruguay.com\/es\/#website\",\"url\":\"https:\/\/www.academiauruguay.com\/es\/\",\"name\":\"Academia Uruguay\",\"description\":\"spanish courses\",\"potentialAction\":[{\"@type\":\"SearchAction\",\"target\":{\"@type\":\"EntryPoint\",\"urlTemplate\":\"https:\/\/www.academiauruguay.com\/es\/?s={search_term_string}\"},\"query-input\":{\"@type\":\"PropertyValueSpecification\",\"valueRequired\":true,\"valueName\":\"search_term_string\"}}],\"inLanguage\":\"es-ES\"}]}<\/script>\n<!-- \/ Yoast SEO plugin. -->","yoast_head_json":{"title":"Transporte en la ciudad - Academia Uruguay","robots":{"index":"index","follow":"follow","max-snippet":"max-snippet:-1","max-image-preview":"max-image-preview:large","max-video-preview":"max-video-preview:-1"},"canonical":"https:\/\/www.academiauruguay.com\/es\/montevideo-uruguay\/vivir-en-montevideo\/transporte-en-la-ciudad\/","twitter_misc":{"Est. reading time":"1 minute"},"schema":{"@context":"https:\/\/schema.org","@graph":[{"@type":"WebPage","@id":"https:\/\/www.academiauruguay.com\/es\/montevideo-uruguay\/vivir-en-montevideo\/transporte-en-la-ciudad\/","url":"https:\/\/www.academiauruguay.com\/es\/montevideo-uruguay\/vivir-en-montevideo\/transporte-en-la-ciudad\/","name":"Transporte en la ciudad - Academia Uruguay","isPartOf":{"@id":"https:\/\/www.academiauruguay.com\/es\/#website"},"primaryImageOfPage":{"@id":"https:\/\/www.academiauruguay.com\/es\/montevideo-uruguay\/vivir-en-montevideo\/transporte-en-la-ciudad\/#primaryimage"},"image":{"@id":"https:\/\/www.academiauruguay.com\/es\/montevideo-uruguay\/vivir-en-montevideo\/transporte-en-la-ciudad\/#primaryimage"},"thumbnailUrl":"https:\/\/www.academiauruguay.com\/wp-content\/uploads\/sites\/3\/2014\/10\/boletomvd-300x128.jpg","datePublished":"2013-11-03T15:49:36+00:00","dateModified":"2014-10-07T00:08:32+00:00","breadcrumb":{"@id":"https:\/\/www.academiauruguay.com\/es\/montevideo-uruguay\/vivir-en-montevideo\/transporte-en-la-ciudad\/#breadcrumb"},"inLanguage":"es-ES","potentialAction":[{"@type":"ReadAction","target":["https:\/\/www.academiauruguay.com\/es\/montevideo-uruguay\/vivir-en-montevideo\/transporte-en-la-ciudad\/"]}]},{"@type":"ImageObject","inLanguage":"es-ES","@id":"https:\/\/www.academiauruguay.com\/es\/montevideo-uruguay\/vivir-en-montevideo\/transporte-en-la-ciudad\/#primaryimage","url":"https:\/\/www.academiauruguay.com\/wp-content\/uploads\/sites\/3\/2014\/10\/boletomvd-300x128.jpg","contentUrl":"https:\/\/www.academiauruguay.com\/wp-content\/uploads\/sites\/3\/2014\/10\/boletomvd-300x128.jpg"},{"@type":"BreadcrumbList","@id":"https:\/\/www.academiauruguay.com\/es\/montevideo-uruguay\/vivir-en-montevideo\/transporte-en-la-ciudad\/#breadcrumb","itemListElement":[{"@type":"ListItem","position":1,"name":"Home","item":"https:\/\/www.academiauruguay.com\/es\/"},{"@type":"ListItem","position":2,"name":"Montevideo &#038; Uruguay","item":"https:\/\/www.academiauruguay.com\/es\/montevideo-uruguay\/"},{"@type":"ListItem","position":3,"name":"Vivir en Montevideo","item":"https:\/\/www.academiauruguay.com\/es\/montevideo-uruguay\/vivir-en-montevideo\/"},{"@type":"ListItem","position":4,"name":"Transporte en la ciudad"}]},{"@type":"WebSite","@id":"https:\/\/www.academiauruguay.com\/es\/#website","url":"https:\/\/www.academiauruguay.com\/es\/","name":"Academia Uruguay","description":"spanish courses","potentialAction":[{"@type":"SearchAction","target":{"@type":"EntryPoint","urlTemplate":"https:\/\/www.academiauruguay.com\/es\/?s={search_term_string}"},"query-input":{"@type":"PropertyValueSpecification","valueRequired":true,"valueName":"search_term_string"}}],"inLanguage":"es-ES"}]}},"_links":{"self":[{"href":"https:\/\/www.academiauruguay.com\/es\/wp-json\/wp\/v2\/pages\/2988","targetHints":{"allow":["GET"]}}],"collection":[{"href":"https:\/\/www.academiauruguay.com\/es\/wp-json\/wp\/v2\/pages"}],"about":[{"href":"https:\/\/www.academiauruguay.com\/es\/wp-json\/wp\/v2\/types\/page"}],"author":[{"embeddable":true,"href":"https:\/\/www.academiauruguay.com\/es\/wp-json\/wp\/v2\/users\/5"}],"replies":[{"embeddable":true,"href":"https:\/\/www.academiauruguay.com\/es\/wp-json\/wp\/v2\/comments?post=2988"}],"version-history":[{"count":0,"href":"https:\/\/www.academiauruguay.com\/es\/wp-json\/wp\/v2\/pages\/2988\/revisions"}],"up":[{"embeddable":true,"href":"https:\/\/www.academiauruguay.com\/es\/wp-json\/wp\/v2\/pages\/2837"}],"wp:attachment":[{"href":"https:\/\/www.academiauruguay.com\/es\/wp-json\/wp\/v2\/media?parent=2988"}],"curies":[{"name":"wp","href":"https:\/\/api.w.org\/{rel}","templated":true}]}}