
{"id":2987,"date":"2013-11-03T15:47:26","date_gmt":"2013-11-03T15:47:26","guid":{"rendered":"https:\/\/www.academiauruguay.com\/?page_id=2987"},"modified":"2014-10-06T19:22:06","modified_gmt":"2014-10-06T21:22:06","slug":"parques","status":"publish","type":"page","link":"https:\/\/www.academiauruguay.com\/es\/montevideo-uruguay\/vivir-en-montevideo\/parques\/","title":{"rendered":"Parques"},"content":{"rendered":"\r\n<p>Montevideo es una ciudad que posee numerosos espacios verdes para ir a descansar, tomar mate o practicar deportes. Algunos de ellos son:<\/p>\r\n<p><strong>Parque Rod\u00f3<\/strong>: ubicado frente a la Playa Ram\u00edrez y cerca de puntos imprescindibles de la ciudad como el Teatro de Verano, popular escenario donde se desarrolla el Concurso Oficial de Agrupaciones Carnavaleras, el imponente edificio de estilo ecl\u00e9ctico de la sede del Mercosur, el Estadio del club Defensor Sporting y el Museo Nacional de Artes Visuales. Posee grandes espacios verdes, dos parques de diversiones (uno para ni\u00f1os y otro para adultos), dos lagos, uno de ellos con barquitos para navegarlo, fuentes y un patio andaluz. Los fines de semana alberga una de las ferias m\u00e1s importantes de la ciudad.<\/p>\r\n<p><strong>Parque Batlle<\/strong>: es un espacio verde con grandes arboledas, donde se encuentran el Estadio Centenario, la pista de atletismo, el Vel\u00f3dromo Municipal, dos estadios de f\u00fatbol m\u00e1s peque\u00f1os y el monumento <em>La carreta<\/em>, obra del escultor uruguayo Jos\u00e9 Belloni. Se ubica cerca de la Terminal de \u00d3mnibus, y de los barrios Pocitos y Buceo.<\/p>\r\n<p><strong>Parque del Prado<\/strong>: Una de las zonas verdes m\u00e1s grandes de Montevideo y una de las visitas destacadas de los turistas ya que, dentro de su \u00e1rea, se encuentran el Museo Juan Manuel Blanes, donde se exponen obras de arte nacional, latinoamericano y europeo desde el siglo XV al Siglo XX, el Jard\u00edn Japon\u00e9s, el elegante Hotel del Prado, la Residencia Presidencial, el Jard\u00edn Bot\u00e1nico, que posee gran variedad de \u00e1rboles, flores y plantas acu\u00e1ticas, el Rosedal, con m\u00e1s 300 variedades de rosas antiguas y modernas, y la Rural, sede de La Criolla, evento anual que combina una exposici\u00f3n rural, conferencias, espect\u00e1culos musicales, gastronom\u00eda, as\u00ed como tradicionales concursos de payadas y el mayor atractivo: el Concurso de Jineteada.<\/p>\r\n","protected":false},"excerpt":{"rendered":"<p>Montevideo es una ciudad que posee numerosos espacios verdes para ir a descansar, tomar mate o practicar deportes. Algunos de ellos son: Parque Rod\u00f3: ubicado frente a la Playa Ram\u00edrez y cerca de puntos imprescindibles de la ciudad como el Teatro de Verano, popular escenario donde se desarrolla el Concurso Oficial de Agrupaciones Carnavaleras, el [&hellip;]<\/p>\n","protected":false},"author":5,"featured_media":0,"parent":2837,"menu_order":10,"comment_status":"closed","ping_status":"closed","template":"living-in-bsas.php","meta":{"footnotes":""},"class_list":["post-2987","page","type-page","status-publish","hentry","entry"],"yoast_head":"<!-- This site is optimized with the Yoast SEO plugin v26.0 - https:\/\/yoast.com\/wordpress\/plugins\/seo\/ -->\n<title>Parques  - Academia Uruguay<\/title>\n<meta name=\"robots\" content=\"index, follow, max-snippet:-1, max-image-preview:large, max-video-preview:-1\" \/>\n<link rel=\"canonical\" href=\"https:\/\/www.academiauruguay.com\/es\/montevideo-uruguay\/vivir-en-montevideo\/parques\/\" \/>\n<meta name=\"twitter:label1\" content=\"Est. reading time\" \/>\n\t<meta name=\"twitter:data1\" content=\"2 minutes\" \/>\n<script type=\"application\/ld+json\" class=\"yoast-schema-graph\">{\"@context\":\"https:\/\/schema.org\",\"@graph\":[{\"@type\":\"WebPage\",\"@id\":\"https:\/\/www.academiauruguay.com\/es\/montevideo-uruguay\/vivir-en-montevideo\/parques\/\",\"url\":\"https:\/\/www.academiauruguay.com\/es\/montevideo-uruguay\/vivir-en-montevideo\/parques\/\",\"name\":\"Parques - Academia Uruguay\",\"isPartOf\":{\"@id\":\"https:\/\/www.academiauruguay.com\/es\/#website\"},\"datePublished\":\"2013-11-03T15:47:26+00:00\",\"dateModified\":\"2014-10-06T21:22:06+00:00\",\"breadcrumb\":{\"@id\":\"https:\/\/www.academiauruguay.com\/es\/montevideo-uruguay\/vivir-en-montevideo\/parques\/#breadcrumb\"},\"inLanguage\":\"es-ES\",\"potentialAction\":[{\"@type\":\"ReadAction\",\"target\":[\"https:\/\/www.academiauruguay.com\/es\/montevideo-uruguay\/vivir-en-montevideo\/parques\/\"]}]},{\"@type\":\"BreadcrumbList\",\"@id\":\"https:\/\/www.academiauruguay.com\/es\/montevideo-uruguay\/vivir-en-montevideo\/parques\/#breadcrumb\",\"itemListElement\":[{\"@type\":\"ListItem\",\"position\":1,\"name\":\"Home\",\"item\":\"https:\/\/www.academiauruguay.com\/es\/\"},{\"@type\":\"ListItem\",\"position\":2,\"name\":\"Montevideo &#038; Uruguay\",\"item\":\"https:\/\/www.academiauruguay.com\/es\/montevideo-uruguay\/\"},{\"@type\":\"ListItem\",\"position\":3,\"name\":\"Vivir en Montevideo\",\"item\":\"https:\/\/www.academiauruguay.com\/es\/montevideo-uruguay\/vivir-en-montevideo\/\"},{\"@type\":\"ListItem\",\"position\":4,\"name\":\"Parques\"}]},{\"@type\":\"WebSite\",\"@id\":\"https:\/\/www.academiauruguay.com\/es\/#website\",\"url\":\"https:\/\/www.academiauruguay.com\/es\/\",\"name\":\"Academia Uruguay\",\"description\":\"spanish courses\",\"potentialAction\":[{\"@type\":\"SearchAction\",\"target\":{\"@type\":\"EntryPoint\",\"urlTemplate\":\"https:\/\/www.academiauruguay.com\/es\/?s={search_term_string}\"},\"query-input\":{\"@type\":\"PropertyValueSpecification\",\"valueRequired\":true,\"valueName\":\"search_term_string\"}}],\"inLanguage\":\"es-ES\"}]}<\/script>\n<!-- \/ Yoast SEO plugin. -->","yoast_head_json":{"title":"Parques  - Academia Uruguay","robots":{"index":"index","follow":"follow","max-snippet":"max-snippet:-1","max-image-preview":"max-image-preview:large","max-video-preview":"max-video-preview:-1"},"canonical":"https:\/\/www.academiauruguay.com\/es\/montevideo-uruguay\/vivir-en-montevideo\/parques\/","twitter_misc":{"Est. reading time":"2 minutes"},"schema":{"@context":"https:\/\/schema.org","@graph":[{"@type":"WebPage","@id":"https:\/\/www.academiauruguay.com\/es\/montevideo-uruguay\/vivir-en-montevideo\/parques\/","url":"https:\/\/www.academiauruguay.com\/es\/montevideo-uruguay\/vivir-en-montevideo\/parques\/","name":"Parques - Academia Uruguay","isPartOf":{"@id":"https:\/\/www.academiauruguay.com\/es\/#website"},"datePublished":"2013-11-03T15:47:26+00:00","dateModified":"2014-10-06T21:22:06+00:00","breadcrumb":{"@id":"https:\/\/www.academiauruguay.com\/es\/montevideo-uruguay\/vivir-en-montevideo\/parques\/#breadcrumb"},"inLanguage":"es-ES","potentialAction":[{"@type":"ReadAction","target":["https:\/\/www.academiauruguay.com\/es\/montevideo-uruguay\/vivir-en-montevideo\/parques\/"]}]},{"@type":"BreadcrumbList","@id":"https:\/\/www.academiauruguay.com\/es\/montevideo-uruguay\/vivir-en-montevideo\/parques\/#breadcrumb","itemListElement":[{"@type":"ListItem","position":1,"name":"Home","item":"https:\/\/www.academiauruguay.com\/es\/"},{"@type":"ListItem","position":2,"name":"Montevideo &#038; Uruguay","item":"https:\/\/www.academiauruguay.com\/es\/montevideo-uruguay\/"},{"@type":"ListItem","position":3,"name":"Vivir en Montevideo","item":"https:\/\/www.academiauruguay.com\/es\/montevideo-uruguay\/vivir-en-montevideo\/"},{"@type":"ListItem","position":4,"name":"Parques"}]},{"@type":"WebSite","@id":"https:\/\/www.academiauruguay.com\/es\/#website","url":"https:\/\/www.academiauruguay.com\/es\/","name":"Academia Uruguay","description":"spanish courses","potentialAction":[{"@type":"SearchAction","target":{"@type":"EntryPoint","urlTemplate":"https:\/\/www.academiauruguay.com\/es\/?s={search_term_string}"},"query-input":{"@type":"PropertyValueSpecification","valueRequired":true,"valueName":"search_term_string"}}],"inLanguage":"es-ES"}]}},"_links":{"self":[{"href":"https:\/\/www.academiauruguay.com\/es\/wp-json\/wp\/v2\/pages\/2987","targetHints":{"allow":["GET"]}}],"collection":[{"href":"https:\/\/www.academiauruguay.com\/es\/wp-json\/wp\/v2\/pages"}],"about":[{"href":"https:\/\/www.academiauruguay.com\/es\/wp-json\/wp\/v2\/types\/page"}],"author":[{"embeddable":true,"href":"https:\/\/www.academiauruguay.com\/es\/wp-json\/wp\/v2\/users\/5"}],"replies":[{"embeddable":true,"href":"https:\/\/www.academiauruguay.com\/es\/wp-json\/wp\/v2\/comments?post=2987"}],"version-history":[{"count":0,"href":"https:\/\/www.academiauruguay.com\/es\/wp-json\/wp\/v2\/pages\/2987\/revisions"}],"up":[{"embeddable":true,"href":"https:\/\/www.academiauruguay.com\/es\/wp-json\/wp\/v2\/pages\/2837"}],"wp:attachment":[{"href":"https:\/\/www.academiauruguay.com\/es\/wp-json\/wp\/v2\/media?parent=2987"}],"curies":[{"name":"wp","href":"https:\/\/api.w.org\/{rel}","templated":true}]}}