
{"id":2986,"date":"2013-11-03T15:42:20","date_gmt":"2013-11-03T15:42:20","guid":{"rendered":"https:\/\/www.academiauruguay.com\/?page_id=2986"},"modified":"2014-10-06T18:53:43","modified_gmt":"2014-10-06T20:53:43","slug":"vida-nocturna","status":"publish","type":"page","link":"https:\/\/www.academiauruguay.com\/es\/montevideo-uruguay\/vivir-en-montevideo\/vida-nocturna\/","title":{"rendered":"Vida nocturna"},"content":{"rendered":"\r\n<p>Si bien Montevideo es una ciudad tranquila, la movida nocturna es una experiencia que los visitantes no deben dejar de vivir en su estad\u00eda. Al igual que en Buenos Aires, la noche montevideana comienza bastante tarde. La gente se re\u00fane en bares para tomar algo con sus amigos alrededor de la medianoche (la previa) y reci\u00e9n van a los boliches a bailar cerca de las tres de la ma\u00f1ana. La fiesta se extiende hasta las 6 &#8211; 8 de la ma\u00f1ana para quienes les gusta salir hasta el amanecer.<\/p>\r\n<p>Las opciones nocturnas son muy variadas y est\u00e1n orientados a p\u00fablicos de diferentes edades y diferentes gustos musicales. La oferta va desde restaurantes de alto nivel, bares para hacer una previa, \u00a0<em>pubs<\/em> con m\u00fasica en vivo, hasta discotecas sofisticadas y boliches under. Si visita Montevideo no puede irse sin visitar alguna de las variadas milongas para ver, aprender o practicar la danza rioplatense m\u00e1s importante: el tango.<\/p>\r\n<p>Para salir en la noche:<\/p>\r\n<p>La Ronda: Ciudadela 1182 esq. Canelones<\/p>\r\n<p>Bluzz: Canelones 760 esq. Ciudadela<\/p>\r\n<p>Budda: Jos\u00e9 Iturriaga 3497 Esq. Lu\u00eds A. de Herrera<\/p>\r\n<p>21 Bar: L.A de Herrera 1140 esq. Iturriaga<\/p>\r\n<p>Asia de Cuba: Luis Alberto de Herrera 1248 &#8211; Torre 3 local 51<\/p>\r\n<p>Lotus: Cr. Luis E. Lecueder esq. Dr. Luis Bonavita<\/p>\r\n<p>Burlesque: Luis A. de Herrera 1136 esq. Iturriaga<\/p>\r\n<p>S\u00e1came el Maleficio: Luis Alberto de Herrera 1184 esq. 26 de marzo<\/p>\r\n<p>Volv\u00e9 mi negra: Francisco Mu\u00f1oz 3177 esq. La Gaceta<\/p>\r\n<p>Paullier y Guan\u00e1: Paullier 1252 esq. Guan\u00e1<\/p>\r\n<p>Solitario Juan: Rod\u00f3 1830 esq. Frugoni<\/p>\r\n<p>Living: Paullier esq. Edil Hugo Pratto<\/p>\r\n<p>Cabo Bar: Blvr. Espa\u00f1a2218 esq. Requena<\/p>\r\n","protected":false},"excerpt":{"rendered":"<p>Si bien Montevideo es una ciudad tranquila, la movida nocturna es una experiencia que los visitantes no deben dejar de vivir en su estad\u00eda. Al igual que en Buenos Aires, la noche montevideana comienza bastante tarde. La gente se re\u00fane en bares para tomar algo con sus amigos alrededor de la medianoche (la previa) y [&hellip;]<\/p>\n","protected":false},"author":5,"featured_media":0,"parent":2837,"menu_order":8,"comment_status":"closed","ping_status":"closed","template":"living-in-bsas.php","meta":{"footnotes":""},"class_list":["post-2986","page","type-page","status-publish","hentry","entry"],"yoast_head":"<!-- This site is optimized with the Yoast SEO plugin v26.0 - https:\/\/yoast.com\/wordpress\/plugins\/seo\/ -->\n<title>Vida nocturna - Academia Uruguay<\/title>\n<meta name=\"robots\" content=\"index, follow, max-snippet:-1, max-image-preview:large, max-video-preview:-1\" \/>\n<link rel=\"canonical\" href=\"https:\/\/www.academiauruguay.com\/es\/montevideo-uruguay\/vivir-en-montevideo\/vida-nocturna\/\" \/>\n<meta name=\"twitter:label1\" content=\"Est. reading time\" \/>\n\t<meta name=\"twitter:data1\" content=\"1 minute\" \/>\n<script type=\"application\/ld+json\" class=\"yoast-schema-graph\">{\"@context\":\"https:\/\/schema.org\",\"@graph\":[{\"@type\":\"WebPage\",\"@id\":\"https:\/\/www.academiauruguay.com\/es\/montevideo-uruguay\/vivir-en-montevideo\/vida-nocturna\/\",\"url\":\"https:\/\/www.academiauruguay.com\/es\/montevideo-uruguay\/vivir-en-montevideo\/vida-nocturna\/\",\"name\":\"Vida nocturna - Academia Uruguay\",\"isPartOf\":{\"@id\":\"https:\/\/www.academiauruguay.com\/es\/#website\"},\"datePublished\":\"2013-11-03T15:42:20+00:00\",\"dateModified\":\"2014-10-06T20:53:43+00:00\",\"breadcrumb\":{\"@id\":\"https:\/\/www.academiauruguay.com\/es\/montevideo-uruguay\/vivir-en-montevideo\/vida-nocturna\/#breadcrumb\"},\"inLanguage\":\"es-ES\",\"potentialAction\":[{\"@type\":\"ReadAction\",\"target\":[\"https:\/\/www.academiauruguay.com\/es\/montevideo-uruguay\/vivir-en-montevideo\/vida-nocturna\/\"]}]},{\"@type\":\"BreadcrumbList\",\"@id\":\"https:\/\/www.academiauruguay.com\/es\/montevideo-uruguay\/vivir-en-montevideo\/vida-nocturna\/#breadcrumb\",\"itemListElement\":[{\"@type\":\"ListItem\",\"position\":1,\"name\":\"Home\",\"item\":\"https:\/\/www.academiauruguay.com\/es\/\"},{\"@type\":\"ListItem\",\"position\":2,\"name\":\"Montevideo &#038; Uruguay\",\"item\":\"https:\/\/www.academiauruguay.com\/es\/montevideo-uruguay\/\"},{\"@type\":\"ListItem\",\"position\":3,\"name\":\"Vivir en Montevideo\",\"item\":\"https:\/\/www.academiauruguay.com\/es\/montevideo-uruguay\/vivir-en-montevideo\/\"},{\"@type\":\"ListItem\",\"position\":4,\"name\":\"Vida nocturna\"}]},{\"@type\":\"WebSite\",\"@id\":\"https:\/\/www.academiauruguay.com\/es\/#website\",\"url\":\"https:\/\/www.academiauruguay.com\/es\/\",\"name\":\"Academia Uruguay\",\"description\":\"spanish courses\",\"potentialAction\":[{\"@type\":\"SearchAction\",\"target\":{\"@type\":\"EntryPoint\",\"urlTemplate\":\"https:\/\/www.academiauruguay.com\/es\/?s={search_term_string}\"},\"query-input\":{\"@type\":\"PropertyValueSpecification\",\"valueRequired\":true,\"valueName\":\"search_term_string\"}}],\"inLanguage\":\"es-ES\"}]}<\/script>\n<!-- \/ Yoast SEO plugin. -->","yoast_head_json":{"title":"Vida nocturna - Academia Uruguay","robots":{"index":"index","follow":"follow","max-snippet":"max-snippet:-1","max-image-preview":"max-image-preview:large","max-video-preview":"max-video-preview:-1"},"canonical":"https:\/\/www.academiauruguay.com\/es\/montevideo-uruguay\/vivir-en-montevideo\/vida-nocturna\/","twitter_misc":{"Est. reading time":"1 minute"},"schema":{"@context":"https:\/\/schema.org","@graph":[{"@type":"WebPage","@id":"https:\/\/www.academiauruguay.com\/es\/montevideo-uruguay\/vivir-en-montevideo\/vida-nocturna\/","url":"https:\/\/www.academiauruguay.com\/es\/montevideo-uruguay\/vivir-en-montevideo\/vida-nocturna\/","name":"Vida nocturna - Academia Uruguay","isPartOf":{"@id":"https:\/\/www.academiauruguay.com\/es\/#website"},"datePublished":"2013-11-03T15:42:20+00:00","dateModified":"2014-10-06T20:53:43+00:00","breadcrumb":{"@id":"https:\/\/www.academiauruguay.com\/es\/montevideo-uruguay\/vivir-en-montevideo\/vida-nocturna\/#breadcrumb"},"inLanguage":"es-ES","potentialAction":[{"@type":"ReadAction","target":["https:\/\/www.academiauruguay.com\/es\/montevideo-uruguay\/vivir-en-montevideo\/vida-nocturna\/"]}]},{"@type":"BreadcrumbList","@id":"https:\/\/www.academiauruguay.com\/es\/montevideo-uruguay\/vivir-en-montevideo\/vida-nocturna\/#breadcrumb","itemListElement":[{"@type":"ListItem","position":1,"name":"Home","item":"https:\/\/www.academiauruguay.com\/es\/"},{"@type":"ListItem","position":2,"name":"Montevideo &#038; Uruguay","item":"https:\/\/www.academiauruguay.com\/es\/montevideo-uruguay\/"},{"@type":"ListItem","position":3,"name":"Vivir en Montevideo","item":"https:\/\/www.academiauruguay.com\/es\/montevideo-uruguay\/vivir-en-montevideo\/"},{"@type":"ListItem","position":4,"name":"Vida nocturna"}]},{"@type":"WebSite","@id":"https:\/\/www.academiauruguay.com\/es\/#website","url":"https:\/\/www.academiauruguay.com\/es\/","name":"Academia Uruguay","description":"spanish courses","potentialAction":[{"@type":"SearchAction","target":{"@type":"EntryPoint","urlTemplate":"https:\/\/www.academiauruguay.com\/es\/?s={search_term_string}"},"query-input":{"@type":"PropertyValueSpecification","valueRequired":true,"valueName":"search_term_string"}}],"inLanguage":"es-ES"}]}},"_links":{"self":[{"href":"https:\/\/www.academiauruguay.com\/es\/wp-json\/wp\/v2\/pages\/2986","targetHints":{"allow":["GET"]}}],"collection":[{"href":"https:\/\/www.academiauruguay.com\/es\/wp-json\/wp\/v2\/pages"}],"about":[{"href":"https:\/\/www.academiauruguay.com\/es\/wp-json\/wp\/v2\/types\/page"}],"author":[{"embeddable":true,"href":"https:\/\/www.academiauruguay.com\/es\/wp-json\/wp\/v2\/users\/5"}],"replies":[{"embeddable":true,"href":"https:\/\/www.academiauruguay.com\/es\/wp-json\/wp\/v2\/comments?post=2986"}],"version-history":[{"count":0,"href":"https:\/\/www.academiauruguay.com\/es\/wp-json\/wp\/v2\/pages\/2986\/revisions"}],"up":[{"embeddable":true,"href":"https:\/\/www.academiauruguay.com\/es\/wp-json\/wp\/v2\/pages\/2837"}],"wp:attachment":[{"href":"https:\/\/www.academiauruguay.com\/es\/wp-json\/wp\/v2\/media?parent=2986"}],"curies":[{"name":"wp","href":"https:\/\/api.w.org\/{rel}","templated":true}]}}