
{"id":1634,"date":"2013-10-03T12:53:45","date_gmt":"2013-10-03T12:53:45","guid":{"rendered":"https:\/\/www.academiauruguay.com\/?page_id=1634"},"modified":"2014-10-06T14:45:04","modified_gmt":"2014-10-06T16:45:04","slug":"trabajo-voluntario","status":"publish","type":"page","link":"https:\/\/www.academiauruguay.com\/es\/trabajo-voluntario\/","title":{"rendered":"Trabajo voluntario"},"content":{"rendered":"\r\n<p><strong>Trabajar como voluntario es una oportunidad \u00fanica para practicar espa\u00f1ol y vivir la cultura uruguaya desde el interior.<\/strong><\/p>\r\n<p>Academia Uruguay ofrece a sus estudiantes la posibilidad de combinar cursos de espa\u00f1ol con trabajo voluntario. Los alumnos pueden trabajar en diferentes organizaciones y proyectos en Montevideo, de esta forma podr\u00e1n descubrir las problem\u00e1ticas espec\u00edficas que afectan a los beneficiarios y colaborar con el desarrollo sociocultural de estas personas desde una completa inmersi\u00f3n en la realidad local.<\/p>\r\n<p>El voluntariado es una experiencia valiosa en la vida, ser voluntario es brindar ayuda a las personas que necesitan recibirla, es hacer una diferencia en la vida de alguien. Al mismo tiempo es enriquecedor para el voluntario que vive una importante experiencia, aprende nuevas habilidades, se encuentra con personas de diversas caracter\u00edsticas y aprende a valorar y a respetar las diferencias. Todas las personas est\u00e1n calificadas para ser voluntarios y pueden dejar un impacto positivo en la comunidad.<\/p>\r\n<p>&nbsp;<\/p>\r\n<p><a href=\"https:\/\/www.academiauruguay.com\/wp-content\/uploads\/sites\/3\/2014\/10\/voluntariado-uruguay.jpg\"><img loading=\"lazy\" decoding=\"async\" class=\"aligncenter size-large wp-image-5988\" src=\"https:\/\/www.academiauruguay.com\/wp-content\/uploads\/sites\/3\/2014\/10\/voluntariado-uruguay.jpg\" alt=\"voluntariado uruguay\" width=\"1\" height=\"1\" data-id=\"5988\" \/><\/a><\/p>\r\n<p>En definitiva, trabajar como voluntario es ofrecer libremente el tiempo, los conocimientos, la experiencia, las ideas y las habilidades sin recibir una remuneraci\u00f3n a cambio. Es realizar una acci\u00f3n solidaria teniendo en cuenta que los actos individuales implican una mejora en un determinado colectivo social.<\/p>\r\n<p>El programa est\u00e1 disponible para los estudiantes que cumplan los siguientes requisitos:<\/p>\r\n<p>1. Tomar por lo menos tres semanas de clases de espa\u00f1ol.<\/p>\r\n<p>2. Realizar trabajo voluntario por un mes como m\u00ednimo.<\/p>\r\n<p>3. Tener un nivel intermedio de espa\u00f1ol (m\u00ednimo B1).<\/p>\r\n<p>En caso de que el estudiante ya tenga el nivel intermedio requerido, puede comenzar a trabajar en paralelo con el curso de espa\u00f1ol. Si no tiene ese nivel, le sugerimos que tome algunas semanas de clases de espa\u00f1ol y luego empiece a trabajar como voluntario. Este requisito es para obtener una buena experiencia con un verdadero intercambio entre el personal a cargo de la organizaci\u00f3n, otros voluntarios y los beneficiarios de los proyectos.<\/p>\r\n<p>Cuando el estudiante se contacta con Academia Uruguay debe explicar qu\u00e9 tipo de tareas le gustar\u00eda realizar en el trabajo social y cu\u00e1les son sus expectativas. Nosotros contestaremos a esta solicitud informando los detalles del programa y enviaremos la evaluaci\u00f3n de nivel que el alumno debe completar y devolver por e-mail antes de su llegada. Una vez recibida el nivel ser\u00e1 verificado y le informaremos si puede participar del programa de voluntariado en paralelo o si debe tomar clases antes.<\/p>\r\n<p>Generalmente el primer d\u00eda de voluntariado est\u00e1 dedicado a conocer la organizaci\u00f3n y a las personas que trabajan en ella. Luego al estudiante se le asignar\u00e1n tareas de acuerdo a las necesidades que tengan en el momento y la disponibilidad de horarios, nivel de espa\u00f1ol alcanzado y \u00e1reas de inter\u00e9s del voluntario.<\/p>\r\n<p>Es importante destacar que a medida que el nivel de espa\u00f1ol del estudiante mejore, podr\u00e1 comunicarse m\u00e1s fluidamente y realizar distintas tareas. Esto har\u00e1 que la experiencia sea m\u00e1s enriquecedora.<\/p>\r\n","protected":false},"excerpt":{"rendered":"<p>Trabajar como voluntario es una oportunidad \u00fanica para practicar espa\u00f1ol y vivir la cultura uruguaya desde el interior. Academia Uruguay ofrece a sus estudiantes la posibilidad de combinar cursos de espa\u00f1ol con trabajo voluntario. Los alumnos pueden trabajar en diferentes organizaciones y proyectos en Montevideo, de esta forma podr\u00e1n descubrir las problem\u00e1ticas espec\u00edficas que afectan [&hellip;]<\/p>\n","protected":false},"author":5,"featured_media":0,"parent":0,"menu_order":38,"comment_status":"closed","ping_status":"closed","template":"","meta":{"footnotes":""},"class_list":["post-1634","page","type-page","status-publish","hentry","entry"],"yoast_head":"<!-- This site is optimized with the Yoast SEO plugin v26.0 - https:\/\/yoast.com\/wordpress\/plugins\/seo\/ -->\n<title>Trabajo voluntario - Academia Uruguay<\/title>\n<meta name=\"description\" content=\"Trabajar como voluntario es una oportunidad \u00fanica para practicar espa\u00f1ol y vivir la cultura uruguaya desde el interior. El trabajo voluntario es una buena\" \/>\n<meta name=\"robots\" content=\"index, follow, max-snippet:-1, max-image-preview:large, max-video-preview:-1\" \/>\n<link rel=\"canonical\" href=\"https:\/\/www.academiauruguay.com\/es\/trabajo-voluntario\/\" \/>\n<meta name=\"twitter:label1\" content=\"Est. reading time\" \/>\n\t<meta name=\"twitter:data1\" content=\"3 minutes\" \/>\n<script type=\"application\/ld+json\" class=\"yoast-schema-graph\">{\"@context\":\"https:\/\/schema.org\",\"@graph\":[{\"@type\":\"WebPage\",\"@id\":\"https:\/\/www.academiauruguay.com\/es\/trabajo-voluntario\/\",\"url\":\"https:\/\/www.academiauruguay.com\/es\/trabajo-voluntario\/\",\"name\":\"Trabajo voluntario - Academia Uruguay\",\"isPartOf\":{\"@id\":\"https:\/\/www.academiauruguay.com\/es\/#website\"},\"primaryImageOfPage\":{\"@id\":\"https:\/\/www.academiauruguay.com\/es\/trabajo-voluntario\/#primaryimage\"},\"image\":{\"@id\":\"https:\/\/www.academiauruguay.com\/es\/trabajo-voluntario\/#primaryimage\"},\"thumbnailUrl\":\"https:\/\/www.academiauruguay.com\/wp-content\/uploads\/sites\/3\/2014\/10\/voluntariado-uruguay.jpg\",\"datePublished\":\"2013-10-03T12:53:45+00:00\",\"dateModified\":\"2014-10-06T16:45:04+00:00\",\"description\":\"Trabajar como voluntario es una oportunidad \u00fanica para practicar espa\u00f1ol y vivir la cultura uruguaya desde el interior. El trabajo voluntario es una buena\",\"breadcrumb\":{\"@id\":\"https:\/\/www.academiauruguay.com\/es\/trabajo-voluntario\/#breadcrumb\"},\"inLanguage\":\"es-ES\",\"potentialAction\":[{\"@type\":\"ReadAction\",\"target\":[\"https:\/\/www.academiauruguay.com\/es\/trabajo-voluntario\/\"]}]},{\"@type\":\"ImageObject\",\"inLanguage\":\"es-ES\",\"@id\":\"https:\/\/www.academiauruguay.com\/es\/trabajo-voluntario\/#primaryimage\",\"url\":\"https:\/\/www.academiauruguay.com\/wp-content\/uploads\/sites\/3\/2014\/10\/voluntariado-uruguay.jpg\",\"contentUrl\":\"https:\/\/www.academiauruguay.com\/wp-content\/uploads\/sites\/3\/2014\/10\/voluntariado-uruguay.jpg\"},{\"@type\":\"BreadcrumbList\",\"@id\":\"https:\/\/www.academiauruguay.com\/es\/trabajo-voluntario\/#breadcrumb\",\"itemListElement\":[{\"@type\":\"ListItem\",\"position\":1,\"name\":\"Home\",\"item\":\"https:\/\/www.academiauruguay.com\/es\/\"},{\"@type\":\"ListItem\",\"position\":2,\"name\":\"Trabajo voluntario\"}]},{\"@type\":\"WebSite\",\"@id\":\"https:\/\/www.academiauruguay.com\/es\/#website\",\"url\":\"https:\/\/www.academiauruguay.com\/es\/\",\"name\":\"Academia Uruguay\",\"description\":\"spanish courses\",\"potentialAction\":[{\"@type\":\"SearchAction\",\"target\":{\"@type\":\"EntryPoint\",\"urlTemplate\":\"https:\/\/www.academiauruguay.com\/es\/?s={search_term_string}\"},\"query-input\":{\"@type\":\"PropertyValueSpecification\",\"valueRequired\":true,\"valueName\":\"search_term_string\"}}],\"inLanguage\":\"es-ES\"}]}<\/script>\n<!-- \/ Yoast SEO plugin. -->","yoast_head_json":{"title":"Trabajo voluntario - Academia Uruguay","description":"Trabajar como voluntario es una oportunidad \u00fanica para practicar espa\u00f1ol y vivir la cultura uruguaya desde el interior. El trabajo voluntario es una buena","robots":{"index":"index","follow":"follow","max-snippet":"max-snippet:-1","max-image-preview":"max-image-preview:large","max-video-preview":"max-video-preview:-1"},"canonical":"https:\/\/www.academiauruguay.com\/es\/trabajo-voluntario\/","twitter_misc":{"Est. reading time":"3 minutes"},"schema":{"@context":"https:\/\/schema.org","@graph":[{"@type":"WebPage","@id":"https:\/\/www.academiauruguay.com\/es\/trabajo-voluntario\/","url":"https:\/\/www.academiauruguay.com\/es\/trabajo-voluntario\/","name":"Trabajo voluntario - Academia Uruguay","isPartOf":{"@id":"https:\/\/www.academiauruguay.com\/es\/#website"},"primaryImageOfPage":{"@id":"https:\/\/www.academiauruguay.com\/es\/trabajo-voluntario\/#primaryimage"},"image":{"@id":"https:\/\/www.academiauruguay.com\/es\/trabajo-voluntario\/#primaryimage"},"thumbnailUrl":"https:\/\/www.academiauruguay.com\/wp-content\/uploads\/sites\/3\/2014\/10\/voluntariado-uruguay.jpg","datePublished":"2013-10-03T12:53:45+00:00","dateModified":"2014-10-06T16:45:04+00:00","description":"Trabajar como voluntario es una oportunidad \u00fanica para practicar espa\u00f1ol y vivir la cultura uruguaya desde el interior. El trabajo voluntario es una buena","breadcrumb":{"@id":"https:\/\/www.academiauruguay.com\/es\/trabajo-voluntario\/#breadcrumb"},"inLanguage":"es-ES","potentialAction":[{"@type":"ReadAction","target":["https:\/\/www.academiauruguay.com\/es\/trabajo-voluntario\/"]}]},{"@type":"ImageObject","inLanguage":"es-ES","@id":"https:\/\/www.academiauruguay.com\/es\/trabajo-voluntario\/#primaryimage","url":"https:\/\/www.academiauruguay.com\/wp-content\/uploads\/sites\/3\/2014\/10\/voluntariado-uruguay.jpg","contentUrl":"https:\/\/www.academiauruguay.com\/wp-content\/uploads\/sites\/3\/2014\/10\/voluntariado-uruguay.jpg"},{"@type":"BreadcrumbList","@id":"https:\/\/www.academiauruguay.com\/es\/trabajo-voluntario\/#breadcrumb","itemListElement":[{"@type":"ListItem","position":1,"name":"Home","item":"https:\/\/www.academiauruguay.com\/es\/"},{"@type":"ListItem","position":2,"name":"Trabajo voluntario"}]},{"@type":"WebSite","@id":"https:\/\/www.academiauruguay.com\/es\/#website","url":"https:\/\/www.academiauruguay.com\/es\/","name":"Academia Uruguay","description":"spanish courses","potentialAction":[{"@type":"SearchAction","target":{"@type":"EntryPoint","urlTemplate":"https:\/\/www.academiauruguay.com\/es\/?s={search_term_string}"},"query-input":{"@type":"PropertyValueSpecification","valueRequired":true,"valueName":"search_term_string"}}],"inLanguage":"es-ES"}]}},"_links":{"self":[{"href":"https:\/\/www.academiauruguay.com\/es\/wp-json\/wp\/v2\/pages\/1634","targetHints":{"allow":["GET"]}}],"collection":[{"href":"https:\/\/www.academiauruguay.com\/es\/wp-json\/wp\/v2\/pages"}],"about":[{"href":"https:\/\/www.academiauruguay.com\/es\/wp-json\/wp\/v2\/types\/page"}],"author":[{"embeddable":true,"href":"https:\/\/www.academiauruguay.com\/es\/wp-json\/wp\/v2\/users\/5"}],"replies":[{"embeddable":true,"href":"https:\/\/www.academiauruguay.com\/es\/wp-json\/wp\/v2\/comments?post=1634"}],"version-history":[{"count":0,"href":"https:\/\/www.academiauruguay.com\/es\/wp-json\/wp\/v2\/pages\/1634\/revisions"}],"wp:attachment":[{"href":"https:\/\/www.academiauruguay.com\/es\/wp-json\/wp\/v2\/media?parent=1634"}],"curies":[{"name":"wp","href":"https:\/\/api.w.org\/{rel}","templated":true}]}}