
{"id":1451,"date":"2013-09-29T13:40:01","date_gmt":"2013-09-29T13:40:01","guid":{"rendered":"https:\/\/www.academiauruguay.com\/?page_id=1451"},"modified":"2024-12-18T11:31:29","modified_gmt":"2024-12-18T14:31:29","slug":"actividades","status":"publish","type":"page","link":"https:\/\/www.academiauruguay.com\/es\/actividades\/","title":{"rendered":"Actividades"},"content":{"rendered":"\r\n<p><strong>Visitar Uruguay es sumergirse en cultura viva, es recorrer un pasado rico en historia y tradiciones, es dejarse llevar por la mezcla entre lo natural y lo urbano.<\/strong><\/p>\r\n<p>En Academia Uruguay creemos que aprender sobre la cultura y las tradiciones de un pa\u00eds permite conocer m\u00e1s a fondo la idiosincrasia local, generando as\u00ed v\u00ednculos culturales s\u00f3lidos.<\/p>\r\n<p><a href=\"https:\/\/www.academiauruguay.com\/wp-content\/uploads\/sites\/3\/2014\/08\/carnaval-academia-uruguay.jpg\"><img loading=\"lazy\" decoding=\"async\" class=\"aligncenter size-full wp-image-4513\" src=\"https:\/\/www.academiauruguay.com\/wp-content\/uploads\/sites\/3\/2014\/08\/carnaval-academia-uruguay.jpg\" alt=\"carnaval-academia-uruguay\" width=\"940\" height=\"400\" data-id=\"4513\" srcset=\"https:\/\/www.academiauruguay.com\/wp-content\/uploads\/sites\/3\/2014\/08\/carnaval-academia-uruguay.jpg 940w, https:\/\/www.academiauruguay.com\/wp-content\/uploads\/sites\/3\/2014\/08\/carnaval-academia-uruguay-160x68.jpg 160w, https:\/\/www.academiauruguay.com\/wp-content\/uploads\/sites\/3\/2014\/08\/carnaval-academia-uruguay-338x143.jpg 338w\" sizes=\"auto, (max-width: 940px) 100vw, 940px\" \/><\/a><\/p>\r\n<p>Aprender la lengua en un contexto de inmersi\u00f3n facilita la adquisici\u00f3n y fijaci\u00f3n del conocimiento, pero la inmersi\u00f3n real solo es posible cuando el estudiante toma contacto con las tradiciones y costumbres del pa\u00eds que lo recibe, cuando se involucra en actividades cotidianas o cuando descubre la ciudad desde una perspectiva local.<\/p>\r\n<p>Academia Uruguay propone semanalmente al menos dos actividades que buscan conectar al estudiante con la vida cultural de Montevideo. En este sentido, se organizan paseos por diferentes barrios de la ciudad, se asiste a espect\u00e1culos de m\u00fasica popular, se visitan museos y espacios de arte contempor\u00e1neo, entre otras actividades culturales.<\/p>\r\n<p>Los paseos que organiza la escuela comparten tres caracter\u00edsticas:<\/p>\r\n<ul>\r\n\t<li>Gu\u00eda biling\u00fce local: todas las actividades son organizadas y llevadas a cabo por un gu\u00eda local con amplios conocimientos sobre la historia del pa\u00eds y la ciudad.\u00a0Podr\u00e1s participar de las actividades independientemente de tu nivel\u00a0de espa\u00f1ol.<\/li>\r\n\t<li>Variedad: las actividades son en su mayor\u00eda gratuitas, cambian todas las semanas y son para todas las edades e intereses.<\/li>\r\n\t<li>Personalizaci\u00f3n: en el caso de que el estudiante quiera descubrir la ciudad por su cuenta o realizar paseos durante los fines de semana, podemos ayudarlo a planificar su viaje indic\u00e1ndole qu\u00e9 hacer, qu\u00e9 visitar y c\u00f3mo trasladarse dentro y fuera de Montevideo.<\/li>\r\n<\/ul>\r\n<p><strong>En el men\u00fa de arriba podr\u00e1s encontrar algunas de las actividades que semana a semana proponemos.<\/strong><\/p>\r\n","protected":false},"excerpt":{"rendered":"<p>Visitar Uruguay es sumergirse en cultura viva, es recorrer un pasado rico en historia y tradiciones, es dejarse llevar por la mezcla entre lo natural y lo urbano. En Academia Uruguay creemos que aprender sobre la cultura y las tradiciones de un pa\u00eds permite conocer m\u00e1s a fondo la idiosincrasia local, generando as\u00ed v\u00ednculos culturales [&hellip;]<\/p>\n","protected":false},"author":5,"featured_media":0,"parent":0,"menu_order":38,"comment_status":"closed","ping_status":"closed","template":"","meta":{"footnotes":""},"class_list":["post-1451","page","type-page","status-publish","hentry","entry"],"yoast_head":"<!-- This site is optimized with the Yoast SEO plugin v26.0 - https:\/\/yoast.com\/wordpress\/plugins\/seo\/ -->\n<title>Actividades - Academia Uruguay<\/title>\n<meta name=\"description\" content=\"Visitar Uruguay es sumergirse en cultura viva, es recorrer un pasado rico en historia y tradiciones, es dejarse llevar por la mezcla...\" \/>\n<meta name=\"robots\" content=\"index, follow, max-snippet:-1, max-image-preview:large, max-video-preview:-1\" \/>\n<link rel=\"canonical\" href=\"https:\/\/www.academiauruguay.com\/es\/actividades\/\" \/>\n<meta name=\"twitter:label1\" content=\"Est. reading time\" \/>\n\t<meta name=\"twitter:data1\" content=\"2 minutes\" \/>\n<script type=\"application\/ld+json\" class=\"yoast-schema-graph\">{\"@context\":\"https:\/\/schema.org\",\"@graph\":[{\"@type\":\"WebPage\",\"@id\":\"https:\/\/www.academiauruguay.com\/es\/actividades\/\",\"url\":\"https:\/\/www.academiauruguay.com\/es\/actividades\/\",\"name\":\"Actividades - Academia Uruguay\",\"isPartOf\":{\"@id\":\"https:\/\/www.academiauruguay.com\/es\/#website\"},\"primaryImageOfPage\":{\"@id\":\"https:\/\/www.academiauruguay.com\/es\/actividades\/#primaryimage\"},\"image\":{\"@id\":\"https:\/\/www.academiauruguay.com\/es\/actividades\/#primaryimage\"},\"thumbnailUrl\":\"https:\/\/www.academiauruguay.com\/wp-content\/uploads\/sites\/3\/2014\/08\/carnaval-academia-uruguay.jpg\",\"datePublished\":\"2013-09-29T13:40:01+00:00\",\"dateModified\":\"2024-12-18T14:31:29+00:00\",\"description\":\"Visitar Uruguay es sumergirse en cultura viva, es recorrer un pasado rico en historia y tradiciones, es dejarse llevar por la mezcla...\",\"breadcrumb\":{\"@id\":\"https:\/\/www.academiauruguay.com\/es\/actividades\/#breadcrumb\"},\"inLanguage\":\"es-ES\",\"potentialAction\":[{\"@type\":\"ReadAction\",\"target\":[\"https:\/\/www.academiauruguay.com\/es\/actividades\/\"]}]},{\"@type\":\"ImageObject\",\"inLanguage\":\"es-ES\",\"@id\":\"https:\/\/www.academiauruguay.com\/es\/actividades\/#primaryimage\",\"url\":\"https:\/\/www.academiauruguay.com\/wp-content\/uploads\/sites\/3\/2014\/08\/carnaval-academia-uruguay.jpg\",\"contentUrl\":\"https:\/\/www.academiauruguay.com\/wp-content\/uploads\/sites\/3\/2014\/08\/carnaval-academia-uruguay.jpg\"},{\"@type\":\"BreadcrumbList\",\"@id\":\"https:\/\/www.academiauruguay.com\/es\/actividades\/#breadcrumb\",\"itemListElement\":[{\"@type\":\"ListItem\",\"position\":1,\"name\":\"Home\",\"item\":\"https:\/\/www.academiauruguay.com\/es\/\"},{\"@type\":\"ListItem\",\"position\":2,\"name\":\"Actividades\"}]},{\"@type\":\"WebSite\",\"@id\":\"https:\/\/www.academiauruguay.com\/es\/#website\",\"url\":\"https:\/\/www.academiauruguay.com\/es\/\",\"name\":\"Academia Uruguay\",\"description\":\"spanish courses\",\"potentialAction\":[{\"@type\":\"SearchAction\",\"target\":{\"@type\":\"EntryPoint\",\"urlTemplate\":\"https:\/\/www.academiauruguay.com\/es\/?s={search_term_string}\"},\"query-input\":{\"@type\":\"PropertyValueSpecification\",\"valueRequired\":true,\"valueName\":\"search_term_string\"}}],\"inLanguage\":\"es-ES\"}]}<\/script>\n<!-- \/ Yoast SEO plugin. -->","yoast_head_json":{"title":"Actividades - Academia Uruguay","description":"Visitar Uruguay es sumergirse en cultura viva, es recorrer un pasado rico en historia y tradiciones, es dejarse llevar por la mezcla...","robots":{"index":"index","follow":"follow","max-snippet":"max-snippet:-1","max-image-preview":"max-image-preview:large","max-video-preview":"max-video-preview:-1"},"canonical":"https:\/\/www.academiauruguay.com\/es\/actividades\/","twitter_misc":{"Est. reading time":"2 minutes"},"schema":{"@context":"https:\/\/schema.org","@graph":[{"@type":"WebPage","@id":"https:\/\/www.academiauruguay.com\/es\/actividades\/","url":"https:\/\/www.academiauruguay.com\/es\/actividades\/","name":"Actividades - Academia Uruguay","isPartOf":{"@id":"https:\/\/www.academiauruguay.com\/es\/#website"},"primaryImageOfPage":{"@id":"https:\/\/www.academiauruguay.com\/es\/actividades\/#primaryimage"},"image":{"@id":"https:\/\/www.academiauruguay.com\/es\/actividades\/#primaryimage"},"thumbnailUrl":"https:\/\/www.academiauruguay.com\/wp-content\/uploads\/sites\/3\/2014\/08\/carnaval-academia-uruguay.jpg","datePublished":"2013-09-29T13:40:01+00:00","dateModified":"2024-12-18T14:31:29+00:00","description":"Visitar Uruguay es sumergirse en cultura viva, es recorrer un pasado rico en historia y tradiciones, es dejarse llevar por la mezcla...","breadcrumb":{"@id":"https:\/\/www.academiauruguay.com\/es\/actividades\/#breadcrumb"},"inLanguage":"es-ES","potentialAction":[{"@type":"ReadAction","target":["https:\/\/www.academiauruguay.com\/es\/actividades\/"]}]},{"@type":"ImageObject","inLanguage":"es-ES","@id":"https:\/\/www.academiauruguay.com\/es\/actividades\/#primaryimage","url":"https:\/\/www.academiauruguay.com\/wp-content\/uploads\/sites\/3\/2014\/08\/carnaval-academia-uruguay.jpg","contentUrl":"https:\/\/www.academiauruguay.com\/wp-content\/uploads\/sites\/3\/2014\/08\/carnaval-academia-uruguay.jpg"},{"@type":"BreadcrumbList","@id":"https:\/\/www.academiauruguay.com\/es\/actividades\/#breadcrumb","itemListElement":[{"@type":"ListItem","position":1,"name":"Home","item":"https:\/\/www.academiauruguay.com\/es\/"},{"@type":"ListItem","position":2,"name":"Actividades"}]},{"@type":"WebSite","@id":"https:\/\/www.academiauruguay.com\/es\/#website","url":"https:\/\/www.academiauruguay.com\/es\/","name":"Academia Uruguay","description":"spanish courses","potentialAction":[{"@type":"SearchAction","target":{"@type":"EntryPoint","urlTemplate":"https:\/\/www.academiauruguay.com\/es\/?s={search_term_string}"},"query-input":{"@type":"PropertyValueSpecification","valueRequired":true,"valueName":"search_term_string"}}],"inLanguage":"es-ES"}]}},"_links":{"self":[{"href":"https:\/\/www.academiauruguay.com\/es\/wp-json\/wp\/v2\/pages\/1451","targetHints":{"allow":["GET"]}}],"collection":[{"href":"https:\/\/www.academiauruguay.com\/es\/wp-json\/wp\/v2\/pages"}],"about":[{"href":"https:\/\/www.academiauruguay.com\/es\/wp-json\/wp\/v2\/types\/page"}],"author":[{"embeddable":true,"href":"https:\/\/www.academiauruguay.com\/es\/wp-json\/wp\/v2\/users\/5"}],"replies":[{"embeddable":true,"href":"https:\/\/www.academiauruguay.com\/es\/wp-json\/wp\/v2\/comments?post=1451"}],"version-history":[{"count":0,"href":"https:\/\/www.academiauruguay.com\/es\/wp-json\/wp\/v2\/pages\/1451\/revisions"}],"wp:attachment":[{"href":"https:\/\/www.academiauruguay.com\/es\/wp-json\/wp\/v2\/media?parent=1451"}],"curies":[{"name":"wp","href":"https:\/\/api.w.org\/{rel}","templated":true}]}}