
{"id":1097,"date":"2013-09-21T03:13:30","date_gmt":"2013-09-21T03:13:30","guid":{"rendered":"https:\/\/www.academiauruguay.com\/?page_id=1097"},"modified":"2025-07-01T15:58:03","modified_gmt":"2025-07-01T18:58:03","slug":"tamano-de-clases","status":"publish","type":"page","link":"https:\/\/www.academiauruguay.com\/es\/cursos-tarifas\/tamano-de-clases\/","title":{"rendered":"Tama\u00f1o de clases"},"content":{"rendered":"\n<p>El tama\u00f1o reducido de las clases y la formaci\u00f3n profesional de nuestros docentes son importantes pilares de nuestra metodolog\u00eda de ense\u00f1anza. Ofrecemos cursos de espa\u00f1ol en diferentes formatos:<\/p>\n\n\n\n<p><strong>1. <a title=\"cursos particulares\" href=\"https:\/\/www.academiauruguay.com\/es\/courses\/cursos-particulares\/\" target=\"_blank\">Clases individuales<\/a><\/strong>:&nbsp;En este caso uno de nuestros profesores le da clases particulares a un solo alumno. Es un tipo de clase muy intensivo e ideal para alumnos que quieren acelerar el proceso de aprendizaje en ciertas \u00e1reas y\/o que tienen necesidades particulares. Las clases individuales tambi\u00e9n implican flexibilidad, metodolog\u00eda y contenido personalizados y una maximizaci\u00f3n del tiempo dedicado a la pr\u00e1ctica oral.<\/p>\n\n\n\n<p><strong>2. Clases grupales<\/strong>:\u00a0Las clases grupales permiten un aprendizaje altamente interactivo y cooperativo. El tama\u00f1o de los grupos generalmente var\u00eda entre 2 y 8 alumnos.\u00a0Ofrecemos 9 niveles diferentes para garantizar una homogeneidad de los grupos y acelerar el aprendizaje. Si un estudiante se encuentra s\u00f3lo en su grupo, la cantidad de horas diarias baja de 4 a 2,5.<\/p>\n\n\n\n<p><strong>3. Una combinaci\u00f3n de ambas modalidades<\/strong>:&nbsp;La combinaci\u00f3n de clases grupales e individuales ofrece la posibilidad de disfrutar de la din\u00e1mica de un curso grupal y de, adem\u00e1s, disponer junto a un profesor de un tiempo especialmente dedicado a las necesidades y objetivos personales.<\/p>\n","protected":false},"excerpt":{"rendered":"<p>El tama\u00f1o reducido de las clases y la formaci\u00f3n profesional de nuestros docentes son importantes pilares de nuestra metodolog\u00eda de ense\u00f1anza. Ofrecemos cursos de espa\u00f1ol en diferentes formatos: 1. Clases individuales:&nbsp;En este caso uno de nuestros profesores le da clases particulares a un solo alumno. Es un tipo de clase muy intensivo e ideal para [&hellip;]<\/p>\n","protected":false},"author":5,"featured_media":0,"parent":1095,"menu_order":21,"comment_status":"closed","ping_status":"closed","template":"","meta":{"footnotes":""},"class_list":["post-1097","page","type-page","status-publish","hentry","entry"],"yoast_head":"<!-- This site is optimized with the Yoast SEO plugin v26.0 - https:\/\/yoast.com\/wordpress\/plugins\/seo\/ -->\n<title>Tama\u00f1o de clases - Academia Uruguay<\/title>\n<meta name=\"robots\" content=\"index, follow, max-snippet:-1, max-image-preview:large, max-video-preview:-1\" \/>\n<link rel=\"canonical\" href=\"https:\/\/www.academiauruguay.com\/es\/cursos-tarifas\/tamano-de-clases\/\" \/>\n<meta name=\"twitter:label1\" content=\"Est. reading time\" \/>\n\t<meta name=\"twitter:data1\" content=\"1 minute\" \/>\n<script type=\"application\/ld+json\" class=\"yoast-schema-graph\">{\"@context\":\"https:\/\/schema.org\",\"@graph\":[{\"@type\":\"WebPage\",\"@id\":\"https:\/\/www.academiauruguay.com\/es\/cursos-tarifas\/tamano-de-clases\/\",\"url\":\"https:\/\/www.academiauruguay.com\/es\/cursos-tarifas\/tamano-de-clases\/\",\"name\":\"Tama\u00f1o de clases - Academia Uruguay\",\"isPartOf\":{\"@id\":\"https:\/\/www.academiauruguay.com\/es\/#website\"},\"datePublished\":\"2013-09-21T03:13:30+00:00\",\"dateModified\":\"2025-07-01T18:58:03+00:00\",\"breadcrumb\":{\"@id\":\"https:\/\/www.academiauruguay.com\/es\/cursos-tarifas\/tamano-de-clases\/#breadcrumb\"},\"inLanguage\":\"es-ES\",\"potentialAction\":[{\"@type\":\"ReadAction\",\"target\":[\"https:\/\/www.academiauruguay.com\/es\/cursos-tarifas\/tamano-de-clases\/\"]}]},{\"@type\":\"BreadcrumbList\",\"@id\":\"https:\/\/www.academiauruguay.com\/es\/cursos-tarifas\/tamano-de-clases\/#breadcrumb\",\"itemListElement\":[{\"@type\":\"ListItem\",\"position\":1,\"name\":\"Home\",\"item\":\"https:\/\/www.academiauruguay.com\/es\/\"},{\"@type\":\"ListItem\",\"position\":2,\"name\":\"Cursos &#038; tarifas\",\"item\":\"https:\/\/www.academiauruguay.com\/es\/cursos-tarifas\/\"},{\"@type\":\"ListItem\",\"position\":3,\"name\":\"Tama\u00f1o de clases\"}]},{\"@type\":\"WebSite\",\"@id\":\"https:\/\/www.academiauruguay.com\/es\/#website\",\"url\":\"https:\/\/www.academiauruguay.com\/es\/\",\"name\":\"Academia Uruguay\",\"description\":\"spanish courses\",\"potentialAction\":[{\"@type\":\"SearchAction\",\"target\":{\"@type\":\"EntryPoint\",\"urlTemplate\":\"https:\/\/www.academiauruguay.com\/es\/?s={search_term_string}\"},\"query-input\":{\"@type\":\"PropertyValueSpecification\",\"valueRequired\":true,\"valueName\":\"search_term_string\"}}],\"inLanguage\":\"es-ES\"}]}<\/script>\n<!-- \/ Yoast SEO plugin. -->","yoast_head_json":{"title":"Tama\u00f1o de clases - Academia Uruguay","robots":{"index":"index","follow":"follow","max-snippet":"max-snippet:-1","max-image-preview":"max-image-preview:large","max-video-preview":"max-video-preview:-1"},"canonical":"https:\/\/www.academiauruguay.com\/es\/cursos-tarifas\/tamano-de-clases\/","twitter_misc":{"Est. reading time":"1 minute"},"schema":{"@context":"https:\/\/schema.org","@graph":[{"@type":"WebPage","@id":"https:\/\/www.academiauruguay.com\/es\/cursos-tarifas\/tamano-de-clases\/","url":"https:\/\/www.academiauruguay.com\/es\/cursos-tarifas\/tamano-de-clases\/","name":"Tama\u00f1o de clases - Academia Uruguay","isPartOf":{"@id":"https:\/\/www.academiauruguay.com\/es\/#website"},"datePublished":"2013-09-21T03:13:30+00:00","dateModified":"2025-07-01T18:58:03+00:00","breadcrumb":{"@id":"https:\/\/www.academiauruguay.com\/es\/cursos-tarifas\/tamano-de-clases\/#breadcrumb"},"inLanguage":"es-ES","potentialAction":[{"@type":"ReadAction","target":["https:\/\/www.academiauruguay.com\/es\/cursos-tarifas\/tamano-de-clases\/"]}]},{"@type":"BreadcrumbList","@id":"https:\/\/www.academiauruguay.com\/es\/cursos-tarifas\/tamano-de-clases\/#breadcrumb","itemListElement":[{"@type":"ListItem","position":1,"name":"Home","item":"https:\/\/www.academiauruguay.com\/es\/"},{"@type":"ListItem","position":2,"name":"Cursos &#038; tarifas","item":"https:\/\/www.academiauruguay.com\/es\/cursos-tarifas\/"},{"@type":"ListItem","position":3,"name":"Tama\u00f1o de clases"}]},{"@type":"WebSite","@id":"https:\/\/www.academiauruguay.com\/es\/#website","url":"https:\/\/www.academiauruguay.com\/es\/","name":"Academia Uruguay","description":"spanish courses","potentialAction":[{"@type":"SearchAction","target":{"@type":"EntryPoint","urlTemplate":"https:\/\/www.academiauruguay.com\/es\/?s={search_term_string}"},"query-input":{"@type":"PropertyValueSpecification","valueRequired":true,"valueName":"search_term_string"}}],"inLanguage":"es-ES"}]}},"_links":{"self":[{"href":"https:\/\/www.academiauruguay.com\/es\/wp-json\/wp\/v2\/pages\/1097","targetHints":{"allow":["GET"]}}],"collection":[{"href":"https:\/\/www.academiauruguay.com\/es\/wp-json\/wp\/v2\/pages"}],"about":[{"href":"https:\/\/www.academiauruguay.com\/es\/wp-json\/wp\/v2\/types\/page"}],"author":[{"embeddable":true,"href":"https:\/\/www.academiauruguay.com\/es\/wp-json\/wp\/v2\/users\/5"}],"replies":[{"embeddable":true,"href":"https:\/\/www.academiauruguay.com\/es\/wp-json\/wp\/v2\/comments?post=1097"}],"version-history":[{"count":0,"href":"https:\/\/www.academiauruguay.com\/es\/wp-json\/wp\/v2\/pages\/1097\/revisions"}],"up":[{"embeddable":true,"href":"https:\/\/www.academiauruguay.com\/es\/wp-json\/wp\/v2\/pages\/1095"}],"wp:attachment":[{"href":"https:\/\/www.academiauruguay.com\/es\/wp-json\/wp\/v2\/media?parent=1097"}],"curies":[{"name":"wp","href":"https:\/\/api.w.org\/{rel}","templated":true}]}}