
{"id":1072,"date":"2013-09-20T09:14:12","date_gmt":"2013-09-20T09:14:12","guid":{"rendered":"https:\/\/www.academiauruguay.com\/?page_id=1072"},"modified":"2014-09-05T23:02:04","modified_gmt":"2014-09-06T02:02:04","slug":"calidad-academica","status":"publish","type":"page","link":"https:\/\/www.academiauruguay.com\/es\/la-academia\/calidad-academica\/","title":{"rendered":"Calidad acad\u00e9mica"},"content":{"rendered":"\r\n<p><a href=\"https:\/\/www.academiauruguay.com\/wp-content\/uploads\/sites\/3\/2014\/08\/ele-logo.png\"><img loading=\"lazy\" decoding=\"async\" class=\"alignleft wp-image-4805 size-thumbnail\" src=\"https:\/\/www.academiauruguay.com\/wp-content\/uploads\/sites\/3\/2014\/08\/ele-logo-160x70.png\" alt=\"ele-logo\" width=\"160\" height=\"70\" data-id=\"4805\" srcset=\"https:\/\/www.academiauruguay.com\/wp-content\/uploads\/sites\/3\/2014\/08\/ele-logo-160x70.png 160w, https:\/\/www.academiauruguay.com\/wp-content\/uploads\/sites\/3\/2014\/08\/ele-logo-338x149.png 338w, https:\/\/www.academiauruguay.com\/wp-content\/uploads\/sites\/3\/2014\/08\/ele-logo.png 744w\" sizes=\"auto, (max-width: 160px) 100vw, 160px\" \/><\/a>Academia Uruguay fue la primera instituci\u00f3n en ser reconocida por el \u00abRegistro de instituciones acreditadas de ense\u00f1anza de espa\u00f1ol como lengua extranjera\u00bb. Este registro fue creado por el departamento de Educaci\u00f3n del Ministerio de Educaci\u00f3n y Cultura de Uruguay. Su objetivo es garantizar la calidad de todos los cursos de espa\u00f1ol para extranjeros y asegurar el cumplimiento de los requisitos establecidos para las escuelas miembros.<\/p>\r\n<p>Este reconocimiento oficial es otro logro en nuestros esfuerzos para ofrecer excelencia acad\u00e9mica y servicio profesional a nuestros alumnos.<\/p>\r\n<p><img loading=\"lazy\" decoding=\"async\" class=\"alignleft size-full wp-image-1242\" src=\"https:\/\/www.academiauruguay.com\/wp-content\/uploads\/sites\/3\/2013\/05\/amerigo-160x62.jpg\" alt=\"Amerigo Latin American Quality Language Schools\" width=\"160\" height=\"62\" \/><\/p>\r\n<p><a href=\"http:\/\/www.amerigo-schools.com\" target=\"_blank\">AMERIGO <\/a>es una red para la calidad en escuelas latinoamericanas de idiomas. Los institutos miembros de la red comparten altos est\u00e1ndares de calidad y se distinguen por ser especialmente atractivos para estudiantes que quieren aprender espa\u00f1ol en un contexto de inmersi\u00f3n. Por el momento, AMERIGO cuenta con cuatro escuelas de idiomas entre sus miembros. Est\u00e1n localizadas en Chile, Argentina y Uruguay y cada una de ellas es una instituci\u00f3n acad\u00e9mica experimentada y reconocida con una amplia y variada oferta de cursos de espa\u00f1ol. Asimismo, todas las escuelas son miembros acreditados de asociaciones nacionales de escuelas y de organizaciones internacionales (<a title=\"TANDEM International Buenos Aires\" href=\"https:\/\/www.academiauruguay.com\/es\/la-academia\/institutos-amigos\/\" target=\"_blank\">Tandem\u00ae<\/a> and <a title=\"Intituto Cervantes \" href=\"http:\/\/www.cervantes.es\/default.htm\" target=\"_blank\">Instituto Cervantes<\/a>). Esta red fue fundada con la intenci\u00f3n de dar respuesta al creciente inter\u00e9s por los programas de viaje y estudio de idiomas. Las escuelas miembros ofrecen un servicio de la misma calidad para estudiantes que quieren descubrir diferentes ciudades mientras estudian espa\u00f1ol. Para los agentes, AMERIGO representa un selecto grupo de escuelas de espa\u00f1ol de primer nivel en Latinoam\u00e9rica. Otras escuelas de AMERIGO:\u00a0<a title=\"AMERIGO Buenos Aires\" href=\"http:\/\/www.academiabuenosaires.com\" target=\"_blank\">Buenos Aires &#8211; Argentina<\/a>,\u00a0<a title=\"AMERIGO C\u00f3rdoba \" href=\"http:\/\/www.learningspanish.com.ar\/\" target=\"_blank\">C\u00f3rdoba &#8211; Argentina<\/a> y\u00a0<a title=\"AMERIGO Santiago de Chile\" href=\"http:\/\/www.tandemsantiago.cl\/\" target=\"_blank\">Santiago de Chile &#8211; Chile<\/a>.<\/p>\r\n","protected":false},"excerpt":{"rendered":"<p>Academia Uruguay fue la primera instituci\u00f3n en ser reconocida por el \u00abRegistro de instituciones acreditadas de ense\u00f1anza de espa\u00f1ol como lengua extranjera\u00bb. Este registro fue creado por el departamento de Educaci\u00f3n del Ministerio de Educaci\u00f3n y Cultura de Uruguay. Su objetivo es garantizar la calidad de todos los cursos de espa\u00f1ol para extranjeros y asegurar [&hellip;]<\/p>\n","protected":false},"author":5,"featured_media":0,"parent":1059,"menu_order":34,"comment_status":"open","ping_status":"closed","template":"","meta":{"footnotes":""},"class_list":["post-1072","page","type-page","status-publish","hentry","entry"],"yoast_head":"<!-- This site is optimized with the Yoast SEO plugin v26.0 - https:\/\/yoast.com\/wordpress\/plugins\/seo\/ -->\n<title>Calidad acad\u00e9mica - Academia Uruguay<\/title>\n<meta name=\"robots\" content=\"index, follow, max-snippet:-1, max-image-preview:large, max-video-preview:-1\" \/>\n<link rel=\"canonical\" href=\"https:\/\/www.academiauruguay.com\/es\/la-academia\/calidad-academica\/\" \/>\n<meta name=\"twitter:label1\" content=\"Est. reading time\" \/>\n\t<meta name=\"twitter:data1\" content=\"1 minute\" \/>\n<script type=\"application\/ld+json\" class=\"yoast-schema-graph\">{\"@context\":\"https:\/\/schema.org\",\"@graph\":[{\"@type\":\"WebPage\",\"@id\":\"https:\/\/www.academiauruguay.com\/es\/la-academia\/calidad-academica\/\",\"url\":\"https:\/\/www.academiauruguay.com\/es\/la-academia\/calidad-academica\/\",\"name\":\"Calidad acad\u00e9mica - Academia Uruguay\",\"isPartOf\":{\"@id\":\"https:\/\/www.academiauruguay.com\/es\/#website\"},\"primaryImageOfPage\":{\"@id\":\"https:\/\/www.academiauruguay.com\/es\/la-academia\/calidad-academica\/#primaryimage\"},\"image\":{\"@id\":\"https:\/\/www.academiauruguay.com\/es\/la-academia\/calidad-academica\/#primaryimage\"},\"thumbnailUrl\":\"https:\/\/www.academiauruguay.com\/wp-content\/uploads\/sites\/3\/2014\/08\/ele-logo-160x70.png\",\"datePublished\":\"2013-09-20T09:14:12+00:00\",\"dateModified\":\"2014-09-06T02:02:04+00:00\",\"breadcrumb\":{\"@id\":\"https:\/\/www.academiauruguay.com\/es\/la-academia\/calidad-academica\/#breadcrumb\"},\"inLanguage\":\"es-ES\",\"potentialAction\":[{\"@type\":\"ReadAction\",\"target\":[\"https:\/\/www.academiauruguay.com\/es\/la-academia\/calidad-academica\/\"]}]},{\"@type\":\"ImageObject\",\"inLanguage\":\"es-ES\",\"@id\":\"https:\/\/www.academiauruguay.com\/es\/la-academia\/calidad-academica\/#primaryimage\",\"url\":\"https:\/\/www.academiauruguay.com\/wp-content\/uploads\/sites\/3\/2014\/08\/ele-logo-160x70.png\",\"contentUrl\":\"https:\/\/www.academiauruguay.com\/wp-content\/uploads\/sites\/3\/2014\/08\/ele-logo-160x70.png\"},{\"@type\":\"BreadcrumbList\",\"@id\":\"https:\/\/www.academiauruguay.com\/es\/la-academia\/calidad-academica\/#breadcrumb\",\"itemListElement\":[{\"@type\":\"ListItem\",\"position\":1,\"name\":\"Home\",\"item\":\"https:\/\/www.academiauruguay.com\/es\/\"},{\"@type\":\"ListItem\",\"position\":2,\"name\":\"La Academia\",\"item\":\"https:\/\/www.academiauruguay.com\/es\/la-academia\/\"},{\"@type\":\"ListItem\",\"position\":3,\"name\":\"Calidad acad\u00e9mica\"}]},{\"@type\":\"WebSite\",\"@id\":\"https:\/\/www.academiauruguay.com\/es\/#website\",\"url\":\"https:\/\/www.academiauruguay.com\/es\/\",\"name\":\"Academia Uruguay\",\"description\":\"spanish courses\",\"potentialAction\":[{\"@type\":\"SearchAction\",\"target\":{\"@type\":\"EntryPoint\",\"urlTemplate\":\"https:\/\/www.academiauruguay.com\/es\/?s={search_term_string}\"},\"query-input\":{\"@type\":\"PropertyValueSpecification\",\"valueRequired\":true,\"valueName\":\"search_term_string\"}}],\"inLanguage\":\"es-ES\"}]}<\/script>\n<!-- \/ Yoast SEO plugin. -->","yoast_head_json":{"title":"Calidad acad\u00e9mica - Academia Uruguay","robots":{"index":"index","follow":"follow","max-snippet":"max-snippet:-1","max-image-preview":"max-image-preview:large","max-video-preview":"max-video-preview:-1"},"canonical":"https:\/\/www.academiauruguay.com\/es\/la-academia\/calidad-academica\/","twitter_misc":{"Est. reading time":"1 minute"},"schema":{"@context":"https:\/\/schema.org","@graph":[{"@type":"WebPage","@id":"https:\/\/www.academiauruguay.com\/es\/la-academia\/calidad-academica\/","url":"https:\/\/www.academiauruguay.com\/es\/la-academia\/calidad-academica\/","name":"Calidad acad\u00e9mica - Academia Uruguay","isPartOf":{"@id":"https:\/\/www.academiauruguay.com\/es\/#website"},"primaryImageOfPage":{"@id":"https:\/\/www.academiauruguay.com\/es\/la-academia\/calidad-academica\/#primaryimage"},"image":{"@id":"https:\/\/www.academiauruguay.com\/es\/la-academia\/calidad-academica\/#primaryimage"},"thumbnailUrl":"https:\/\/www.academiauruguay.com\/wp-content\/uploads\/sites\/3\/2014\/08\/ele-logo-160x70.png","datePublished":"2013-09-20T09:14:12+00:00","dateModified":"2014-09-06T02:02:04+00:00","breadcrumb":{"@id":"https:\/\/www.academiauruguay.com\/es\/la-academia\/calidad-academica\/#breadcrumb"},"inLanguage":"es-ES","potentialAction":[{"@type":"ReadAction","target":["https:\/\/www.academiauruguay.com\/es\/la-academia\/calidad-academica\/"]}]},{"@type":"ImageObject","inLanguage":"es-ES","@id":"https:\/\/www.academiauruguay.com\/es\/la-academia\/calidad-academica\/#primaryimage","url":"https:\/\/www.academiauruguay.com\/wp-content\/uploads\/sites\/3\/2014\/08\/ele-logo-160x70.png","contentUrl":"https:\/\/www.academiauruguay.com\/wp-content\/uploads\/sites\/3\/2014\/08\/ele-logo-160x70.png"},{"@type":"BreadcrumbList","@id":"https:\/\/www.academiauruguay.com\/es\/la-academia\/calidad-academica\/#breadcrumb","itemListElement":[{"@type":"ListItem","position":1,"name":"Home","item":"https:\/\/www.academiauruguay.com\/es\/"},{"@type":"ListItem","position":2,"name":"La Academia","item":"https:\/\/www.academiauruguay.com\/es\/la-academia\/"},{"@type":"ListItem","position":3,"name":"Calidad acad\u00e9mica"}]},{"@type":"WebSite","@id":"https:\/\/www.academiauruguay.com\/es\/#website","url":"https:\/\/www.academiauruguay.com\/es\/","name":"Academia Uruguay","description":"spanish courses","potentialAction":[{"@type":"SearchAction","target":{"@type":"EntryPoint","urlTemplate":"https:\/\/www.academiauruguay.com\/es\/?s={search_term_string}"},"query-input":{"@type":"PropertyValueSpecification","valueRequired":true,"valueName":"search_term_string"}}],"inLanguage":"es-ES"}]}},"_links":{"self":[{"href":"https:\/\/www.academiauruguay.com\/es\/wp-json\/wp\/v2\/pages\/1072","targetHints":{"allow":["GET"]}}],"collection":[{"href":"https:\/\/www.academiauruguay.com\/es\/wp-json\/wp\/v2\/pages"}],"about":[{"href":"https:\/\/www.academiauruguay.com\/es\/wp-json\/wp\/v2\/types\/page"}],"author":[{"embeddable":true,"href":"https:\/\/www.academiauruguay.com\/es\/wp-json\/wp\/v2\/users\/5"}],"replies":[{"embeddable":true,"href":"https:\/\/www.academiauruguay.com\/es\/wp-json\/wp\/v2\/comments?post=1072"}],"version-history":[{"count":0,"href":"https:\/\/www.academiauruguay.com\/es\/wp-json\/wp\/v2\/pages\/1072\/revisions"}],"up":[{"embeddable":true,"href":"https:\/\/www.academiauruguay.com\/es\/wp-json\/wp\/v2\/pages\/1059"}],"wp:attachment":[{"href":"https:\/\/www.academiauruguay.com\/es\/wp-json\/wp\/v2\/media?parent=1072"}],"curies":[{"name":"wp","href":"https:\/\/api.w.org\/{rel}","templated":true}]}}