
{"id":1060,"date":"2013-09-19T16:04:04","date_gmt":"2013-09-19T16:04:04","guid":{"rendered":"https:\/\/www.academiauruguay.com\/?page_id=1060"},"modified":"2025-01-09T15:44:19","modified_gmt":"2025-01-09T18:44:19","slug":"acreditado-instituto-cervantes","status":"publish","type":"page","link":"https:\/\/www.academiauruguay.com\/es\/la-academia\/acreditado-instituto-cervantes\/","title":{"rendered":"Centro acreditado por el Instituto Cervantes"},"content":{"rendered":"<div class=\"wp-block-image\">\n<figure class=\"alignright\"><a href=\"https:\/\/acreditacion.cervantes.es\/\" target=\"_blank\" rel=\"noopener\"><img loading=\"lazy\" decoding=\"async\" width=\"160\" height=\"132\" src=\"https:\/\/www.academiauruguay.com\/wp-content\/uploads\/sites\/3\/2014\/08\/Acredita2-160x132.jpg\" alt=\"Acredita2\" class=\"wp-image-4798\" srcset=\"https:\/\/www.academiauruguay.com\/wp-content\/uploads\/sites\/3\/2014\/08\/Acredita2-160x132.jpg 160w, https:\/\/www.academiauruguay.com\/wp-content\/uploads\/sites\/3\/2014\/08\/Acredita2-338x279.jpg 338w, https:\/\/www.academiauruguay.com\/wp-content\/uploads\/sites\/3\/2014\/08\/Acredita2.jpg 837w\" sizes=\"auto, (max-width: 160px) 100vw, 160px\" \/><\/a><\/figure><\/div>\n\n\n<p><strong>Academia Uruguay (en Montevideo) es centro acreditado por el Instituto Cervantes de Espa\u00f1a<\/strong>.<\/p>\n\n\n\n<p>El Instituto Cervantes es una instituci\u00f3n p\u00fablica creada en Espa\u00f1a en 1991 para la promoci\u00f3n y la ense\u00f1anza de la lengua espa\u00f1ola y la cultura hispanoamericana. La red de centros asociados cuenta con instituciones presentes en 77 ciudades de 44 pa\u00edses en los cinco continentes, cuya calidad ha sido expresamente reconocida por el Instituto Cervantes.<\/p>\n\n\n\n<p>Obtener esta acreditaci\u00f3n asegura a los estudiantes la calidad a nivel de excelencia institucional y mejora continua.<\/p>\n\n\n\n<p>\u00bfPor qu\u00e9 estudiar en un centro conectado al Instituto Cervantes?<\/p>\n\n\n\n<p>Los Centros Acreditados:<\/p>\n\n\n\n<p>&#8211; Cumplen con los requisitos legales y de calidad exigidos por el Instituto Cervantes para la ense\u00f1anza del espa\u00f1ol como lengua extranjera. <br>&#8211; Disponen de recursos adecuados para la ense\u00f1anza. <br>&#8211; Cuentan con un equipo de profesores con los estudios y la formaci\u00f3n adecuados. <br>&#8211; Tienen un plan de ense\u00f1anza que garantiza el progreso adecuado. <br>&#8211; Establecen un n\u00famero m\u00e1ximo de alumnos por clase. <br>&#8211; Realizan una publicidad veraz en relaci\u00f3n con la oferta. <br>&#8211; Detallan claramente los precios de los cursos y de los servicios complementarios.<\/p>\n\n\n\n<p>Los centros deben evidenciar que cumplen con los requisitos y descriptores del SACIC en las evaluaciones que tienen lugar cada tres a\u00f1os.<\/p>\n","protected":false},"excerpt":{"rendered":"<p>Academia Uruguay (en Montevideo) es centro acreditado por el Instituto Cervantes de Espa\u00f1a. El Instituto Cervantes es una instituci\u00f3n p\u00fablica creada en Espa\u00f1a en 1991 para la promoci\u00f3n y la ense\u00f1anza de la lengua espa\u00f1ola y la cultura hispanoamericana. La red de centros asociados cuenta con instituciones presentes en 77 ciudades de 44 pa\u00edses en [&hellip;]<\/p>\n","protected":false},"author":5,"featured_media":0,"parent":1059,"menu_order":17,"comment_status":"open","ping_status":"open","template":"","meta":{"footnotes":""},"class_list":["post-1060","page","type-page","status-publish","hentry","entry"],"yoast_head":"<!-- This site is optimized with the Yoast SEO plugin v26.0 - https:\/\/yoast.com\/wordpress\/plugins\/seo\/ -->\n<title>Centro acreditado por el Instituto Cervantes - Academia Uruguay<\/title>\n<meta name=\"description\" content=\"Academia Uruguay (en Montevideo) es centro acreditado del Instituto Cervantes de Espa\u00f1a. El Instituto Cervantes es una instituci\u00f3n p\u00fablica creada en Espa\u00f1a\" \/>\n<meta name=\"robots\" content=\"index, follow, max-snippet:-1, max-image-preview:large, max-video-preview:-1\" \/>\n<link rel=\"canonical\" href=\"https:\/\/www.academiauruguay.com\/es\/la-academia\/acreditado-instituto-cervantes\/\" \/>\n<meta name=\"twitter:label1\" content=\"Est. reading time\" \/>\n\t<meta name=\"twitter:data1\" content=\"2 minutes\" \/>\n<script type=\"application\/ld+json\" class=\"yoast-schema-graph\">{\"@context\":\"https:\/\/schema.org\",\"@graph\":[{\"@type\":\"WebPage\",\"@id\":\"https:\/\/www.academiauruguay.com\/es\/la-academia\/acreditado-instituto-cervantes\/\",\"url\":\"https:\/\/www.academiauruguay.com\/es\/la-academia\/acreditado-instituto-cervantes\/\",\"name\":\"Centro acreditado por el Instituto Cervantes - Academia Uruguay\",\"isPartOf\":{\"@id\":\"https:\/\/www.academiauruguay.com\/es\/#website\"},\"primaryImageOfPage\":{\"@id\":\"https:\/\/www.academiauruguay.com\/es\/la-academia\/acreditado-instituto-cervantes\/#primaryimage\"},\"image\":{\"@id\":\"https:\/\/www.academiauruguay.com\/es\/la-academia\/acreditado-instituto-cervantes\/#primaryimage\"},\"thumbnailUrl\":\"https:\/\/www.academiauruguay.com\/wp-content\/uploads\/sites\/3\/2014\/08\/Acredita2-160x132.jpg\",\"datePublished\":\"2013-09-19T16:04:04+00:00\",\"dateModified\":\"2025-01-09T18:44:19+00:00\",\"description\":\"Academia Uruguay (en Montevideo) es centro acreditado del Instituto Cervantes de Espa\u00f1a. El Instituto Cervantes es una instituci\u00f3n p\u00fablica creada en Espa\u00f1a\",\"breadcrumb\":{\"@id\":\"https:\/\/www.academiauruguay.com\/es\/la-academia\/acreditado-instituto-cervantes\/#breadcrumb\"},\"inLanguage\":\"es-ES\",\"potentialAction\":[{\"@type\":\"ReadAction\",\"target\":[\"https:\/\/www.academiauruguay.com\/es\/la-academia\/acreditado-instituto-cervantes\/\"]}]},{\"@type\":\"ImageObject\",\"inLanguage\":\"es-ES\",\"@id\":\"https:\/\/www.academiauruguay.com\/es\/la-academia\/acreditado-instituto-cervantes\/#primaryimage\",\"url\":\"https:\/\/www.academiauruguay.com\/wp-content\/uploads\/sites\/3\/2014\/08\/Acredita2-160x132.jpg\",\"contentUrl\":\"https:\/\/www.academiauruguay.com\/wp-content\/uploads\/sites\/3\/2014\/08\/Acredita2-160x132.jpg\"},{\"@type\":\"BreadcrumbList\",\"@id\":\"https:\/\/www.academiauruguay.com\/es\/la-academia\/acreditado-instituto-cervantes\/#breadcrumb\",\"itemListElement\":[{\"@type\":\"ListItem\",\"position\":1,\"name\":\"Home\",\"item\":\"https:\/\/www.academiauruguay.com\/es\/\"},{\"@type\":\"ListItem\",\"position\":2,\"name\":\"La Academia\",\"item\":\"https:\/\/www.academiauruguay.com\/es\/la-academia\/\"},{\"@type\":\"ListItem\",\"position\":3,\"name\":\"Centro acreditado por el Instituto Cervantes\"}]},{\"@type\":\"WebSite\",\"@id\":\"https:\/\/www.academiauruguay.com\/es\/#website\",\"url\":\"https:\/\/www.academiauruguay.com\/es\/\",\"name\":\"Academia Uruguay\",\"description\":\"spanish courses\",\"potentialAction\":[{\"@type\":\"SearchAction\",\"target\":{\"@type\":\"EntryPoint\",\"urlTemplate\":\"https:\/\/www.academiauruguay.com\/es\/?s={search_term_string}\"},\"query-input\":{\"@type\":\"PropertyValueSpecification\",\"valueRequired\":true,\"valueName\":\"search_term_string\"}}],\"inLanguage\":\"es-ES\"}]}<\/script>\n<!-- \/ Yoast SEO plugin. -->","yoast_head_json":{"title":"Centro acreditado por el Instituto Cervantes - Academia Uruguay","description":"Academia Uruguay (en Montevideo) es centro acreditado del Instituto Cervantes de Espa\u00f1a. El Instituto Cervantes es una instituci\u00f3n p\u00fablica creada en Espa\u00f1a","robots":{"index":"index","follow":"follow","max-snippet":"max-snippet:-1","max-image-preview":"max-image-preview:large","max-video-preview":"max-video-preview:-1"},"canonical":"https:\/\/www.academiauruguay.com\/es\/la-academia\/acreditado-instituto-cervantes\/","twitter_misc":{"Est. reading time":"2 minutes"},"schema":{"@context":"https:\/\/schema.org","@graph":[{"@type":"WebPage","@id":"https:\/\/www.academiauruguay.com\/es\/la-academia\/acreditado-instituto-cervantes\/","url":"https:\/\/www.academiauruguay.com\/es\/la-academia\/acreditado-instituto-cervantes\/","name":"Centro acreditado por el Instituto Cervantes - Academia Uruguay","isPartOf":{"@id":"https:\/\/www.academiauruguay.com\/es\/#website"},"primaryImageOfPage":{"@id":"https:\/\/www.academiauruguay.com\/es\/la-academia\/acreditado-instituto-cervantes\/#primaryimage"},"image":{"@id":"https:\/\/www.academiauruguay.com\/es\/la-academia\/acreditado-instituto-cervantes\/#primaryimage"},"thumbnailUrl":"https:\/\/www.academiauruguay.com\/wp-content\/uploads\/sites\/3\/2014\/08\/Acredita2-160x132.jpg","datePublished":"2013-09-19T16:04:04+00:00","dateModified":"2025-01-09T18:44:19+00:00","description":"Academia Uruguay (en Montevideo) es centro acreditado del Instituto Cervantes de Espa\u00f1a. El Instituto Cervantes es una instituci\u00f3n p\u00fablica creada en Espa\u00f1a","breadcrumb":{"@id":"https:\/\/www.academiauruguay.com\/es\/la-academia\/acreditado-instituto-cervantes\/#breadcrumb"},"inLanguage":"es-ES","potentialAction":[{"@type":"ReadAction","target":["https:\/\/www.academiauruguay.com\/es\/la-academia\/acreditado-instituto-cervantes\/"]}]},{"@type":"ImageObject","inLanguage":"es-ES","@id":"https:\/\/www.academiauruguay.com\/es\/la-academia\/acreditado-instituto-cervantes\/#primaryimage","url":"https:\/\/www.academiauruguay.com\/wp-content\/uploads\/sites\/3\/2014\/08\/Acredita2-160x132.jpg","contentUrl":"https:\/\/www.academiauruguay.com\/wp-content\/uploads\/sites\/3\/2014\/08\/Acredita2-160x132.jpg"},{"@type":"BreadcrumbList","@id":"https:\/\/www.academiauruguay.com\/es\/la-academia\/acreditado-instituto-cervantes\/#breadcrumb","itemListElement":[{"@type":"ListItem","position":1,"name":"Home","item":"https:\/\/www.academiauruguay.com\/es\/"},{"@type":"ListItem","position":2,"name":"La Academia","item":"https:\/\/www.academiauruguay.com\/es\/la-academia\/"},{"@type":"ListItem","position":3,"name":"Centro acreditado por el Instituto Cervantes"}]},{"@type":"WebSite","@id":"https:\/\/www.academiauruguay.com\/es\/#website","url":"https:\/\/www.academiauruguay.com\/es\/","name":"Academia Uruguay","description":"spanish courses","potentialAction":[{"@type":"SearchAction","target":{"@type":"EntryPoint","urlTemplate":"https:\/\/www.academiauruguay.com\/es\/?s={search_term_string}"},"query-input":{"@type":"PropertyValueSpecification","valueRequired":true,"valueName":"search_term_string"}}],"inLanguage":"es-ES"}]}},"_links":{"self":[{"href":"https:\/\/www.academiauruguay.com\/es\/wp-json\/wp\/v2\/pages\/1060","targetHints":{"allow":["GET"]}}],"collection":[{"href":"https:\/\/www.academiauruguay.com\/es\/wp-json\/wp\/v2\/pages"}],"about":[{"href":"https:\/\/www.academiauruguay.com\/es\/wp-json\/wp\/v2\/types\/page"}],"author":[{"embeddable":true,"href":"https:\/\/www.academiauruguay.com\/es\/wp-json\/wp\/v2\/users\/5"}],"replies":[{"embeddable":true,"href":"https:\/\/www.academiauruguay.com\/es\/wp-json\/wp\/v2\/comments?post=1060"}],"version-history":[{"count":0,"href":"https:\/\/www.academiauruguay.com\/es\/wp-json\/wp\/v2\/pages\/1060\/revisions"}],"up":[{"embeddable":true,"href":"https:\/\/www.academiauruguay.com\/es\/wp-json\/wp\/v2\/pages\/1059"}],"wp:attachment":[{"href":"https:\/\/www.academiauruguay.com\/es\/wp-json\/wp\/v2\/media?parent=1060"}],"curies":[{"name":"wp","href":"https:\/\/api.w.org\/{rel}","templated":true}]}}