
{"id":1059,"date":"2013-09-19T15:58:41","date_gmt":"2013-09-19T15:58:41","guid":{"rendered":"https:\/\/www.academiauruguay.com\/?page_id=1059"},"modified":"2014-09-05T18:55:34","modified_gmt":"2014-09-05T21:55:34","slug":"la-academia","status":"publish","type":"page","link":"https:\/\/www.academiauruguay.com\/es\/la-academia\/","title":{"rendered":"La Academia"},"content":{"rendered":"\r\n<p>Academia Uruguay es una escuela dedicada exclusivamente a la ense\u00f1anza de espa\u00f1ol como lengua extranjera en Montevideo, la capital de Uruguay. La escuela ofrece clases individuales y grupales para todos los niveles de espa\u00f1ol (desde principiante hasta avanzado) y tambi\u00e9n organiza cursos especiales como: curso de espa\u00f1ol para profesores; curso especial para principiantes brasile\u00f1os; espa\u00f1ol y tango; espa\u00f1ol y voluntariado, entre otros.<\/p>\r\n<p>Ubicada estrat\u00e9gicamente en un edificio de la \u00e9poca colonial en la Plaza Matriz, la escuela recibe cientos de alumnos por a\u00f1o procedentes de todas partes del mundo. Sus aulas luminosas, su moderna infraestructura y un ambiente profesional pero relajado crean el contexto perfecto para potenciar el aprendizaje del espa\u00f1ol.<\/p>\r\n<p>Academia Uruguay fue fundada en el 2007. En ese momento nos dimos cuenta de que en Uruguay faltaban institutos de calidad dedicados a la ense\u00f1anza de espa\u00f1ol como lengua extranjera. Al mismo tiempo, el pa\u00eds se convert\u00eda en una \u201cgema\u201d en el mapa tur\u00edstico del mundo por su gran variedad de atracciones para descubrir. Razones similares motivaron la creaci\u00f3n de Academia Buenos Aires, de la que deriva Academia Uruguay (aunque sea esta una instituci\u00f3n independiente de la primera). En el 2011 abrimos Academia Bariloche, en Argentina, que tiene los mismos principios en cuanto a excelencia y est\u00e1ndares de calidad educativa que sus pares en Argentina y Uruguay.<\/p>\r\n<p>Todas nuestras escuelas -Academia Uruguay, Academia Buenos Aires y Academia Bariloche,- te ofrecen servicios basados en la excelencia acad\u00e9mica, el servicio profesional y la inmersi\u00f3n completa.<\/p>\r\n<p>La <strong>excelencia acad\u00e9mica<\/strong> en Academia Uruguay est\u00e1 garantizada por varios factores, pero especialmente por el cuerpo docente y el material de estudio creado por la escuela y proporcionado a los estudiantes. Nuestros profesores tienen estudios universitarios o terciarios en lengua y literatura as\u00ed como tambi\u00e9n muchos a\u00f1os de experiencia en la ense\u00f1anza del espa\u00f1ol como segunda lengua. El m\u00e9todo utilizado est\u00e1 basado en el enfoque comunicativo, lo que significa que durante las clases la comunicaci\u00f3n no se considera como un mero producto sino como un proceso que se lleva a cabo para alcanzar fines puntuales, con un interlocutor espec\u00edfico y en una determinada situaci\u00f3n. Los estudiantes aprenden a aplicar el conocimiento formal de la lengua y a negociar el significado, participando en situaciones comunicativas reales en las cuales la lengua se convierte en un medio para llegar a un fin y no un fin en s\u00ed misma. Nuestros cursos fueron dise\u00f1ados considerando lo siguiente: la conversaci\u00f3n, la lectura, la escritura y la comprensi\u00f3n auditiva.<\/p>\r\n<p>El <strong>servicio profesional<\/strong> es el segundo principio importante de Academia Uruguay. Durante tu estad\u00eda en Uruguay ser\u00e1s asesorado sobre las diferentes actividades que pod\u00e9s realizar, adem\u00e1s te guiaremos en cada uno de los emails que nos escribas. El equipo de trabajo de la escuela es multiling\u00fce (espa\u00f1ol, ingl\u00e9s, alem\u00e1n, franc\u00e9s, italiano, portugu\u00e9s) y se asegurar\u00e1 de que te sientas c\u00f3modo mientras est\u00e9s en Uruguay. Para asegurar esto insistimos en: dar respuestas r\u00e1pidas a las consultas recibidas, ser amables, serios y confiables en toda la interacci\u00f3n.<\/p>\r\n<p>La <strong>inmersi\u00f3n completa<\/strong> es el tercer principio b\u00e1sico de la academia. Las clases de espa\u00f1ol por si solas no ser\u00edan tan productivas como las clases de espa\u00f1ol dictadas en un contexto the permanente inmersi\u00f3n cultural. Hay tres puntos a tener en cuenta dentro de este principio<br \/>1. La introducci\u00f3n que se da durante la clase en cuanto a cultura hispanoamericana, latinoamericana y cultura nacional, a trav\u00e9s de documentos impresos, interacci\u00f3n en clase y soportes de sonido y video.<br \/>2. El programa de actividades extracurriculares (no obligatorio pero recomendado y libre de costo) para estudiantes.<br \/>3. La posibilidad de vivir con una familia anfitriona. El enfoque de este tipo de alojamiento ha funcionado extremadamente bien y es una excelente oportunidad para que los estudiantes apliquen lo estudiado en clase en un contexto real.<\/p>\r\n","protected":false},"excerpt":{"rendered":"<p>Academia Uruguay es una escuela dedicada exclusivamente a la ense\u00f1anza de espa\u00f1ol como lengua extranjera en Montevideo, la capital de Uruguay. La escuela ofrece clases individuales y grupales para todos los niveles de espa\u00f1ol (desde principiante hasta avanzado) y tambi\u00e9n organiza cursos especiales como: curso de espa\u00f1ol para profesores; curso especial para principiantes brasile\u00f1os; espa\u00f1ol [&hellip;]<\/p>\n","protected":false},"author":5,"featured_media":0,"parent":0,"menu_order":38,"comment_status":"open","ping_status":"open","template":"","meta":{"footnotes":""},"class_list":["post-1059","page","type-page","status-publish","hentry","entry"],"yoast_head":"<!-- This site is optimized with the Yoast SEO plugin v26.0 - https:\/\/yoast.com\/wordpress\/plugins\/seo\/ -->\n<title>La Academia - Academia Uruguay<\/title>\n<meta name=\"description\" content=\"Academia Uruguay es una escuela de espanol para extranjeros en Montevideo que ofrece servicios basados en la excelencia acad\u00e9mica y un servicio profesional.\" \/>\n<meta name=\"robots\" content=\"index, follow, max-snippet:-1, max-image-preview:large, max-video-preview:-1\" \/>\n<link rel=\"canonical\" href=\"https:\/\/www.academiauruguay.com\/es\/la-academia\/\" \/>\n<meta name=\"twitter:label1\" content=\"Est. reading time\" \/>\n\t<meta name=\"twitter:data1\" content=\"3 minutes\" \/>\n<script type=\"application\/ld+json\" class=\"yoast-schema-graph\">{\"@context\":\"https:\/\/schema.org\",\"@graph\":[{\"@type\":\"WebPage\",\"@id\":\"https:\/\/www.academiauruguay.com\/es\/la-academia\/\",\"url\":\"https:\/\/www.academiauruguay.com\/es\/la-academia\/\",\"name\":\"La Academia - Academia Uruguay\",\"isPartOf\":{\"@id\":\"https:\/\/www.academiauruguay.com\/es\/#website\"},\"datePublished\":\"2013-09-19T15:58:41+00:00\",\"dateModified\":\"2014-09-05T21:55:34+00:00\",\"description\":\"Academia Uruguay es una escuela de espanol para extranjeros en Montevideo que ofrece servicios basados en la excelencia acad\u00e9mica y un servicio profesional.\",\"breadcrumb\":{\"@id\":\"https:\/\/www.academiauruguay.com\/es\/la-academia\/#breadcrumb\"},\"inLanguage\":\"es-ES\",\"potentialAction\":[{\"@type\":\"ReadAction\",\"target\":[\"https:\/\/www.academiauruguay.com\/es\/la-academia\/\"]}]},{\"@type\":\"BreadcrumbList\",\"@id\":\"https:\/\/www.academiauruguay.com\/es\/la-academia\/#breadcrumb\",\"itemListElement\":[{\"@type\":\"ListItem\",\"position\":1,\"name\":\"Home\",\"item\":\"https:\/\/www.academiauruguay.com\/es\/\"},{\"@type\":\"ListItem\",\"position\":2,\"name\":\"La Academia\"}]},{\"@type\":\"WebSite\",\"@id\":\"https:\/\/www.academiauruguay.com\/es\/#website\",\"url\":\"https:\/\/www.academiauruguay.com\/es\/\",\"name\":\"Academia Uruguay\",\"description\":\"spanish courses\",\"potentialAction\":[{\"@type\":\"SearchAction\",\"target\":{\"@type\":\"EntryPoint\",\"urlTemplate\":\"https:\/\/www.academiauruguay.com\/es\/?s={search_term_string}\"},\"query-input\":{\"@type\":\"PropertyValueSpecification\",\"valueRequired\":true,\"valueName\":\"search_term_string\"}}],\"inLanguage\":\"es-ES\"}]}<\/script>\n<!-- \/ Yoast SEO plugin. -->","yoast_head_json":{"title":"La Academia - Academia Uruguay","description":"Academia Uruguay es una escuela de espanol para extranjeros en Montevideo que ofrece servicios basados en la excelencia acad\u00e9mica y un servicio profesional.","robots":{"index":"index","follow":"follow","max-snippet":"max-snippet:-1","max-image-preview":"max-image-preview:large","max-video-preview":"max-video-preview:-1"},"canonical":"https:\/\/www.academiauruguay.com\/es\/la-academia\/","twitter_misc":{"Est. reading time":"3 minutes"},"schema":{"@context":"https:\/\/schema.org","@graph":[{"@type":"WebPage","@id":"https:\/\/www.academiauruguay.com\/es\/la-academia\/","url":"https:\/\/www.academiauruguay.com\/es\/la-academia\/","name":"La Academia - Academia Uruguay","isPartOf":{"@id":"https:\/\/www.academiauruguay.com\/es\/#website"},"datePublished":"2013-09-19T15:58:41+00:00","dateModified":"2014-09-05T21:55:34+00:00","description":"Academia Uruguay es una escuela de espanol para extranjeros en Montevideo que ofrece servicios basados en la excelencia acad\u00e9mica y un servicio profesional.","breadcrumb":{"@id":"https:\/\/www.academiauruguay.com\/es\/la-academia\/#breadcrumb"},"inLanguage":"es-ES","potentialAction":[{"@type":"ReadAction","target":["https:\/\/www.academiauruguay.com\/es\/la-academia\/"]}]},{"@type":"BreadcrumbList","@id":"https:\/\/www.academiauruguay.com\/es\/la-academia\/#breadcrumb","itemListElement":[{"@type":"ListItem","position":1,"name":"Home","item":"https:\/\/www.academiauruguay.com\/es\/"},{"@type":"ListItem","position":2,"name":"La Academia"}]},{"@type":"WebSite","@id":"https:\/\/www.academiauruguay.com\/es\/#website","url":"https:\/\/www.academiauruguay.com\/es\/","name":"Academia Uruguay","description":"spanish courses","potentialAction":[{"@type":"SearchAction","target":{"@type":"EntryPoint","urlTemplate":"https:\/\/www.academiauruguay.com\/es\/?s={search_term_string}"},"query-input":{"@type":"PropertyValueSpecification","valueRequired":true,"valueName":"search_term_string"}}],"inLanguage":"es-ES"}]}},"_links":{"self":[{"href":"https:\/\/www.academiauruguay.com\/es\/wp-json\/wp\/v2\/pages\/1059","targetHints":{"allow":["GET"]}}],"collection":[{"href":"https:\/\/www.academiauruguay.com\/es\/wp-json\/wp\/v2\/pages"}],"about":[{"href":"https:\/\/www.academiauruguay.com\/es\/wp-json\/wp\/v2\/types\/page"}],"author":[{"embeddable":true,"href":"https:\/\/www.academiauruguay.com\/es\/wp-json\/wp\/v2\/users\/5"}],"replies":[{"embeddable":true,"href":"https:\/\/www.academiauruguay.com\/es\/wp-json\/wp\/v2\/comments?post=1059"}],"version-history":[{"count":0,"href":"https:\/\/www.academiauruguay.com\/es\/wp-json\/wp\/v2\/pages\/1059\/revisions"}],"wp:attachment":[{"href":"https:\/\/www.academiauruguay.com\/es\/wp-json\/wp\/v2\/media?parent=1059"}],"curies":[{"name":"wp","href":"https:\/\/api.w.org\/{rel}","templated":true}]}}