
{"id":964,"date":"2013-08-28T17:41:26","date_gmt":"2013-08-28T17:41:26","guid":{"rendered":"https:\/\/www.academiauruguay.com\/?page_id=964"},"modified":"2024-03-13T11:13:37","modified_gmt":"2024-03-13T14:13:37","slug":"die-grunder","status":"publish","type":"page","link":"https:\/\/www.academiauruguay.com\/de\/das-institut\/die-grunder\/","title":{"rendered":"Gr\u00fcnder"},"content":{"rendered":"\r\n<p>Mart\u00edn (52 Jahre). Aus Uruguay. Mart\u00edn ist ausgebildeter Sommelier der Universidad de la Rep\u00fablica und war in verschiedenen Arbeitsfeldern t\u00e4tig. Er ist ein Experte im Bereich der Fernstudien und ein gro\u00dfer Weinkenner. Er hat eine Tochter, Clara, und einen Sohn, Francisco.<\/p>\r\n<p>Virginia (50 Jahre). Aus Uruguay. Virginia ist professionelle Ballerina im Bereich des zeitgen\u00f6ssischen Tanzes und arbeitet, wenn sie nicht gerade auf Reisen ist, als Tanzlehrerin an der Universit\u00e4t. Virginia liebt es lateinamerikanische Literatur zu lesen und Mate zu trinken. Sie hat zwei T\u00f6chter, Olivia und Helena.<\/p>\r\n<p>Federico (54 Jahre). Aus Deutschland. Federico besitzt einen Doktortitel in Soziologie und unterrichtete an einer Universit\u00e4t in Buenos Aires. Er lebte viele Jahre in Frankreich, zog dann aber nach Buenos Aires, wo er auch heute noch wohnhaft ist.<\/p>\r\n<p>Mar\u00eda Marta (52 Jahre). Aus Argentinien. Mar\u00eda ist Psychologin mit einem abgeschlossenen Post-Graduate-Studium in Sozialpolitik. Sie ist durch mehrere L\u00e4nder Lateinamerikas gereist und hat einen Sohn, Ulises.<\/p>\r\n<p>Francisco (56 Jahre). Aus Argentinien. Francisco war viele Jahre im Nationalrat t\u00e4tig, wo er an verschiedenen Projekten mit Stra\u00dfenkindern arbeitete. Au\u00dferdem ist er Schauspieler, organisiert Filmcastings und designt Kost\u00fcme f\u00fcrs Theater.<\/p>\r\n","protected":false},"excerpt":{"rendered":"<p>Mart\u00edn (52 Jahre). Aus Uruguay. Mart\u00edn ist ausgebildeter Sommelier der Universidad de la Rep\u00fablica und war in verschiedenen Arbeitsfeldern t\u00e4tig. Er ist ein Experte im Bereich der Fernstudien und ein gro\u00dfer Weinkenner. Er hat eine Tochter, Clara, und einen Sohn, Francisco. Virginia (50 Jahre). Aus Uruguay. Virginia ist professionelle Ballerina im Bereich des zeitgen\u00f6ssischen Tanzes [&hellip;]<\/p>\n","protected":false},"author":5,"featured_media":0,"parent":958,"menu_order":34,"comment_status":"open","ping_status":"closed","template":"","meta":{"footnotes":""},"class_list":["post-964","page","type-page","status-publish","hentry","entry"],"yoast_head":"<!-- This site is optimized with the Yoast SEO plugin v26.0 - https:\/\/yoast.com\/wordpress\/plugins\/seo\/ -->\n<title>Gr\u00fcnder - Academia Uruguay<\/title>\n<meta name=\"robots\" content=\"index, follow, max-snippet:-1, max-image-preview:large, max-video-preview:-1\" \/>\n<link rel=\"canonical\" href=\"https:\/\/www.academiauruguay.com\/de\/das-institut\/die-grunder\/\" \/>\n<meta name=\"twitter:label1\" content=\"Est. reading time\" \/>\n\t<meta name=\"twitter:data1\" content=\"1 Minute\" \/>\n<script type=\"application\/ld+json\" class=\"yoast-schema-graph\">{\"@context\":\"https:\/\/schema.org\",\"@graph\":[{\"@type\":\"WebPage\",\"@id\":\"https:\/\/www.academiauruguay.com\/de\/das-institut\/die-grunder\/\",\"url\":\"https:\/\/www.academiauruguay.com\/de\/das-institut\/die-grunder\/\",\"name\":\"Gr\u00fcnder - Academia Uruguay\",\"isPartOf\":{\"@id\":\"https:\/\/www.academiauruguay.com\/de\/#website\"},\"datePublished\":\"2013-08-28T17:41:26+00:00\",\"dateModified\":\"2024-03-13T14:13:37+00:00\",\"breadcrumb\":{\"@id\":\"https:\/\/www.academiauruguay.com\/de\/das-institut\/die-grunder\/#breadcrumb\"},\"inLanguage\":\"de-DE\",\"potentialAction\":[{\"@type\":\"ReadAction\",\"target\":[\"https:\/\/www.academiauruguay.com\/de\/das-institut\/die-grunder\/\"]}]},{\"@type\":\"BreadcrumbList\",\"@id\":\"https:\/\/www.academiauruguay.com\/de\/das-institut\/die-grunder\/#breadcrumb\",\"itemListElement\":[{\"@type\":\"ListItem\",\"position\":1,\"name\":\"Home\",\"item\":\"https:\/\/www.academiauruguay.com\/de\/\"},{\"@type\":\"ListItem\",\"position\":2,\"name\":\"Das Institut\",\"item\":\"https:\/\/www.academiauruguay.com\/de\/das-institut\/\"},{\"@type\":\"ListItem\",\"position\":3,\"name\":\"Gr\u00fcnder\"}]},{\"@type\":\"WebSite\",\"@id\":\"https:\/\/www.academiauruguay.com\/de\/#website\",\"url\":\"https:\/\/www.academiauruguay.com\/de\/\",\"name\":\"Academia Uruguay\",\"description\":\"spanish courses\",\"potentialAction\":[{\"@type\":\"SearchAction\",\"target\":{\"@type\":\"EntryPoint\",\"urlTemplate\":\"https:\/\/www.academiauruguay.com\/de\/?s={search_term_string}\"},\"query-input\":{\"@type\":\"PropertyValueSpecification\",\"valueRequired\":true,\"valueName\":\"search_term_string\"}}],\"inLanguage\":\"de-DE\"}]}<\/script>\n<!-- \/ Yoast SEO plugin. -->","yoast_head_json":{"title":"Gr\u00fcnder - Academia Uruguay","robots":{"index":"index","follow":"follow","max-snippet":"max-snippet:-1","max-image-preview":"max-image-preview:large","max-video-preview":"max-video-preview:-1"},"canonical":"https:\/\/www.academiauruguay.com\/de\/das-institut\/die-grunder\/","twitter_misc":{"Est. reading time":"1 Minute"},"schema":{"@context":"https:\/\/schema.org","@graph":[{"@type":"WebPage","@id":"https:\/\/www.academiauruguay.com\/de\/das-institut\/die-grunder\/","url":"https:\/\/www.academiauruguay.com\/de\/das-institut\/die-grunder\/","name":"Gr\u00fcnder - Academia Uruguay","isPartOf":{"@id":"https:\/\/www.academiauruguay.com\/de\/#website"},"datePublished":"2013-08-28T17:41:26+00:00","dateModified":"2024-03-13T14:13:37+00:00","breadcrumb":{"@id":"https:\/\/www.academiauruguay.com\/de\/das-institut\/die-grunder\/#breadcrumb"},"inLanguage":"de-DE","potentialAction":[{"@type":"ReadAction","target":["https:\/\/www.academiauruguay.com\/de\/das-institut\/die-grunder\/"]}]},{"@type":"BreadcrumbList","@id":"https:\/\/www.academiauruguay.com\/de\/das-institut\/die-grunder\/#breadcrumb","itemListElement":[{"@type":"ListItem","position":1,"name":"Home","item":"https:\/\/www.academiauruguay.com\/de\/"},{"@type":"ListItem","position":2,"name":"Das Institut","item":"https:\/\/www.academiauruguay.com\/de\/das-institut\/"},{"@type":"ListItem","position":3,"name":"Gr\u00fcnder"}]},{"@type":"WebSite","@id":"https:\/\/www.academiauruguay.com\/de\/#website","url":"https:\/\/www.academiauruguay.com\/de\/","name":"Academia Uruguay","description":"spanish courses","potentialAction":[{"@type":"SearchAction","target":{"@type":"EntryPoint","urlTemplate":"https:\/\/www.academiauruguay.com\/de\/?s={search_term_string}"},"query-input":{"@type":"PropertyValueSpecification","valueRequired":true,"valueName":"search_term_string"}}],"inLanguage":"de-DE"}]}},"_links":{"self":[{"href":"https:\/\/www.academiauruguay.com\/de\/wp-json\/wp\/v2\/pages\/964","targetHints":{"allow":["GET"]}}],"collection":[{"href":"https:\/\/www.academiauruguay.com\/de\/wp-json\/wp\/v2\/pages"}],"about":[{"href":"https:\/\/www.academiauruguay.com\/de\/wp-json\/wp\/v2\/types\/page"}],"author":[{"embeddable":true,"href":"https:\/\/www.academiauruguay.com\/de\/wp-json\/wp\/v2\/users\/5"}],"replies":[{"embeddable":true,"href":"https:\/\/www.academiauruguay.com\/de\/wp-json\/wp\/v2\/comments?post=964"}],"version-history":[{"count":0,"href":"https:\/\/www.academiauruguay.com\/de\/wp-json\/wp\/v2\/pages\/964\/revisions"}],"up":[{"embeddable":true,"href":"https:\/\/www.academiauruguay.com\/de\/wp-json\/wp\/v2\/pages\/958"}],"wp:attachment":[{"href":"https:\/\/www.academiauruguay.com\/de\/wp-json\/wp\/v2\/media?parent=964"}],"curies":[{"name":"wp","href":"https:\/\/api.w.org\/{rel}","templated":true}]}}