
{"id":961,"date":"2013-08-28T17:22:13","date_gmt":"2013-08-28T17:22:13","guid":{"rendered":"https:\/\/www.academiauruguay.com\/?page_id=961"},"modified":"2024-04-29T12:06:22","modified_gmt":"2024-04-29T15:06:22","slug":"die-gegend-und-ausstattung","status":"publish","type":"page","link":"https:\/\/www.academiauruguay.com\/de\/das-institut\/die-gegend-und-ausstattung\/","title":{"rendered":"Die Gegend &#038; Ausstattung"},"content":{"rendered":"\r\n<p>Die Sprachschule ist im historischen Zentrum von Montevideo gelegen, ganz in der N\u00e4he\u00a0zur Plaza Constituci\u00f3n (auch Plaza Matriz genannt), wenige Schritte von den wichtigsten Sehensw\u00fcrdigkeiten der Stadt entfernt und besitzt eine ausgezeichnete Verkehrsanbindung zu anderen Stadtteilen. Die Schule befindet sich in einem historischen Geb\u00e4ude (das renoviert wurde) aus dem Jahr 1900. Sie besitzt einen Zugang zur Dachterrasse, die einen Panoramablick auf die Bucht von Montevideo erlaubt.<\/p>\r\n<p><a href=\"http:\/\/www.academiauruguay.com\/wp-content\/uploads\/sites\/3\/2013\/05\/fachada.jpg\"><img loading=\"lazy\" decoding=\"async\" class=\"aligncenter size-full wp-image-10155\" src=\"http:\/\/www.academiauruguay.com\/wp-content\/uploads\/sites\/3\/2013\/05\/fachada.jpg\" alt=\"fachada\" width=\"1500\" height=\"500\" data-id=\"10155\" srcset=\"https:\/\/www.academiauruguay.com\/wp-content\/uploads\/sites\/3\/2013\/05\/fachada.jpg 1500w, https:\/\/www.academiauruguay.com\/wp-content\/uploads\/sites\/3\/2013\/05\/fachada-160x53.jpg 160w, https:\/\/www.academiauruguay.com\/wp-content\/uploads\/sites\/3\/2013\/05\/fachada-300x100.jpg 300w, https:\/\/www.academiauruguay.com\/wp-content\/uploads\/sites\/3\/2013\/05\/fachada-1024x341.jpg 1024w\" sizes=\"auto, (max-width: 1500px) 100vw, 1500px\" \/><\/a><\/p>\r\n<p>Wie der Gro\u00dfteil des Zentrums von Montevideo ist das Viertel, in dem sich die Schule befindet &#8211; die Altstadt -, sicher und voll von wundersch\u00f6nen Geb\u00e4uden und Sehensw\u00fcrdigkeiten, die Sie bei einem Spaziergang durch die engen Gassen bewundern k\u00f6nnen. Au\u00dferdem ist es das Finanzzentrum der Stadt, weshalb sich wochentags ein intensives Get\u00fcmmel von Menschen, die zur Arbeit in den B\u00fcros, Banken, Anwaltskanzleien, etc. str\u00f6men, beobachten l\u00e4sst.<\/p>\r\n<p>Hier befinden Sie sich unweit von den ersten einer ganzen Reihe von Str\u00e4nden, an denen sich die ganze Stadt erfreut und die sich an der K\u00fcste entlang bis nach Brasilien erstrecken. Je weiter man sich von der Stadt entfernt, umso sch\u00f6ner und ruhiger sind die Str\u00e4nde. Viele Einwohner Montevideos nutzen die Rambla (3 Minuten zu Fu\u00df von der Schule entfernt) um zu laufen, spazieren zu gehen, Mate zu trinken oder einfach den Sonnenuntergang zu bewundern.<\/p>\r\n<p>Unsere Adresse:<\/p>\r\n<p>Academia Uruguay<br \/>Calle Juan Carlos G\u00f3mez 1459 esq.\u00a025 de mayo<br \/>Ciudad Vieja \u2013 Montevideo<\/p>\r\n","protected":false},"excerpt":{"rendered":"<p>Die Sprachschule ist im historischen Zentrum von Montevideo gelegen, ganz in der N\u00e4he\u00a0zur Plaza Constituci\u00f3n (auch Plaza Matriz genannt), wenige Schritte von den wichtigsten Sehensw\u00fcrdigkeiten der Stadt entfernt und besitzt eine ausgezeichnete Verkehrsanbindung zu anderen Stadtteilen. Die Schule befindet sich in einem historischen Geb\u00e4ude (das renoviert wurde) aus dem Jahr 1900. Sie besitzt einen Zugang [&hellip;]<\/p>\n","protected":false},"author":5,"featured_media":0,"parent":958,"menu_order":0,"comment_status":"open","ping_status":"open","template":"","meta":{"footnotes":""},"class_list":["post-961","page","type-page","status-publish","hentry","entry"],"yoast_head":"<!-- This site is optimized with the Yoast SEO plugin v26.0 - https:\/\/yoast.com\/wordpress\/plugins\/seo\/ -->\n<title>Die Gegend &amp; Ausstattung - Academia Uruguay<\/title>\n<meta name=\"description\" content=\"Die Sprachschule ist im historischen Zentrum von Montevideo gelegen, diagonal zur Plaza Constituci\u00f3n (auch Plaza Matriz genannt), wenige Schritte von ...\" \/>\n<meta name=\"robots\" content=\"index, follow, max-snippet:-1, max-image-preview:large, max-video-preview:-1\" \/>\n<link rel=\"canonical\" href=\"https:\/\/www.academiauruguay.com\/de\/das-institut\/die-gegend-und-ausstattung\/\" \/>\n<meta name=\"twitter:label1\" content=\"Est. reading time\" \/>\n\t<meta name=\"twitter:data1\" content=\"1 Minute\" \/>\n<script type=\"application\/ld+json\" class=\"yoast-schema-graph\">{\"@context\":\"https:\/\/schema.org\",\"@graph\":[{\"@type\":\"WebPage\",\"@id\":\"https:\/\/www.academiauruguay.com\/de\/das-institut\/die-gegend-und-ausstattung\/\",\"url\":\"https:\/\/www.academiauruguay.com\/de\/das-institut\/die-gegend-und-ausstattung\/\",\"name\":\"Die Gegend & Ausstattung - Academia Uruguay\",\"isPartOf\":{\"@id\":\"https:\/\/www.academiauruguay.com\/de\/#website\"},\"primaryImageOfPage\":{\"@id\":\"https:\/\/www.academiauruguay.com\/de\/das-institut\/die-gegend-und-ausstattung\/#primaryimage\"},\"image\":{\"@id\":\"https:\/\/www.academiauruguay.com\/de\/das-institut\/die-gegend-und-ausstattung\/#primaryimage\"},\"thumbnailUrl\":\"http:\/\/www.academiauruguay.com\/wp-content\/uploads\/sites\/3\/2013\/05\/fachada.jpg\",\"datePublished\":\"2013-08-28T17:22:13+00:00\",\"dateModified\":\"2024-04-29T15:06:22+00:00\",\"description\":\"Die Sprachschule ist im historischen Zentrum von Montevideo gelegen, diagonal zur Plaza Constituci\u00f3n (auch Plaza Matriz genannt), wenige Schritte von ...\",\"breadcrumb\":{\"@id\":\"https:\/\/www.academiauruguay.com\/de\/das-institut\/die-gegend-und-ausstattung\/#breadcrumb\"},\"inLanguage\":\"de-DE\",\"potentialAction\":[{\"@type\":\"ReadAction\",\"target\":[\"https:\/\/www.academiauruguay.com\/de\/das-institut\/die-gegend-und-ausstattung\/\"]}]},{\"@type\":\"ImageObject\",\"inLanguage\":\"de-DE\",\"@id\":\"https:\/\/www.academiauruguay.com\/de\/das-institut\/die-gegend-und-ausstattung\/#primaryimage\",\"url\":\"http:\/\/www.academiauruguay.com\/wp-content\/uploads\/sites\/3\/2013\/05\/fachada.jpg\",\"contentUrl\":\"http:\/\/www.academiauruguay.com\/wp-content\/uploads\/sites\/3\/2013\/05\/fachada.jpg\"},{\"@type\":\"BreadcrumbList\",\"@id\":\"https:\/\/www.academiauruguay.com\/de\/das-institut\/die-gegend-und-ausstattung\/#breadcrumb\",\"itemListElement\":[{\"@type\":\"ListItem\",\"position\":1,\"name\":\"Home\",\"item\":\"https:\/\/www.academiauruguay.com\/de\/\"},{\"@type\":\"ListItem\",\"position\":2,\"name\":\"Das Institut\",\"item\":\"https:\/\/www.academiauruguay.com\/de\/das-institut\/\"},{\"@type\":\"ListItem\",\"position\":3,\"name\":\"Die Gegend &#038; Ausstattung\"}]},{\"@type\":\"WebSite\",\"@id\":\"https:\/\/www.academiauruguay.com\/de\/#website\",\"url\":\"https:\/\/www.academiauruguay.com\/de\/\",\"name\":\"Academia Uruguay\",\"description\":\"spanish courses\",\"potentialAction\":[{\"@type\":\"SearchAction\",\"target\":{\"@type\":\"EntryPoint\",\"urlTemplate\":\"https:\/\/www.academiauruguay.com\/de\/?s={search_term_string}\"},\"query-input\":{\"@type\":\"PropertyValueSpecification\",\"valueRequired\":true,\"valueName\":\"search_term_string\"}}],\"inLanguage\":\"de-DE\"}]}<\/script>\n<!-- \/ Yoast SEO plugin. -->","yoast_head_json":{"title":"Die Gegend & Ausstattung - Academia Uruguay","description":"Die Sprachschule ist im historischen Zentrum von Montevideo gelegen, diagonal zur Plaza Constituci\u00f3n (auch Plaza Matriz genannt), wenige Schritte von ...","robots":{"index":"index","follow":"follow","max-snippet":"max-snippet:-1","max-image-preview":"max-image-preview:large","max-video-preview":"max-video-preview:-1"},"canonical":"https:\/\/www.academiauruguay.com\/de\/das-institut\/die-gegend-und-ausstattung\/","twitter_misc":{"Est. reading time":"1 Minute"},"schema":{"@context":"https:\/\/schema.org","@graph":[{"@type":"WebPage","@id":"https:\/\/www.academiauruguay.com\/de\/das-institut\/die-gegend-und-ausstattung\/","url":"https:\/\/www.academiauruguay.com\/de\/das-institut\/die-gegend-und-ausstattung\/","name":"Die Gegend & Ausstattung - Academia Uruguay","isPartOf":{"@id":"https:\/\/www.academiauruguay.com\/de\/#website"},"primaryImageOfPage":{"@id":"https:\/\/www.academiauruguay.com\/de\/das-institut\/die-gegend-und-ausstattung\/#primaryimage"},"image":{"@id":"https:\/\/www.academiauruguay.com\/de\/das-institut\/die-gegend-und-ausstattung\/#primaryimage"},"thumbnailUrl":"http:\/\/www.academiauruguay.com\/wp-content\/uploads\/sites\/3\/2013\/05\/fachada.jpg","datePublished":"2013-08-28T17:22:13+00:00","dateModified":"2024-04-29T15:06:22+00:00","description":"Die Sprachschule ist im historischen Zentrum von Montevideo gelegen, diagonal zur Plaza Constituci\u00f3n (auch Plaza Matriz genannt), wenige Schritte von ...","breadcrumb":{"@id":"https:\/\/www.academiauruguay.com\/de\/das-institut\/die-gegend-und-ausstattung\/#breadcrumb"},"inLanguage":"de-DE","potentialAction":[{"@type":"ReadAction","target":["https:\/\/www.academiauruguay.com\/de\/das-institut\/die-gegend-und-ausstattung\/"]}]},{"@type":"ImageObject","inLanguage":"de-DE","@id":"https:\/\/www.academiauruguay.com\/de\/das-institut\/die-gegend-und-ausstattung\/#primaryimage","url":"http:\/\/www.academiauruguay.com\/wp-content\/uploads\/sites\/3\/2013\/05\/fachada.jpg","contentUrl":"http:\/\/www.academiauruguay.com\/wp-content\/uploads\/sites\/3\/2013\/05\/fachada.jpg"},{"@type":"BreadcrumbList","@id":"https:\/\/www.academiauruguay.com\/de\/das-institut\/die-gegend-und-ausstattung\/#breadcrumb","itemListElement":[{"@type":"ListItem","position":1,"name":"Home","item":"https:\/\/www.academiauruguay.com\/de\/"},{"@type":"ListItem","position":2,"name":"Das Institut","item":"https:\/\/www.academiauruguay.com\/de\/das-institut\/"},{"@type":"ListItem","position":3,"name":"Die Gegend &#038; Ausstattung"}]},{"@type":"WebSite","@id":"https:\/\/www.academiauruguay.com\/de\/#website","url":"https:\/\/www.academiauruguay.com\/de\/","name":"Academia Uruguay","description":"spanish courses","potentialAction":[{"@type":"SearchAction","target":{"@type":"EntryPoint","urlTemplate":"https:\/\/www.academiauruguay.com\/de\/?s={search_term_string}"},"query-input":{"@type":"PropertyValueSpecification","valueRequired":true,"valueName":"search_term_string"}}],"inLanguage":"de-DE"}]}},"_links":{"self":[{"href":"https:\/\/www.academiauruguay.com\/de\/wp-json\/wp\/v2\/pages\/961","targetHints":{"allow":["GET"]}}],"collection":[{"href":"https:\/\/www.academiauruguay.com\/de\/wp-json\/wp\/v2\/pages"}],"about":[{"href":"https:\/\/www.academiauruguay.com\/de\/wp-json\/wp\/v2\/types\/page"}],"author":[{"embeddable":true,"href":"https:\/\/www.academiauruguay.com\/de\/wp-json\/wp\/v2\/users\/5"}],"replies":[{"embeddable":true,"href":"https:\/\/www.academiauruguay.com\/de\/wp-json\/wp\/v2\/comments?post=961"}],"version-history":[{"count":0,"href":"https:\/\/www.academiauruguay.com\/de\/wp-json\/wp\/v2\/pages\/961\/revisions"}],"up":[{"embeddable":true,"href":"https:\/\/www.academiauruguay.com\/de\/wp-json\/wp\/v2\/pages\/958"}],"wp:attachment":[{"href":"https:\/\/www.academiauruguay.com\/de\/wp-json\/wp\/v2\/media?parent=961"}],"curies":[{"name":"wp","href":"https:\/\/api.w.org\/{rel}","templated":true}]}}