
{"id":959,"date":"2013-08-28T17:13:22","date_gmt":"2013-08-28T17:13:22","guid":{"rendered":"https:\/\/www.academiauruguay.com\/?page_id=959"},"modified":"2025-01-09T15:45:36","modified_gmt":"2025-01-09T18:45:36","slug":"akkreditiert-vom-cervantes-institut","status":"publish","type":"page","link":"https:\/\/www.academiauruguay.com\/de\/das-institut\/akkreditiert-vom-cervantes-institut\/","title":{"rendered":"Vom Cervantes Institut akkreditiert"},"content":{"rendered":"<div class=\"wp-block-image\">\n<figure class=\"alignright\"><a href=\"https:\/\/acreditacion.cervantes.es\/ \" target=\"_blank\" rel=\"noopener\"><img loading=\"lazy\" decoding=\"async\" width=\"160\" height=\"132\" src=\"https:\/\/www.academiauruguay.com\/wp-content\/uploads\/sites\/3\/2014\/08\/Acredita2-160x132.jpg\" alt=\"Acredita2\" class=\"wp-image-4797\" srcset=\"https:\/\/www.academiauruguay.com\/wp-content\/uploads\/sites\/3\/2014\/08\/Acredita2-160x132.jpg 160w, https:\/\/www.academiauruguay.com\/wp-content\/uploads\/sites\/3\/2014\/08\/Acredita2-338x279.jpg 338w, https:\/\/www.academiauruguay.com\/wp-content\/uploads\/sites\/3\/2014\/08\/Acredita2.jpg 837w\" sizes=\"auto, (max-width: 160px) 100vw, 160px\" \/><\/a><\/figure><\/div>\n\n\n<p><strong>Die Academia Uruguay (in Montevideo) ist eine vom Instituto Cervantes in Spanien akkreditierte&nbsp;Sprachschule.<\/strong><\/p>\n\n\n\n<p>Das Instituto Cervantes ist eine \u00f6ffentliche Einrichtung, die 1991 in Spanien gegr\u00fcndet wurde, um den Unterricht der spanischen Sprache und die hispanoamerikanische Kultur zu f\u00f6rdern. Das Netzwerk an dazugeh\u00f6rigen Zentren beinhaltet Institutionen in 77 St\u00e4dten und 44 L\u00e4ndern auf f\u00fcnf Kontinenten, deren Qualit\u00e4t ausdr\u00fccklich vom Instituto Cervantes anerkannt wird.<\/p>\n\n\n\n<p>Der Erwerb dieses Qualit\u00e4tssiegels garantiert den Studenten ein exzellentes Ausbildungsniveau und laufende Verbesserungsstreben.<\/p>\n\n\n\n<p>Warum sollte man in einem zum Instituto Cervantes assoziierten Sprachzentrum studieren?<\/p>\n\n\n\n<p>Die anerkannten Zentren:<\/p>\n\n\n\n<p>&#8211; erf\u00fcllen die legalen und qualit\u00e4tstechnischen Forderungen des Instituto Cervantes f\u00fcr den Unterricht von Spanisch als Fremdsprache.<br>&#8211; verf\u00fcgen \u00fcber die n\u00f6tigen Mittel f\u00fcr den Sprachunterricht.<br>&#8211; besitzen einen Lehrk\u00f6rper mit den n\u00f6tigen Studien und der richtigen Ausbildung.<br>&#8211; haben einen Unterrichtsplan, der einen angemessenen Lernfortschritt garantiert.<br>&#8211; setzen eine maximale Anzahl an Studenten pro Klasse fest.<br>&#8211; realisieren eine dem Angebot entsprechende Werbung.<br>&#8211; listen die Preise der Kurse und Zusatzangebote transparent, klar und deutlich auf.<\/p>\n\n\n\n<p>Das Instituto Cervantes f\u00fchrt regelm\u00e4\u00dfig Inspektionen durch und erneuert seine Zertifikate alle drei Jahre.<\/p>\n","protected":false},"excerpt":{"rendered":"<p>Die Academia Uruguay (in Montevideo) ist eine vom Instituto Cervantes in Spanien akkreditierte&nbsp;Sprachschule. Das Instituto Cervantes ist eine \u00f6ffentliche Einrichtung, die 1991 in Spanien gegr\u00fcndet wurde, um den Unterricht der spanischen Sprache und die hispanoamerikanische Kultur zu f\u00f6rdern. Das Netzwerk an dazugeh\u00f6rigen Zentren beinhaltet Institutionen in 77 St\u00e4dten und 44 L\u00e4ndern auf f\u00fcnf Kontinenten, deren [&hellip;]<\/p>\n","protected":false},"author":5,"featured_media":0,"parent":958,"menu_order":17,"comment_status":"open","ping_status":"open","template":"","meta":{"footnotes":""},"class_list":["post-959","page","type-page","status-publish","hentry","entry"],"yoast_head":"<!-- This site is optimized with the Yoast SEO plugin v26.0 - https:\/\/yoast.com\/wordpress\/plugins\/seo\/ -->\n<title>Vom Cervantes Institut akkreditiert - Academia Uruguay<\/title>\n<meta name=\"description\" content=\"Die Academia Uruguay (in Montevideo) ist eine vom Instituto Cervantes in Spanien anerkannte Sprachschule. Das Instituto Cervantes ist eine \u00f6ffentliche ...\" \/>\n<meta name=\"robots\" content=\"index, follow, max-snippet:-1, max-image-preview:large, max-video-preview:-1\" \/>\n<link rel=\"canonical\" href=\"https:\/\/www.academiauruguay.com\/de\/das-institut\/akkreditiert-vom-cervantes-institut\/\" \/>\n<meta name=\"twitter:label1\" content=\"Est. reading time\" \/>\n\t<meta name=\"twitter:data1\" content=\"1 Minute\" \/>\n<script type=\"application\/ld+json\" class=\"yoast-schema-graph\">{\"@context\":\"https:\/\/schema.org\",\"@graph\":[{\"@type\":\"WebPage\",\"@id\":\"https:\/\/www.academiauruguay.com\/de\/das-institut\/akkreditiert-vom-cervantes-institut\/\",\"url\":\"https:\/\/www.academiauruguay.com\/de\/das-institut\/akkreditiert-vom-cervantes-institut\/\",\"name\":\"Vom Cervantes Institut akkreditiert - Academia Uruguay\",\"isPartOf\":{\"@id\":\"https:\/\/www.academiauruguay.com\/de\/#website\"},\"primaryImageOfPage\":{\"@id\":\"https:\/\/www.academiauruguay.com\/de\/das-institut\/akkreditiert-vom-cervantes-institut\/#primaryimage\"},\"image\":{\"@id\":\"https:\/\/www.academiauruguay.com\/de\/das-institut\/akkreditiert-vom-cervantes-institut\/#primaryimage\"},\"thumbnailUrl\":\"https:\/\/www.academiauruguay.com\/wp-content\/uploads\/sites\/3\/2014\/08\/Acredita2-160x132.jpg\",\"datePublished\":\"2013-08-28T17:13:22+00:00\",\"dateModified\":\"2025-01-09T18:45:36+00:00\",\"description\":\"Die Academia Uruguay (in Montevideo) ist eine vom Instituto Cervantes in Spanien anerkannte Sprachschule. Das Instituto Cervantes ist eine \u00f6ffentliche ...\",\"breadcrumb\":{\"@id\":\"https:\/\/www.academiauruguay.com\/de\/das-institut\/akkreditiert-vom-cervantes-institut\/#breadcrumb\"},\"inLanguage\":\"de-DE\",\"potentialAction\":[{\"@type\":\"ReadAction\",\"target\":[\"https:\/\/www.academiauruguay.com\/de\/das-institut\/akkreditiert-vom-cervantes-institut\/\"]}]},{\"@type\":\"ImageObject\",\"inLanguage\":\"de-DE\",\"@id\":\"https:\/\/www.academiauruguay.com\/de\/das-institut\/akkreditiert-vom-cervantes-institut\/#primaryimage\",\"url\":\"https:\/\/www.academiauruguay.com\/wp-content\/uploads\/sites\/3\/2014\/08\/Acredita2-160x132.jpg\",\"contentUrl\":\"https:\/\/www.academiauruguay.com\/wp-content\/uploads\/sites\/3\/2014\/08\/Acredita2-160x132.jpg\"},{\"@type\":\"BreadcrumbList\",\"@id\":\"https:\/\/www.academiauruguay.com\/de\/das-institut\/akkreditiert-vom-cervantes-institut\/#breadcrumb\",\"itemListElement\":[{\"@type\":\"ListItem\",\"position\":1,\"name\":\"Home\",\"item\":\"https:\/\/www.academiauruguay.com\/de\/\"},{\"@type\":\"ListItem\",\"position\":2,\"name\":\"Das Institut\",\"item\":\"https:\/\/www.academiauruguay.com\/de\/das-institut\/\"},{\"@type\":\"ListItem\",\"position\":3,\"name\":\"Vom Cervantes Institut akkreditiert\"}]},{\"@type\":\"WebSite\",\"@id\":\"https:\/\/www.academiauruguay.com\/de\/#website\",\"url\":\"https:\/\/www.academiauruguay.com\/de\/\",\"name\":\"Academia Uruguay\",\"description\":\"spanish courses\",\"potentialAction\":[{\"@type\":\"SearchAction\",\"target\":{\"@type\":\"EntryPoint\",\"urlTemplate\":\"https:\/\/www.academiauruguay.com\/de\/?s={search_term_string}\"},\"query-input\":{\"@type\":\"PropertyValueSpecification\",\"valueRequired\":true,\"valueName\":\"search_term_string\"}}],\"inLanguage\":\"de-DE\"}]}<\/script>\n<!-- \/ Yoast SEO plugin. -->","yoast_head_json":{"title":"Vom Cervantes Institut akkreditiert - Academia Uruguay","description":"Die Academia Uruguay (in Montevideo) ist eine vom Instituto Cervantes in Spanien anerkannte Sprachschule. Das Instituto Cervantes ist eine \u00f6ffentliche ...","robots":{"index":"index","follow":"follow","max-snippet":"max-snippet:-1","max-image-preview":"max-image-preview:large","max-video-preview":"max-video-preview:-1"},"canonical":"https:\/\/www.academiauruguay.com\/de\/das-institut\/akkreditiert-vom-cervantes-institut\/","twitter_misc":{"Est. reading time":"1 Minute"},"schema":{"@context":"https:\/\/schema.org","@graph":[{"@type":"WebPage","@id":"https:\/\/www.academiauruguay.com\/de\/das-institut\/akkreditiert-vom-cervantes-institut\/","url":"https:\/\/www.academiauruguay.com\/de\/das-institut\/akkreditiert-vom-cervantes-institut\/","name":"Vom Cervantes Institut akkreditiert - Academia Uruguay","isPartOf":{"@id":"https:\/\/www.academiauruguay.com\/de\/#website"},"primaryImageOfPage":{"@id":"https:\/\/www.academiauruguay.com\/de\/das-institut\/akkreditiert-vom-cervantes-institut\/#primaryimage"},"image":{"@id":"https:\/\/www.academiauruguay.com\/de\/das-institut\/akkreditiert-vom-cervantes-institut\/#primaryimage"},"thumbnailUrl":"https:\/\/www.academiauruguay.com\/wp-content\/uploads\/sites\/3\/2014\/08\/Acredita2-160x132.jpg","datePublished":"2013-08-28T17:13:22+00:00","dateModified":"2025-01-09T18:45:36+00:00","description":"Die Academia Uruguay (in Montevideo) ist eine vom Instituto Cervantes in Spanien anerkannte Sprachschule. Das Instituto Cervantes ist eine \u00f6ffentliche ...","breadcrumb":{"@id":"https:\/\/www.academiauruguay.com\/de\/das-institut\/akkreditiert-vom-cervantes-institut\/#breadcrumb"},"inLanguage":"de-DE","potentialAction":[{"@type":"ReadAction","target":["https:\/\/www.academiauruguay.com\/de\/das-institut\/akkreditiert-vom-cervantes-institut\/"]}]},{"@type":"ImageObject","inLanguage":"de-DE","@id":"https:\/\/www.academiauruguay.com\/de\/das-institut\/akkreditiert-vom-cervantes-institut\/#primaryimage","url":"https:\/\/www.academiauruguay.com\/wp-content\/uploads\/sites\/3\/2014\/08\/Acredita2-160x132.jpg","contentUrl":"https:\/\/www.academiauruguay.com\/wp-content\/uploads\/sites\/3\/2014\/08\/Acredita2-160x132.jpg"},{"@type":"BreadcrumbList","@id":"https:\/\/www.academiauruguay.com\/de\/das-institut\/akkreditiert-vom-cervantes-institut\/#breadcrumb","itemListElement":[{"@type":"ListItem","position":1,"name":"Home","item":"https:\/\/www.academiauruguay.com\/de\/"},{"@type":"ListItem","position":2,"name":"Das Institut","item":"https:\/\/www.academiauruguay.com\/de\/das-institut\/"},{"@type":"ListItem","position":3,"name":"Vom Cervantes Institut akkreditiert"}]},{"@type":"WebSite","@id":"https:\/\/www.academiauruguay.com\/de\/#website","url":"https:\/\/www.academiauruguay.com\/de\/","name":"Academia Uruguay","description":"spanish courses","potentialAction":[{"@type":"SearchAction","target":{"@type":"EntryPoint","urlTemplate":"https:\/\/www.academiauruguay.com\/de\/?s={search_term_string}"},"query-input":{"@type":"PropertyValueSpecification","valueRequired":true,"valueName":"search_term_string"}}],"inLanguage":"de-DE"}]}},"_links":{"self":[{"href":"https:\/\/www.academiauruguay.com\/de\/wp-json\/wp\/v2\/pages\/959","targetHints":{"allow":["GET"]}}],"collection":[{"href":"https:\/\/www.academiauruguay.com\/de\/wp-json\/wp\/v2\/pages"}],"about":[{"href":"https:\/\/www.academiauruguay.com\/de\/wp-json\/wp\/v2\/types\/page"}],"author":[{"embeddable":true,"href":"https:\/\/www.academiauruguay.com\/de\/wp-json\/wp\/v2\/users\/5"}],"replies":[{"embeddable":true,"href":"https:\/\/www.academiauruguay.com\/de\/wp-json\/wp\/v2\/comments?post=959"}],"version-history":[{"count":0,"href":"https:\/\/www.academiauruguay.com\/de\/wp-json\/wp\/v2\/pages\/959\/revisions"}],"up":[{"embeddable":true,"href":"https:\/\/www.academiauruguay.com\/de\/wp-json\/wp\/v2\/pages\/958"}],"wp:attachment":[{"href":"https:\/\/www.academiauruguay.com\/de\/wp-json\/wp\/v2\/media?parent=959"}],"curies":[{"name":"wp","href":"https:\/\/api.w.org\/{rel}","templated":true}]}}