
{"id":869,"date":"2013-06-24T13:46:52","date_gmt":"2013-06-24T13:46:52","guid":{"rendered":"https:\/\/www.academiauruguay.com\/?page_id=869"},"modified":"2014-12-04T17:19:30","modified_gmt":"2014-12-04T19:19:30","slug":"kurse-und-preise","status":"publish","type":"page","link":"https:\/\/www.academiauruguay.com\/de\/kurse-und-preise\/","title":{"rendered":"Kurse &#038; Preise"},"content":{"rendered":"<p>Die Academia Uruguay bietet Ihnen verschiedene Arten von Kursen, mit jeweils verschiedenen Schwierigkeitsgraden an, um Ihren speziellen Bed\u00fcrfnissen gerecht zu werden. Es wird ausschlie\u00dflich auf Spanisch unterrichtet, und die Kurse sind speziell f\u00fcr ausl\u00e4ndische Studenten zugeschnitten. Neue Kurse fangen das ganze Jahr \u00fcber an. Die L\u00e4nge der Kurse w\u00e4hlen Sie selbst. Schreiben Sie uns einfach ein e-mail, rufen Sie uns an (wir sprechen Deutsch) oder f\u00fcllen Sie das <a title=\"Online reservation form\" href=\"https:\/\/www.academiauruguay.com\/es\/reservas\/\" target=\"_blank\">Online-Formular aus<\/a>. Da wir Studenten mit \u00e4u\u00dferst unterschiedlichen Vorkenntnissen, Bed\u00fcrfnissen und Erwartungen haben, bieten wir eine Reihe spezieller <a title=\"Kurs f\u00fcr Austauschstudenten\" href=\"https:\/\/www.academiauruguay.com\/de\/courses\/kurs-fur-austauschstudenten\/\" target=\"_blank\">Kurse f\u00fcr Austauschstudenten<\/a>, <a title=\"Kurs f\u00fcr Spanischlehrer\" href=\"https:\/\/www.academiauruguay.com\/de\/courses\/kurs-fur-spanischlehrer\/\" target=\"_blank\">Spanischlehrer<\/a>, \u00e4ltere Studenten, Forscher, <a title=\"Spanisch \u2013 Anf\u00e4ngerkurs f\u00fcr Brasilianer\" href=\"https:\/\/www.academiauruguay.com\/de\/courses\/spanisch-anfangerkurs-fur-brasilianer\/\" target=\"_blank\">brasilianische Studenten<\/a> und weitere Zielgruppen an. Bitte <a title=\"Kontakt\" href=\"https:\/\/www.academiauruguay.com\/de\/kontakt\/\" target=\"_blank\">melden Sie sich<\/a>\u00a0um Einzelheiten zu erfahren.<\/p>\r\n<p><a href=\"https:\/\/www.academiauruguay.com\/wp-content\/uploads\/sites\/3\/2014\/12\/foto-academia-uruguay2.jpg\"><img loading=\"lazy\" decoding=\"async\" class=\"aligncenter wp-image-9673 size-full\" src=\"https:\/\/www.academiauruguay.com\/wp-content\/uploads\/sites\/3\/2014\/12\/foto-academia-uruguay2.jpg\" alt=\"foto-academia-uruguay2\" width=\"744\" height=\"329\" data-id=\"9673\" srcset=\"https:\/\/www.academiauruguay.com\/wp-content\/uploads\/sites\/3\/2014\/12\/foto-academia-uruguay2.jpg 744w, https:\/\/www.academiauruguay.com\/wp-content\/uploads\/sites\/3\/2014\/12\/foto-academia-uruguay2-160x70.jpg 160w, https:\/\/www.academiauruguay.com\/wp-content\/uploads\/sites\/3\/2014\/12\/foto-academia-uruguay2-300x132.jpg 300w\" sizes=\"auto, (max-width: 744px) 100vw, 744px\" \/><\/a><\/p>\r\n","protected":false},"excerpt":{"rendered":"<p>Die Academia Uruguay bietet Ihnen verschiedene Arten von Kursen, mit jeweils verschiedenen Schwierigkeitsgraden an, um Ihren speziellen Bed\u00fcrfnissen gerecht zu werden. Es wird ausschlie\u00dflich auf Spanisch unterrichtet, und die Kurse sind speziell f\u00fcr ausl\u00e4ndische Studenten zugeschnitten. Neue Kurse fangen das ganze Jahr \u00fcber an. Die L\u00e4nge der Kurse w\u00e4hlen Sie selbst. Schreiben Sie uns einfach [&hellip;]<\/p>\n","protected":false},"author":5,"featured_media":0,"parent":0,"menu_order":38,"comment_status":"open","ping_status":"open","template":"","meta":{"footnotes":""},"class_list":["post-869","page","type-page","status-publish","hentry","entry"],"yoast_head":"<!-- This site is optimized with the Yoast SEO plugin v26.0 - https:\/\/yoast.com\/wordpress\/plugins\/seo\/ -->\n<title>Kurse &amp; Preise  - Academia Uruguay<\/title>\n<meta name=\"description\" content=\"Academia Uruguay bietet eine Vielfalt an Spanischkursen an. Es gibt Kurse auf allen Niveaustufen, Intensivkurse, DELE Kurse, Bildungsurlaubskurse, usw.\" \/>\n<meta name=\"robots\" content=\"index, follow, max-snippet:-1, max-image-preview:large, max-video-preview:-1\" \/>\n<link rel=\"canonical\" href=\"https:\/\/www.academiauruguay.com\/de\/kurse-und-preise\/\" \/>\n<meta name=\"twitter:label1\" content=\"Est. reading time\" \/>\n\t<meta name=\"twitter:data1\" content=\"1 Minute\" \/>\n<script type=\"application\/ld+json\" class=\"yoast-schema-graph\">{\"@context\":\"https:\/\/schema.org\",\"@graph\":[{\"@type\":\"WebPage\",\"@id\":\"https:\/\/www.academiauruguay.com\/de\/kurse-und-preise\/\",\"url\":\"https:\/\/www.academiauruguay.com\/de\/kurse-und-preise\/\",\"name\":\"Kurse & Preise - Academia Uruguay\",\"isPartOf\":{\"@id\":\"https:\/\/www.academiauruguay.com\/de\/#website\"},\"primaryImageOfPage\":{\"@id\":\"https:\/\/www.academiauruguay.com\/de\/kurse-und-preise\/#primaryimage\"},\"image\":{\"@id\":\"https:\/\/www.academiauruguay.com\/de\/kurse-und-preise\/#primaryimage\"},\"thumbnailUrl\":\"https:\/\/www.academiauruguay.com\/wp-content\/uploads\/sites\/3\/2014\/12\/foto-academia-uruguay2.jpg\",\"datePublished\":\"2013-06-24T13:46:52+00:00\",\"dateModified\":\"2014-12-04T19:19:30+00:00\",\"description\":\"Academia Uruguay bietet eine Vielfalt an Spanischkursen an. Es gibt Kurse auf allen Niveaustufen, Intensivkurse, DELE Kurse, Bildungsurlaubskurse, usw.\",\"breadcrumb\":{\"@id\":\"https:\/\/www.academiauruguay.com\/de\/kurse-und-preise\/#breadcrumb\"},\"inLanguage\":\"de-DE\",\"potentialAction\":[{\"@type\":\"ReadAction\",\"target\":[\"https:\/\/www.academiauruguay.com\/de\/kurse-und-preise\/\"]}]},{\"@type\":\"ImageObject\",\"inLanguage\":\"de-DE\",\"@id\":\"https:\/\/www.academiauruguay.com\/de\/kurse-und-preise\/#primaryimage\",\"url\":\"https:\/\/www.academiauruguay.com\/wp-content\/uploads\/sites\/3\/2014\/12\/foto-academia-uruguay2.jpg\",\"contentUrl\":\"https:\/\/www.academiauruguay.com\/wp-content\/uploads\/sites\/3\/2014\/12\/foto-academia-uruguay2.jpg\"},{\"@type\":\"BreadcrumbList\",\"@id\":\"https:\/\/www.academiauruguay.com\/de\/kurse-und-preise\/#breadcrumb\",\"itemListElement\":[{\"@type\":\"ListItem\",\"position\":1,\"name\":\"Home\",\"item\":\"https:\/\/www.academiauruguay.com\/de\/\"},{\"@type\":\"ListItem\",\"position\":2,\"name\":\"Kurse &#038; Preise\"}]},{\"@type\":\"WebSite\",\"@id\":\"https:\/\/www.academiauruguay.com\/de\/#website\",\"url\":\"https:\/\/www.academiauruguay.com\/de\/\",\"name\":\"Academia Uruguay\",\"description\":\"spanish courses\",\"potentialAction\":[{\"@type\":\"SearchAction\",\"target\":{\"@type\":\"EntryPoint\",\"urlTemplate\":\"https:\/\/www.academiauruguay.com\/de\/?s={search_term_string}\"},\"query-input\":{\"@type\":\"PropertyValueSpecification\",\"valueRequired\":true,\"valueName\":\"search_term_string\"}}],\"inLanguage\":\"de-DE\"}]}<\/script>\n<!-- \/ Yoast SEO plugin. -->","yoast_head_json":{"title":"Kurse & Preise  - Academia Uruguay","description":"Academia Uruguay bietet eine Vielfalt an Spanischkursen an. Es gibt Kurse auf allen Niveaustufen, Intensivkurse, DELE Kurse, Bildungsurlaubskurse, usw.","robots":{"index":"index","follow":"follow","max-snippet":"max-snippet:-1","max-image-preview":"max-image-preview:large","max-video-preview":"max-video-preview:-1"},"canonical":"https:\/\/www.academiauruguay.com\/de\/kurse-und-preise\/","twitter_misc":{"Est. reading time":"1 Minute"},"schema":{"@context":"https:\/\/schema.org","@graph":[{"@type":"WebPage","@id":"https:\/\/www.academiauruguay.com\/de\/kurse-und-preise\/","url":"https:\/\/www.academiauruguay.com\/de\/kurse-und-preise\/","name":"Kurse & Preise - Academia Uruguay","isPartOf":{"@id":"https:\/\/www.academiauruguay.com\/de\/#website"},"primaryImageOfPage":{"@id":"https:\/\/www.academiauruguay.com\/de\/kurse-und-preise\/#primaryimage"},"image":{"@id":"https:\/\/www.academiauruguay.com\/de\/kurse-und-preise\/#primaryimage"},"thumbnailUrl":"https:\/\/www.academiauruguay.com\/wp-content\/uploads\/sites\/3\/2014\/12\/foto-academia-uruguay2.jpg","datePublished":"2013-06-24T13:46:52+00:00","dateModified":"2014-12-04T19:19:30+00:00","description":"Academia Uruguay bietet eine Vielfalt an Spanischkursen an. Es gibt Kurse auf allen Niveaustufen, Intensivkurse, DELE Kurse, Bildungsurlaubskurse, usw.","breadcrumb":{"@id":"https:\/\/www.academiauruguay.com\/de\/kurse-und-preise\/#breadcrumb"},"inLanguage":"de-DE","potentialAction":[{"@type":"ReadAction","target":["https:\/\/www.academiauruguay.com\/de\/kurse-und-preise\/"]}]},{"@type":"ImageObject","inLanguage":"de-DE","@id":"https:\/\/www.academiauruguay.com\/de\/kurse-und-preise\/#primaryimage","url":"https:\/\/www.academiauruguay.com\/wp-content\/uploads\/sites\/3\/2014\/12\/foto-academia-uruguay2.jpg","contentUrl":"https:\/\/www.academiauruguay.com\/wp-content\/uploads\/sites\/3\/2014\/12\/foto-academia-uruguay2.jpg"},{"@type":"BreadcrumbList","@id":"https:\/\/www.academiauruguay.com\/de\/kurse-und-preise\/#breadcrumb","itemListElement":[{"@type":"ListItem","position":1,"name":"Home","item":"https:\/\/www.academiauruguay.com\/de\/"},{"@type":"ListItem","position":2,"name":"Kurse &#038; Preise"}]},{"@type":"WebSite","@id":"https:\/\/www.academiauruguay.com\/de\/#website","url":"https:\/\/www.academiauruguay.com\/de\/","name":"Academia Uruguay","description":"spanish courses","potentialAction":[{"@type":"SearchAction","target":{"@type":"EntryPoint","urlTemplate":"https:\/\/www.academiauruguay.com\/de\/?s={search_term_string}"},"query-input":{"@type":"PropertyValueSpecification","valueRequired":true,"valueName":"search_term_string"}}],"inLanguage":"de-DE"}]}},"_links":{"self":[{"href":"https:\/\/www.academiauruguay.com\/de\/wp-json\/wp\/v2\/pages\/869","targetHints":{"allow":["GET"]}}],"collection":[{"href":"https:\/\/www.academiauruguay.com\/de\/wp-json\/wp\/v2\/pages"}],"about":[{"href":"https:\/\/www.academiauruguay.com\/de\/wp-json\/wp\/v2\/types\/page"}],"author":[{"embeddable":true,"href":"https:\/\/www.academiauruguay.com\/de\/wp-json\/wp\/v2\/users\/5"}],"replies":[{"embeddable":true,"href":"https:\/\/www.academiauruguay.com\/de\/wp-json\/wp\/v2\/comments?post=869"}],"version-history":[{"count":0,"href":"https:\/\/www.academiauruguay.com\/de\/wp-json\/wp\/v2\/pages\/869\/revisions"}],"wp:attachment":[{"href":"https:\/\/www.academiauruguay.com\/de\/wp-json\/wp\/v2\/media?parent=869"}],"curies":[{"name":"wp","href":"https:\/\/api.w.org\/{rel}","templated":true}]}}