
{"id":5832,"date":"2014-09-09T17:51:31","date_gmt":"2014-09-09T20:51:31","guid":{"rendered":"https:\/\/www.academiauruguay.com\/?page_id=5832"},"modified":"2021-04-22T15:03:29","modified_gmt":"2021-04-22T18:03:29","slug":"niveau-zertifikat","status":"publish","type":"page","link":"https:\/\/www.academiauruguay.com\/de\/kurse-und-preise\/niveau-zertifikat\/","title":{"rendered":"Niveau-Zertifikat"},"content":{"rendered":"\r\n<p><a href=\"http:\/\/www.academiauruguay.com\/wp-content\/uploads\/sites\/3\/2014\/09\/taele.jpg\"><img loading=\"lazy\" decoding=\"async\" class=\"aligncenter wp-image-9978 size-full\" src=\"http:\/\/www.academiauruguay.com\/wp-content\/uploads\/sites\/3\/2014\/09\/taele.jpg\" alt=\"Spanisch Niveau zertifizieren Zertifikat online\" width=\"900\" height=\"600\" data-id=\"9978\" srcset=\"https:\/\/www.academiauruguay.com\/wp-content\/uploads\/sites\/3\/2014\/09\/taele.jpg 900w, https:\/\/www.academiauruguay.com\/wp-content\/uploads\/sites\/3\/2014\/09\/taele-160x107.jpg 160w, https:\/\/www.academiauruguay.com\/wp-content\/uploads\/sites\/3\/2014\/09\/taele-300x200.jpg 300w\" sizes=\"auto, (max-width: 900px) 100vw, 900px\" \/><\/a><\/p>\r\n<p>&nbsp;<\/p>\r\n<p>Suchen Sie eine M\u00f6glichkeit, Ihr Spanischniveau zu testen und einen entsprechenden Nachweis zu erhalten? Verlangt Ihr aktueller oder zuk\u00fcnftiger Arbeitgeber eine Best\u00e4tigung Ihres Spanischniveaus? M\u00fcssen Sie Ihre Spanischkenntnisse im beruflichen oder privaten Umfeld nachweisen oder m\u00f6chten Sie einfach Ihr offiziell best\u00e4tigtes Spanischniveau in Ihrem Lebenslauf erw\u00e4hnen?<\/p>\r\n<p class=\"Predeterminado\"><span class=\"Ninguno\"><span lang=\"DE\">Academia bietet Ihnen die <a href=\"http:\/\/www.taele.org\/\" target=\"_blank\">TAELE\u00a0Online-Fernpr\u00fcfung<\/a> an, die Sie jederzeit und von \u00fcberall auf der Welt absolvieren k\u00f6nnen, unabh\u00e4ngig von Ihrem Alter oder Ihrer Herkunft und ohne ein Testcenter besuchen zu m\u00fcssen. Wir pr\u00fcfen Ihre F\u00e4higkeiten in den vier Bereichen H\u00f6rverstehen, Leseverstehen, Schreiben und Sprechen und stellen Ihnen innerhalb von 24-72 Stunden ein Zertifikat der Academia Uruguay, unserer vom spanischen Instituto Cervantes akkreditierten Sprachschule, aus. <\/span><\/span><\/p>\r\n<p class=\"Predeterminado\"><span class=\"Ninguno\"><span lang=\"DE\"><a href=\"http:\/\/www.academiabuenosaires.com\/wp-content\/uploads\/2021\/03\/TAELE-logo-transparent2.png\"><img loading=\"lazy\" decoding=\"async\" class=\"  alignright wp-image-5828\" src=\"http:\/\/www.academiabuenosaires.com\/wp-content\/uploads\/2021\/03\/TAELE-logo-transparent2.png\" alt=\"Online Zertifizierung Spanischniveau\" width=\"199\" height=\"146\" data-id=\"5828\" \/><\/a>Ihre Ergebnisse werden anhand von international anerkannten Ma\u00dfst\u00e4ben f\u00fcr Sprachkenntnisse angegeben, wie dem <\/span><\/span><span class=\"Ninguno\"><span lang=\"DE\">Gemeinsamen Europ\u00e4ischen Referenzrahmen f\u00fcr Sprachen<\/span><\/span><span class=\"Ninguno\"><span lang=\"DE\"> und der nordamerikanischen ACTFL-Bewertungsskala. Wir zertifizieren ab dem europ\u00e4ischen Niveau A2 bis einschlie\u00dflich Niveau C2, was den Bewertungen \u201eNovice III\u201c und \u201eDistinguished\u201c auf der ACTFL-Skala entspricht. Das Niveau A1 wird nicht zertifiziert. Das Zertifikat bildet die Ergebnisse in den vier Grundkompetenzen (H\u00f6ren, Lesen, Schreiben, Sprechen) ab, sowie das Gesamtniveau.<\/span><\/span><\/p>\r\n<p class=\"Predeterminado\"><span class=\"Ninguno\"><span lang=\"DE\">Viele Kandidaten fragen uns nach der G\u00fcltigkeit der\u00a0TAELE Pr\u00fcfungen. Die Antwort ist, dass es keine offizielle Spanischpr\u00fcfung gibt, die weltweit anerkannt ist. Sogar die DELE-Pr\u00fcfung, die sechsmal im Jahr vom spanischen Kultu<\/span><\/span><span class=\"Ninguno\"><span lang=\"DE\">r<\/span><\/span><span class=\"Ninguno\"><span lang=\"DE\">ministerium angeboten<\/span><\/span><span class=\"Ninguno\"><span lang=\"DE\"> und offline durchgef\u00fchrt<\/span><\/span><span class=\"Ninguno\"><span lang=\"DE\"> wird und wahrscheinlich der am <\/span><\/span><span class=\"Ninguno\"><span lang=\"DE\">weitesten verbreitete <\/span><\/span><span class=\"Ninguno\"><span lang=\"DE\">Test der spanischen Sprache ist, ist nur<\/span><\/span> <span class=\"Ninguno\"><span lang=\"DE\">g\u00fcltig, <\/span><\/span><span class=\"Ninguno\"><span lang=\"DE\">wenn <\/span><\/span><span class=\"Ninguno\"><span lang=\"DE\">der Empf\u00e4nger des Ergebnisses es <\/span><\/span><span class=\"Ninguno\"><span lang=\"DE\">akzeptiert\u00a0<\/span><\/span><span class=\"Ninguno\"><span lang=\"DE\">(nebenbei bemerkt ist die Academia Uruguay\u00a0ein offizielles Testzentrum f\u00fcr die DELE-Pr\u00fcfung und wir empfehlen die<\/span><\/span><span class=\"Ninguno\"><span lang=\"DE\">se<\/span><\/span><span class=\"Ninguno\"><span lang=\"DE\"> Pr\u00fcfung <\/span><\/span><span class=\"Ninguno\"><span lang=\"DE\">auch <\/span><\/span><span class=\"Ninguno\"><span lang=\"DE\">unseren Studenten). <\/span><\/span><span class=\"Ninguno\"><span lang=\"DE\">Unsere<\/span><\/span><span class=\"Ninguno\"><span lang=\"DE\"> Online-Fernpr\u00fcfunge<\/span><\/span><span class=\"Ninguno\"><span lang=\"DE\">n<\/span><\/span> <span class=\"Ninguno\"><span lang=\"DE\">sind <\/span><\/span><span class=\"Ninguno\"><span lang=\"DE\">so seri\u00f6s und <\/span><\/span><span class=\"Ninguno\"><span lang=\"DE\">anerkannt<\/span><\/span><span class=\"Ninguno\"><span lang=\"DE\"> wie nur m\u00f6glich und w<\/span><\/span><span class=\"Ninguno\"><span lang=\"DE\">erden<\/span><\/span><span class=\"Ninguno\"><span lang=\"DE\"> von <\/span><\/span><span class=\"Ninguno\"><span lang=\"DE\">unserem durch das <\/span><\/span><span class=\"Ninguno\"><span lang=\"DE\">Instituto Cervantes akkreditiert<\/span><\/span><span class=\"Ninguno\"><span lang=\"DE\">en<\/span><\/span><span class=\"Ninguno\"><span lang=\"DE\"> Zentrum angeboten<\/span><\/span><span class=\"Ninguno\"><span lang=\"DE\">.<\/span><\/span><\/p>\r\n<p class=\"Predeterminado\"><span class=\"Ninguno\"><span lang=\"DE\">Je nach Spanisch<\/span><\/span><span class=\"Ninguno\"><span lang=\"DE\">n<\/span><\/span><span class=\"Ninguno\"><span lang=\"DE\">iveau dauert die Pr\u00fcfung zwischen 1 und 3 Stunden und wird komplett online durchgef\u00fchrt. <\/span><\/span><span class=\"Ninguno\"><span lang=\"DE\">Sie k\u00f6nnen die Pr\u00fcfung von zuhause aus<\/span><\/span><span class=\"Ninguno\"><span lang=\"DE\">, <\/span><\/span><span class=\"Ninguno\"><span lang=\"DE\">an <\/span><\/span><span class=\"Ninguno\"><span lang=\"DE\">Ihrem Arbeitsplatz oder <\/span><\/span><span class=\"Ninguno\"><span lang=\"DE\">jedem anderen Ort absolvieren. Dazu<\/span><\/span><span class=\"Ninguno\"><span lang=\"DE\"> verbinden Sie sich <\/span><\/span><span class=\"Ninguno\"><span lang=\"DE\">einfach <\/span><\/span><span class=\"Ninguno\"><span lang=\"DE\">mit unserer Online-Plattform, authentifizieren sich mit <\/span><\/span><span class=\"Ninguno\"><span lang=\"DE\">Ihrem Ausweis<\/span><\/span><span class=\"Ninguno\"><span lang=\"DE\"> (<\/span><\/span><span class=\"Ninguno\"><span lang=\"DE\">AI<\/span><\/span><span class=\"Ninguno\"><span lang=\"DE\">-basierte biometrische <\/span><\/span><span class=\"Ninguno\"><span lang=\"DE\">Ausweisv<\/span><\/span><span class=\"Ninguno\"><span lang=\"DE\">erifizierung) und starten den Test. Sie ben\u00f6tigen lediglich einen Raum<\/span><\/span><span class=\"Ninguno\"><span lang=\"DE\">, in dem Sie nicht gest\u00f6rt werden,<\/span><\/span><span class=\"Ninguno\"><span lang=\"DE\"> einen Computer, eine Webcam und einen Internetzugang. Wir zeichnen Sie auf (Audio und Video), w\u00e4hrend Sie den Test ablegen und verwenden ein System der Fern\u00fcberwachung <\/span><\/span><span class=\"Ninguno\"><span lang=\"DE\">auf Basis von<\/span><\/span><span class=\"Ninguno\"><span lang=\"DE\"> k\u00fcnstlicher Intelligenz, um zu verhindern, dass<\/span><\/span><span class=\"Ninguno\"><span lang=\"DE\"> geschummelt wird<\/span><\/span><span class=\"Ninguno\"><span lang=\"DE\">.<\/span><\/span><\/p>\r\n<p class=\"Predeterminado\"><span class=\"Ninguno\"><span lang=\"DE\">Wir <\/span><\/span><span class=\"Ninguno\"><span lang=\"DE\">stellen Ihnen ein Zertifikat aus, dass u<\/span><\/span><span class=\"Ninguno\"><span lang=\"DE\">nseren anerkannten Namen und Stempel <\/span><\/span><span class=\"Ninguno\"><span lang=\"DE\">enth\u00e4lt<\/span><\/span><span class=\"Ninguno\"><span lang=\"DE\">. Die Integrit\u00e4t\u00a0<\/span><\/span><span class=\"Ninguno\"><span lang=\"DE\">und<\/span><\/span><span class=\"Ninguno\"><span lang=\"DE\"> Authentizit\u00e4t unserer Pr\u00fcfungsl\u00f6sung ist <\/span><\/span><span class=\"Ninguno\"><span lang=\"DE\">uns sehr wichtig und<\/span><\/span><span class=\"Ninguno\"><span lang=\"DE\"> wir verwenden hochmoderne deutsche Proctoring-Technologie<\/span><\/span><span class=\"Ninguno\"><span lang=\"DE\">n<\/span><\/span><span class=\"Ninguno\"><span lang=\"DE\">, um dies zu gew\u00e4hrleisten. Unsere Online-Fernpr\u00fcfung wird von <\/span><\/span><span class=\"Ninguno\"><span lang=\"DE\">E<\/span><\/span><span class=\"Ninguno\"><span lang=\"DE\">xperten mit jahrelanger Erfahrung in der Pr\u00fcfung von Sprachkenntnissen und <\/span><\/span><span class=\"Ninguno\"><span lang=\"DE\">T<\/span><\/span><span class=\"Ninguno\"><span lang=\"DE\">ausenden von gepr\u00fcften Sch\u00fclern aufgezeichnet und bewertet.<\/span><\/span><\/p>\r\n<p class=\"Predeterminado\"><span class=\"Ninguno\"><span lang=\"DE\">Alle pers\u00f6nlichen Daten, Pr\u00fcfungsaufzeichnungen und andere sensible <\/span><\/span><span class=\"Ninguno\"><span lang=\"DE\">Informationen<\/span><\/span><span class=\"Ninguno\"><span lang=\"DE\"> von Kandidaten und Kunden werden in Hochsicherheits<\/span><\/span><span class=\"Ninguno\"><span lang=\"DE\">rechenzentren gespeichert<\/span><\/span><span class=\"Ninguno\"><span lang=\"DE\">. Wir erf\u00fcllen die GDPR-Vorschriften und speichern die Daten nur auf sicheren Servern in der EU. Nach einer bestimmten Zeit werden die Daten automatisch gel\u00f6scht. Alle gespeicherten pers\u00f6nlichen Daten k\u00f6nnen nur von <\/span><\/span><span class=\"Ninguno\"><span lang=\"DE\">den <\/span><\/span><span class=\"Ninguno\"><span lang=\"DE\">Pr\u00fcfern und Pr\u00fcflingen <\/span><\/span><span class=\"Ninguno\"><span lang=\"DE\">eingesehen werden und ein <\/span><\/span><span class=\"Ninguno\"><span lang=\"DE\">strenge<\/span><\/span><span class=\"Ninguno\"><span lang=\"DE\">s<\/span><\/span><span class=\"Ninguno\"><span lang=\"DE\">Sicherheitsprotokoll <\/span><\/span><span class=\"Ninguno\"><span lang=\"DE\">wird befolgt. <\/span><\/span><\/p>\r\n<p class=\"Predeterminado\"><span class=\"Ninguno\"><span lang=\"DE\">Senden Sie uns <\/span><\/span><span class=\"Ninguno\"><span lang=\"DE\">gerne <\/span><\/span><span class=\"Ninguno\"><span lang=\"DE\"><a href=\"mailto:info@academiauruguay.com\" target=\"_blank\">eine E-Mail<\/a><\/span><\/span><span class=\"Ninguno\"><span lang=\"DE\">, wenn Sie Fragen haben. Um sich f\u00fcr die Pr\u00fcfung anzumelden, nehmen Sie <a href=\"https:\/\/www.academiauruguay.com\/de\/buchung\/\" target=\"_blank\">hier eine Reservierung<\/a> vor<\/span><\/span><span class=\"Ninguno\"><span lang=\"DE\">. Wir senden Ihnen innerhalb von 24 Arbeitsstunden weitere Informationen zu. <\/span><\/span><span class=\"Ninguno\"><span lang=\"DE\">Wenn Sie den Prozess beschleunigen m\u00f6chten, k\u00f6nnen Sie die Zahlung von 120 USD per <a href=\"http:\/\/goo.gl\/RPyMTb\" target=\"_blank\">Kreditkarte bereits hier<\/a> vornehmen und bei der Frage nach eine<\/span><\/span><span class=\"Ninguno\"><span lang=\"DE\">r\u00a0<\/span><\/span><span class=\"Ninguno\"><span lang=\"DE\">Stud<\/span><\/span><span class=\"Ninguno\"><span lang=\"DE\">ierendennummer (student ID)<\/span><\/span><span class=\"Ninguno\"><span lang=\"DE\"> den Vermerk EXAM angeben. <\/span><\/span><\/p>\r\n<p class=\"Predeterminado\"><span class=\"Ninguno\"><span lang=\"DE\">Wir garantieren Ihnen, dass Sie den Online-Test innerhalb von 48 Stunden nach Ihrer ersten Kontaktaufnahme mit uns absolvieren k\u00f6nnen oder Sie erhalten Ihr Geld zur\u00fcck. <\/span><\/span><\/p>\r\n<p class=\"Predeterminado\"><span class=\"Ninguno\"><span lang=\"DE\">Die Korrektur der <\/span><\/span><span class=\"Ninguno\"><span lang=\"DE\">Sprech<\/span><\/span><span class=\"Ninguno\"><span lang=\"DE\">\u2013 und Schreib<\/span><\/span><span class=\"Ninguno\"><span lang=\"DE\">\u00fcbungen<\/span><\/span><span class=\"Ninguno\"><span lang=\"DE\"> der Pr\u00fcfung nimmt Zeit in Anspruch. F\u00fcr <\/span><\/span><span class=\"Ninguno\"><span lang=\"DE\">die Bereitstellung von <\/span><\/span><span class=\"Ninguno\"><span lang=\"DE\">Pr\u00fcfungsergebnisse<\/span><\/span><span class=\"Ninguno\"><span lang=\"DE\">n<\/span><\/span><span class=\"Ninguno\"><span lang=\"DE\"> und Zertifikate<\/span><\/span><span class=\"Ninguno\"><span lang=\"DE\">n<\/span><\/span><span class=\"Ninguno\"><span lang=\"DE\"> innerhalb von 24 Arbeitsstunden nach der Pr\u00fcfung berechnen wir eine zus\u00e4tzliche Geb\u00fchr von 100 USD. <\/span><\/span><span class=\"Ninguno\"><span lang=\"DE\">Im Standardfall<\/span><\/span><span class=\"Ninguno\"><span lang=\"DE\"> erhalten Sie die Ergebnisse innerhalb von 72 Arbeitsstunden nach dem Testdatum. Kein anderer Online-Sprachtest liefert schneller zertifizierte Ergebnisse.<\/span><\/span><\/p>\r\n","protected":false},"excerpt":{"rendered":"<p>&nbsp; Suchen Sie eine M\u00f6glichkeit, Ihr Spanischniveau zu testen und einen entsprechenden Nachweis zu erhalten? Verlangt Ihr aktueller oder zuk\u00fcnftiger Arbeitgeber eine Best\u00e4tigung Ihres Spanischniveaus? M\u00fcssen Sie Ihre Spanischkenntnisse im beruflichen oder privaten Umfeld nachweisen oder m\u00f6chten Sie einfach Ihr offiziell best\u00e4tigtes Spanischniveau in Ihrem Lebenslauf erw\u00e4hnen? Academia bietet Ihnen die TAELE\u00a0Online-Fernpr\u00fcfung an, die Sie [&hellip;]<\/p>\n","protected":false},"author":5,"featured_media":0,"parent":869,"menu_order":0,"comment_status":"closed","ping_status":"closed","template":"","meta":{"footnotes":""},"class_list":["post-5832","page","type-page","status-publish","hentry","entry"],"yoast_head":"<!-- This site is optimized with the Yoast SEO plugin v26.0 - https:\/\/yoast.com\/wordpress\/plugins\/seo\/ -->\n<title>Niveau-Zertifikat - Academia Uruguay<\/title>\n<meta name=\"description\" content=\"Wenn Sie Ihr Spanischniveau zertifizieren m\u00fcssen um dies an einer Universit\u00e4t oder in Ihrer Arbeit vorzuweisen, koennen Sie jetzt unser Examen ablegen.\" \/>\n<meta name=\"robots\" content=\"index, follow, max-snippet:-1, max-image-preview:large, max-video-preview:-1\" \/>\n<link rel=\"canonical\" href=\"https:\/\/www.academiauruguay.com\/de\/kurse-und-preise\/niveau-zertifikat\/\" \/>\n<meta name=\"twitter:label1\" content=\"Est. reading time\" \/>\n\t<meta name=\"twitter:data1\" content=\"3 Minuten\" \/>\n<script type=\"application\/ld+json\" class=\"yoast-schema-graph\">{\"@context\":\"https:\/\/schema.org\",\"@graph\":[{\"@type\":\"WebPage\",\"@id\":\"https:\/\/www.academiauruguay.com\/de\/kurse-und-preise\/niveau-zertifikat\/\",\"url\":\"https:\/\/www.academiauruguay.com\/de\/kurse-und-preise\/niveau-zertifikat\/\",\"name\":\"Niveau-Zertifikat - Academia Uruguay\",\"isPartOf\":{\"@id\":\"https:\/\/www.academiauruguay.com\/de\/#website\"},\"primaryImageOfPage\":{\"@id\":\"https:\/\/www.academiauruguay.com\/de\/kurse-und-preise\/niveau-zertifikat\/#primaryimage\"},\"image\":{\"@id\":\"https:\/\/www.academiauruguay.com\/de\/kurse-und-preise\/niveau-zertifikat\/#primaryimage\"},\"thumbnailUrl\":\"http:\/\/www.academiauruguay.com\/wp-content\/uploads\/sites\/3\/2014\/09\/taele.jpg\",\"datePublished\":\"2014-09-09T20:51:31+00:00\",\"dateModified\":\"2021-04-22T18:03:29+00:00\",\"description\":\"Wenn Sie Ihr Spanischniveau zertifizieren m\u00fcssen um dies an einer Universit\u00e4t oder in Ihrer Arbeit vorzuweisen, koennen Sie jetzt unser Examen ablegen.\",\"breadcrumb\":{\"@id\":\"https:\/\/www.academiauruguay.com\/de\/kurse-und-preise\/niveau-zertifikat\/#breadcrumb\"},\"inLanguage\":\"de-DE\",\"potentialAction\":[{\"@type\":\"ReadAction\",\"target\":[\"https:\/\/www.academiauruguay.com\/de\/kurse-und-preise\/niveau-zertifikat\/\"]}]},{\"@type\":\"ImageObject\",\"inLanguage\":\"de-DE\",\"@id\":\"https:\/\/www.academiauruguay.com\/de\/kurse-und-preise\/niveau-zertifikat\/#primaryimage\",\"url\":\"http:\/\/www.academiauruguay.com\/wp-content\/uploads\/sites\/3\/2014\/09\/taele.jpg\",\"contentUrl\":\"http:\/\/www.academiauruguay.com\/wp-content\/uploads\/sites\/3\/2014\/09\/taele.jpg\"},{\"@type\":\"BreadcrumbList\",\"@id\":\"https:\/\/www.academiauruguay.com\/de\/kurse-und-preise\/niveau-zertifikat\/#breadcrumb\",\"itemListElement\":[{\"@type\":\"ListItem\",\"position\":1,\"name\":\"Home\",\"item\":\"https:\/\/www.academiauruguay.com\/de\/\"},{\"@type\":\"ListItem\",\"position\":2,\"name\":\"Kurse &#038; Preise\",\"item\":\"https:\/\/www.academiauruguay.com\/de\/kurse-und-preise\/\"},{\"@type\":\"ListItem\",\"position\":3,\"name\":\"Niveau-Zertifikat\"}]},{\"@type\":\"WebSite\",\"@id\":\"https:\/\/www.academiauruguay.com\/de\/#website\",\"url\":\"https:\/\/www.academiauruguay.com\/de\/\",\"name\":\"Academia Uruguay\",\"description\":\"spanish courses\",\"potentialAction\":[{\"@type\":\"SearchAction\",\"target\":{\"@type\":\"EntryPoint\",\"urlTemplate\":\"https:\/\/www.academiauruguay.com\/de\/?s={search_term_string}\"},\"query-input\":{\"@type\":\"PropertyValueSpecification\",\"valueRequired\":true,\"valueName\":\"search_term_string\"}}],\"inLanguage\":\"de-DE\"}]}<\/script>\n<!-- \/ Yoast SEO plugin. -->","yoast_head_json":{"title":"Niveau-Zertifikat - Academia Uruguay","description":"Wenn Sie Ihr Spanischniveau zertifizieren m\u00fcssen um dies an einer Universit\u00e4t oder in Ihrer Arbeit vorzuweisen, koennen Sie jetzt unser Examen ablegen.","robots":{"index":"index","follow":"follow","max-snippet":"max-snippet:-1","max-image-preview":"max-image-preview:large","max-video-preview":"max-video-preview:-1"},"canonical":"https:\/\/www.academiauruguay.com\/de\/kurse-und-preise\/niveau-zertifikat\/","twitter_misc":{"Est. reading time":"3 Minuten"},"schema":{"@context":"https:\/\/schema.org","@graph":[{"@type":"WebPage","@id":"https:\/\/www.academiauruguay.com\/de\/kurse-und-preise\/niveau-zertifikat\/","url":"https:\/\/www.academiauruguay.com\/de\/kurse-und-preise\/niveau-zertifikat\/","name":"Niveau-Zertifikat - Academia Uruguay","isPartOf":{"@id":"https:\/\/www.academiauruguay.com\/de\/#website"},"primaryImageOfPage":{"@id":"https:\/\/www.academiauruguay.com\/de\/kurse-und-preise\/niveau-zertifikat\/#primaryimage"},"image":{"@id":"https:\/\/www.academiauruguay.com\/de\/kurse-und-preise\/niveau-zertifikat\/#primaryimage"},"thumbnailUrl":"http:\/\/www.academiauruguay.com\/wp-content\/uploads\/sites\/3\/2014\/09\/taele.jpg","datePublished":"2014-09-09T20:51:31+00:00","dateModified":"2021-04-22T18:03:29+00:00","description":"Wenn Sie Ihr Spanischniveau zertifizieren m\u00fcssen um dies an einer Universit\u00e4t oder in Ihrer Arbeit vorzuweisen, koennen Sie jetzt unser Examen ablegen.","breadcrumb":{"@id":"https:\/\/www.academiauruguay.com\/de\/kurse-und-preise\/niveau-zertifikat\/#breadcrumb"},"inLanguage":"de-DE","potentialAction":[{"@type":"ReadAction","target":["https:\/\/www.academiauruguay.com\/de\/kurse-und-preise\/niveau-zertifikat\/"]}]},{"@type":"ImageObject","inLanguage":"de-DE","@id":"https:\/\/www.academiauruguay.com\/de\/kurse-und-preise\/niveau-zertifikat\/#primaryimage","url":"http:\/\/www.academiauruguay.com\/wp-content\/uploads\/sites\/3\/2014\/09\/taele.jpg","contentUrl":"http:\/\/www.academiauruguay.com\/wp-content\/uploads\/sites\/3\/2014\/09\/taele.jpg"},{"@type":"BreadcrumbList","@id":"https:\/\/www.academiauruguay.com\/de\/kurse-und-preise\/niveau-zertifikat\/#breadcrumb","itemListElement":[{"@type":"ListItem","position":1,"name":"Home","item":"https:\/\/www.academiauruguay.com\/de\/"},{"@type":"ListItem","position":2,"name":"Kurse &#038; Preise","item":"https:\/\/www.academiauruguay.com\/de\/kurse-und-preise\/"},{"@type":"ListItem","position":3,"name":"Niveau-Zertifikat"}]},{"@type":"WebSite","@id":"https:\/\/www.academiauruguay.com\/de\/#website","url":"https:\/\/www.academiauruguay.com\/de\/","name":"Academia Uruguay","description":"spanish courses","potentialAction":[{"@type":"SearchAction","target":{"@type":"EntryPoint","urlTemplate":"https:\/\/www.academiauruguay.com\/de\/?s={search_term_string}"},"query-input":{"@type":"PropertyValueSpecification","valueRequired":true,"valueName":"search_term_string"}}],"inLanguage":"de-DE"}]}},"_links":{"self":[{"href":"https:\/\/www.academiauruguay.com\/de\/wp-json\/wp\/v2\/pages\/5832","targetHints":{"allow":["GET"]}}],"collection":[{"href":"https:\/\/www.academiauruguay.com\/de\/wp-json\/wp\/v2\/pages"}],"about":[{"href":"https:\/\/www.academiauruguay.com\/de\/wp-json\/wp\/v2\/types\/page"}],"author":[{"embeddable":true,"href":"https:\/\/www.academiauruguay.com\/de\/wp-json\/wp\/v2\/users\/5"}],"replies":[{"embeddable":true,"href":"https:\/\/www.academiauruguay.com\/de\/wp-json\/wp\/v2\/comments?post=5832"}],"version-history":[{"count":0,"href":"https:\/\/www.academiauruguay.com\/de\/wp-json\/wp\/v2\/pages\/5832\/revisions"}],"up":[{"embeddable":true,"href":"https:\/\/www.academiauruguay.com\/de\/wp-json\/wp\/v2\/pages\/869"}],"wp:attachment":[{"href":"https:\/\/www.academiauruguay.com\/de\/wp-json\/wp\/v2\/media?parent=5832"}],"curies":[{"name":"wp","href":"https:\/\/api.w.org\/{rel}","templated":true}]}}