
{"id":3009,"date":"2013-11-04T11:39:03","date_gmt":"2013-11-04T11:39:03","guid":{"rendered":"https:\/\/www.academiauruguay.com\/?page_id=3009"},"modified":"2014-10-09T14:42:42","modified_gmt":"2014-10-09T16:42:42","slug":"zum-lesen","status":"publish","type":"page","link":"https:\/\/www.academiauruguay.com\/de\/montevideo-uruguay\/unsere-empfehlungen\/zum-lesen\/","title":{"rendered":"\u2026 zum Lesen"},"content":{"rendered":"\r\n<p><strong>Literatur<\/strong><\/p>\r\n<ul>\r\n\t<li><strong>Horacio Quiroga<\/strong>, Geschichten von Liebe, Irrsinn und Tod (1917) \u2013 Meister der lateinamerikanischen Kurzgeschichten, oft mit Edgar Allan Poe verglichen.<a href=\"https:\/\/www.academiauruguay.com\/wp-content\/uploads\/sites\/3\/2014\/10\/las_venas_abiertas_de_america_latina.jpg\"><img loading=\"lazy\" decoding=\"async\" class=\"alignright size-full wp-image-6826\" src=\"https:\/\/www.academiauruguay.com\/wp-content\/uploads\/sites\/3\/2014\/10\/las_venas_abiertas_de_america_latina.jpg\" alt=\"las_venas_abiertas_de_america_latina\" width=\"293\" height=\"487\" data-id=\"6826\" srcset=\"https:\/\/www.academiauruguay.com\/wp-content\/uploads\/sites\/3\/2014\/10\/las_venas_abiertas_de_america_latina.jpg 293w, https:\/\/www.academiauruguay.com\/wp-content\/uploads\/sites\/3\/2014\/10\/las_venas_abiertas_de_america_latina-96x160.jpg 96w, https:\/\/www.academiauruguay.com\/wp-content\/uploads\/sites\/3\/2014\/10\/las_venas_abiertas_de_america_latina-180x300.jpg 180w\" sizes=\"auto, (max-width: 293px) 100vw, 293px\" \/><\/a><\/li>\r\n\t<li><strong>Juan Carlos Onetti<\/strong>, Das kurze Leben (1950) \u2013 Der Protagonist, Brausen, erschafft eine Figur, f\u00fcr die er die mythische Stadt Santa Mar\u00eda erschafft, und spielt dabei mit der Fiktion in der Fiktion im Rahmen eines sch\u00e4bigen und omin\u00f6sen Ambientes.<\/li>\r\n\t<li><strong>Mario Benedetti<\/strong>, Die Gnadenfrist (1959) \u2013 Dieser Roman beschreibt die Welt eines typischen \u00f6ffentlichen Angestellten in Montevideo, der kurz vor seinem Ruhestand steht und in dessen Leben eine neue Frau auftaucht.<\/li>\r\n\t<li><strong>Eduardo Galeano<\/strong>, Die offenen Adern Lateinamerikas (1971) \u2013 Ein zentrales Buch des lateinamerikanischen Gedankenguts der Jahre vor der Diktaturen.<\/li>\r\n\t<li><strong>Mario Levrero<\/strong>, La novela luminosa (2005) \u2013 Das pers\u00f6nliche Tagebuch mischt sich mit einer Erz\u00e4hlung und der Autor schildert mit Unerbittlichkeit eine Routine, die von Unt\u00e4tigkeit gekennzeichnet ist, w\u00e4hrend er in Wirklichkeit seinen langersehnten Roman zu schreiben versucht.<\/li>\r\n\t<li><strong>Dan Umpi<\/strong>, Solo te quiero como amigo (2006) \u2013 Roman eines genialen, polemischen und vielf\u00e4ltigen K\u00fcnstlers, eine klare Referenz der neuen Generationen, die von der Entwicklung der zwischenmenschlichen Beziehungen in der aktuellen Gesellschaft erz\u00e4hlen.<\/li>\r\n<\/ul>\r\n","protected":false},"excerpt":{"rendered":"<p>Literatur Horacio Quiroga, Geschichten von Liebe, Irrsinn und Tod (1917) \u2013 Meister der lateinamerikanischen Kurzgeschichten, oft mit Edgar Allan Poe verglichen. Juan Carlos Onetti, Das kurze Leben (1950) \u2013 Der Protagonist, Brausen, erschafft eine Figur, f\u00fcr die er die mythische Stadt Santa Mar\u00eda erschafft, und spielt dabei mit der Fiktion in der Fiktion im Rahmen [&hellip;]<\/p>\n","protected":false},"author":5,"featured_media":0,"parent":2822,"menu_order":0,"comment_status":"closed","ping_status":"closed","template":"our-recomm.php","meta":{"footnotes":""},"class_list":["post-3009","page","type-page","status-publish","hentry","entry"],"yoast_head":"<!-- This site is optimized with the Yoast SEO plugin v26.0 - https:\/\/yoast.com\/wordpress\/plugins\/seo\/ -->\n<title>\u2026 zum Lesen - Academia Uruguay<\/title>\n<meta name=\"robots\" content=\"index, follow, max-snippet:-1, max-image-preview:large, max-video-preview:-1\" \/>\n<link rel=\"canonical\" href=\"https:\/\/www.academiauruguay.com\/de\/montevideo-uruguay\/unsere-empfehlungen\/zum-lesen\/\" \/>\n<meta name=\"twitter:label1\" content=\"Est. reading time\" \/>\n\t<meta name=\"twitter:data1\" content=\"1 Minute\" \/>\n<script type=\"application\/ld+json\" class=\"yoast-schema-graph\">{\"@context\":\"https:\/\/schema.org\",\"@graph\":[{\"@type\":\"WebPage\",\"@id\":\"https:\/\/www.academiauruguay.com\/de\/montevideo-uruguay\/unsere-empfehlungen\/zum-lesen\/\",\"url\":\"https:\/\/www.academiauruguay.com\/de\/montevideo-uruguay\/unsere-empfehlungen\/zum-lesen\/\",\"name\":\"\u2026 zum Lesen - Academia Uruguay\",\"isPartOf\":{\"@id\":\"https:\/\/www.academiauruguay.com\/de\/#website\"},\"primaryImageOfPage\":{\"@id\":\"https:\/\/www.academiauruguay.com\/de\/montevideo-uruguay\/unsere-empfehlungen\/zum-lesen\/#primaryimage\"},\"image\":{\"@id\":\"https:\/\/www.academiauruguay.com\/de\/montevideo-uruguay\/unsere-empfehlungen\/zum-lesen\/#primaryimage\"},\"thumbnailUrl\":\"https:\/\/www.academiauruguay.com\/wp-content\/uploads\/sites\/3\/2014\/10\/las_venas_abiertas_de_america_latina.jpg\",\"datePublished\":\"2013-11-04T11:39:03+00:00\",\"dateModified\":\"2014-10-09T16:42:42+00:00\",\"breadcrumb\":{\"@id\":\"https:\/\/www.academiauruguay.com\/de\/montevideo-uruguay\/unsere-empfehlungen\/zum-lesen\/#breadcrumb\"},\"inLanguage\":\"de-DE\",\"potentialAction\":[{\"@type\":\"ReadAction\",\"target\":[\"https:\/\/www.academiauruguay.com\/de\/montevideo-uruguay\/unsere-empfehlungen\/zum-lesen\/\"]}]},{\"@type\":\"ImageObject\",\"inLanguage\":\"de-DE\",\"@id\":\"https:\/\/www.academiauruguay.com\/de\/montevideo-uruguay\/unsere-empfehlungen\/zum-lesen\/#primaryimage\",\"url\":\"https:\/\/www.academiauruguay.com\/wp-content\/uploads\/sites\/3\/2014\/10\/las_venas_abiertas_de_america_latina.jpg\",\"contentUrl\":\"https:\/\/www.academiauruguay.com\/wp-content\/uploads\/sites\/3\/2014\/10\/las_venas_abiertas_de_america_latina.jpg\"},{\"@type\":\"BreadcrumbList\",\"@id\":\"https:\/\/www.academiauruguay.com\/de\/montevideo-uruguay\/unsere-empfehlungen\/zum-lesen\/#breadcrumb\",\"itemListElement\":[{\"@type\":\"ListItem\",\"position\":1,\"name\":\"Home\",\"item\":\"https:\/\/www.academiauruguay.com\/de\/\"},{\"@type\":\"ListItem\",\"position\":2,\"name\":\"Montevideo &#038; Uruguay\",\"item\":\"https:\/\/www.academiauruguay.com\/de\/montevideo-uruguay\/\"},{\"@type\":\"ListItem\",\"position\":3,\"name\":\"Unsere Empfehlungen\",\"item\":\"https:\/\/www.academiauruguay.com\/de\/montevideo-uruguay\/unsere-empfehlungen\/\"},{\"@type\":\"ListItem\",\"position\":4,\"name\":\"\u2026 zum Lesen\"}]},{\"@type\":\"WebSite\",\"@id\":\"https:\/\/www.academiauruguay.com\/de\/#website\",\"url\":\"https:\/\/www.academiauruguay.com\/de\/\",\"name\":\"Academia Uruguay\",\"description\":\"spanish courses\",\"potentialAction\":[{\"@type\":\"SearchAction\",\"target\":{\"@type\":\"EntryPoint\",\"urlTemplate\":\"https:\/\/www.academiauruguay.com\/de\/?s={search_term_string}\"},\"query-input\":{\"@type\":\"PropertyValueSpecification\",\"valueRequired\":true,\"valueName\":\"search_term_string\"}}],\"inLanguage\":\"de-DE\"}]}<\/script>\n<!-- \/ Yoast SEO plugin. -->","yoast_head_json":{"title":"\u2026 zum Lesen - Academia Uruguay","robots":{"index":"index","follow":"follow","max-snippet":"max-snippet:-1","max-image-preview":"max-image-preview:large","max-video-preview":"max-video-preview:-1"},"canonical":"https:\/\/www.academiauruguay.com\/de\/montevideo-uruguay\/unsere-empfehlungen\/zum-lesen\/","twitter_misc":{"Est. reading time":"1 Minute"},"schema":{"@context":"https:\/\/schema.org","@graph":[{"@type":"WebPage","@id":"https:\/\/www.academiauruguay.com\/de\/montevideo-uruguay\/unsere-empfehlungen\/zum-lesen\/","url":"https:\/\/www.academiauruguay.com\/de\/montevideo-uruguay\/unsere-empfehlungen\/zum-lesen\/","name":"\u2026 zum Lesen - Academia Uruguay","isPartOf":{"@id":"https:\/\/www.academiauruguay.com\/de\/#website"},"primaryImageOfPage":{"@id":"https:\/\/www.academiauruguay.com\/de\/montevideo-uruguay\/unsere-empfehlungen\/zum-lesen\/#primaryimage"},"image":{"@id":"https:\/\/www.academiauruguay.com\/de\/montevideo-uruguay\/unsere-empfehlungen\/zum-lesen\/#primaryimage"},"thumbnailUrl":"https:\/\/www.academiauruguay.com\/wp-content\/uploads\/sites\/3\/2014\/10\/las_venas_abiertas_de_america_latina.jpg","datePublished":"2013-11-04T11:39:03+00:00","dateModified":"2014-10-09T16:42:42+00:00","breadcrumb":{"@id":"https:\/\/www.academiauruguay.com\/de\/montevideo-uruguay\/unsere-empfehlungen\/zum-lesen\/#breadcrumb"},"inLanguage":"de-DE","potentialAction":[{"@type":"ReadAction","target":["https:\/\/www.academiauruguay.com\/de\/montevideo-uruguay\/unsere-empfehlungen\/zum-lesen\/"]}]},{"@type":"ImageObject","inLanguage":"de-DE","@id":"https:\/\/www.academiauruguay.com\/de\/montevideo-uruguay\/unsere-empfehlungen\/zum-lesen\/#primaryimage","url":"https:\/\/www.academiauruguay.com\/wp-content\/uploads\/sites\/3\/2014\/10\/las_venas_abiertas_de_america_latina.jpg","contentUrl":"https:\/\/www.academiauruguay.com\/wp-content\/uploads\/sites\/3\/2014\/10\/las_venas_abiertas_de_america_latina.jpg"},{"@type":"BreadcrumbList","@id":"https:\/\/www.academiauruguay.com\/de\/montevideo-uruguay\/unsere-empfehlungen\/zum-lesen\/#breadcrumb","itemListElement":[{"@type":"ListItem","position":1,"name":"Home","item":"https:\/\/www.academiauruguay.com\/de\/"},{"@type":"ListItem","position":2,"name":"Montevideo &#038; Uruguay","item":"https:\/\/www.academiauruguay.com\/de\/montevideo-uruguay\/"},{"@type":"ListItem","position":3,"name":"Unsere Empfehlungen","item":"https:\/\/www.academiauruguay.com\/de\/montevideo-uruguay\/unsere-empfehlungen\/"},{"@type":"ListItem","position":4,"name":"\u2026 zum Lesen"}]},{"@type":"WebSite","@id":"https:\/\/www.academiauruguay.com\/de\/#website","url":"https:\/\/www.academiauruguay.com\/de\/","name":"Academia Uruguay","description":"spanish courses","potentialAction":[{"@type":"SearchAction","target":{"@type":"EntryPoint","urlTemplate":"https:\/\/www.academiauruguay.com\/de\/?s={search_term_string}"},"query-input":{"@type":"PropertyValueSpecification","valueRequired":true,"valueName":"search_term_string"}}],"inLanguage":"de-DE"}]}},"_links":{"self":[{"href":"https:\/\/www.academiauruguay.com\/de\/wp-json\/wp\/v2\/pages\/3009","targetHints":{"allow":["GET"]}}],"collection":[{"href":"https:\/\/www.academiauruguay.com\/de\/wp-json\/wp\/v2\/pages"}],"about":[{"href":"https:\/\/www.academiauruguay.com\/de\/wp-json\/wp\/v2\/types\/page"}],"author":[{"embeddable":true,"href":"https:\/\/www.academiauruguay.com\/de\/wp-json\/wp\/v2\/users\/5"}],"replies":[{"embeddable":true,"href":"https:\/\/www.academiauruguay.com\/de\/wp-json\/wp\/v2\/comments?post=3009"}],"version-history":[{"count":0,"href":"https:\/\/www.academiauruguay.com\/de\/wp-json\/wp\/v2\/pages\/3009\/revisions"}],"up":[{"embeddable":true,"href":"https:\/\/www.academiauruguay.com\/de\/wp-json\/wp\/v2\/pages\/2822"}],"wp:attachment":[{"href":"https:\/\/www.academiauruguay.com\/de\/wp-json\/wp\/v2\/media?parent=3009"}],"curies":[{"name":"wp","href":"https:\/\/api.w.org\/{rel}","templated":true}]}}