
{"id":3005,"date":"2013-11-04T11:28:13","date_gmt":"2013-11-04T11:28:13","guid":{"rendered":"https:\/\/www.academiauruguay.com\/?page_id=3005"},"modified":"2014-11-30T14:21:36","modified_gmt":"2014-11-30T16:21:36","slug":"restaurants-bars-cafes","status":"publish","type":"page","link":"https:\/\/www.academiauruguay.com\/de\/montevideo-uruguay\/das-leben-montevideo\/restaurants-bars-cafes\/","title":{"rendered":"Restaurants, Bars &#038; Caf\u00e9s"},"content":{"rendered":"\r\n<p>Montevideo bietet vielz\u00e4hlige gastronomische Optionen, international und auch uruguayisch. Ganz in der Linie unserer italienischen Vorfahren\u00a0k\u00f6nnen sich die Mahlzeiten mittags oder abends auf bis zu zwei Stunden ausdehnen. Wir Uruguayer lieben die Nacht und essen daher nie vor 9 Uhr zu Abend.<\/p>\r\n<p>Das Gericht, das die Kultur entlang des Rio de la Plata am meisten charakterisiert, ist das Asado \u2013 auf der Parilla sehr langsam gegrilltes Fleisch, langsamer, als in anderen Teilen der Welt, was erlaubt, dass es gleichm\u00e4\u00dfig gar wird. Dies und die exzellente Qualit\u00e4t unseres Fleisches, garantiert durch unsere guten B\u00f6den, die dem Rind das geeignete Nahrungsmittel liefern, ohne dass es dazu grosser Anstrengungen bedarf, sind das Fundament daf\u00fcr, dass unser Asado eines der besten auf der Welt ist. Vorwiegend wird Rindfleisch verwendet, aber auch verschiedene St\u00fccke vom Huhn oder Schwein koennen f\u00fcrs Asado verwendet werden, wie auch f\u00fcr Empanadas (spezielle Teigtaschen), Guiso (typischer Eintopf) oder verschiedene\u00a0Sossen.<\/p>\r\n<p><a href=\"https:\/\/www.academiauruguay.com\/wp-content\/uploads\/sites\/3\/2014\/08\/P1060406.jpg\"><img loading=\"lazy\" decoding=\"async\" class=\"aligncenter size-large wp-image-4647\" src=\"https:\/\/www.academiauruguay.com\/wp-content\/uploads\/sites\/3\/2014\/08\/P1060406-1024x576.jpg\" alt=\"Asado grill Montevideo Uruguay\" width=\"1024\" height=\"576\" data-id=\"4647\" srcset=\"https:\/\/www.academiauruguay.com\/wp-content\/uploads\/sites\/3\/2014\/08\/P1060406-1024x576.jpg 1024w, https:\/\/www.academiauruguay.com\/wp-content\/uploads\/sites\/3\/2014\/08\/P1060406-160x90.jpg 160w, https:\/\/www.academiauruguay.com\/wp-content\/uploads\/sites\/3\/2014\/08\/P1060406-338x190.jpg 338w\" sizes=\"auto, (max-width: 1024px) 100vw, 1024px\" \/><\/a><\/p>\r\n<p>Die modernsten Restaurants und Bars befinden sich in den Vierteln Pocitos, Buceo und Malv\u00edn, wo sich ausgefallene Men\u00fcs mit den zwanglosesten gastronomischen Angeboten abwechseln. Daneben ist es nat\u00fcrlich auch m\u00f6glich, im historischen Viertel der Altstadt hervorragende Men\u00fcs zu genie\u00dfen, im ruhigen Parque Rod\u00f3 oder der exklusiven Zone Carrasco.<\/p>\r\n<p>Der italienische Einfluss findet sich an den unterschiedlichsten Fronten unseres gastronomischen Angebots, bei Gerichten wie der Pasta oder unserem k\u00f6stlichen Eis.<\/p>\r\n<p>Eine wachsende Anzahl von vegetarischen Restaurants und L\u00e4den mit biologischen Nahrungsmitteln haben in den letzten Jahren ihre T\u00fcren und Tore ge\u00f6ffnet und finden zunehmend\u00a0Anh\u00e4nger.<\/p>\r\n<p>Die lokalen Weine, vor allem der Traube Tannat, werden aufgrund ihrer exzellenten Qualit\u00e4t und des vern\u00fcnftigen Preises gerne getrunken. Ein ebenfalls beliebtes Getr\u00e4nk ist die uruguayische Erfindung Medio y Medio, Halb-Halb, eine Kombination aus Wei\u00df- und Schaumwein.<\/p>\r\n<p>Der Mate, das traditionelle Getr\u00e4nk des Gauchos, ist ebenso ein typisch uruguayisches Produkt, auch wenn es genauso in Argentinien, Paraguay und im S\u00fcden Brasiliens konsumiert wird. Ein typisches Postkartenmotiv aus Montevideo sind die Menschen, die auf dem Weg von oder zur Arbeit auf der Avenida Dieciocho de Julio sind oder auf der Rambla spazieren, immer mit einer Thermoskanne unter dem Arm und dem Matebecher als unersetzlichem Begleiter in der Hand.<\/p>\r\n<p>Ein weiteres charakteristisches Nahrungsmittel des Landes ist Dulce de Leche, eine Art streichfertiger Karamel\u00a0auf der Basis von Milch und Zucker, auch wenn dieses in unterschiedlichen Formen in ganz Lateinamerika gefunden werden kann. Die bemerkenswertesten und von den Touristen bevorzugten S\u00fc\u00dfigkeiten sind die Alfajores \u2013 Geb\u00e4cke aus Dulce de Leche, einem s\u00fc\u00dfen Teig und Schokolade.<\/p>\r\n","protected":false},"excerpt":{"rendered":"<p>Montevideo bietet vielz\u00e4hlige gastronomische Optionen, international und auch uruguayisch. Ganz in der Linie unserer italienischen Vorfahren\u00a0k\u00f6nnen sich die Mahlzeiten mittags oder abends auf bis zu zwei Stunden ausdehnen. Wir Uruguayer lieben die Nacht und essen daher nie vor 9 Uhr zu Abend. Das Gericht, das die Kultur entlang des Rio de la Plata am meisten [&hellip;]<\/p>\n","protected":false},"author":5,"featured_media":0,"parent":2820,"menu_order":7,"comment_status":"closed","ping_status":"closed","template":"living-in-bsas.php","meta":{"footnotes":""},"class_list":["post-3005","page","type-page","status-publish","hentry","entry"],"yoast_head":"<!-- This site is optimized with the Yoast SEO plugin v26.0 - https:\/\/yoast.com\/wordpress\/plugins\/seo\/ -->\n<title>Restaurants, Bars &amp; Caf\u00e9s - Academia Uruguay<\/title>\n<meta name=\"robots\" content=\"index, follow, max-snippet:-1, max-image-preview:large, max-video-preview:-1\" \/>\n<link rel=\"canonical\" href=\"https:\/\/www.academiauruguay.com\/de\/montevideo-uruguay\/das-leben-montevideo\/restaurants-bars-cafes\/\" \/>\n<meta name=\"twitter:label1\" content=\"Est. reading time\" \/>\n\t<meta name=\"twitter:data1\" content=\"2 Minuten\" \/>\n<script type=\"application\/ld+json\" class=\"yoast-schema-graph\">{\"@context\":\"https:\/\/schema.org\",\"@graph\":[{\"@type\":\"WebPage\",\"@id\":\"https:\/\/www.academiauruguay.com\/de\/montevideo-uruguay\/das-leben-montevideo\/restaurants-bars-cafes\/\",\"url\":\"https:\/\/www.academiauruguay.com\/de\/montevideo-uruguay\/das-leben-montevideo\/restaurants-bars-cafes\/\",\"name\":\"Restaurants, Bars & Caf\u00e9s - Academia Uruguay\",\"isPartOf\":{\"@id\":\"https:\/\/www.academiauruguay.com\/de\/#website\"},\"primaryImageOfPage\":{\"@id\":\"https:\/\/www.academiauruguay.com\/de\/montevideo-uruguay\/das-leben-montevideo\/restaurants-bars-cafes\/#primaryimage\"},\"image\":{\"@id\":\"https:\/\/www.academiauruguay.com\/de\/montevideo-uruguay\/das-leben-montevideo\/restaurants-bars-cafes\/#primaryimage\"},\"thumbnailUrl\":\"https:\/\/www.academiauruguay.com\/wp-content\/uploads\/sites\/3\/2014\/08\/P1060406-1024x576.jpg\",\"datePublished\":\"2013-11-04T11:28:13+00:00\",\"dateModified\":\"2014-11-30T16:21:36+00:00\",\"breadcrumb\":{\"@id\":\"https:\/\/www.academiauruguay.com\/de\/montevideo-uruguay\/das-leben-montevideo\/restaurants-bars-cafes\/#breadcrumb\"},\"inLanguage\":\"de-DE\",\"potentialAction\":[{\"@type\":\"ReadAction\",\"target\":[\"https:\/\/www.academiauruguay.com\/de\/montevideo-uruguay\/das-leben-montevideo\/restaurants-bars-cafes\/\"]}]},{\"@type\":\"ImageObject\",\"inLanguage\":\"de-DE\",\"@id\":\"https:\/\/www.academiauruguay.com\/de\/montevideo-uruguay\/das-leben-montevideo\/restaurants-bars-cafes\/#primaryimage\",\"url\":\"https:\/\/www.academiauruguay.com\/wp-content\/uploads\/sites\/3\/2014\/08\/P1060406-1024x576.jpg\",\"contentUrl\":\"https:\/\/www.academiauruguay.com\/wp-content\/uploads\/sites\/3\/2014\/08\/P1060406-1024x576.jpg\"},{\"@type\":\"BreadcrumbList\",\"@id\":\"https:\/\/www.academiauruguay.com\/de\/montevideo-uruguay\/das-leben-montevideo\/restaurants-bars-cafes\/#breadcrumb\",\"itemListElement\":[{\"@type\":\"ListItem\",\"position\":1,\"name\":\"Home\",\"item\":\"https:\/\/www.academiauruguay.com\/de\/\"},{\"@type\":\"ListItem\",\"position\":2,\"name\":\"Montevideo &#038; Uruguay\",\"item\":\"https:\/\/www.academiauruguay.com\/de\/montevideo-uruguay\/\"},{\"@type\":\"ListItem\",\"position\":3,\"name\":\"Das Leben in Montevideo\",\"item\":\"https:\/\/www.academiauruguay.com\/de\/montevideo-uruguay\/das-leben-montevideo\/\"},{\"@type\":\"ListItem\",\"position\":4,\"name\":\"Restaurants, Bars &#038; Caf\u00e9s\"}]},{\"@type\":\"WebSite\",\"@id\":\"https:\/\/www.academiauruguay.com\/de\/#website\",\"url\":\"https:\/\/www.academiauruguay.com\/de\/\",\"name\":\"Academia Uruguay\",\"description\":\"spanish courses\",\"potentialAction\":[{\"@type\":\"SearchAction\",\"target\":{\"@type\":\"EntryPoint\",\"urlTemplate\":\"https:\/\/www.academiauruguay.com\/de\/?s={search_term_string}\"},\"query-input\":{\"@type\":\"PropertyValueSpecification\",\"valueRequired\":true,\"valueName\":\"search_term_string\"}}],\"inLanguage\":\"de-DE\"}]}<\/script>\n<!-- \/ Yoast SEO plugin. -->","yoast_head_json":{"title":"Restaurants, Bars & Caf\u00e9s - Academia Uruguay","robots":{"index":"index","follow":"follow","max-snippet":"max-snippet:-1","max-image-preview":"max-image-preview:large","max-video-preview":"max-video-preview:-1"},"canonical":"https:\/\/www.academiauruguay.com\/de\/montevideo-uruguay\/das-leben-montevideo\/restaurants-bars-cafes\/","twitter_misc":{"Est. reading time":"2 Minuten"},"schema":{"@context":"https:\/\/schema.org","@graph":[{"@type":"WebPage","@id":"https:\/\/www.academiauruguay.com\/de\/montevideo-uruguay\/das-leben-montevideo\/restaurants-bars-cafes\/","url":"https:\/\/www.academiauruguay.com\/de\/montevideo-uruguay\/das-leben-montevideo\/restaurants-bars-cafes\/","name":"Restaurants, Bars & Caf\u00e9s - Academia Uruguay","isPartOf":{"@id":"https:\/\/www.academiauruguay.com\/de\/#website"},"primaryImageOfPage":{"@id":"https:\/\/www.academiauruguay.com\/de\/montevideo-uruguay\/das-leben-montevideo\/restaurants-bars-cafes\/#primaryimage"},"image":{"@id":"https:\/\/www.academiauruguay.com\/de\/montevideo-uruguay\/das-leben-montevideo\/restaurants-bars-cafes\/#primaryimage"},"thumbnailUrl":"https:\/\/www.academiauruguay.com\/wp-content\/uploads\/sites\/3\/2014\/08\/P1060406-1024x576.jpg","datePublished":"2013-11-04T11:28:13+00:00","dateModified":"2014-11-30T16:21:36+00:00","breadcrumb":{"@id":"https:\/\/www.academiauruguay.com\/de\/montevideo-uruguay\/das-leben-montevideo\/restaurants-bars-cafes\/#breadcrumb"},"inLanguage":"de-DE","potentialAction":[{"@type":"ReadAction","target":["https:\/\/www.academiauruguay.com\/de\/montevideo-uruguay\/das-leben-montevideo\/restaurants-bars-cafes\/"]}]},{"@type":"ImageObject","inLanguage":"de-DE","@id":"https:\/\/www.academiauruguay.com\/de\/montevideo-uruguay\/das-leben-montevideo\/restaurants-bars-cafes\/#primaryimage","url":"https:\/\/www.academiauruguay.com\/wp-content\/uploads\/sites\/3\/2014\/08\/P1060406-1024x576.jpg","contentUrl":"https:\/\/www.academiauruguay.com\/wp-content\/uploads\/sites\/3\/2014\/08\/P1060406-1024x576.jpg"},{"@type":"BreadcrumbList","@id":"https:\/\/www.academiauruguay.com\/de\/montevideo-uruguay\/das-leben-montevideo\/restaurants-bars-cafes\/#breadcrumb","itemListElement":[{"@type":"ListItem","position":1,"name":"Home","item":"https:\/\/www.academiauruguay.com\/de\/"},{"@type":"ListItem","position":2,"name":"Montevideo &#038; Uruguay","item":"https:\/\/www.academiauruguay.com\/de\/montevideo-uruguay\/"},{"@type":"ListItem","position":3,"name":"Das Leben in Montevideo","item":"https:\/\/www.academiauruguay.com\/de\/montevideo-uruguay\/das-leben-montevideo\/"},{"@type":"ListItem","position":4,"name":"Restaurants, Bars &#038; Caf\u00e9s"}]},{"@type":"WebSite","@id":"https:\/\/www.academiauruguay.com\/de\/#website","url":"https:\/\/www.academiauruguay.com\/de\/","name":"Academia Uruguay","description":"spanish courses","potentialAction":[{"@type":"SearchAction","target":{"@type":"EntryPoint","urlTemplate":"https:\/\/www.academiauruguay.com\/de\/?s={search_term_string}"},"query-input":{"@type":"PropertyValueSpecification","valueRequired":true,"valueName":"search_term_string"}}],"inLanguage":"de-DE"}]}},"_links":{"self":[{"href":"https:\/\/www.academiauruguay.com\/de\/wp-json\/wp\/v2\/pages\/3005","targetHints":{"allow":["GET"]}}],"collection":[{"href":"https:\/\/www.academiauruguay.com\/de\/wp-json\/wp\/v2\/pages"}],"about":[{"href":"https:\/\/www.academiauruguay.com\/de\/wp-json\/wp\/v2\/types\/page"}],"author":[{"embeddable":true,"href":"https:\/\/www.academiauruguay.com\/de\/wp-json\/wp\/v2\/users\/5"}],"replies":[{"embeddable":true,"href":"https:\/\/www.academiauruguay.com\/de\/wp-json\/wp\/v2\/comments?post=3005"}],"version-history":[{"count":0,"href":"https:\/\/www.academiauruguay.com\/de\/wp-json\/wp\/v2\/pages\/3005\/revisions"}],"up":[{"embeddable":true,"href":"https:\/\/www.academiauruguay.com\/de\/wp-json\/wp\/v2\/pages\/2820"}],"wp:attachment":[{"href":"https:\/\/www.academiauruguay.com\/de\/wp-json\/wp\/v2\/media?parent=3005"}],"curies":[{"name":"wp","href":"https:\/\/api.w.org\/{rel}","templated":true}]}}