
{"id":2786,"date":"2013-10-23T21:26:02","date_gmt":"2013-10-23T21:26:02","guid":{"rendered":"https:\/\/www.academiauruguay.com\/?page_id=2786"},"modified":"2014-10-06T15:10:53","modified_gmt":"2014-10-06T17:10:53","slug":"montevideo-uruguay","status":"publish","type":"page","link":"https:\/\/www.academiauruguay.com\/de\/montevideo-uruguay\/","title":{"rendered":"Montevideo &#038; Uruguay"},"content":{"rendered":"\r\n<p>So\u2026Sie suchen also nach Informationen \u00fcber Montevideo\u00a0und Uruguay? Nun, da sind Sie hier richtig am Platz. Links sehen Sie eine Karte von Uruguay\u00a0und seinen Regionen. Streichen Sie einfach mit der Mouse dr\u00fcber und bekommen Sie einen ersten Eindruck.<\/p>\r\n<p>Im Men\u00fc oben finden Sie den Zugang zu genaueren Beschreibungen von kurzen und l\u00e4ngeren Ausfl\u00fcgen und Reisen in Uruguay, n\u00fctzlichen Informationen zu Montevideo\u00a0und Empfehlungen, um Ihren Aufenthalt noch angenehmer zu gestalten.<\/p>\r\n","protected":false},"excerpt":{"rendered":"<p>So\u2026Sie suchen also nach Informationen \u00fcber Montevideo\u00a0und Uruguay? Nun, da sind Sie hier richtig am Platz. Links sehen Sie eine Karte von Uruguay\u00a0und seinen Regionen. Streichen Sie einfach mit der Mouse dr\u00fcber und bekommen Sie einen ersten Eindruck. Im Men\u00fc oben finden Sie den Zugang zu genaueren Beschreibungen von kurzen und l\u00e4ngeren Ausfl\u00fcgen und Reisen [&hellip;]<\/p>\n","protected":false},"author":5,"featured_media":0,"parent":0,"menu_order":38,"comment_status":"closed","ping_status":"closed","template":"bsas-and-arg.php","meta":{"footnotes":""},"class_list":["post-2786","page","type-page","status-publish","hentry","entry"],"yoast_head":"<!-- This site is optimized with the Yoast SEO plugin v26.0 - https:\/\/yoast.com\/wordpress\/plugins\/seo\/ -->\n<title>Montevideo &amp; Uruguay - Academia Uruguay<\/title>\n<meta name=\"robots\" content=\"index, follow, max-snippet:-1, max-image-preview:large, max-video-preview:-1\" \/>\n<link rel=\"canonical\" href=\"https:\/\/www.academiauruguay.com\/de\/montevideo-uruguay\/\" \/>\n<script type=\"application\/ld+json\" class=\"yoast-schema-graph\">{\"@context\":\"https:\/\/schema.org\",\"@graph\":[{\"@type\":\"WebPage\",\"@id\":\"https:\/\/www.academiauruguay.com\/de\/montevideo-uruguay\/\",\"url\":\"https:\/\/www.academiauruguay.com\/de\/montevideo-uruguay\/\",\"name\":\"Montevideo & Uruguay - Academia Uruguay\",\"isPartOf\":{\"@id\":\"https:\/\/www.academiauruguay.com\/de\/#website\"},\"datePublished\":\"2013-10-23T21:26:02+00:00\",\"dateModified\":\"2014-10-06T17:10:53+00:00\",\"breadcrumb\":{\"@id\":\"https:\/\/www.academiauruguay.com\/de\/montevideo-uruguay\/#breadcrumb\"},\"inLanguage\":\"de-DE\",\"potentialAction\":[{\"@type\":\"ReadAction\",\"target\":[\"https:\/\/www.academiauruguay.com\/de\/montevideo-uruguay\/\"]}]},{\"@type\":\"BreadcrumbList\",\"@id\":\"https:\/\/www.academiauruguay.com\/de\/montevideo-uruguay\/#breadcrumb\",\"itemListElement\":[{\"@type\":\"ListItem\",\"position\":1,\"name\":\"Home\",\"item\":\"https:\/\/www.academiauruguay.com\/de\/\"},{\"@type\":\"ListItem\",\"position\":2,\"name\":\"Montevideo &#038; Uruguay\"}]},{\"@type\":\"WebSite\",\"@id\":\"https:\/\/www.academiauruguay.com\/de\/#website\",\"url\":\"https:\/\/www.academiauruguay.com\/de\/\",\"name\":\"Academia Uruguay\",\"description\":\"spanish courses\",\"potentialAction\":[{\"@type\":\"SearchAction\",\"target\":{\"@type\":\"EntryPoint\",\"urlTemplate\":\"https:\/\/www.academiauruguay.com\/de\/?s={search_term_string}\"},\"query-input\":{\"@type\":\"PropertyValueSpecification\",\"valueRequired\":true,\"valueName\":\"search_term_string\"}}],\"inLanguage\":\"de-DE\"}]}<\/script>\n<!-- \/ Yoast SEO plugin. -->","yoast_head_json":{"title":"Montevideo & Uruguay - Academia Uruguay","robots":{"index":"index","follow":"follow","max-snippet":"max-snippet:-1","max-image-preview":"max-image-preview:large","max-video-preview":"max-video-preview:-1"},"canonical":"https:\/\/www.academiauruguay.com\/de\/montevideo-uruguay\/","schema":{"@context":"https:\/\/schema.org","@graph":[{"@type":"WebPage","@id":"https:\/\/www.academiauruguay.com\/de\/montevideo-uruguay\/","url":"https:\/\/www.academiauruguay.com\/de\/montevideo-uruguay\/","name":"Montevideo & Uruguay - Academia Uruguay","isPartOf":{"@id":"https:\/\/www.academiauruguay.com\/de\/#website"},"datePublished":"2013-10-23T21:26:02+00:00","dateModified":"2014-10-06T17:10:53+00:00","breadcrumb":{"@id":"https:\/\/www.academiauruguay.com\/de\/montevideo-uruguay\/#breadcrumb"},"inLanguage":"de-DE","potentialAction":[{"@type":"ReadAction","target":["https:\/\/www.academiauruguay.com\/de\/montevideo-uruguay\/"]}]},{"@type":"BreadcrumbList","@id":"https:\/\/www.academiauruguay.com\/de\/montevideo-uruguay\/#breadcrumb","itemListElement":[{"@type":"ListItem","position":1,"name":"Home","item":"https:\/\/www.academiauruguay.com\/de\/"},{"@type":"ListItem","position":2,"name":"Montevideo &#038; Uruguay"}]},{"@type":"WebSite","@id":"https:\/\/www.academiauruguay.com\/de\/#website","url":"https:\/\/www.academiauruguay.com\/de\/","name":"Academia Uruguay","description":"spanish courses","potentialAction":[{"@type":"SearchAction","target":{"@type":"EntryPoint","urlTemplate":"https:\/\/www.academiauruguay.com\/de\/?s={search_term_string}"},"query-input":{"@type":"PropertyValueSpecification","valueRequired":true,"valueName":"search_term_string"}}],"inLanguage":"de-DE"}]}},"_links":{"self":[{"href":"https:\/\/www.academiauruguay.com\/de\/wp-json\/wp\/v2\/pages\/2786","targetHints":{"allow":["GET"]}}],"collection":[{"href":"https:\/\/www.academiauruguay.com\/de\/wp-json\/wp\/v2\/pages"}],"about":[{"href":"https:\/\/www.academiauruguay.com\/de\/wp-json\/wp\/v2\/types\/page"}],"author":[{"embeddable":true,"href":"https:\/\/www.academiauruguay.com\/de\/wp-json\/wp\/v2\/users\/5"}],"replies":[{"embeddable":true,"href":"https:\/\/www.academiauruguay.com\/de\/wp-json\/wp\/v2\/comments?post=2786"}],"version-history":[{"count":0,"href":"https:\/\/www.academiauruguay.com\/de\/wp-json\/wp\/v2\/pages\/2786\/revisions"}],"wp:attachment":[{"href":"https:\/\/www.academiauruguay.com\/de\/wp-json\/wp\/v2\/media?parent=2786"}],"curies":[{"name":"wp","href":"https:\/\/api.w.org\/{rel}","templated":true}]}}