
{"id":1450,"date":"2013-09-29T13:39:38","date_gmt":"2013-09-29T13:39:38","guid":{"rendered":"https:\/\/www.academiauruguay.com\/?page_id=1450"},"modified":"2024-12-18T11:16:10","modified_gmt":"2024-12-18T14:16:10","slug":"kulturelle-aktivitaten","status":"publish","type":"page","link":"https:\/\/www.academiauruguay.com\/de\/kulturelle-aktivitaten\/","title":{"rendered":"Kulturelle Aktivit\u00e4ten"},"content":{"rendered":"\r\n<p>Uruguay zu besuchen bedeutet in eine lebendige Kultur einzutauchen, eine Vergangenheit zu erfahren, die voll von Ereignissen und Traditionen ist, und sich in einer Mischung aus Natur und urbanem Leben treiben zu lassen.<\/p>\r\n<p>Wir von der Academia Uruguay glauben, dass das Lernen \u00fcber Kultur und Traditionen eines Landes erlaubt, die lokalen Gegebenheiten besser kennenzulernen und damit solide kulturelle Beziehungen zu bilden.<\/p>\r\n<p><a href=\"https:\/\/www.academiauruguay.com\/wp-content\/uploads\/sites\/3\/2014\/08\/carnaval-academia-uruguay.jpg\"><img loading=\"lazy\" decoding=\"async\" class=\"aligncenter size-full wp-image-4512\" src=\"https:\/\/www.academiauruguay.com\/wp-content\/uploads\/sites\/3\/2014\/08\/carnaval-academia-uruguay.jpg\" alt=\"carnaval-academia-uruguay\" width=\"940\" height=\"400\" data-id=\"4512\" srcset=\"https:\/\/www.academiauruguay.com\/wp-content\/uploads\/sites\/3\/2014\/08\/carnaval-academia-uruguay.jpg 940w, https:\/\/www.academiauruguay.com\/wp-content\/uploads\/sites\/3\/2014\/08\/carnaval-academia-uruguay-160x68.jpg 160w, https:\/\/www.academiauruguay.com\/wp-content\/uploads\/sites\/3\/2014\/08\/carnaval-academia-uruguay-338x143.jpg 338w\" sizes=\"auto, (max-width: 940px) 100vw, 940px\" \/><\/a><\/p>\r\n<p>Eine Sprache im Kontext\u00ad\u00ad\u00ad der Immersion zu lernen erleichtert das Aneignen und die Festigung der Kenntnisse, doch eine wirkliche Immersion ist nur dann m\u00f6glich, wenn der Student in direktem Kontakt mit den Traditionen und Br\u00e4uchen des Landes steht, das ihn aufnimmt, wenn er sich ins t\u00e4gliche Leben einbindet oder die Stadt aus einer lokalen Perspektive erkundet.<\/p>\r\n<p>Die Academia Uruguay l\u00e4dt w\u00f6chentlich zu mindestens zwei Aktivit\u00e4ten ein, in denen die Studenten das kulturelle Leben Montevideos kennenlernen k\u00f6nnen. In diesem Sinne werden unter anderem Spazierg\u00e4nge durch verschiedene Stadtviertel organisiert, Popmusik-Konzerte, Museen und zeitgen\u00f6ssische Kunstgalerien besucht, sowie weitere kulturelle Aktivit\u00e4ten organisiert.<\/p>\r\n<p>Die Spazierg\u00e4nge, die die Schule organisiert, zeichnen sich durch drei Merkmale aus:<\/p>\r\n<ul>\r\n\t<li>Lokale zweisprachige Guides: Alle Aktivit\u00e4ten werden von einem lokalen Guide, der gute Kenntnisse \u00fcber die Geschichte des Landes und der Stadt besitzt, organisiert und durchgef\u00fchrt. Dabei ist das Spanischniveau nicht von Bedeutung.<\/li>\r\n\t<li>Vielfalt: Die Aktivit\u00e4ten sind zum Gro\u00dfteil kostenlos, wechseln w\u00f6chentlich und sind f\u00fcr alle Alters- und Interessensgruppen geeignet.<\/li>\r\n\t<li>Personalisierung: Sollte ein\u00a0Student die Stadt auf eigene Faust erkunden oder einen Spaziergang w\u00e4hrend des Wochenendes unternehmen wollen, k\u00f6nnen wir ihm helfen, seinen Rundgang zu planen und ihm Vorschl\u00e4ge bieten, was er machen und besuchen kann und wie er sich in und au\u00dferhalb Montevideos fortbewegen kann.<\/li>\r\n<\/ul>\r\n<p>Im obigen Men\u00fc k\u00f6nnen Sie einige der Aktivit\u00e4ten finden, die wir w\u00f6chentlich anbieten.<\/p>\r\n","protected":false},"excerpt":{"rendered":"<p>Uruguay zu besuchen bedeutet in eine lebendige Kultur einzutauchen, eine Vergangenheit zu erfahren, die voll von Ereignissen und Traditionen ist, und sich in einer Mischung aus Natur und urbanem Leben treiben zu lassen. Wir von der Academia Uruguay glauben, dass das Lernen \u00fcber Kultur und Traditionen eines Landes erlaubt, die lokalen Gegebenheiten besser kennenzulernen und [&hellip;]<\/p>\n","protected":false},"author":5,"featured_media":0,"parent":0,"menu_order":38,"comment_status":"closed","ping_status":"closed","template":"","meta":{"footnotes":""},"class_list":["post-1450","page","type-page","status-publish","hentry","entry"],"yoast_head":"<!-- This site is optimized with the Yoast SEO plugin v26.0 - https:\/\/yoast.com\/wordpress\/plugins\/seo\/ -->\n<title>Kulturelle Aktivit\u00e4ten - Academia Uruguay<\/title>\n<meta name=\"description\" content=\"Uruguay zu besuchen bedeutet in eine lebendige Kultur einzutauchen, eine Vergangenheit zu erfahren, die voll von Ereignissen und Traditionen ist...\" \/>\n<meta name=\"robots\" content=\"index, follow, max-snippet:-1, max-image-preview:large, max-video-preview:-1\" \/>\n<link rel=\"canonical\" href=\"https:\/\/www.academiauruguay.com\/de\/kulturelle-aktivitaten\/\" \/>\n<meta name=\"twitter:label1\" content=\"Est. reading time\" \/>\n\t<meta name=\"twitter:data1\" content=\"2 Minuten\" \/>\n<script type=\"application\/ld+json\" class=\"yoast-schema-graph\">{\"@context\":\"https:\/\/schema.org\",\"@graph\":[{\"@type\":\"WebPage\",\"@id\":\"https:\/\/www.academiauruguay.com\/de\/kulturelle-aktivitaten\/\",\"url\":\"https:\/\/www.academiauruguay.com\/de\/kulturelle-aktivitaten\/\",\"name\":\"Kulturelle Aktivit\u00e4ten - Academia Uruguay\",\"isPartOf\":{\"@id\":\"https:\/\/www.academiauruguay.com\/de\/#website\"},\"primaryImageOfPage\":{\"@id\":\"https:\/\/www.academiauruguay.com\/de\/kulturelle-aktivitaten\/#primaryimage\"},\"image\":{\"@id\":\"https:\/\/www.academiauruguay.com\/de\/kulturelle-aktivitaten\/#primaryimage\"},\"thumbnailUrl\":\"https:\/\/www.academiauruguay.com\/wp-content\/uploads\/sites\/3\/2014\/08\/carnaval-academia-uruguay.jpg\",\"datePublished\":\"2013-09-29T13:39:38+00:00\",\"dateModified\":\"2024-12-18T14:16:10+00:00\",\"description\":\"Uruguay zu besuchen bedeutet in eine lebendige Kultur einzutauchen, eine Vergangenheit zu erfahren, die voll von Ereignissen und Traditionen ist...\",\"breadcrumb\":{\"@id\":\"https:\/\/www.academiauruguay.com\/de\/kulturelle-aktivitaten\/#breadcrumb\"},\"inLanguage\":\"de-DE\",\"potentialAction\":[{\"@type\":\"ReadAction\",\"target\":[\"https:\/\/www.academiauruguay.com\/de\/kulturelle-aktivitaten\/\"]}]},{\"@type\":\"ImageObject\",\"inLanguage\":\"de-DE\",\"@id\":\"https:\/\/www.academiauruguay.com\/de\/kulturelle-aktivitaten\/#primaryimage\",\"url\":\"https:\/\/www.academiauruguay.com\/wp-content\/uploads\/sites\/3\/2014\/08\/carnaval-academia-uruguay.jpg\",\"contentUrl\":\"https:\/\/www.academiauruguay.com\/wp-content\/uploads\/sites\/3\/2014\/08\/carnaval-academia-uruguay.jpg\"},{\"@type\":\"BreadcrumbList\",\"@id\":\"https:\/\/www.academiauruguay.com\/de\/kulturelle-aktivitaten\/#breadcrumb\",\"itemListElement\":[{\"@type\":\"ListItem\",\"position\":1,\"name\":\"Home\",\"item\":\"https:\/\/www.academiauruguay.com\/de\/\"},{\"@type\":\"ListItem\",\"position\":2,\"name\":\"Kulturelle Aktivit\u00e4ten\"}]},{\"@type\":\"WebSite\",\"@id\":\"https:\/\/www.academiauruguay.com\/de\/#website\",\"url\":\"https:\/\/www.academiauruguay.com\/de\/\",\"name\":\"Academia Uruguay\",\"description\":\"spanish courses\",\"potentialAction\":[{\"@type\":\"SearchAction\",\"target\":{\"@type\":\"EntryPoint\",\"urlTemplate\":\"https:\/\/www.academiauruguay.com\/de\/?s={search_term_string}\"},\"query-input\":{\"@type\":\"PropertyValueSpecification\",\"valueRequired\":true,\"valueName\":\"search_term_string\"}}],\"inLanguage\":\"de-DE\"}]}<\/script>\n<!-- \/ Yoast SEO plugin. -->","yoast_head_json":{"title":"Kulturelle Aktivit\u00e4ten - Academia Uruguay","description":"Uruguay zu besuchen bedeutet in eine lebendige Kultur einzutauchen, eine Vergangenheit zu erfahren, die voll von Ereignissen und Traditionen ist...","robots":{"index":"index","follow":"follow","max-snippet":"max-snippet:-1","max-image-preview":"max-image-preview:large","max-video-preview":"max-video-preview:-1"},"canonical":"https:\/\/www.academiauruguay.com\/de\/kulturelle-aktivitaten\/","twitter_misc":{"Est. reading time":"2 Minuten"},"schema":{"@context":"https:\/\/schema.org","@graph":[{"@type":"WebPage","@id":"https:\/\/www.academiauruguay.com\/de\/kulturelle-aktivitaten\/","url":"https:\/\/www.academiauruguay.com\/de\/kulturelle-aktivitaten\/","name":"Kulturelle Aktivit\u00e4ten - Academia Uruguay","isPartOf":{"@id":"https:\/\/www.academiauruguay.com\/de\/#website"},"primaryImageOfPage":{"@id":"https:\/\/www.academiauruguay.com\/de\/kulturelle-aktivitaten\/#primaryimage"},"image":{"@id":"https:\/\/www.academiauruguay.com\/de\/kulturelle-aktivitaten\/#primaryimage"},"thumbnailUrl":"https:\/\/www.academiauruguay.com\/wp-content\/uploads\/sites\/3\/2014\/08\/carnaval-academia-uruguay.jpg","datePublished":"2013-09-29T13:39:38+00:00","dateModified":"2024-12-18T14:16:10+00:00","description":"Uruguay zu besuchen bedeutet in eine lebendige Kultur einzutauchen, eine Vergangenheit zu erfahren, die voll von Ereignissen und Traditionen ist...","breadcrumb":{"@id":"https:\/\/www.academiauruguay.com\/de\/kulturelle-aktivitaten\/#breadcrumb"},"inLanguage":"de-DE","potentialAction":[{"@type":"ReadAction","target":["https:\/\/www.academiauruguay.com\/de\/kulturelle-aktivitaten\/"]}]},{"@type":"ImageObject","inLanguage":"de-DE","@id":"https:\/\/www.academiauruguay.com\/de\/kulturelle-aktivitaten\/#primaryimage","url":"https:\/\/www.academiauruguay.com\/wp-content\/uploads\/sites\/3\/2014\/08\/carnaval-academia-uruguay.jpg","contentUrl":"https:\/\/www.academiauruguay.com\/wp-content\/uploads\/sites\/3\/2014\/08\/carnaval-academia-uruguay.jpg"},{"@type":"BreadcrumbList","@id":"https:\/\/www.academiauruguay.com\/de\/kulturelle-aktivitaten\/#breadcrumb","itemListElement":[{"@type":"ListItem","position":1,"name":"Home","item":"https:\/\/www.academiauruguay.com\/de\/"},{"@type":"ListItem","position":2,"name":"Kulturelle Aktivit\u00e4ten"}]},{"@type":"WebSite","@id":"https:\/\/www.academiauruguay.com\/de\/#website","url":"https:\/\/www.academiauruguay.com\/de\/","name":"Academia Uruguay","description":"spanish courses","potentialAction":[{"@type":"SearchAction","target":{"@type":"EntryPoint","urlTemplate":"https:\/\/www.academiauruguay.com\/de\/?s={search_term_string}"},"query-input":{"@type":"PropertyValueSpecification","valueRequired":true,"valueName":"search_term_string"}}],"inLanguage":"de-DE"}]}},"_links":{"self":[{"href":"https:\/\/www.academiauruguay.com\/de\/wp-json\/wp\/v2\/pages\/1450","targetHints":{"allow":["GET"]}}],"collection":[{"href":"https:\/\/www.academiauruguay.com\/de\/wp-json\/wp\/v2\/pages"}],"about":[{"href":"https:\/\/www.academiauruguay.com\/de\/wp-json\/wp\/v2\/types\/page"}],"author":[{"embeddable":true,"href":"https:\/\/www.academiauruguay.com\/de\/wp-json\/wp\/v2\/users\/5"}],"replies":[{"embeddable":true,"href":"https:\/\/www.academiauruguay.com\/de\/wp-json\/wp\/v2\/comments?post=1450"}],"version-history":[{"count":0,"href":"https:\/\/www.academiauruguay.com\/de\/wp-json\/wp\/v2\/pages\/1450\/revisions"}],"wp:attachment":[{"href":"https:\/\/www.academiauruguay.com\/de\/wp-json\/wp\/v2\/media?parent=1450"}],"curies":[{"name":"wp","href":"https:\/\/api.w.org\/{rel}","templated":true}]}}